{"id":595,"date":"2024-07-24T16:23:41","date_gmt":"2024-07-24T08:23:41","guid":{"rendered":"https:\/\/ruiqigo.com\/?post_type=product&#038;p=595"},"modified":"2024-11-01T10:38:32","modified_gmt":"2024-11-01T02:38:32","slug":"fluoride-free-toothpaste","status":"publish","type":"product","link":"https:\/\/www.ruiqigo.com\/pt\/product\/fluoride-free-toothpaste","title":{"rendered":"Creme dental sem fl\u00faor"},"content":{"rendered":"<h2 class=\"wp-block-heading\">F\u00f3rmulas comuns na fabrica\u00e7\u00e3o de pasta de dente sem fl\u00faor<\/h2>\n\n\n\n<p>O fosfato de c\u00e1lcio, ingrediente principal do creme dental sem fl\u00faor, tem um bom efeito de limpeza, removendo eficazmente a placa bacteriana e prevenindo o t\u00e1rtaro. A glicerina tem fun\u00e7\u00e3o hidratante, formando uma pel\u00edcula protetora durante a escova\u00e7\u00e3o e reduzindo a sensibilidade dent\u00e1ria. O produto n\u00e3o cont\u00e9m fl\u00faor, o que evita alergias e fluorose dent\u00e1ria que podem ser causadas pelo fl\u00faor, permitindo que os consumidores desfrutem da limpeza sem se preocupar com a ingest\u00e3o excessiva de fl\u00faor.<\/p>\n\n\n\n<h2 class=\"wp-block-heading\">Cen\u00e1rios aplic\u00e1veis ao creme dental sem fl\u00faor<\/h2>\n\n\n\n<p>O creme dental sem fl\u00faor \u00e9 adequado para a higiene bucal di\u00e1ria e pode ser usado pela manh\u00e3, ao acordar, ap\u00f3s as refei\u00e7\u00f5es, antes de dormir e em outros momentos. O produto \u00e9 suave e n\u00e3o irritante, adequado para uso em casa, no escrit\u00f3rio, na escola e em outros ambientes. Seja para trabalho ou lazer, o creme dental sem fl\u00faor pode proporcionar h\u00e1lito fresco e proteger sua sa\u00fade bucal.<\/p>\n\n\n\n<h2 class=\"wp-block-heading\">Para quem \u00e9 indicado o creme dental sem fl\u00faor?<\/h2>\n\n\n\n<p>O creme dental sem fl\u00faor \u00e9 adequado para uma ampla gama de pessoas, especialmente as seguintes categorias de consumidores: <\/p>\n\n\n\n<p>1. pessoas al\u00e9rgicas ao fl\u00faor; <\/p>\n\n\n\n<p>2. crian\u00e7as e adolescentes, para evitar a ingest\u00e3o excessiva de fl\u00faor, afetando o crescimento e o desenvolvimento; <\/p>\n\n\n\n<p>3. gestantes, devem ficar atentas \u00e0 sa\u00fade bucal durante a gesta\u00e7\u00e3o; <\/p>\n\n\n\n<p>4. Ambientalistas, em busca de produtos de higiene bucal sem fl\u00faor e inofensivos. Creme dental sem fl\u00faor, para que todos os consumidores possam desfrutar de uma experi\u00eancia de higiene bucal saud\u00e1vel.<\/p>\n\n\n\n<h2 class=\"wp-block-heading\">Processo de produ\u00e7\u00e3o de pasta de dente sem fl\u00faor<\/h2>\n\n\n\n<p>Como fabricantes profissionais de pasta de dente sem fl\u00faor, adotamos o seguinte processo especial de produ\u00e7\u00e3o: <\/p>\n\n\n\n<p>1. triagem rigorosa de mat\u00e9rias-primas para garantir a pureza e a qualidade do fosfato de c\u00e1lcio e outros ingredientes; <\/p>\n\n\n\n<p>2. dosagem precisa, para que os ingredientes ativos desempenhem plenamente suas fun\u00e7\u00f5es para obter o melhor efeito de limpeza; <\/p>\n\n\n\n<p>3. mistura de alta velocidade, para que as mat\u00e9rias-primas sejam totalmente misturadas, para melhorar a estabilidade da pasta de dente; <\/p>\n\n\n\n<p>4. envase ass\u00e9ptico, para garantir que o produto seja seguro e higi\u00eanico; <\/p>\n\n\n\n<p>5. Todo o processo de controle de qualidade para garantir que cada pasta de dente atenda aos padr\u00f5es nacionais. Como fabricante profissional de pasta de dente sem fl\u00faor, cada pasta de dente atende aos padr\u00f5es nacionais.<\/p>","protected":false},"excerpt":{"rendered":"Fluoride free Toothpaste manufacturing common formulas Calcium phosphate, the core ingredient of fluoride-free toothpaste, has a good cleaning effect, can effectively remove plaque and prevent tartar. Glycerin has a moisturizing function, which can form a protective film during brushing and reduce tooth sensitivity. The product does not contain fluorine, which avoids allergies and dental fluorosis [&hellip;]","protected":false},"featured_media":601,"menu_order":0,"template":"","meta":[],"product-tag":[],"products":[71],"class_list":["post-595","product","type-product","status-publish","has-post-thumbnail","hentry","products-toothpaste"],"acf":[],"_links":{"self":[{"href":"https:\/\/www.ruiqigo.com\/pt\/wp-json\/wp\/v2\/product\/595","targetHints":{"allow":["GET"]}}],"collection":[{"href":"https:\/\/www.ruiqigo.com\/pt\/wp-json\/wp\/v2\/product"}],"about":[{"href":"https:\/\/www.ruiqigo.com\/pt\/wp-json\/wp\/v2\/types\/product"}],"version-history":[{"count":0,"href":"https:\/\/www.ruiqigo.com\/pt\/wp-json\/wp\/v2\/product\/595\/revisions"}],"wp:featuredmedia":[{"embeddable":true,"href":"https:\/\/www.ruiqigo.com\/pt\/wp-json\/wp\/v2\/media\/601"}],"wp:attachment":[{"href":"https:\/\/www.ruiqigo.com\/pt\/wp-json\/wp\/v2\/media?parent=595"}],"wp:term":[{"taxonomy":"product-tag","embeddable":true,"href":"https:\/\/www.ruiqigo.com\/pt\/wp-json\/wp\/v2\/product-tag?post=595"},{"taxonomy":"products","embeddable":true,"href":"https:\/\/www.ruiqigo.com\/pt\/wp-json\/wp\/v2\/products?post=595"}],"curies":[{"name":"wp","href":"https:\/\/api.w.org\/{rel}","templated":true}]}}