{"id":605,"date":"2024-07-24T16:33:31","date_gmt":"2024-07-24T08:33:31","guid":{"rendered":"https:\/\/ruiqigo.com\/?post_type=product&#038;p=605"},"modified":"2024-11-01T14:02:40","modified_gmt":"2024-11-01T06:02:40","slug":"fluoride-toothpaste","status":"publish","type":"product","link":"https:\/\/www.ruiqigo.com\/pt\/product\/fluoride-toothpaste","title":{"rendered":"Pasta de dente com fl\u00faor"},"content":{"rendered":"<h2 class=\"wp-block-heading\">F\u00f3rmulas comuns na fabrica\u00e7\u00e3o de pasta de dente com fl\u00faor<\/h2>\n\n\n\n<p>O monofluorofosfato de s\u00f3dio, ingrediente principal do creme dental com fl\u00faor, \u00e9 um tipo de fl\u00faor amplamente utilizado em produtos de higiene bucal, podendo aumentar efetivamente a resist\u00eancia do esmalte dent\u00e1rio \u00e0 acidez e reduzir a incid\u00eancia de c\u00e1ries. O teor de fl\u00faor de 0,10% est\u00e1 em conformidade com os padr\u00f5es nacionais e internacionais, o que pode desempenhar um papel importante na formula\u00e7\u00e3o do fl\u00faor, al\u00e9m de garantir a seguran\u00e7a do uso. Al\u00e9m disso, o monofluorofosfato de s\u00f3dio tamb\u00e9m pode promover a remineraliza\u00e7\u00e3o dent\u00e1ria e reparar c\u00e1ries precoces.<\/p>\n\n\n\n<h2 class=\"wp-block-heading\">Cen\u00e1rios de aplica\u00e7\u00e3o de creme dental com fl\u00faor<\/h2>\n\n\n\n<p>O creme dental com fl\u00faor \u00e9 adequado para o cuidado bucal di\u00e1rio, especialmente nas seguintes situa\u00e7\u00f5es: ao acordar, ajuda a remover o odor bucal e a restaurar o h\u00e1lito fresco; ap\u00f3s as refei\u00e7\u00f5es, limpa eficazmente os restos de comida e protege os dentes; e antes de dormir, proporciona prote\u00e7\u00e3o noturna aos dentes e previne c\u00e1ries noturnas.<\/p>\n\n\n\n<h2 class=\"wp-block-heading\">Para quem \u00e9 indicado o creme dental com fl\u00faor<\/h2>\n\n\n\n<p>O creme dental com fl\u00faor \u00e9 adequado para uma ampla gama de pessoas, sendo especialmente recomendado para os seguintes consumidores: <\/p>\n\n\n\n<p>1. crian\u00e7as, adolescentes e adultos, para prevenir c\u00e1ries e manter a sa\u00fade bucal; <\/p>\n\n\n\n<p>2. pessoas com dentes sens\u00edveis que precisam aumentar a dureza do esmalte; <\/p>\n\n\n\n<p>3. Pacientes diab\u00e9ticos, devido ao alto risco de doen\u00e7a periodontal, precisam dar aten\u00e7\u00e3o especial aos cuidados com a sa\u00fade bucal; <\/p>\n\n\n\n<p>4. hist\u00f3rico familiar de c\u00e1rie dent\u00e1ria na multid\u00e3o, para fortalecer a prote\u00e7\u00e3o dent\u00e1ria.<\/p>\n\n\n\n<h2 class=\"wp-block-heading\">Processo de produ\u00e7\u00e3o de pasta de dente com fl\u00faor<\/h2>\n\n\n\n<p>Como um fabricante confi\u00e1vel de pasta de dente com fl\u00faor, adotamos o seguinte processo especial de produ\u00e7\u00e3o: <\/p>\n\n\n\n<p>1. triagem rigorosa de mat\u00e9rias-primas de monofluorofosfato de s\u00f3dio para garantir sua pureza e qualidade; <\/p>\n\n\n\n<p>2. controle preciso da quantidade de fl\u00faor adicionada para garantir que o produto seja seguro e eficaz; <\/p>\n\n\n\n<p>3. o uso da tecnologia de moagem de baixa temperatura para liberar totalmente a atividade do fl\u00faor; <\/p>\n\n\n\n<p>4. envase ass\u00e9ptico, para garantir que o produto seja seguro e higi\u00eanico; <\/p>\n\n\n\n<p>5. Como fabricante profissional de pasta de dente com fl\u00faor, todo o processo de controle de qualidade garante que cada pasta de dente atenda ao padr\u00e3o nacional.<\/p>","protected":false},"excerpt":{"rendered":"Fluoride toothpaste manufacturing common formulas Sodium Monofluorophosphate, the core ingredient of fluoride toothpaste, is a kind of fluoride widely used in oral care products, which can effectively enhance the acid resistance of tooth enamel and reduce the incidence of cavities.0.10% fluorine content is in line with national and international standards, which can play a role [&hellip;]","protected":false},"featured_media":611,"menu_order":0,"template":"","meta":[],"product-tag":[],"products":[71],"class_list":["post-605","product","type-product","status-publish","has-post-thumbnail","hentry","products-toothpaste"],"acf":[],"_links":{"self":[{"href":"https:\/\/www.ruiqigo.com\/pt\/wp-json\/wp\/v2\/product\/605","targetHints":{"allow":["GET"]}}],"collection":[{"href":"https:\/\/www.ruiqigo.com\/pt\/wp-json\/wp\/v2\/product"}],"about":[{"href":"https:\/\/www.ruiqigo.com\/pt\/wp-json\/wp\/v2\/types\/product"}],"version-history":[{"count":0,"href":"https:\/\/www.ruiqigo.com\/pt\/wp-json\/wp\/v2\/product\/605\/revisions"}],"wp:featuredmedia":[{"embeddable":true,"href":"https:\/\/www.ruiqigo.com\/pt\/wp-json\/wp\/v2\/media\/611"}],"wp:attachment":[{"href":"https:\/\/www.ruiqigo.com\/pt\/wp-json\/wp\/v2\/media?parent=605"}],"wp:term":[{"taxonomy":"product-tag","embeddable":true,"href":"https:\/\/www.ruiqigo.com\/pt\/wp-json\/wp\/v2\/product-tag?post=605"},{"taxonomy":"products","embeddable":true,"href":"https:\/\/www.ruiqigo.com\/pt\/wp-json\/wp\/v2\/products?post=605"}],"curies":[{"name":"wp","href":"https:\/\/api.w.org\/{rel}","templated":true}]}}