{"id":625,"date":"2024-07-24T17:02:08","date_gmt":"2024-07-24T09:02:08","guid":{"rendered":"https:\/\/ruiqigo.com\/?post_type=product&#038;p=625"},"modified":"2024-11-01T10:33:26","modified_gmt":"2024-11-01T02:33:26","slug":"mint-toothpaste","status":"publish","type":"product","link":"https:\/\/www.ruiqigo.com\/pt\/product\/mint-toothpaste","title":{"rendered":"pasta de dente de menta"},"content":{"rendered":"<h2 class=\"wp-block-heading\">F\u00f3rmulas comuns na fabrica\u00e7\u00e3o de pasta de dente de menta<\/h2>\n\n\n\n<p>O mentol, ingrediente principal do creme dental de menta, \u00e9 um composto natural extra\u00eddo da planta da menta, que proporciona uma sensa\u00e7\u00e3o refrescante e aroma \u00fanicos. O mentol estimula a mucosa oral e promove a circula\u00e7\u00e3o sangu\u00ednea, ajudando a aliviar a inflama\u00e7\u00e3o e a dor oral. Al\u00e9m disso, o mentol tem efeito bactericida, o que pode reduzir eficazmente as bact\u00e9rias na boca e prevenir doen\u00e7as periodontais e c\u00e1ries.<\/p>\n\n\n\n<h2 class=\"wp-block-heading\">Cen\u00e1rios aplic\u00e1veis \u00e0 pasta de dentes de menta<\/h2>\n\n\n\n<p>O creme dental de menta \u00e9 adequado para uma variedade de cen\u00e1rios, especialmente para as seguintes ocasi\u00f5es: depois de acordar de manh\u00e3, ajuda a remover o odor bucal e refrescar; ap\u00f3s as refei\u00e7\u00f5es, limpa eficazmente os res\u00edduos de alimentos e mant\u00e9m o h\u00e1lito fresco; quando voc\u00ea est\u00e1 cansado do trabalho ou estudo, escovar os dentes pode refrescar sua mente e aliviar a fadiga; depois de ficar acordado at\u00e9 tarde ou fumar, pode reduzir o gosto ruim da boca e cuidar da sa\u00fade bucal.<\/p>\n\n\n\n<h2 class=\"wp-block-heading\">Para quem \u00e9 indicado o creme dental com menta?<\/h2>\n\n\n\n<p>O creme dental de menta \u00e9 adequado para uma ampla gama de pessoas, sendo especialmente recomendado para os seguintes consumidores: <\/p>\n\n\n\n<p>1. pessoas que querem manter o h\u00e1lito fresco; <\/p>\n\n\n\n<p>2. pessoas que se incomodam com mau h\u00e1lito, como fumantes, pessoas que costumam ficar acordadas at\u00e9 tarde; <\/p>\n\n\n\n<p>3. pessoas que precisam refrescar a mente, como trabalhadores de escrit\u00f3rio, estudantes; <\/p>\n\n\n\n<p>4. pessoas que t\u00eam prefer\u00eancia pelo sabor de menta para desfrutar de uma experi\u00eancia de escova\u00e7\u00e3o fresca e confort\u00e1vel.<\/p>\n\n\n\n<h2 class=\"wp-block-heading\">Processo de produ\u00e7\u00e3o de pasta de dente de menta<\/h2>\n\n\n\n<p>Como um fabricante confi\u00e1vel de pasta de dente de menta, adotamos o seguinte processo especial de produ\u00e7\u00e3o:<\/p>\n\n\n\n<p>1) Selecionar rigorosamente as mat\u00e9rias-primas do mentol para garantir sua pureza e qualidade; <\/p>\n\n\n\n<p>2) Controle com precis\u00e3o a quantidade de mentol adicionada para garantir a frescura e o aroma moderado do produto; <\/p>\n\n\n\n<p>3) Adote a tecnologia de moagem de baixa temperatura para liberar totalmente a atividade do mentol; <\/p>\n\n\n\n<p>4) Envase ass\u00e9ptico, para garantir que o produto seja seguro e higi\u00eanico; <\/p>\n\n\n\n<p>5) Controle de qualidade total para garantir que cada pasta de dente atenda aos padr\u00f5es nacionais. padr\u00e3o nacional.<\/p>","protected":false},"excerpt":{"rendered":"Mint toothpaste manufacturing common formulas Menthol, the core ingredient of Mint Toothpaste, is a natural compound extracted from the mint plant, which has a unique cooling sensation and aroma. Menthol stimulates the oral mucosa and promotes blood circulation, helping to relieve oral inflammation and pain. In addition, menthol has a bactericidal effect, which can effectively [&hellip;]","protected":false},"featured_media":626,"menu_order":0,"template":"","meta":[],"product-tag":[],"products":[71],"class_list":["post-625","product","type-product","status-publish","has-post-thumbnail","hentry","products-toothpaste"],"acf":[],"_links":{"self":[{"href":"https:\/\/www.ruiqigo.com\/pt\/wp-json\/wp\/v2\/product\/625","targetHints":{"allow":["GET"]}}],"collection":[{"href":"https:\/\/www.ruiqigo.com\/pt\/wp-json\/wp\/v2\/product"}],"about":[{"href":"https:\/\/www.ruiqigo.com\/pt\/wp-json\/wp\/v2\/types\/product"}],"version-history":[{"count":0,"href":"https:\/\/www.ruiqigo.com\/pt\/wp-json\/wp\/v2\/product\/625\/revisions"}],"wp:featuredmedia":[{"embeddable":true,"href":"https:\/\/www.ruiqigo.com\/pt\/wp-json\/wp\/v2\/media\/626"}],"wp:attachment":[{"href":"https:\/\/www.ruiqigo.com\/pt\/wp-json\/wp\/v2\/media?parent=625"}],"wp:term":[{"taxonomy":"product-tag","embeddable":true,"href":"https:\/\/www.ruiqigo.com\/pt\/wp-json\/wp\/v2\/product-tag?post=625"},{"taxonomy":"products","embeddable":true,"href":"https:\/\/www.ruiqigo.com\/pt\/wp-json\/wp\/v2\/products?post=625"}],"curies":[{"name":"wp","href":"https:\/\/api.w.org\/{rel}","templated":true}]}}