{"id":646,"date":"2024-07-25T15:09:22","date_gmt":"2024-07-25T07:09:22","guid":{"rendered":"https:\/\/ruiqigo.com\/?post_type=product&#038;p=646"},"modified":"2024-11-01T14:14:29","modified_gmt":"2024-11-01T06:14:29","slug":"potassium-nitrate-toothpaste","status":"publish","type":"product","link":"https:\/\/www.ruiqigo.com\/pt\/product\/potassium-nitrate-toothpaste","title":{"rendered":"Pasta de dente de nitrato de pot\u00e1ssio"},"content":{"rendered":"<h2 class=\"wp-block-heading\">F\u00f3rmulas comuns na fabrica\u00e7\u00e3o de pasta de dente \u00e0 base de nitrato de pot\u00e1ssio<\/h2>\n\n\n\n<p>O ingrediente principal do creme dental com nitrato de pot\u00e1ssio, o nitrato de pot\u00e1ssio, tem o efeito de aliviar a sensibilidade dent\u00e1ria. O nitrato de pot\u00e1ssio pode reduzir eficazmente a sensibilidade dos dentes ao frio, calor, doces e outros est\u00edmulos, ao mesmo tempo que possui efeitos antibacterianos e anti-inflamat\u00f3rios, o que ajuda a prevenir doen\u00e7as bucais. Al\u00e9m disso, o nitrato de pot\u00e1ssio tamb\u00e9m pode ajudar a melhorar o ambiente bucal e reduzir a forma\u00e7\u00e3o de placa bacteriana, reduzindo assim a incid\u00eancia de c\u00e1ries.<\/p>\n\n\n\n<h2 class=\"wp-block-heading\">Cen\u00e1rios aplic\u00e1veis \u00e0 pasta de dentes com nitrato de pot\u00e1ssio<\/h2>\n\n\n\n<p>O creme dental com nitrato de pot\u00e1ssio \u00e9 adequado para uma variedade de cen\u00e1rios, especialmente para as seguintes ocasi\u00f5es: 1. pessoas com dentes sens\u00edveis, para reduzir efetivamente a sensibilidade dent\u00e1ria; <\/p>\n\n\n\n<p>2. Ap\u00f3s as refei\u00e7\u00f5es, para limpar eficazmente os restos de comida, para manter o h\u00e1lito fresco; <\/p>\n\n\n\n<p>3. depois de ficar acordado a noite toda, depois de fumar, para reduzir o gosto ruim da boca, para cuidar da sa\u00fade dos dentes; <\/p>\n\n\n\n<p>4. ocasi\u00f5es especiais, como casamentos, entrevistas de emprego, etc., para manter o h\u00e1lito fresco.<\/p>\n\n\n\n<h2 class=\"wp-block-heading\">Para quem \u00e9 indicado o creme dental com nitrato de pot\u00e1ssio?<\/h2>\n\n\n\n<p>O creme dental com nitrato de pot\u00e1ssio \u00e9 adequado para uma ampla variedade de pessoas, sendo especialmente recomendado para os seguintes consumidores: <\/p>\n\n\n\n<p>1. pessoas com dentes sens\u00edveis que precisam aliviar a sensibilidade dent\u00e1ria; <\/p>\n\n\n\n<p>2. Pessoas que sofrem com o odor bucal, como fumantes, costumam ficar acordadas a noite toda; <\/p>\n\n\n\n<p>3. pacientes diab\u00e9ticos que apresentam alto risco de doen\u00e7a periodontal e precisam de aten\u00e7\u00e3o especial aos cuidados bucais; <\/p>\n\n\n\n<p>4. consumidores que gostam de experimentar novos produtos para cuidados bucais; <\/p>\n\n\n\n<p>5. consumidores que gostam de aproveitar o creme dental com nitrato de pot\u00e1ssio e aproveitar os benef\u00edcios do creme dental com nitrato de pot\u00e1ssio. <\/p>\n\n\n\n<h2 class=\"wp-block-heading\">Processo de produ\u00e7\u00e3o de pasta de dente de nitrato de pot\u00e1ssio<\/h2>\n\n\n\n<p>Como fabricantes profissionais de pasta de dente de nitrato de pot\u00e1ssio, adotamos o seguinte processo especial de produ\u00e7\u00e3o: <\/p>\n\n\n\n<p>1. Triagem rigorosa de mat\u00e9rias-primas de nitrato de pot\u00e1ssio para garantir sua pureza e qualidade; <\/p>\n\n\n\n<p>2. Controle preciso da quantidade de Nitrato de Pot\u00e1ssio adicionada para garantir que o produto seja seguro e eficaz; <\/p>\n\n\n\n<p>3. A tecnologia de moagem de baixa temperatura \u00e9 adotada para liberar totalmente a atividade do nitrato de pot\u00e1ssio; <\/p>\n\n\n\n<p>4. O envase ass\u00e9ptico garante que o produto seja seguro e higi\u00eanico; <\/p>\n\n\n\n<p>5. Controle de qualidade completo para garantir que cada creme dental com nitrato de pot\u00e1ssio atenda aos padr\u00f5es nacionais. Atrav\u00e9s do processo acima, como fabricantes profissionais de creme dental com nitrato de pot\u00e1ssio, oferecemos a voc\u00ea um produto de higiene bucal confi\u00e1vel e de alta qualidade.<\/p>\n\n\n\n<p><\/p>","protected":false},"excerpt":{"rendered":"Potassium nitrate toothpaste manufacturing common formulas Potassium Nitrate Toothpaste&#8217;s core ingredient, Potassium Nitrate, has the effect of relieving tooth sensitivity. Potassium nitrate can effectively reduce the sensitivity of teeth to cold, hot, sweet and other stimuli, and at the same time has antibacterial and anti-inflammatory effects, which helps to prevent oral diseases. In addition, potassium [&hellip;]","protected":false},"featured_media":653,"menu_order":0,"template":"","meta":[],"product-tag":[],"products":[71],"class_list":["post-646","product","type-product","status-publish","has-post-thumbnail","hentry","products-toothpaste"],"acf":[],"_links":{"self":[{"href":"https:\/\/www.ruiqigo.com\/pt\/wp-json\/wp\/v2\/product\/646","targetHints":{"allow":["GET"]}}],"collection":[{"href":"https:\/\/www.ruiqigo.com\/pt\/wp-json\/wp\/v2\/product"}],"about":[{"href":"https:\/\/www.ruiqigo.com\/pt\/wp-json\/wp\/v2\/types\/product"}],"version-history":[{"count":0,"href":"https:\/\/www.ruiqigo.com\/pt\/wp-json\/wp\/v2\/product\/646\/revisions"}],"wp:featuredmedia":[{"embeddable":true,"href":"https:\/\/www.ruiqigo.com\/pt\/wp-json\/wp\/v2\/media\/653"}],"wp:attachment":[{"href":"https:\/\/www.ruiqigo.com\/pt\/wp-json\/wp\/v2\/media?parent=646"}],"wp:term":[{"taxonomy":"product-tag","embeddable":true,"href":"https:\/\/www.ruiqigo.com\/pt\/wp-json\/wp\/v2\/product-tag?post=646"},{"taxonomy":"products","embeddable":true,"href":"https:\/\/www.ruiqigo.com\/pt\/wp-json\/wp\/v2\/products?post=646"}],"curies":[{"name":"wp","href":"https:\/\/api.w.org\/{rel}","templated":true}]}}