{"id":647,"date":"2024-07-25T15:05:08","date_gmt":"2024-07-25T07:05:08","guid":{"rendered":"https:\/\/ruiqigo.com\/?post_type=product&#038;p=647"},"modified":"2024-11-01T14:16:04","modified_gmt":"2024-11-01T06:16:04","slug":"coconut-oil-toothpaste","status":"publish","type":"product","link":"https:\/\/www.ruiqigo.com\/pt\/product\/coconut-oil-toothpaste","title":{"rendered":"Pasta de dente com \u00f3leo de coco"},"content":{"rendered":"<h2 class=\"wp-block-heading\">F\u00f3rmulas comuns na fabrica\u00e7\u00e3o de pasta de dente com \u00f3leo de coco<\/h2>\n\n\n\n<p>O ingrediente principal do creme dental com \u00f3leo de coco, o \u00f3leo de coco, possui propriedades antibacterianas e anti-inflamat\u00f3rias naturais, que podem reduzir eficazmente as bact\u00e9rias na boca e prevenir doen\u00e7as bucais. O \u00f3leo de coco tamb\u00e9m tem a fun\u00e7\u00e3o de hidratar e reparar a mucosa oral, ajudando a melhorar o ambiente bucal. O cloreto de s\u00f3dio tem um efeito esfoliante suave, que pode remover eficazmente manchas e placa bacteriana na superf\u00edcie dos dentes, sem irritar os dentes e as gengivas.<\/p>\n\n\n\n<h2 class=\"wp-block-heading\">Cen\u00e1rios aplic\u00e1veis \u00e0 pasta de dentes com \u00f3leo de coco<\/h2>\n\n\n\n<p>O creme dental com \u00f3leo de coco \u00e9 adequado para uma variedade de cen\u00e1rios, especialmente para as seguintes ocasi\u00f5es: <\/p>\n\n\n\n<p>1. use ap\u00f3s as refei\u00e7\u00f5es, limpe eficazmente os restos de comida e mantenha o h\u00e1lito fresco; <\/p>\n\n\n\n<p>2. depois de ficar acordado a noite toda, fumando, para aliviar o gosto ruim da boca, para cuidar da sa\u00fade dos dentes; <\/p>\n\n\n\n<p>3. ocasi\u00f5es especiais, como casamentos, entrevistas de emprego, etc., para manter o h\u00e1lito fresco; <\/p>\n\n\n\n<p>4. tratamento de doen\u00e7as bucais, para auxiliar na limpeza da cavidade oral.<\/p>\n\n\n\n<h2 class=\"wp-block-heading\">Para quem \u00e9 indicado o creme dental com \u00f3leo de coco?<\/h2>\n\n\n\n<p>O creme dental com \u00f3leo de coco \u00e9 adequado para uma ampla gama de pessoas, sendo especialmente recomendado para os seguintes consumidores: <\/p>\n\n\n\n<p>1. Pessoas incomodadas com o odor bucal, como fumantes, costumam ficar acordadas at\u00e9 tarde; <\/p>\n\n\n\n<p>2. Pessoas com dentes sens\u00edveis precisam limpar a \u00e1rea delicadamente; <\/p>\n\n\n\n<p>3. Pacientes diab\u00e9ticos, devido ao alto risco de doen\u00e7a periodontal, precisam dar aten\u00e7\u00e3o especial aos cuidados bucais; <\/p>\n\n\n\n<p>4. Gostaria de experimentar um novo tipo de produto para cuidados bucais que os consumidores possam apreciar. A pasta de dente com \u00f3leo de coco traz benef\u00edcios \u00e0 sa\u00fade bucal.<\/p>\n\n\n\n<h2 class=\"wp-block-heading\">Processo de produ\u00e7\u00e3o de pasta de dente com \u00f3leo de coco<\/h2>\n\n\n\n<p>Como fabricantes de pasta de dente de \u00f3leo de coco de qualidade, adotamos o seguinte processo especial de produ\u00e7\u00e3o: <\/p>\n\n\n\n<p>1. Examinar rigorosamente as mat\u00e9rias-primas do \u00f3leo de coco e do cloreto de s\u00f3dio para garantir sua pureza e qualidade; <\/p>\n\n\n\n<p>2. Controle com precis\u00e3o a quantidade de \u00f3leo de coco e cloreto de s\u00f3dio adicionados para garantir a seguran\u00e7a e efic\u00e1cia do produto; <\/p>\n\n\n\n<p>3. Adote a tecnologia de moagem de baixa temperatura para liberar totalmente a atividade do \u00f3leo de coco; <\/p>\n\n\n\n<p>4. Envase ass\u00e9ptico para garantir que o produto seja seguro e higi\u00eanico. <\/p>\n\n\n\n<p>5. Todo o processo de controle de qualidade garante que cada pasta de dente com \u00f3leo de coco atenda aos padr\u00f5es nacionais. Como fabricantes de pasta de dente com \u00f3leo de coco de alta qualidade, por meio do processo acima, oferecemos a voc\u00ea um produto de higiene bucal confi\u00e1vel e de alta qualidade.<\/p>","protected":false},"excerpt":{"rendered":"Coconut oil toothpaste manufacturing common formulas Coconut Oil Toothpaste&#8217;s core ingredient, coconut oil, has natural antibacterial and anti-inflammatory properties, which can effectively reduce bacteria in the mouth and prevent oral diseases. Coconut oil also has the function of moisturizing and repairing the oral mucosa, helping to improve the oral environment. Sodium chloride has a mild [&hellip;]","protected":false},"featured_media":648,"menu_order":0,"template":"","meta":[],"product-tag":[],"products":[71],"class_list":["post-647","product","type-product","status-publish","has-post-thumbnail","hentry","products-toothpaste"],"acf":[],"_links":{"self":[{"href":"https:\/\/www.ruiqigo.com\/pt\/wp-json\/wp\/v2\/product\/647","targetHints":{"allow":["GET"]}}],"collection":[{"href":"https:\/\/www.ruiqigo.com\/pt\/wp-json\/wp\/v2\/product"}],"about":[{"href":"https:\/\/www.ruiqigo.com\/pt\/wp-json\/wp\/v2\/types\/product"}],"version-history":[{"count":0,"href":"https:\/\/www.ruiqigo.com\/pt\/wp-json\/wp\/v2\/product\/647\/revisions"}],"wp:featuredmedia":[{"embeddable":true,"href":"https:\/\/www.ruiqigo.com\/pt\/wp-json\/wp\/v2\/media\/648"}],"wp:attachment":[{"href":"https:\/\/www.ruiqigo.com\/pt\/wp-json\/wp\/v2\/media?parent=647"}],"wp:term":[{"taxonomy":"product-tag","embeddable":true,"href":"https:\/\/www.ruiqigo.com\/pt\/wp-json\/wp\/v2\/product-tag?post=647"},{"taxonomy":"products","embeddable":true,"href":"https:\/\/www.ruiqigo.com\/pt\/wp-json\/wp\/v2\/products?post=647"}],"curies":[{"name":"wp","href":"https:\/\/api.w.org\/{rel}","templated":true}]}}