{"id":652,"date":"2024-07-25T15:14:31","date_gmt":"2024-07-25T07:14:31","guid":{"rendered":"https:\/\/ruiqigo.com\/?post_type=product&#038;p=652"},"modified":"2024-11-01T14:14:59","modified_gmt":"2024-11-01T06:14:59","slug":"stannous-fluoride-toothpaste","status":"publish","type":"product","link":"https:\/\/www.ruiqigo.com\/pt\/product\/stannous-fluoride-toothpaste","title":{"rendered":"Creme dental com fl\u00faor estanoso"},"content":{"rendered":"<h3 class=\"wp-block-heading\">F\u00f3rmulas comuns na fabrica\u00e7\u00e3o de pasta de dente com fl\u00faor estanoso<\/h3>\n\n\n\n<p>O principal ingrediente do creme dental com fl\u00faor estanoso, o fl\u00faor estanoso, \u00e9 um fl\u00faor amplamente utilizado em produtos de higiene bucal, que pode efetivamente aumentar a capacidade do esmalte de resistir \u00e0 acidez e reduzir a incid\u00eancia de c\u00e1ries. O fl\u00faor estanoso tamb\u00e9m promove a remineraliza\u00e7\u00e3o dos dentes e a restaura\u00e7\u00e3o de c\u00e1ries precoces. Al\u00e9m disso, o fl\u00faor estanoso \u00e9 inofensivo ao corpo humano e adequado para uso a longo prazo.<\/p>\n\n\n\n<h3 class=\"wp-block-heading\">Cen\u00e1rios aplic\u00e1veis ao creme dental com fl\u00faor estanoso<\/h3>\n\n\n\n<p>O creme dental com fl\u00faor estanoso \u00e9 adequado para uma variedade de cen\u00e1rios, especialmente para as seguintes ocasi\u00f5es: <\/p>\n\n\n\n<p>1. ap\u00f3s as refei\u00e7\u00f5es, limpeza eficaz de restos de alimentos e prote\u00e7\u00e3o dos dentes; <\/p>\n\n\n\n<p>2. depois de ficar acordado a noite toda fumando, para aliviar o gosto ruim da boca e cuidar da sa\u00fade dos dentes; <\/p>\n\n\n\n<p>3. ocasi\u00f5es especiais, como casamentos, entrevistas, etc., para manter o h\u00e1lito fresco; <\/p>\n\n\n\n<p>4. ap\u00f3s o tratamento de doen\u00e7as bucais, para auxiliar na limpeza da cavidade oral.<\/p>\n\n\n\n<h3 class=\"wp-block-heading\">Para quem \u00e9 indicado o creme dental com fl\u00faor estanoso?<\/h3>\n\n\n\n<p>O creme dental com fl\u00faor estanoso \u00e9 adequado para uma ampla variedade de pessoas, sendo especialmente recomendado para os seguintes consumidores:<\/p>\n\n\n\n<p>1. crian\u00e7as, adolescentes e adultos, para prevenir c\u00e1ries e manter a sa\u00fade bucal; <\/p>\n\n\n\n<p>2. pessoas com dentes sens\u00edveis, que precisam aumentar a dureza do esmalte; <\/p>\n\n\n\n<p>3. Pacientes diab\u00e9ticos, devido ao alto risco de doen\u00e7a periodontal, precisam dar aten\u00e7\u00e3o especial aos cuidados bucais; <\/p>\n\n\n\n<p>4. Consumidores que gostam de experimentar novos produtos de higiene bucal, apreciam o creme dental com fl\u00faor estanoso e apreciam o sabor delicioso do creme dental com fl\u00faor estanoso. Consumidores que gostam de experimentar novos produtos de higiene bucal e apreciam a sa\u00fade bucal proporcionada pelo creme dental com fl\u00faor estanoso.<\/p>\n\n\n\n<h3 class=\"wp-block-heading\">Processo de produ\u00e7\u00e3o de pasta de dente com fl\u00faor estanoso<\/h3>\n\n\n\n<p>Como fabricantes profissionais de pasta de dente com fl\u00faor estanoso, adotamos o seguinte processo especial de produ\u00e7\u00e3o: <\/p>\n\n\n\n<p>1) Selecionar rigorosamente as mat\u00e9rias-primas do Fluoreto Estanoso para garantir sua pureza e qualidade; <\/p>\n\n\n\n<p>2) Controle preciso da quantidade de Fluoreto Estanoso adicionado para garantir a seguran\u00e7a e efic\u00e1cia do produto; <\/p>\n\n\n\n<p>3) Ado\u00e7\u00e3o de tecnologia de moagem de baixa temperatura para liberar a atividade do fluoreto estanoso em toda a extens\u00e3o; <\/p>\n\n\n\n<p>4) Envase ass\u00e9ptico para garantir a seguran\u00e7a e higiene do produto; <\/p>\n\n\n\n<p>5) Controle de qualidade completo para garantir a seguran\u00e7a e a higiene do produto. Como um grande fabricante de cremes dentais com fl\u00faor estanoso, realizamos todo o processo de controle de qualidade para garantir que cada creme dental com fl\u00faor estanoso atenda aos padr\u00f5es nacionais. Por meio desse processo, oferecemos a voc\u00ea um produto de higiene bucal confi\u00e1vel e de alta qualidade.<\/p>","protected":false},"excerpt":{"rendered":"Stannous fluoride toothpaste manufacturing common formulas Stannous Fluoride Toothpaste&#8217;s core ingredient, Stannous Fluoride, is a fluoride widely used in oral care products, which can effectively enhance the enamel&#8217;s ability to resist acidity and reduce the incidence of tooth decay. Stannous fluoride also promotes remineralization of teeth and restoration of early cavities. In addition, stannous fluoride [&hellip;]","protected":false},"featured_media":657,"menu_order":0,"template":"","meta":[],"product-tag":[],"products":[71],"class_list":["post-652","product","type-product","status-publish","has-post-thumbnail","hentry","products-toothpaste"],"acf":[],"_links":{"self":[{"href":"https:\/\/www.ruiqigo.com\/pt\/wp-json\/wp\/v2\/product\/652","targetHints":{"allow":["GET"]}}],"collection":[{"href":"https:\/\/www.ruiqigo.com\/pt\/wp-json\/wp\/v2\/product"}],"about":[{"href":"https:\/\/www.ruiqigo.com\/pt\/wp-json\/wp\/v2\/types\/product"}],"version-history":[{"count":0,"href":"https:\/\/www.ruiqigo.com\/pt\/wp-json\/wp\/v2\/product\/652\/revisions"}],"wp:featuredmedia":[{"embeddable":true,"href":"https:\/\/www.ruiqigo.com\/pt\/wp-json\/wp\/v2\/media\/657"}],"wp:attachment":[{"href":"https:\/\/www.ruiqigo.com\/pt\/wp-json\/wp\/v2\/media?parent=652"}],"wp:term":[{"taxonomy":"product-tag","embeddable":true,"href":"https:\/\/www.ruiqigo.com\/pt\/wp-json\/wp\/v2\/product-tag?post=652"},{"taxonomy":"products","embeddable":true,"href":"https:\/\/www.ruiqigo.com\/pt\/wp-json\/wp\/v2\/products?post=652"}],"curies":[{"name":"wp","href":"https:\/\/api.w.org\/{rel}","templated":true}]}}