{"id":661,"date":"2024-07-25T15:18:07","date_gmt":"2024-07-25T07:18:07","guid":{"rendered":"https:\/\/ruiqigo.com\/?post_type=product&#038;p=661"},"modified":"2024-11-01T10:32:29","modified_gmt":"2024-11-01T02:32:29","slug":"berryoxide-toothpaste","status":"publish","type":"product","link":"https:\/\/www.ruiqigo.com\/pt\/product\/berryoxide-toothpaste","title":{"rendered":"Creme dental Berryoxide"},"content":{"rendered":"<h2 class=\"wp-block-heading\">F\u00f3rmulas comuns na fabrica\u00e7\u00e3o de pasta de dente Berryoxide<\/h2>\n\n\n\n<p>O ingrediente principal do creme dental Berryoxide, o per\u00f3xido, tem um forte efeito oxidante, que pode matar eficazmente as bact\u00e9rias da boca e prevenir doen\u00e7as bucais. O per\u00f3xido tamb\u00e9m pode ajudar a neutralizar os \u00e1cidos orais e melhorar o ambiente bucal, o que ajuda a prevenir c\u00e1ries e doen\u00e7as periodontais. Al\u00e9m disso, o per\u00f3xido \u00e9 inofensivo ao corpo humano e adequado para uso a longo prazo.<\/p>\n\n\n\n<h2 class=\"wp-block-heading\">Cen\u00e1rios de aplica\u00e7\u00e3o do creme dental Berryoxide<\/h2>\n\n\n\n<p>O creme dental Berryoxide \u00e9 adequado para uma variedade de cen\u00e1rios, especialmente para as seguintes ocasi\u00f5es: 1. ap\u00f3s as refei\u00e7\u00f5es, para limpar efetivamente os restos de comida e manter o h\u00e1lito fresco; 2. depois de ficar acordado a noite toda fumando, para reduzir o gosto ruim da boca e cuidar da sa\u00fade dos dentes; 3. em ocasi\u00f5es especiais, como casamentos, entrevistas, etc., para manter o h\u00e1lito fresco; 4. ap\u00f3s o tratamento de doen\u00e7as bucais, para auxiliar na limpeza da cavidade oral.<\/p>\n\n\n\n<h2 class=\"wp-block-heading\">Para quem \u00e9 indicado o creme dental Berryoxide?<\/h2>\n\n\n\n<p>O creme dental Berryoxide \u00e9 adequado para uma ampla variedade de pessoas, especialmente recomendado para os seguintes consumidores:<\/p>\n\n\n\n<p> 1. Pessoas incomodadas com o odor bucal, como fumantes, costumam ficar acordadas at\u00e9 tarde; <\/p>\n\n\n\n<p>2. Pessoas com dentes sens\u00edveis precisam limpar a \u00e1rea delicadamente; <\/p>\n\n\n\n<p>3. Pacientes diab\u00e9ticos, devido ao alto risco de doen\u00e7a periodontal, precisam dar aten\u00e7\u00e3o especial aos cuidados bucais; <\/p>\n\n\n\n<p>4. Gostaria de experimentar um novo tipo de produto para cuidados bucais que os consumidores possam apreciar. O creme dental Berryoxide traz sa\u00fade bucal.<\/p>\n\n\n\n<h2 class=\"wp-block-heading\">Processo de produ\u00e7\u00e3o de pasta de dente Berryoxide<\/h2>\n\n\n\n<p>Como fabricantes profissionais de pasta de dente Berryoxide, adotamos o seguinte processo especial de produ\u00e7\u00e3o:<\/p>\n\n\n\n<p> 1. Triagem rigorosa de mat\u00e9rias-primas de per\u00f3xido para garantir sua pureza e qualidade; <\/p>\n\n\n\n<p>2. Controle preciso da quantidade de per\u00f3xido adicionado para garantir a seguran\u00e7a e efic\u00e1cia do produto; <\/p>\n\n\n\n<p>3. Ado\u00e7\u00e3o de tecnologia de mistura de baixa temperatura para liberar totalmente a atividade dos per\u00f3xidos; <\/p>\n\n\n\n<p>4. Envase ass\u00e9ptico para garantir que o produto seja seguro e higi\u00eanico; <\/p>\n\n\n\n<p>5. Controle de qualidade completo para garantir que cada creme dental Berryoxide seja seguro e higi\u00eanico. Como fabricante l\u00edder de creme dental Berryoxide, realizamos o controle de qualidade para garantir que cada creme dental Berryoxide atenda aos padr\u00f5es nacionais. Por meio do processo acima, oferecemos a voc\u00ea um produto de higiene bucal confi\u00e1vel e de alta qualidade.<\/p>","protected":false},"excerpt":{"rendered":"Berryoxide toothpaste manufacturing common formulas The core ingredient of Berryoxide Toothpaste, peroxide, has a strong oxidizing effect, which can effectively kill bacteria in the mouth and prevent oral diseases. Peroxide can also help neutralize oral acids and improve the oral environment, which helps prevent tooth decay and periodontal disease. In addition, peroxide is harmless to [&hellip;]","protected":false},"featured_media":662,"menu_order":0,"template":"","meta":[],"product-tag":[],"products":[71],"class_list":["post-661","product","type-product","status-publish","has-post-thumbnail","hentry","products-toothpaste"],"acf":[],"_links":{"self":[{"href":"https:\/\/www.ruiqigo.com\/pt\/wp-json\/wp\/v2\/product\/661","targetHints":{"allow":["GET"]}}],"collection":[{"href":"https:\/\/www.ruiqigo.com\/pt\/wp-json\/wp\/v2\/product"}],"about":[{"href":"https:\/\/www.ruiqigo.com\/pt\/wp-json\/wp\/v2\/types\/product"}],"version-history":[{"count":0,"href":"https:\/\/www.ruiqigo.com\/pt\/wp-json\/wp\/v2\/product\/661\/revisions"}],"wp:featuredmedia":[{"embeddable":true,"href":"https:\/\/www.ruiqigo.com\/pt\/wp-json\/wp\/v2\/media\/662"}],"wp:attachment":[{"href":"https:\/\/www.ruiqigo.com\/pt\/wp-json\/wp\/v2\/media?parent=661"}],"wp:term":[{"taxonomy":"product-tag","embeddable":true,"href":"https:\/\/www.ruiqigo.com\/pt\/wp-json\/wp\/v2\/product-tag?post=661"},{"taxonomy":"products","embeddable":true,"href":"https:\/\/www.ruiqigo.com\/pt\/wp-json\/wp\/v2\/products?post=661"}],"curies":[{"name":"wp","href":"https:\/\/api.w.org\/{rel}","templated":true}]}}