{"id":666,"date":"2024-07-25T15:56:03","date_gmt":"2024-07-25T07:56:03","guid":{"rendered":"https:\/\/ruiqigo.com\/?post_type=product&#038;p=666"},"modified":"2025-09-03T15:22:37","modified_gmt":"2025-09-03T07:22:37","slug":"chlorhexidine-gluconate-mouthwash","status":"publish","type":"product","link":"https:\/\/www.ruiqigo.com\/pt\/product\/chlorhexidine-gluconate-mouthwash","title":{"rendered":"Enxaguante bucal com gluconato de clorexidina"},"content":{"rendered":"<h2 class=\"wp-block-heading\">F\u00f3rmulas comuns<\/h2>\n\n\n\n<p>O ingrediente principal do enxaguat\u00f3rio bucal com gluconato de clorexidina, <strong>Gluconato de clorexidina<\/strong>, \u00e9 um agente antimicrobiano de amplo espectro que pode inibir eficazmente o crescimento de bact\u00e9rias na boca e prevenir doen\u00e7as bucais. O gluconato de clorexidina \u00e9 inofensivo e adequado para uso a longo prazo. Al\u00e9m disso, o gluconato de clorexidina tem um efeito desinfetante suave, que pode remover eficazmente o odor bucal e melhorar o ambiente bucal.<\/p>\n\n\n\n<h2 class=\"wp-block-heading\">Cen\u00e1rios aplic\u00e1veis<\/h2>\n\n\n\n<p>O enxaguante bucal com gluconato de clorexidina \u00e9 adequado para uma variedade de cen\u00e1rios, especialmente para as seguintes ocasi\u00f5es: <\/p>\n\n\n\n<p>1. Use ap\u00f3s as refei\u00e7\u00f5es para limpar eficazmente os restos de comida e manter o h\u00e1lito fresco; <\/p>\n\n\n\n<p>2. Depois de ficar acordado at\u00e9 tarde e fumar, para reduzir o odor bucal e cuidar da sa\u00fade dos dentes; <\/p>\n\n\n\n<p>3. Em ocasi\u00f5es especiais, como casamentos, entrevistas, etc., para manter o h\u00e1lito fresco; <\/p>\n\n\n\n<p>4. Ap\u00f3s o tratamento de doen\u00e7as bucais, para auxiliar na limpeza da boca. Limpe a cavidade oral.<\/p>\n\n\n\n<h2 class=\"wp-block-heading\">Para quem \u00e9 indicado o enxaguat\u00f3rio bucal com gluconato de clorexidina<\/h2>\n\n\n\n<p>O enxaguante bucal com gluconato de clorexidina \u00e9 adequado para uma ampla variedade de pessoas, sendo especialmente recomendado para os seguintes consumidores: <\/p>\n\n\n\n<p>1. pessoas que se incomodam com o odor bucal, como fumantes, pessoas que costumam ficar acordadas at\u00e9 tarde; <\/p>\n\n\n\n<p>2. pessoas com dentes sens\u00edveis, que necessitam de uma limpeza suave; <\/p>\n\n\n\n<p>3. Pacientes diab\u00e9ticos, que apresentam alto risco de doen\u00e7a periodontal, precisam prestar aten\u00e7\u00e3o especial aos cuidados bucais;<\/p>\n\n\n\n<p> 4. Os consumidores que gostam de experimentar novos produtos para cuidados bucais, apreciam o enxaguat\u00f3rio bucal com gluconato de clorexidina; <\/p>\n\n\n\n<p>5. Consumidores que gostam de experimentar novos produtos para a higiene bucal. Consumidores que gostam de experimentar novos produtos para a higiene bucal e apreciam a sa\u00fade bucal proporcionada pelos enxaguantes bucais com gluconato de clorexidina.<\/p>\n\n\n\n<h2 class=\"wp-block-heading\">Processo de produ\u00e7\u00e3o<\/h2>\n\n\n\n<p>Para garantir a qualidade do enxaguat\u00f3rio bucal de gluconato de clorexidina, adotamos o seguinte processo especial de produ\u00e7\u00e3o: <\/p>\n\n\n\n<p>1. Triagem rigorosa de mat\u00e9rias-primas de gluconato de clorexidina para garantir sua pureza e qualidade; <\/p>\n\n\n\n<p>2. Controle preciso da quantidade de Gluconato de Clorexidina adicionada para garantir a seguran\u00e7a e efic\u00e1cia do produto; <\/p>\n\n\n\n<p>3. Ado\u00e7\u00e3o de tecnologia de mistura de baixa temperatura para liberar a atividade do gluconato de clorexidina em toda a extens\u00e3o; <\/p>\n\n\n\n<p>4. Envase ass\u00e9ptico para garantir a seguran\u00e7a e higiene do produto; <\/p>\n\n\n\n<p>5. Controle de qualidade total para garantir que cada frasco de enxaguante bucal de gluconato de clorexidina atenda ao padr\u00e3o nacional. <\/p>\n\n\n\n<p>Por meio do processo acima, oferecemos a voc\u00ea um produto de cuidado bucal de alta qualidade e garantia.<\/p>","protected":false},"excerpt":{"rendered":"Common Formulas Chlorhexidine Gluconate Mouthwash&#8217;s core ingredient, Chlorhexidine Gluconate, is a broad-spectrum antimicrobial agent that can effectively inhibit the growth of bacteria in the mouth and prevent oral diseases. Chlorhexidine Gluconate is harmless and suitable for long-term use. In addition, chlorhexidine gluconate has a mild disinfecting effect, which can effectively remove oral odor and improve [&hellip;]","protected":false},"featured_media":673,"menu_order":0,"template":"","meta":[],"product-tag":[201,206,208,209,212,213,215],"products":[72],"class_list":["post-666","product","type-product","status-publish","has-post-thumbnail","hentry","product-tag-mouthwash-manufacturer","product-tag-mouthwash-companies","product-tag-mouthwash-suppliers","product-tag-chlorhexidine-gluconate-mouthwash-manufacturer","product-tag-mouthwash-contract-manufacturer","product-tag-antiseptic-mouthwashes-manufacturer","product-tag-chlorhexidine-mouthwash-manufacturer","products-mouthwash"],"acf":[],"_links":{"self":[{"href":"https:\/\/www.ruiqigo.com\/pt\/wp-json\/wp\/v2\/product\/666","targetHints":{"allow":["GET"]}}],"collection":[{"href":"https:\/\/www.ruiqigo.com\/pt\/wp-json\/wp\/v2\/product"}],"about":[{"href":"https:\/\/www.ruiqigo.com\/pt\/wp-json\/wp\/v2\/types\/product"}],"version-history":[{"count":0,"href":"https:\/\/www.ruiqigo.com\/pt\/wp-json\/wp\/v2\/product\/666\/revisions"}],"wp:featuredmedia":[{"embeddable":true,"href":"https:\/\/www.ruiqigo.com\/pt\/wp-json\/wp\/v2\/media\/673"}],"wp:attachment":[{"href":"https:\/\/www.ruiqigo.com\/pt\/wp-json\/wp\/v2\/media?parent=666"}],"wp:term":[{"taxonomy":"product-tag","embeddable":true,"href":"https:\/\/www.ruiqigo.com\/pt\/wp-json\/wp\/v2\/product-tag?post=666"},{"taxonomy":"products","embeddable":true,"href":"https:\/\/www.ruiqigo.com\/pt\/wp-json\/wp\/v2\/products?post=666"}],"curies":[{"name":"wp","href":"https:\/\/api.w.org\/{rel}","templated":true}]}}