{"id":682,"date":"2024-07-25T16:21:43","date_gmt":"2024-07-25T08:21:43","guid":{"rendered":"https:\/\/ruiqigo.com\/?post_type=product&#038;p=682"},"modified":"2025-09-03T15:22:15","modified_gmt":"2025-09-03T07:22:15","slug":"baking-soda-mouthwash","status":"publish","type":"product","link":"https:\/\/www.ruiqigo.com\/pt\/product\/baking-soda-mouthwash","title":{"rendered":"Enxaguante bucal com bicarbonato de s\u00f3dio"},"content":{"rendered":"<h2 class=\"wp-block-heading\">F\u00f3rmulas comuns<\/h2>\n\n\n\n<p><strong>Bicarbonato de s\u00f3dio<\/strong>O bicarbonato de s\u00f3dio, ingrediente principal do enxaguante bucal com bicarbonato de s\u00f3dio, possui uma a\u00e7\u00e3o esfoliante suave que remove eficazmente manchas e placa bacteriana da superf\u00edcie dos dentes. O bicarbonato de s\u00f3dio tamb\u00e9m pode ajudar a neutralizar os \u00e1cidos orais e melhorar o ambiente bucal, o que ajuda a prevenir c\u00e1ries e doen\u00e7as periodontais. Al\u00e9m disso, o bicarbonato de s\u00f3dio \u00e9 inofensivo ao corpo humano e adequado para uso a longo prazo.<\/p>\n\n\n\n<h2 class=\"wp-block-heading\">Cen\u00e1rio aplic\u00e1vel<\/h2>\n\n\n\n<p>O enxaguante bucal com bicarbonato de s\u00f3dio \u00e9 adequado para uma variedade de cen\u00e1rios, especialmente nas seguintes ocasi\u00f5es: <\/p>\n\n\n\n<p>1. ap\u00f3s as refei\u00e7\u00f5es, para limpar eficazmente os restos de comida e proteger os dentes; <\/p>\n\n\n\n<p>2. depois de ficar acordado a noite toda fumando, para reduzir o gosto ruim da boca e cuidar da sa\u00fade dos dentes; <\/p>\n\n\n\n<p>3. em ocasi\u00f5es especiais, como casamentos, entrevistas, etc., para manter o h\u00e1lito fresco; <\/p>\n\n\n\n<p>4. ap\u00f3s o tratamento de doen\u00e7as bucais, para auxiliar na limpeza da cavidade oral.<\/p>\n\n\n\n<h2 class=\"wp-block-heading\">Popula\u00e7\u00e3o aplic\u00e1vel<\/h2>\n\n\n\n<p>O enxaguante bucal com bicarbonato de s\u00f3dio \u00e9 adequado para uma ampla variedade de pessoas, sendo especialmente recomendado para os seguintes consumidores: <\/p>\n\n\n\n<p>1. Pessoas com manchas na superf\u00edcie dos dentes, precisam ser gentis para remover as manchas; <\/p>\n\n\n\n<p>2. Pessoas com alta acidez na boca, precisam melhorar o ambiente oral; <\/p>\n\n\n\n<p>3. Pessoas idosas precisam ser gentis ao limpar os dentes para prevenir doen\u00e7as periodontais; <\/p>\n\n\n\n<p>4. crian\u00e7as e adolescentes, para desenvolver bons h\u00e1bitos de higiene bucal.<\/p>\n\n\n\n<h2 class=\"wp-block-heading\">Processo de produ\u00e7\u00e3o<\/h2>\n\n\n\n<p>Para garantir a qualidade do enxaguante bucal de bicarbonato de s\u00f3dio, adotamos o seguinte processo especial de produ\u00e7\u00e3o: <\/p>\n\n\n\n<p>1. triagem rigorosa de mat\u00e9rias-primas de bicarbonato de s\u00f3dio para garantir sua pureza e qualidade; <\/p>\n\n\n\n<p>2. controle preciso da quantidade de bicarbonato de s\u00f3dio adicionado para garantir que o produto seja suave e tenha efeito de descontamina\u00e7\u00e3o; <\/p>\n\n\n\n<p>3. o uso de tecnologia de mistura de baixa temperatura, a libera\u00e7\u00e3o total da atividade do bicarbonato de s\u00f3dio; <\/p>\n\n\n\n<p>4. envase ass\u00e9ptico para garantir que o produto seja seguro e higi\u00eanico; <\/p>\n\n\n\n<p>5. Controle de qualidade completo para garantir que cada frasco de enxaguante bucal com bicarbonato de s\u00f3dio seja seguro e higi\u00eanico. Controle de qualidade para garantir que cada frasco de enxaguante bucal com bicarbonato de s\u00f3dio atenda aos padr\u00f5es nacionais. <\/p>\n\n\n\n<p>Por meio do processo acima, oferecemos a voc\u00ea um produto de cuidado bucal confi\u00e1vel e de alta qualidade.<\/p>","protected":false},"excerpt":{"rendered":"Common Formulas Sodium bicarbonate, the core ingredient of Baking Soda Mouthwash, has a gentle scrubbing action that effectively removes stains and plaque from the surface of teeth. Sodium bicarbonate can also help neutralize oral acids and improve the oral environment, which helps prevent tooth decay and periodontal disease. In addition, sodium bicarbonate is harmless to [&hellip;]","protected":false},"featured_media":688,"menu_order":0,"template":"","meta":[],"product-tag":[201,206,207,208,211,212,216],"products":[72],"class_list":["post-682","product","type-product","status-publish","has-post-thumbnail","hentry","product-tag-mouthwash-manufacturer","product-tag-mouthwash-companies","product-tag-mouthwash-factory","product-tag-mouthwash-suppliers","product-tag-alkaline-mouthwash-manufacturer","product-tag-mouthwash-contract-manufacturer","product-tag-private-label-mouthwash-manufacturers","products-mouthwash"],"acf":[],"_links":{"self":[{"href":"https:\/\/www.ruiqigo.com\/pt\/wp-json\/wp\/v2\/product\/682","targetHints":{"allow":["GET"]}}],"collection":[{"href":"https:\/\/www.ruiqigo.com\/pt\/wp-json\/wp\/v2\/product"}],"about":[{"href":"https:\/\/www.ruiqigo.com\/pt\/wp-json\/wp\/v2\/types\/product"}],"version-history":[{"count":0,"href":"https:\/\/www.ruiqigo.com\/pt\/wp-json\/wp\/v2\/product\/682\/revisions"}],"wp:featuredmedia":[{"embeddable":true,"href":"https:\/\/www.ruiqigo.com\/pt\/wp-json\/wp\/v2\/media\/688"}],"wp:attachment":[{"href":"https:\/\/www.ruiqigo.com\/pt\/wp-json\/wp\/v2\/media?parent=682"}],"wp:term":[{"taxonomy":"product-tag","embeddable":true,"href":"https:\/\/www.ruiqigo.com\/pt\/wp-json\/wp\/v2\/product-tag?post=682"},{"taxonomy":"products","embeddable":true,"href":"https:\/\/www.ruiqigo.com\/pt\/wp-json\/wp\/v2\/products?post=682"}],"curies":[{"name":"wp","href":"https:\/\/api.w.org\/{rel}","templated":true}]}}