{"id":683,"date":"2024-07-25T16:08:00","date_gmt":"2024-07-25T08:08:00","guid":{"rendered":"https:\/\/ruiqigo.com\/?post_type=product&#038;p=683"},"modified":"2025-09-03T15:22:21","modified_gmt":"2025-09-03T07:22:21","slug":"antibiotic-mouthwash","status":"publish","type":"product","link":"https:\/\/www.ruiqigo.com\/pt\/product\/antibiotic-mouthwash","title":{"rendered":"Enxaguante bucal antibi\u00f3tico"},"content":{"rendered":"<h2 class=\"wp-block-heading\">F\u00f3rmulas comuns<\/h2>\n\n\n\n<p>Os principais ingredientes do enxaguat\u00f3rio bucal antibi\u00f3tico, <strong>\u00d3leo de R\u00edcino Hidrogenado PEG-40<\/strong>, <strong>\u00d3leo de hortel\u00e3-pimenta<\/strong> e <strong>Cloreto de didecildimetilam\u00f4nio<\/strong>, s\u00e3o agentes antimicrobianos de amplo espectro que podem inibir eficazmente o crescimento de bact\u00e9rias na cavidade oral e prevenir doen\u00e7as bucais. O \u00f3leo de r\u00edcino hidrogenado PEG-40 e o \u00f3leo de hortel\u00e3-pimenta t\u00eam um efeito desinfetante suave, que pode remover eficazmente os maus odores e melhorar o ambiente da cavidade oral. O cloreto de didecildimetilam\u00f4nio \u00e9 inofensivo ao corpo humano e adequado para uso a longo prazo.<\/p>\n\n\n\n<h2 class=\"wp-block-heading\">Cen\u00e1rios aplic\u00e1veis<\/h2>\n\n\n\n<p>O enxaguante bucal antibi\u00f3tico \u00e9 adequado para uma variedade de cen\u00e1rios, especialmente nas seguintes ocasi\u00f5es: <\/p>\n\n\n\n<p>1. use ap\u00f3s as refei\u00e7\u00f5es para limpar eficazmente os restos de comida e manter o h\u00e1lito fresco; <\/p>\n\n\n\n<p>2. depois de ficar acordado a noite toda fumando, para reduzir o gosto ruim da boca e cuidar da sa\u00fade dos dentes; <\/p>\n\n\n\n<p>3. em ocasi\u00f5es especiais, como casamentos, entrevistas, etc., para manter o h\u00e1lito fresco; <\/p>\n\n\n\n<p>4. ap\u00f3s o tratamento de doen\u00e7as bucais, para auxiliar na limpeza da cavidade oral.<\/p>\n\n\n\n<h2 class=\"wp-block-heading\">Para quem \u00e9 indicado o enxaguante bucal com antibi\u00f3ticos?<\/h2>\n\n\n\n<p>O enxaguante bucal antibi\u00f3tico \u00e9 adequado para uma ampla variedade de pessoas, sendo especialmente recomendado para os seguintes consumidores: <\/p>\n\n\n\n<p>1. Pessoas incomodadas com o odor bucal, como fumantes, costumam ficar acordadas at\u00e9 tarde; <\/p>\n\n\n\n<p>2. pessoas com dentes sens\u00edveis, necessidade de uma limpeza suave da multid\u00e3o; <\/p>\n\n\n\n<p>3. Pacientes diab\u00e9ticos, devido ao alto risco de doen\u00e7a periodontal, precisam dar aten\u00e7\u00e3o especial aos cuidados com a sa\u00fade bucal; <\/p>\n\n\n\n<p>4. Gostaria de experimentar um novo tipo de produto para a sa\u00fade bucal que os consumidores possam aproveitar! O enxaguante bucal antibi\u00f3tico traz benef\u00edcios \u00e0 sa\u00fade bucal.<\/p>\n\n\n\n<h2 class=\"wp-block-heading\">Processo de produ\u00e7\u00e3o<\/h2>\n\n\n\n<p>Para garantir a qualidade do enxaguante bucal antibi\u00f3tico, adotamos o seguinte processo especial de produ\u00e7\u00e3o: <\/p>\n\n\n\n<p>1. Selecionar rigorosamente as mat\u00e9rias-primas do \u00f3leo de r\u00edcino hidrogenado PEG-40, \u00f3leo de hortel\u00e3-pimenta e cloreto de didecildimetilam\u00f4nio, para garantir sua pureza e qualidade; <\/p>\n\n\n\n<p>2. Controle preciso da quantidade de mat\u00e9ria-prima adicionada, para garantir que o produto seja seguro e eficaz; <\/p>\n\n\n\n<p>3. Ado\u00e7\u00e3o de tecnologia de mistura de baixa temperatura, para liberar a atividade das mat\u00e9rias-primas ao m\u00e1ximo; <\/p>\n\n\n\n<p>4. Envase ass\u00e9ptico, para garantir que o produto seja seguro e higi\u00eanico;<\/p>\n\n\n\n<p>5. Controle de qualidade completo para garantir que cada frasco de enxaguante bucal antibi\u00f3tico atenda aos padr\u00f5es nacionais. Atrav\u00e9s do processo acima, oferecemos a voc\u00ea um produto de higiene bucal confi\u00e1vel e de alta qualidade.<\/p>","protected":false},"excerpt":{"rendered":"Common Formulas The core ingredients of Antibiotic Mouthwash, PEG-40 Hydrogenated Castor Oil, Peppermint Oil and Didecyldimethylammonium Chloride, are broad-spectrum antimicrobial agents that can effectively inhibit the growth of bacteria in the oral cavity and prevent oral diseases. PEG-40 Hydrogenated Castor Oil and Peppermint Oil have a mild disinfectant effect, which can effectively remove bad odors [&hellip;]","protected":false},"featured_media":684,"menu_order":0,"template":"","meta":[],"product-tag":[201,206,207,208,212,213,214],"products":[72],"class_list":["post-683","product","type-product","status-publish","has-post-thumbnail","hentry","product-tag-mouthwash-manufacturer","product-tag-mouthwash-companies","product-tag-mouthwash-factory","product-tag-mouthwash-suppliers","product-tag-mouthwash-contract-manufacturer","product-tag-antiseptic-mouthwashes-manufacturer","product-tag-mouthwash-manufacturers-usa","products-mouthwash"],"acf":[],"_links":{"self":[{"href":"https:\/\/www.ruiqigo.com\/pt\/wp-json\/wp\/v2\/product\/683","targetHints":{"allow":["GET"]}}],"collection":[{"href":"https:\/\/www.ruiqigo.com\/pt\/wp-json\/wp\/v2\/product"}],"about":[{"href":"https:\/\/www.ruiqigo.com\/pt\/wp-json\/wp\/v2\/types\/product"}],"version-history":[{"count":0,"href":"https:\/\/www.ruiqigo.com\/pt\/wp-json\/wp\/v2\/product\/683\/revisions"}],"wp:featuredmedia":[{"embeddable":true,"href":"https:\/\/www.ruiqigo.com\/pt\/wp-json\/wp\/v2\/media\/684"}],"wp:attachment":[{"href":"https:\/\/www.ruiqigo.com\/pt\/wp-json\/wp\/v2\/media?parent=683"}],"wp:term":[{"taxonomy":"product-tag","embeddable":true,"href":"https:\/\/www.ruiqigo.com\/pt\/wp-json\/wp\/v2\/product-tag?post=683"},{"taxonomy":"products","embeddable":true,"href":"https:\/\/www.ruiqigo.com\/pt\/wp-json\/wp\/v2\/products?post=683"}],"curies":[{"name":"wp","href":"https:\/\/api.w.org\/{rel}","templated":true}]}}