{"id":693,"date":"2024-07-25T17:01:57","date_gmt":"2024-07-25T09:01:57","guid":{"rendered":"https:\/\/ruiqigo.com\/?post_type=product&#038;p=693"},"modified":"2024-11-01T14:20:14","modified_gmt":"2024-11-01T06:20:14","slug":"cinnamon-breath-spray","status":"publish","type":"product","link":"https:\/\/www.ruiqigo.com\/pt\/product\/cinnamon-breath-spray","title":{"rendered":"Spray para h\u00e1lito de canela"},"content":{"rendered":"<h2 class=\"wp-block-heading\">F\u00f3rmulas comuns de fabrica\u00e7\u00e3o de spray de canela para h\u00e1lito<\/h2>\n\n\n\n<p>Os principais ingredientes do Spray de Canela para H\u00e1lito, incluindo \u00f3leo de folha de Melaleuca alternifolia, extrato de folha de ch\u00e1, \u00f3leo de mirra e \u00f3leo de canela, possuem um aroma \u00fanico e refrescante. Esses ingredientes podem inibir eficazmente o crescimento de bact\u00e9rias na boca e prevenir doen\u00e7as bucais. O extrato de folha de ch\u00e1, rico em antioxidantes, pode remover eficazmente os odores orais, enquanto o \u00f3leo de mirra e o \u00f3leo de canela t\u00eam fortes efeitos antibacterianos, ajudando a melhorar o ambiente bucal.<\/p>\n\n\n\n<h2 class=\"wp-block-heading\">Cen\u00e1rios aplic\u00e1veis do spray de h\u00e1lito de canela<\/h2>\n\n\n\n<p>O spray de canela para h\u00e1lito pode ser usado em diversas situa\u00e7\u00f5es, especialmente nas seguintes ocasi\u00f5es: <\/p>\n\n\n\n<p>1. ap\u00f3s as refei\u00e7\u00f5es, para limpar eficazmente os restos de comida e manter o h\u00e1lito fresco; <\/p>\n\n\n\n<p>2. depois de ficar acordado a noite toda fumando, para reduzir o odor da boca e cuidar da sa\u00fade dos dentes; <\/p>\n\n\n\n<p>3. em ocasi\u00f5es especiais, como casamentos, entrevistas, etc., para manter o h\u00e1lito fresco; <\/p>\n\n\n\n<p>4. ap\u00f3s o tratamento de doen\u00e7as bucais, para auxiliar na limpeza da cavidade oral.<\/p>\n\n\n\n<h2 class=\"wp-block-heading\">Para quem \u00e9 indicado o spray de canela para h\u00e1lito?<\/h2>\n\n\n\n<p>O spray de canela para h\u00e1lito \u00e9 adequado para uma ampla gama de pessoas, sendo especialmente recomendado para os seguintes consumidores: <\/p>\n\n\n\n<p>1. pessoas que se incomodam com o odor bucal, como fumantes, pessoas que costumam ficar acordadas at\u00e9 tarde da noite; <\/p>\n\n\n\n<p>2. pessoas que t\u00eam dentes sens\u00edveis e precisam de uma limpeza suave; <\/p>\n\n\n\n<p>3. pacientes diab\u00e9ticos que apresentam alto risco de doen\u00e7a periodontal e precisam de aten\u00e7\u00e3o especial aos cuidados bucais; <\/p>\n\n\n\n<p>4. Consumidores que gostam de experimentar novos produtos de higiene bucal e aproveitar os benef\u00edcios do Spray de Canela para o H\u00e1lito. O Spray de Canela para o H\u00e1lito traz sa\u00fade bucal.<\/p>\n\n\n\n<h2 class=\"wp-block-heading\">Processo de produ\u00e7\u00e3o do spray Cinnamon Breath<\/h2>\n\n\n\n<p>Como fabricantes profissionais de spray para h\u00e1lito de canela, adotamos o seguinte processo especial de produ\u00e7\u00e3o: <\/p>\n\n\n\n<p>1. Examine rigorosamente as mat\u00e9rias-primas do \u00f3leo de folha de Melaleuca alternifolia, extrato de folha de ch\u00e1, \u00f3leo de mirra e \u00f3leo de canela para garantir sua pureza e qualidade; <\/p>\n\n\n\n<p>2. Controlar com precis\u00e3o a quantidade de mat\u00e9rias-primas adicionadas para garantir que o produto seja seguro e eficaz; <\/p>\n\n\n\n<p>3. Ado\u00e7\u00e3o de tecnologia de mistura de baixa temperatura para liberar totalmente a atividade das mat\u00e9rias-primas; <\/p>\n\n\n\n<p>4. Envase ass\u00e9ptico para garantir que o produto seja seguro e higi\u00eanico;  <\/p>\n\n\n\n<p>5. Controle de qualidade total para garantir que cada frasco de Cinnamon Breath Spray atenda aos padr\u00f5es nacionais. <\/p>\n\n\n\n<p>Por meio do processo acima, como um fabricante confi\u00e1vel do spray Cinnamon Breath, oferecemos a voc\u00ea um produto de cuidado bucal confi\u00e1vel e de alta qualidade.<\/p>","protected":false},"excerpt":{"rendered":"Cinnamon Breath spray manufacturing common formulas The core ingredients of Cinnamon Breath Spray, including Melaleuca alternifolia leaf oil, tea leaf extract, myrrh oil and cinnamon oil, have a unique and refreshing aroma. These ingredients can effectively inhibit the growth of bacteria in the mouth and prevent oral diseases. Tea leaf extract, which is rich in [&hellip;]","protected":false},"featured_media":694,"menu_order":0,"template":"","meta":[],"product-tag":[],"products":[73],"class_list":["post-693","product","type-product","status-publish","has-post-thumbnail","hentry","products-breath-spray"],"acf":[],"_links":{"self":[{"href":"https:\/\/www.ruiqigo.com\/pt\/wp-json\/wp\/v2\/product\/693","targetHints":{"allow":["GET"]}}],"collection":[{"href":"https:\/\/www.ruiqigo.com\/pt\/wp-json\/wp\/v2\/product"}],"about":[{"href":"https:\/\/www.ruiqigo.com\/pt\/wp-json\/wp\/v2\/types\/product"}],"version-history":[{"count":0,"href":"https:\/\/www.ruiqigo.com\/pt\/wp-json\/wp\/v2\/product\/693\/revisions"}],"wp:featuredmedia":[{"embeddable":true,"href":"https:\/\/www.ruiqigo.com\/pt\/wp-json\/wp\/v2\/media\/694"}],"wp:attachment":[{"href":"https:\/\/www.ruiqigo.com\/pt\/wp-json\/wp\/v2\/media?parent=693"}],"wp:term":[{"taxonomy":"product-tag","embeddable":true,"href":"https:\/\/www.ruiqigo.com\/pt\/wp-json\/wp\/v2\/product-tag?post=693"},{"taxonomy":"products","embeddable":true,"href":"https:\/\/www.ruiqigo.com\/pt\/wp-json\/wp\/v2\/products?post=693"}],"curies":[{"name":"wp","href":"https:\/\/api.w.org\/{rel}","templated":true}]}}