{"id":3187,"date":"2025-04-23T16:24:34","date_gmt":"2025-04-23T08:24:34","guid":{"rendered":"https:\/\/www.ruiqigo.com\/?page_id=3187"},"modified":"2025-06-28T17:20:43","modified_gmt":"2025-06-28T09:20:43","slug":"videos","status":"publish","type":"page","link":"https:\/\/www.ruiqigo.com\/pt_pt\/videos","title":{"rendered":"V\u00eddeos"},"content":{"rendered":"<div data-elementor-type=\"wp-page\" data-elementor-id=\"3187\" class=\"elementor elementor-3187\" data-elementor-post-type=\"page\">\n\t\t\t\t<div class=\"elementor-element elementor-element-79743793 e-flex e-con-boxed e-con e-parent\" data-id=\"79743793\" data-element_type=\"container\" data-e-type=\"container\">\n\t\t\t\t\t<div class=\"e-con-inner\">\n\t\t\t\t<div class=\"elementor-element elementor-element-beddaac e-n-tabs-mobile elementor-widget elementor-widget-n-tabs\" data-id=\"beddaac\" data-element_type=\"widget\" data-e-type=\"widget\" data-settings=\"{&quot;horizontal_scroll&quot;:&quot;disable&quot;}\" data-widget_type=\"nested-tabs.default\">\n\t\t\t\t<div class=\"elementor-widget-container\">\n\t\t\t\t\t\t\t<div class=\"e-n-tabs\" data-widget-number=\"200137388\" aria-label=\"Guias. Abra os itens com Enter ou Espa\u00e7o, feche com Escape e navegue usando as teclas de seta.\">\n\t\t\t<div class=\"e-n-tabs-heading\" role=\"tablist\">\n\t\t\t\t\t<button id=\"e-n-tab-title-2001373881\" data-tab-title-id=\"e-n-tab-title-2001373881\" class=\"e-n-tab-title\" aria-selected=\"true\" data-tab-index=\"1\" role=\"tab\" tabindex=\"0\" aria-controls=\"e-n-tab-content-2001373881\" style=\"--n-tabs-title-order: 1;\">\n\t\t\t\t\t\t<span class=\"e-n-tab-title-text\">\n\t\t\t\tOficina\t\t\t<\/span>\n\t\t<\/button>\n\t\t\t\t<button id=\"e-n-tab-title-2001373882\" data-tab-title-id=\"e-n-tab-title-2001373882\" class=\"e-n-tab-title\" aria-selected=\"false\" data-tab-index=\"2\" role=\"tab\" tabindex=\"-1\" aria-controls=\"e-n-tab-content-2001373882\" style=\"--n-tabs-title-order: 2;\">\n\t\t\t\t\t\t<span class=\"e-n-tab-title-text\">\n\t\t\t\tProdutos Quentes\t\t\t<\/span>\n\t\t<\/button>\n\t\t\t\t\t<\/div>\n\t\t\t<div class=\"e-n-tabs-content\">\n\t\t\t\t<div id=\"e-n-tab-content-2001373881\" role=\"tabpanel\" aria-labelledby=\"e-n-tab-title-2001373881\" data-tab-index=\"1\" style=\"--n-tabs-title-order: 1;\" class=\"e-active elementor-element elementor-element-d7b0524 e-con-full e-flex e-con e-child\" data-id=\"d7b0524\" data-element_type=\"container\" data-e-type=\"container\">\n\t\t\t\t<div class=\"elementor-element elementor-element-1845b72 elementor-grid-3 elementor-grid-tablet-2 elementor-grid-mobile-1 elementor-posts--thumbnail-top elementor-widget elementor-widget-posts\" data-id=\"1845b72\" data-element_type=\"widget\" data-e-type=\"widget\" data-settings=\"{&quot;pagination_type&quot;:&quot;numbers&quot;,&quot;classic_row_gap&quot;:{&quot;unit&quot;:&quot;px&quot;,&quot;size&quot;:36,&quot;sizes&quot;:[]},&quot;classic_columns&quot;:&quot;3&quot;,&quot;classic_columns_tablet&quot;:&quot;2&quot;,&quot;classic_columns_mobile&quot;:&quot;1&quot;,&quot;classic_row_gap_tablet&quot;:{&quot;unit&quot;:&quot;px&quot;,&quot;size&quot;:&quot;&quot;,&quot;sizes&quot;:[]},&quot;classic_row_gap_mobile&quot;:{&quot;unit&quot;:&quot;px&quot;,&quot;size&quot;:&quot;&quot;,&quot;sizes&quot;:[]}}\" data-widget_type=\"posts.classic\">\n\t\t\t\t<div class=\"elementor-widget-container\">\n\t\t\t\t\t\t\t<div class=\"elementor-posts-container elementor-posts elementor-posts--skin-classic elementor-grid\" role=\"list\">\n\t\t\t\t<article class=\"elementor-post elementor-grid-item post-3428 video type-video status-publish has-post-thumbnail hentry video-category-workshop\" role=\"listitem\">\n\t\t\t\t<a class=\"elementor-post__thumbnail__link\" href=\"https:\/\/www.ruiqigo.com\/pt_pt\/video\/automated-packaging-film-line-from-raw-material-to-roll-film\" tabindex=\"-1\" target=\"&quot;_blank&quot;\">\n\t\t\t<div class=\"elementor-post__thumbnail\"><img fetchpriority=\"high\" decoding=\"async\" width=\"1040\" height=\"1040\" src=\"https:\/\/www.ruiqigo.com\/wp-content\/uploads\/2025\/05\/image-11.webp\" class=\"attachment-full size-full wp-image-3430\" alt=\"produ\u00e7\u00e3o de filmes de embalagem\" srcset=\"https:\/\/www.ruiqigo.com\/wp-content\/uploads\/2025\/05\/image-11.webp 1040w, https:\/\/www.ruiqigo.com\/wp-content\/uploads\/2025\/05\/image-11-150x150.webp 150w, https:\/\/www.ruiqigo.com\/wp-content\/uploads\/2025\/05\/image-11-768x768.webp 768w, https:\/\/www.ruiqigo.com\/wp-content\/uploads\/2025\/05\/image-11-12x12.webp 12w\" sizes=\"(max-width: 1040px) 100vw, 1040px\" \/><\/div>\n\t\t<\/a>\n\t\t\t\t<div class=\"elementor-post__text\">\n\t\t\t\t<h2 class=\"elementor-post__title\">\n\t\t\t<a href=\"https:\/\/www.ruiqigo.com\/pt_pt\/video\/automated-packaging-film-line-from-raw-material-to-roll-film\" target=\"&quot;_blank&quot;\">\n\t\t\t\tLinha automatizada de embalagem de filme \u2014 da mat\u00e9ria-prima ao filme em rolo\t\t\t<\/a>\n\t\t<\/h2>\n\t\t\t\t<\/div>\n\t\t\t\t<\/article>\n\t\t\t\t<article class=\"elementor-post elementor-grid-item post-3407 video type-video status-publish has-post-thumbnail hentry video-category-workshop\" role=\"listitem\">\n\t\t\t\t<a class=\"elementor-post__thumbnail__link\" href=\"https:\/\/www.ruiqigo.com\/pt_pt\/video\/factory-to-container-efficient-export-operations\" tabindex=\"-1\" target=\"&quot;_blank&quot;\">\n\t\t\t<div class=\"elementor-post__thumbnail\"><img decoding=\"async\" width=\"1441\" height=\"415\" src=\"https:\/\/www.ruiqigo.com\/wp-content\/uploads\/2025\/05\/image.webp\" class=\"attachment-full size-full wp-image-3410\" alt=\"embalagens de produtos para exporta\u00e7\u00e3o\" srcset=\"https:\/\/www.ruiqigo.com\/wp-content\/uploads\/2025\/05\/image.webp 1441w, https:\/\/www.ruiqigo.com\/wp-content\/uploads\/2025\/05\/image-768x221.webp 768w, https:\/\/www.ruiqigo.com\/wp-content\/uploads\/2025\/05\/image-18x5.webp 18w\" sizes=\"(max-width: 1441px) 100vw, 1441px\" \/><\/div>\n\t\t<\/a>\n\t\t\t\t<div class=\"elementor-post__text\">\n\t\t\t\t<h2 class=\"elementor-post__title\">\n\t\t\t<a href=\"https:\/\/www.ruiqigo.com\/pt_pt\/video\/factory-to-container-efficient-export-operations\" target=\"&quot;_blank&quot;\">\n\t\t\t\tDa f\u00e1brica ao cont\u00eainer: opera\u00e7\u00f5es de exporta\u00e7\u00e3o eficientes\t\t\t<\/a>\n\t\t<\/h2>\n\t\t\t\t<\/div>\n\t\t\t\t<\/article>\n\t\t\t\t<article class=\"elementor-post elementor-grid-item post-3203 video type-video status-publish has-post-thumbnail hentry video-category-workshop\" role=\"listitem\">\n\t\t\t\t<a class=\"elementor-post__thumbnail__link\" href=\"https:\/\/www.ruiqigo.com\/pt_pt\/video\/do-you-know-what-a-mouthwash-factory-looks-like\" tabindex=\"-1\" target=\"&quot;_blank&quot;\">\n\t\t\t<div class=\"elementor-post__thumbnail\"><img decoding=\"async\" width=\"996\" height=\"560\" src=\"https:\/\/www.ruiqigo.com\/wp-content\/uploads\/2025\/04\/1.webp\" class=\"attachment-full size-full wp-image-3257\" alt=\"Capa do v\u00eddeo 1\" srcset=\"https:\/\/www.ruiqigo.com\/wp-content\/uploads\/2025\/04\/1.webp 996w, https:\/\/www.ruiqigo.com\/wp-content\/uploads\/2025\/04\/1-768x432.webp 768w\" sizes=\"(max-width: 996px) 100vw, 996px\" \/><\/div>\n\t\t<\/a>\n\t\t\t\t<div class=\"elementor-post__text\">\n\t\t\t\t<h2 class=\"elementor-post__title\">\n\t\t\t<a href=\"https:\/\/www.ruiqigo.com\/pt_pt\/video\/do-you-know-what-a-mouthwash-factory-looks-like\" target=\"&quot;_blank&quot;\">\n\t\t\t\tVoc\u00ea sabe como \u00e9 uma f\u00e1brica de enxaguantes bucais?\t\t\t<\/a>\n\t\t<\/h2>\n\t\t\t\t<\/div>\n\t\t\t\t<\/article>\n\t\t\t\t<article class=\"elementor-post elementor-grid-item post-3201 video type-video status-publish has-post-thumbnail hentry video-category-workshop\" role=\"listitem\">\n\t\t\t\t<a class=\"elementor-post__thumbnail__link\" href=\"https:\/\/www.ruiqigo.com\/pt_pt\/video\/directly-hit-the-source-factory-of-body-lotion\" tabindex=\"-1\" target=\"&quot;_blank&quot;\">\n\t\t\t<div class=\"elementor-post__thumbnail\"><img loading=\"lazy\" decoding=\"async\" width=\"996\" height=\"560\" src=\"https:\/\/www.ruiqigo.com\/wp-content\/uploads\/2025\/04\/2.jpg\" class=\"attachment-full size-full wp-image-3258\" alt=\"Capa do v\u00eddeo 2\" srcset=\"https:\/\/www.ruiqigo.com\/wp-content\/uploads\/2025\/04\/2.jpg 996w, https:\/\/www.ruiqigo.com\/wp-content\/uploads\/2025\/04\/2-768x432.jpg 768w\" sizes=\"(max-width: 996px) 100vw, 996px\" \/><\/div>\n\t\t<\/a>\n\t\t\t\t<div class=\"elementor-post__text\">\n\t\t\t\t<h2 class=\"elementor-post__title\">\n\t\t\t<a href=\"https:\/\/www.ruiqigo.com\/pt_pt\/video\/directly-hit-the-source-factory-of-body-lotion\" target=\"&quot;_blank&quot;\">\n\t\t\t\tV\u00e1 direto \u00e0 f\u00e1brica de lo\u00e7\u00e3o corporal\t\t\t<\/a>\n\t\t<\/h2>\n\t\t\t\t<\/div>\n\t\t\t\t<\/article>\n\t\t\t\t<article class=\"elementor-post elementor-grid-item post-3199 video type-video status-publish has-post-thumbnail hentry video-category-workshop\" role=\"listitem\">\n\t\t\t\t<a class=\"elementor-post__thumbnail__link\" href=\"https:\/\/www.ruiqigo.com\/pt_pt\/video\/reveal-the-daily-life-of-the-mouthwash-factory\" tabindex=\"-1\" target=\"&quot;_blank&quot;\">\n\t\t\t<div class=\"elementor-post__thumbnail\"><img loading=\"lazy\" decoding=\"async\" width=\"996\" height=\"560\" src=\"https:\/\/www.ruiqigo.com\/wp-content\/uploads\/2025\/04\/\u5c01\u9762\u56fe.webp\" class=\"attachment-full size-full wp-image-3992\" alt=\"enxaguante bucal\" sizes=\"(max-width: 996px) 100vw, 996px\" \/><\/div>\n\t\t<\/a>\n\t\t\t\t<div class=\"elementor-post__text\">\n\t\t\t\t<h2 class=\"elementor-post__title\">\n\t\t\t<a href=\"https:\/\/www.ruiqigo.com\/pt_pt\/video\/reveal-the-daily-life-of-the-mouthwash-factory\" target=\"&quot;_blank&quot;\">\n\t\t\t\tFotos reais revelam para voc\u00ea o dia a dia da f\u00e1brica de enxaguantes bucais\t\t\t<\/a>\n\t\t<\/h2>\n\t\t\t\t<\/div>\n\t\t\t\t<\/article>\n\t\t\t\t<article class=\"elementor-post elementor-grid-item post-3197 video type-video status-publish has-post-thumbnail hentry video-category-workshop\" role=\"listitem\">\n\t\t\t\t<a class=\"elementor-post__thumbnail__link\" href=\"https:\/\/www.ruiqigo.com\/pt_pt\/video\/immerse-yourself-in-the-hand-cream-production-line\" tabindex=\"-1\" target=\"&quot;_blank&quot;\">\n\t\t\t<div class=\"elementor-post__thumbnail\"><img loading=\"lazy\" decoding=\"async\" width=\"1920\" height=\"1080\" src=\"https:\/\/www.ruiqigo.com\/wp-content\/uploads\/2025\/04\/test.jpg\" class=\"attachment-full size-full wp-image-3980\" alt=\"linha de produ\u00e7\u00e3o de creme para as m\u00e3os\" srcset=\"https:\/\/www.ruiqigo.com\/wp-content\/uploads\/2025\/04\/test.jpg 1920w, https:\/\/www.ruiqigo.com\/wp-content\/uploads\/2025\/04\/test-768x432.jpg 768w, https:\/\/www.ruiqigo.com\/wp-content\/uploads\/2025\/04\/test-1536x864.jpg 1536w, https:\/\/www.ruiqigo.com\/wp-content\/uploads\/2025\/04\/test-18x10.jpg 18w\" sizes=\"(max-width: 1920px) 100vw, 1920px\" \/><\/div>\n\t\t<\/a>\n\t\t\t\t<div class=\"elementor-post__text\">\n\t\t\t\t<h2 class=\"elementor-post__title\">\n\t\t\t<a href=\"https:\/\/www.ruiqigo.com\/pt_pt\/video\/immerse-yourself-in-the-hand-cream-production-line\" target=\"&quot;_blank&quot;\">\n\t\t\t\tMergulhe na linha de produ\u00e7\u00e3o de creme para as m\u00e3os\t\t\t<\/a>\n\t\t<\/h2>\n\t\t\t\t<\/div>\n\t\t\t\t<\/article>\n\t\t\t\t<\/div>\n\t\t\n\t\t\t\t<div class=\"e-load-more-anchor\" data-page=\"1\" data-max-page=\"2\" data-next-page=\"https:\/\/www.ruiqigo.com\/pt_pt\/wp-json\/wp\/v2\/pages\/3187\/page\/2\"><\/div>\n\t\t\t\t<nav class=\"elementor-pagination\" aria-label=\"Pagination\">\n\t\t\t<span aria-current=\"page\" class=\"page-numbers current\"><span class=\"elementor-screen-only\">P\u00e1gina<\/span>1<\/span>\n<a class=\"page-numbers\" href=\"https:\/\/www.ruiqigo.com\/pt_pt\/wp-json\/wp\/v2\/pages\/3187\/page\/2\"><span class=\"elementor-screen-only\">P\u00e1gina<\/span>2<\/a>\t\t<\/nav>\n\t\t\t\t\t\t<\/div>\n\t\t\t\t<\/div>\n\t\t\t\t<\/div>\n\t\t<div id=\"e-n-tab-content-2001373882\" role=\"tabpanel\" aria-labelledby=\"e-n-tab-title-2001373882\" data-tab-index=\"2\" style=\"--n-tabs-title-order: 2;\" class=\"elementor-element elementor-element-792f6b6 e-con-full e-flex e-con e-child\" data-id=\"792f6b6\" data-element_type=\"container\" data-e-type=\"container\">\n\t\t\t\t<div class=\"elementor-element elementor-element-0f5722f elementor-grid-3 elementor-grid-tablet-2 elementor-grid-mobile-1 elementor-posts--thumbnail-top elementor-widget elementor-widget-posts\" data-id=\"0f5722f\" data-element_type=\"widget\" data-e-type=\"widget\" data-settings=\"{&quot;classic_columns&quot;:&quot;3&quot;,&quot;classic_columns_tablet&quot;:&quot;2&quot;,&quot;classic_columns_mobile&quot;:&quot;1&quot;,&quot;classic_row_gap&quot;:{&quot;unit&quot;:&quot;px&quot;,&quot;size&quot;:35,&quot;sizes&quot;:[]},&quot;classic_row_gap_tablet&quot;:{&quot;unit&quot;:&quot;px&quot;,&quot;size&quot;:&quot;&quot;,&quot;sizes&quot;:[]},&quot;classic_row_gap_mobile&quot;:{&quot;unit&quot;:&quot;px&quot;,&quot;size&quot;:&quot;&quot;,&quot;sizes&quot;:[]}}\" data-widget_type=\"posts.classic\">\n\t\t\t\t<div class=\"elementor-widget-container\">\n\t\t\t\t\t\t\t<div class=\"elementor-posts-container elementor-posts elementor-posts--skin-classic elementor-grid\" role=\"list\">\n\t\t\t\t<article class=\"elementor-post elementor-grid-item post-3779 video type-video status-publish has-post-thumbnail hentry video-category-hot-products\" role=\"listitem\">\n\t\t\t\t<a class=\"elementor-post__thumbnail__link\" href=\"https:\/\/www.ruiqigo.com\/pt_pt\/video\/wont-buy-mouthwash-again-after-seeing-this\" tabindex=\"-1\" >\n\t\t\t<div class=\"elementor-post__thumbnail\"><img loading=\"lazy\" decoding=\"async\" width=\"600\" height=\"400\" src=\"https:\/\/www.ruiqigo.com\/wp-content\/uploads\/2024\/10\/Mouthwash-manufacturer-tells-you-about-the-safety-of-mouthwash.jpg\" class=\"attachment-full size-full wp-image-1711\" alt=\"Enxaguante bucal\" \/><\/div>\n\t\t<\/a>\n\t\t\t\t<div class=\"elementor-post__text\">\n\t\t\t\t<h2 class=\"elementor-post__title\">\n\t\t\t<a href=\"https:\/\/www.ruiqigo.com\/pt_pt\/video\/wont-buy-mouthwash-again-after-seeing-this\" >\n\t\t\t\tVoc\u00ea nunca mais comprar\u00e1 enxaguante bucal depois de ver isso\t\t\t<\/a>\n\t\t<\/h2>\n\t\t\t\t<div class=\"elementor-post__excerpt\">\n\t\t\t\t\t<\/div>\n\t\t\t\t<\/div>\n\t\t\t\t<\/article>\n\t\t\t\t<article class=\"elementor-post elementor-grid-item post-3794 video type-video status-publish has-post-thumbnail hentry video-category-hot-products\" role=\"listitem\">\n\t\t\t\t<a class=\"elementor-post__thumbnail__link\" href=\"https:\/\/www.ruiqigo.com\/pt_pt\/video\/my-honest-review-this-long-handle-bathbrush\" tabindex=\"-1\" >\n\t\t\t<div class=\"elementor-post__thumbnail\"><img loading=\"lazy\" decoding=\"async\" width=\"800\" height=\"800\" src=\"https:\/\/www.ruiqigo.com\/wp-content\/uploads\/2025\/05\/Long-Handle-Bath-Brush2.jpg\" class=\"attachment-full size-full wp-image-3495\" alt=\"Escova de banho com cabo longo2\" srcset=\"https:\/\/www.ruiqigo.com\/wp-content\/uploads\/2025\/05\/Long-Handle-Bath-Brush2.jpg 800w, https:\/\/www.ruiqigo.com\/wp-content\/uploads\/2025\/05\/Long-Handle-Bath-Brush2-150x150.jpg 150w, https:\/\/www.ruiqigo.com\/wp-content\/uploads\/2025\/05\/Long-Handle-Bath-Brush2-768x768.jpg 768w, https:\/\/www.ruiqigo.com\/wp-content\/uploads\/2025\/05\/Long-Handle-Bath-Brush2-12x12.jpg 12w\" sizes=\"(max-width: 800px) 100vw, 800px\" \/><\/div>\n\t\t<\/a>\n\t\t\t\t<div class=\"elementor-post__text\">\n\t\t\t\t<h2 class=\"elementor-post__title\">\n\t\t\t<a href=\"https:\/\/www.ruiqigo.com\/pt_pt\/video\/my-honest-review-this-long-handle-bathbrush\" >\n\t\t\t\tMinha an\u00e1lise honesta \u2013 Esta escova de banho com cabo longo realmente funciona\t\t\t<\/a>\n\t\t<\/h2>\n\t\t\t\t<div class=\"elementor-post__excerpt\">\n\t\t\t\t\t<\/div>\n\t\t\t\t<\/div>\n\t\t\t\t<\/article>\n\t\t\t\t<article class=\"elementor-post elementor-grid-item post-3722 video type-video status-publish has-post-thumbnail hentry video-category-hot-products\" role=\"listitem\">\n\t\t\t\t<a class=\"elementor-post__thumbnail__link\" href=\"https:\/\/www.ruiqigo.com\/pt_pt\/video\/building-a-massage-oil-brand-in-3-steps\" tabindex=\"-1\" >\n\t\t\t<div class=\"elementor-post__thumbnail\"><img loading=\"lazy\" decoding=\"async\" width=\"601\" height=\"658\" src=\"https:\/\/www.ruiqigo.com\/wp-content\/uploads\/2025\/06\/11.webp\" class=\"attachment-full size-full wp-image-3725\" alt=\"Linha de produ\u00e7\u00e3o de \u00f3leo de massagem\" srcset=\"https:\/\/www.ruiqigo.com\/wp-content\/uploads\/2025\/06\/11.webp 601w, https:\/\/www.ruiqigo.com\/wp-content\/uploads\/2025\/06\/11-11x12.webp 11w\" sizes=\"(max-width: 601px) 100vw, 601px\" \/><\/div>\n\t\t<\/a>\n\t\t\t\t<div class=\"elementor-post__text\">\n\t\t\t\t<h2 class=\"elementor-post__title\">\n\t\t\t<a href=\"https:\/\/www.ruiqigo.com\/pt_pt\/video\/building-a-massage-oil-brand-in-3-steps\" >\n\t\t\t\tConstruindo uma marca de \u00f3leo de massagem em 3 etapas \u2013 \u00e9 mais f\u00e1cil do que voc\u00ea pensa\t\t\t<\/a>\n\t\t<\/h2>\n\t\t\t\t<div class=\"elementor-post__excerpt\">\n\t\t\t\t\t<\/div>\n\t\t\t\t<\/div>\n\t\t\t\t<\/article>\n\t\t\t\t<article class=\"elementor-post elementor-grid-item post-3726 video type-video status-publish has-post-thumbnail hentry video-category-hot-products\" role=\"listitem\">\n\t\t\t\t<a class=\"elementor-post__thumbnail__link\" href=\"https:\/\/www.ruiqigo.com\/pt_pt\/video\/tired-of-bacne-try-salicylic-acid-body-wash\" tabindex=\"-1\" >\n\t\t\t<div class=\"elementor-post__thumbnail\"><img loading=\"lazy\" decoding=\"async\" width=\"604\" height=\"595\" src=\"https:\/\/www.ruiqigo.com\/wp-content\/uploads\/2025\/06\/22.webp\" class=\"attachment-full size-full wp-image-3728\" alt=\"Limpe as costas com sabonete l\u00edquido de \u00e1cido salic\u00edlico\" srcset=\"https:\/\/www.ruiqigo.com\/wp-content\/uploads\/2025\/06\/22.webp 604w, https:\/\/www.ruiqigo.com\/wp-content\/uploads\/2025\/06\/22-12x12.webp 12w\" sizes=\"(max-width: 604px) 100vw, 604px\" \/><\/div>\n\t\t<\/a>\n\t\t\t\t<div class=\"elementor-post__text\">\n\t\t\t\t<h2 class=\"elementor-post__title\">\n\t\t\t<a href=\"https:\/\/www.ruiqigo.com\/pt_pt\/video\/tired-of-bacne-try-salicylic-acid-body-wash\" >\n\t\t\t\tCansado de espinhas recorrentes? Experimente isto.\t\t\t<\/a>\n\t\t<\/h2>\n\t\t\t\t<div class=\"elementor-post__excerpt\">\n\t\t\t\t\t<\/div>\n\t\t\t\t<\/div>\n\t\t\t\t<\/article>\n\t\t\t\t<article class=\"elementor-post elementor-grid-item post-3696 video type-video status-publish has-post-thumbnail hentry video-category-hot-products\" role=\"listitem\">\n\t\t\t\t<a class=\"elementor-post__thumbnail__link\" href=\"https:\/\/www.ruiqigo.com\/pt_pt\/video\/bubble-mask-review-skin-savior-or-just-trendy-foam\" tabindex=\"-1\" >\n\t\t\t<div class=\"elementor-post__thumbnail\"><img loading=\"lazy\" decoding=\"async\" width=\"604\" height=\"612\" src=\"https:\/\/www.ruiqigo.com\/wp-content\/uploads\/2025\/06\/12.webp\" class=\"attachment-full size-full wp-image-3700\" alt=\"m\u00e1scara de bolha\" srcset=\"https:\/\/www.ruiqigo.com\/wp-content\/uploads\/2025\/06\/12.webp 604w, https:\/\/www.ruiqigo.com\/wp-content\/uploads\/2025\/06\/12-12x12.webp 12w\" sizes=\"(max-width: 604px) 100vw, 604px\" \/><\/div>\n\t\t<\/a>\n\t\t\t\t<div class=\"elementor-post__text\">\n\t\t\t\t<h2 class=\"elementor-post__title\">\n\t\t\t<a href=\"https:\/\/www.ruiqigo.com\/pt_pt\/video\/bubble-mask-review-skin-savior-or-just-trendy-foam\" >\n\t\t\t\tAn\u00e1lise da Bubble Mask: salvadora da pele ou apenas espuma da moda?\t\t\t<\/a>\n\t\t<\/h2>\n\t\t\t\t<div class=\"elementor-post__excerpt\">\n\t\t\tEsta m\u00e1scara de bolhas \u00e9 apenas mais uma tend\u00eancia de cuidados com a pele \u2014 ou funciona mesmo? Neste v\u00eddeo, a 3TOP faz um teste completo, come\u00e7ando com um adesivo.\t\t<\/div>\n\t\t\t\t<\/div>\n\t\t\t\t<\/article>\n\t\t\t\t<article class=\"elementor-post elementor-grid-item post-3701 video type-video status-publish has-post-thumbnail hentry video-category-hot-products\" role=\"listitem\">\n\t\t\t\t<a class=\"elementor-post__thumbnail__link\" href=\"https:\/\/www.ruiqigo.com\/pt_pt\/video\/moisturizing-facial-lotion-formula\" tabindex=\"-1\" >\n\t\t\t<div class=\"elementor-post__thumbnail\"><img loading=\"lazy\" decoding=\"async\" width=\"589\" height=\"579\" src=\"https:\/\/www.ruiqigo.com\/wp-content\/uploads\/2025\/06\/13.webp\" class=\"attachment-full size-full wp-image-3703\" alt=\"fazendo lo\u00e7\u00e3o facial hidratante\" srcset=\"https:\/\/www.ruiqigo.com\/wp-content\/uploads\/2025\/06\/13.webp 589w, https:\/\/www.ruiqigo.com\/wp-content\/uploads\/2025\/06\/13-12x12.webp 12w\" sizes=\"(max-width: 589px) 100vw, 589px\" \/><\/div>\n\t\t<\/a>\n\t\t\t\t<div class=\"elementor-post__text\">\n\t\t\t\t<h2 class=\"elementor-post__title\">\n\t\t\t<a href=\"https:\/\/www.ruiqigo.com\/pt_pt\/video\/moisturizing-facial-lotion-formula\" >\n\t\t\t\tF\u00f3rmula de lo\u00e7\u00e3o facial hidratante revelada em apenas 30 segundos!\t\t\t<\/a>\n\t\t<\/h2>\n\t\t\t\t<div class=\"elementor-post__excerpt\">\n\t\t\tJ\u00e1 se perguntou como uma lo\u00e7\u00e3o facial \u00e9 feita? Neste v\u00eddeo r\u00e1pido, a 3TOP explica os passos b\u00e1sicos para criar uma lo\u00e7\u00e3o facial hidratante.\t\t<\/div>\n\t\t\t\t<\/div>\n\t\t\t\t<\/article>\n\t\t\t\t<\/div>\n\t\t\n\t\t\t\t\t\t<\/div>\n\t\t\t\t<\/div>\n\t\t\t\t<\/div>\n\t\t\t\t\t<\/div>\n\t\t<\/div>\n\t\t\t\t\t\t<\/div>\n\t\t\t\t<\/div>\n\t\t\t\t\t<\/div>\n\t\t\t\t<\/div>\n\t\t\t\t<\/div>","protected":false},"excerpt":{"rendered":"Workshop Hot Products From Raw Material to Roll Film \u2013 How We Make High-Barrier Foil Packaging From Factory to Container: Busy Export Day for Body Lotion and Mouthwash Products Do you know what a mouthwash factory looks like? Directly Hit the Source Factory of Body Lotion Real shots reveal the daily life of the mouthwash [&hellip;]","protected":false},"author":9,"featured_media":0,"parent":0,"menu_order":0,"comment_status":"closed","ping_status":"closed","template":"","meta":{"footnotes":""},"class_list":["post-3187","page","type-page","status-publish","hentry"],"acf":[],"_links":{"self":[{"href":"https:\/\/www.ruiqigo.com\/pt_pt\/wp-json\/wp\/v2\/pages\/3187","targetHints":{"allow":["GET"]}}],"collection":[{"href":"https:\/\/www.ruiqigo.com\/pt_pt\/wp-json\/wp\/v2\/pages"}],"about":[{"href":"https:\/\/www.ruiqigo.com\/pt_pt\/wp-json\/wp\/v2\/types\/page"}],"author":[{"embeddable":true,"href":"https:\/\/www.ruiqigo.com\/pt_pt\/wp-json\/wp\/v2\/users\/9"}],"replies":[{"embeddable":true,"href":"https:\/\/www.ruiqigo.com\/pt_pt\/wp-json\/wp\/v2\/comments?post=3187"}],"version-history":[{"count":0,"href":"https:\/\/www.ruiqigo.com\/pt_pt\/wp-json\/wp\/v2\/pages\/3187\/revisions"}],"wp:attachment":[{"href":"https:\/\/www.ruiqigo.com\/pt_pt\/wp-json\/wp\/v2\/media?parent=3187"}],"curies":[{"name":"wp","href":"https:\/\/api.w.org\/{rel}","templated":true}]}}