{"id":63,"date":"2024-04-26T00:53:00","date_gmt":"2024-04-25T16:53:00","guid":{"rendered":"https:\/\/ruiqigo.com\/?page_id=63"},"modified":"2024-12-24T10:13:44","modified_gmt":"2024-12-24T02:13:44","slug":"terms-conditions","status":"publish","type":"page","link":"https:\/\/www.ruiqigo.com\/pt_pt\/terms-conditions","title":{"rendered":"Termos e Condi\u00e7\u00f5es"},"content":{"rendered":"<p>Estes Termos e Condi\u00e7\u00f5es de Uso (doravante \u201cTermos de Uso\u201d) se aplicam aos sites \u2014 www.ruiqigo.com \u2014 (coletivamente, o \u201cSite 3TOP\u201d), que s\u00e3o de propriedade e operados pela 3TOP, Inc. (doravante \u201c3TOP\u201d). Estes Termos de Uso, juntamente com nossa Pol\u00edtica de Privacidade e Pol\u00edtica de Cookies, formam coletivamente um acordo (doravante \u201cAcordo\u201d) entre voc\u00ea, o usu\u00e1rio final, e a 3TOP.<\/p>\n\n\n\n<p>Seu uso do Site 3TOP est\u00e1 condicionado \u00e0 sua aceita\u00e7\u00e3o sem modifica\u00e7\u00e3o dos termos, condi\u00e7\u00f5es e avisos contidos neste Contrato. Ao acessar, usar, baixar, visualizar e\/ou instalar qualquer Conte\u00fado do Site contido no Site 3TOP ou Servi\u00e7os do Site oferecidos no Site 3TOP, voc\u00ea reconhece que leu este Contrato em sua totalidade, e que o entende, e que est\u00e1 consentindo com os Termos de Uso, Pol\u00edtica de Privacidade e Pol\u00edtica de Cookies contidos neste Contrato.<\/p>\n\n\n\n<p>Voc\u00ea tamb\u00e9m concorda que nenhuma representa\u00e7\u00e3o escrita ou oral feita pela 3TOP e seus distribuidores, agentes ou funcion\u00e1rios aumentar\u00e1 o escopo das se\u00e7\u00f5es de Garantia Limitada e Limita\u00e7\u00f5es de Responsabilidade estabelecidas abaixo neste Contrato.<\/p>\n\n\n\n<p>Seu uso do Site 3TOP constitui sua concord\u00e2ncia com os termos e condi\u00e7\u00f5es deste Contrato. Se voc\u00ea n\u00e3o concordar com os termos e condi\u00e7\u00f5es deste Contrato, n\u00e3o acesse o Site 3TOP nem use, baixe, salve, visualize ou instale qualquer Conte\u00fado do Site ou Servi\u00e7os do Site.<\/p>\n\n\n\n<p>I. Defini\u00e7\u00f5es<br>\u201cInforma\u00e7\u00f5es Digitais\u201d significa quaisquer dados acess\u00edveis no Site 3TOP, que incluem, mas n\u00e3o est\u00e3o limitados a, quaisquer textos, tabelas, planilhas, gr\u00e1ficos, documentos, imagens ou fotos, ou software contido em arquivos digitais.<\/p>\n\n\n\n<p>\u201cConte\u00fado do Site\u201d significa informa\u00e7\u00f5es digitais que podem ser obtidas por meio de download, salvamento ou c\u00f3pia do Site 3TOP, que s\u00e3o ent\u00e3o armazenadas, instaladas, executadas, usadas, visualizadas, editadas ou manipuladas por voc\u00ea, o usu\u00e1rio final. Esse Conte\u00fado do Site pode incluir termos e condi\u00e7\u00f5es adicionais conforme estabelecido em um acordo separado que acompanha essas partes.<\/p>\n\n\n\n<p>\u201cServi\u00e7os do Site\u201d significa informa\u00e7\u00f5es digitais disponibilizadas a voc\u00ea, o usu\u00e1rio final, para baixar, salvar ou copiar do Site 3TOP.<\/p>\n\n\n\n<p>II. Modifica\u00e7\u00e3o<br>A 3TOP reserva-se o direito de alterar e modificar estes Termos de Uso a qualquer momento, com ou sem aviso pr\u00e9vio. Seu acesso ou uso cont\u00ednuo do Conte\u00fado do Site ou Servi\u00e7os do Site significa sua aceita\u00e7\u00e3o de quaisquer novos termos e condi\u00e7\u00f5es. Se voc\u00ea se opuser a qualquer novo termo ou condi\u00e7\u00e3o: (a) descontinue o acesso e uso do Site da 3TOP e de todo o Conte\u00fado do Site e Servi\u00e7os do Site; e (b) devolva todo o Conte\u00fado do Site \u00e0 3TOP ou destrua todo o Conte\u00fado do Site em sua posse ou sob seu controle.<\/p>\n\n\n\n<p>A 3TOP pode fazer altera\u00e7\u00f5es a qualquer momento no Conte\u00fado do Site, no Servi\u00e7o do Site ou em quaisquer itens nele referenciados, sem aviso pr\u00e9vio, e n\u00e3o \u00e9 obrigada a oferecer suporte ou atualizar o Conte\u00fado do Site ou os Servi\u00e7os do Site.<\/p>\n\n\n\n<p>III. Conduta Proibida<br>O acesso e o uso do Site 3TOP e do Conte\u00fado do Site s\u00e3o concedidos como uma licen\u00e7a, n\u00e3o uma transfer\u00eancia de t\u00edtulo, e s\u00e3o estritamente limitados apenas a prop\u00f3sitos informativos e para nenhum outro prop\u00f3sito. Todos os direitos n\u00e3o expressamente concedidos aqui s\u00e3o expressamente reservados \u00e0 3TOP e nenhum outro direito ser\u00e1 impl\u00edcito. Sem limitar o precedente, e a menos que acordado de outra forma por escrito com a 3TOP, voc\u00ea reconhece as seguintes restri\u00e7\u00f5es espec\u00edficas sobre seu uso do Site 3TOP e do Conte\u00fado do Site:<\/p>\n\n\n\n<p>Voc\u00ea n\u00e3o pode copiar, modificar, alterar, adaptar, alugar, vender, distribuir, exibir publicamente, executar ou transferir qualquer parte do Conte\u00fado do Site ou das Informa\u00e7\u00f5es Digitais, criar quaisquer trabalhos derivados com base em qualquer parte do Conte\u00fado do Site ou das Informa\u00e7\u00f5es Digitais, ou usar qualquer parte do Conte\u00fado do Site ou das Informa\u00e7\u00f5es Digitais para qualquer finalidade comercial, exceto conforme disposto acima;<br>Voc\u00ea n\u00e3o pode obter ou tentar obter quaisquer materiais ou informa\u00e7\u00f5es por quaisquer meios n\u00e3o intencionalmente disponibilizados ou fornecidos atrav\u00e9s do Site 3TOP;<br>Voc\u00ea n\u00e3o pode tentar fazer engenharia reversa, descompilar ou desmontar qualquer Conte\u00fado do Site, Informa\u00e7\u00e3o Digital ou parte do Site 3TOP, ou introduzir quaisquer dispositivos ou materiais que sejam maliciosos ou tecnologicamente prejudiciais ao Site 3TOP, ao Conte\u00fado do Site ou \u00e0 Informa\u00e7\u00e3o Digital, tais como, mas n\u00e3o limitado a v\u00edrus, cavalos de Troia, worms e bombas l\u00f3gicas;<br>Voc\u00ea n\u00e3o pode incorporar nenhum Conte\u00fado do Site, Informa\u00e7\u00e3o Digital ou parte dele em quaisquer outros materiais, produtos ou servi\u00e7os, ou usar o Conte\u00fado do Site ou Informa\u00e7\u00e3o Digital para fins de produ\u00e7\u00e3o;<br>Voc\u00ea n\u00e3o pode remover, alterar ou ocultar nenhuma legenda de propriedade, patente, marca registrada ou aviso de direitos autorais contido no Site 3TOP, Conte\u00fado do Site ou Informa\u00e7\u00f5es Digitais;<br>Voc\u00ea n\u00e3o pode usar o Site 3TOP de nenhuma maneira que possa danificar, desabilitar, sobrecarregar ou prejudicar o Site 3TOP ou interferir no uso e aproveitamento do Site 3TOP por terceiros;<br>Voc\u00ea n\u00e3o pode tentar obter acesso n\u00e3o autorizado, interferir, danificar ou interromper qualquer parte do Site 3TOP, os servidores nos quais o Site 3TOP est\u00e1 armazenado, ou qualquer servidor, computador ou banco de dados conectado ao Site 3TOP, ou de outra forma tentar interferir no funcionamento adequado do Site 3TOP;<br>Voc\u00ea n\u00e3o pode usar o Site 3TOP, o Conte\u00fado do Site ou as Informa\u00e7\u00f5es Digitais para qualquer finalidade que viole de alguma forma qualquer lei ou regulamento federal, estadual, local ou internacional aplic\u00e1vel (incluindo, sem limita\u00e7\u00e3o, quaisquer leis relativas \u00e0 exporta\u00e7\u00e3o de dados ou software de e para os EUA ou outros pa\u00edses) ou que seja proibida por este Contrato.<br>Voc\u00ea tamb\u00e9m concorda em usar esfor\u00e7os razo\u00e1veis para impedir o uso, reprodu\u00e7\u00e3o, distribui\u00e7\u00e3o ou publica\u00e7\u00e3o n\u00e3o autorizados de qualquer Conte\u00fado do Site ou Informa\u00e7\u00e3o Digital. Qualquer uso, reprodu\u00e7\u00e3o, distribui\u00e7\u00e3o ou publica\u00e7\u00e3o n\u00e3o autorizados de Conte\u00fado do Site ou Informa\u00e7\u00e3o Digital \u00e9 proibido e constitui uma viola\u00e7\u00e3o deste Contrato.<\/p>\n\n\n\n<p>IV. Materiais fornecidos ao 3TOP<br>A 3TOP n\u00e3o reivindica a propriedade dos materiais que voc\u00ea fornece \u00e0 3TOP (incluindo feedback e sugest\u00f5es) ou publica, carrega, insere ou envia para qualquer Site da 3TOP ou seus servi\u00e7os associados (coletivamente \u201cEnvios\u201d). No entanto, ao publicar, carregar, inserir, fornecer ou enviar seu Envio, voc\u00ea est\u00e1 concedendo \u00e0 3TOP, suas empresas afiliadas e sublicenciados necess\u00e1rios permiss\u00e3o para usar seu Envio em conex\u00e3o com a opera\u00e7\u00e3o de seus neg\u00f3cios na Internet, incluindo, sem limita\u00e7\u00e3o, os direitos de: copiar, distribuir, transmitir, exibir publicamente, executar publicamente, reproduzir, editar, traduzir e reformatar seu Envio; e publicar seu nome em conex\u00e3o com seu Envio.<\/p>\n\n\n\n<p>Nenhuma compensa\u00e7\u00e3o ser\u00e1 paga com rela\u00e7\u00e3o ao uso do seu Envio, conforme disposto aqui. A 3TOP n\u00e3o tem obriga\u00e7\u00e3o de publicar ou usar qualquer Envio que voc\u00ea possa fornecer e pode remover qualquer Envio a qualquer momento, a crit\u00e9rio exclusivo da 3TOP.<\/p>\n\n\n\n<p>Ao publicar, carregar, inserir, fornecer ou enviar seu Envio, voc\u00ea garante e declara que possui ou controla todos os direitos sobre seu Envio, conforme descrito nesta se\u00e7\u00e3o, incluindo, sem limita\u00e7\u00e3o, direitos autorais e todos os direitos necess\u00e1rios para que voc\u00ea forne\u00e7a, publique, carregue, insira ou envie os Envios.<\/p>\n\n\n\n<p>V. Propriedade Intelectual e Propriedade<br>Voc\u00ea n\u00e3o tem direitos de propriedade sobre o Site 3TOP, qualquer Conte\u00fado do Site ou Informa\u00e7\u00f5es Digitais. Voc\u00ea pode usar o Conte\u00fado do Site e as Informa\u00e7\u00f5es Digitais, desde que concorde e cumpra os termos deste Contrato. A 3TOP reserva todos os direitos, t\u00edtulos e interesses no e para o Conte\u00fado do Site e Informa\u00e7\u00f5es Digitais, incluindo todos os direitos de propriedade intelectual dos mesmos. Exceto quando expressamente disposto de outra forma, a 3TOP n\u00e3o concede nenhum direito expresso ou impl\u00edcito sob quaisquer patentes, direitos autorais, marcas registradas ou outros direitos de propriedade intelectual da 3TOP por este Contrato. Todos os direitos n\u00e3o expressamente concedidos por este Contrato s\u00e3o reservados \u00e0 3TOP para seu uso e propriedade exclusivos e completos.<\/p>\n\n\n\n<p>Todo o Conte\u00fado do Site e Informa\u00e7\u00f5es Digitais est\u00e3o sujeitos \u00e0 prote\u00e7\u00e3o de direitos autorais pelas leis dos Estados Unidos e outros pa\u00edses, e disposi\u00e7\u00f5es de tratados internacionais. Baixar, copiar e modificar material protegido por direitos autorais sem a devida autoriza\u00e7\u00e3o pode ser uma viola\u00e7\u00e3o da lei de direitos autorais.<\/p>\n\n\n\n<p>3TOP\u00ae e v\u00e1rios nomes de produtos, nomes comerciais, nomes de servi\u00e7os, slogans e logotipos que aparecem no site 3TOP s\u00e3o marcas comerciais da 3TOP, registradas ou n\u00e3o. As marcas comerciais e a identidade visual da 3TOP n\u00e3o podem ser usadas em conex\u00e3o com nenhum produto ou servi\u00e7o que n\u00e3o esteja relacionado \u00e0 3TOP, de nenhuma maneira que possa causar confus\u00e3o entre os clientes ou de nenhuma maneira que menospreze ou desacredite a 3TOP. Voc\u00ea n\u00e3o deve usar essas marcas sem a permiss\u00e3o pr\u00e9via por escrito da 3TOP, cujo consentimento pode ser retido pela 3TOP em sua \u00fanica dire\u00e7\u00e3o.<\/p>\n\n\n\n<p>VI. Indeniza\u00e7\u00e3o<br>VOC\u00ca CONCORDA EM INDENIZAR, DEFENDER E ISENTAR DE RESPONSABILIDADE A 3TOP, INCLUINDO SEUS FUNCION\u00c1RIOS, DIRETORES, FUNCION\u00c1RIOS, AFILIADOS, LICENCIANTES, FORNECEDORES, PROVEDORES DE INFORMA\u00c7\u00d5ES E AGENTES DE E CONTRA TODAS AS PERDAS, REIVINDICA\u00c7\u00d5ES, RECONVEN\u00c7\u00d5ES, A\u00c7\u00d5ES, LIT\u00cdGIOS, RESPONSABILIDADES, DANOS, JULGAMENTOS, PERDAS, DESPESAS, CUSTOS E TAXAS, INCLUINDO, SEM LIMITA\u00c7\u00c3O, HONOR\u00c1RIOS ADVOCAT\u00cdCIOS RAZO\u00c1VEIS E DESEMBOLSOS RELACIONADOS, RELACIONADOS A OU DECORRENTES DE: SEU USO OU INCAPACIDADE DE USAR O SITE 3TOP, O CONTE\u00daDO DO SITE E AS INFORMA\u00c7\u00d5ES DIGITAIS; QUALQUER ENVIO FEITO POR VOC\u00ca; QUALQUER VIOLA\u00c7\u00c3O DOS TERMOS DESTE CONTRATO OU DOS DIREITOS DE TERCEIROS POR VOC\u00ca; OU VIOLA\u00c7\u00c3O DE QUAISQUER LEIS, REGRAS OU REGULAMENTOS APLIC\u00c1VEIS POR VOC\u00ca, INCLUINDO CONDUTA NEGLIGENTE OU INDEVIDA.<\/p>\n\n\n\n<p>VII. Isen\u00e7\u00e3o de responsabilidade e garantia limitada<br>ISEN\u00c7\u00c3O DE RESPONSABILIDADE RELACIONADA AO CONTE\u00daDO DO SITE, INFORMA\u00c7\u00d5ES DIGITAIS E SERVI\u00c7OS DO SITE: EXCETO CONFORME ESTABELECIDO NESTE CONTRATO, EM NENHUMA HIP\u00d3TESE A 3TOP SER\u00c1 RESPONS\u00c1VEL POR QUALQUER REIVINDICA\u00c7\u00c3O DE QUALQUER NATUREZA, SOB QUALQUER TEORIA LEGAL, SEJA DIRETA OU INDIRETA, DECORRENTE DE OU RELACIONADA A:<\/p>\n\n\n\n<p>CONTE\u00daDO DO SITE, INFORMA\u00c7\u00d5ES DIGITAIS OU SERVI\u00c7OS DO SITE DISPONIBILIZADOS NO OU ATRAV\u00c9S DO SITE 3TOP, INCLUINDO ERROS OU OMISS\u00d5ES EM TAIS CONTE\u00daDOS DO SITE, INFORMA\u00c7\u00d5ES DIGITAIS OU SERVI\u00c7OS DO SITE; OU<br>PERDA OU DANO INCORRIDO COMO RESULTADO DO ACESSO, USO DO CONTE\u00daDO DO SITE, INFORMA\u00c7\u00d5ES DIGITAIS OU SERVI\u00c7OS DO SITE.<br>AT\u00c9 O LIMITE PERMITIDO PELA LEI APLIC\u00c1VEL, O CONTE\u00daDO DO SITE, AS INFORMA\u00c7\u00d5ES DIGITAIS E OS SERVI\u00c7OS DO SITE S\u00c3O FORNECIDOS &quot;NO ESTADO EM QUE SE ENCONTRAM&quot; E A 3TOP EXPRESSAMENTE SE ISENTA DE TODAS AS GARANTIAS DE QUALQUER TIPO, SEJAM EXPRESSAS OU IMPL\u00cdCITAS, INCLUINDO GARANTIAS IMPL\u00cdCITAS DE COMERCIALIZA\u00c7\u00c3O, QUALIDADE SATISFAT\u00d3RIA, ADEQUA\u00c7\u00c3O A UM DETERMINADO FIM, T\u00cdTULO E N\u00c3O VIOLA\u00c7\u00c3O. A T\u00cdTULO DE EXEMPLO E N\u00c3O DE LIMITA\u00c7\u00c3O, A 3TOP N\u00c3O GARANTE QUE:<\/p>\n\n\n\n<p>O CONTE\u00daDO DO SITE, AS INFORMA\u00c7\u00d5ES DIGITAIS OU OS SERVI\u00c7OS DO SITE S\u00c3O OU SER\u00c3O FORNECIDOS DE FORMA ININTERRUPTA, OPORTUNA, SEGURA OU LIVRE DE ERROS;<br>O CONTE\u00daDO DO SITE, AS INFORMA\u00c7\u00d5ES DIGITAIS OU OS SERVI\u00c7OS DO SITE S\u00c3O OU SER\u00c3O COMPLETOS, PRECISOS, SEGUROS OU CONFI\u00c1VEIS;<br>O CONTE\u00daDO DO SITE, AS INFORMA\u00c7\u00d5ES DIGITAIS OU OS SERVI\u00c7OS DO SITE EST\u00c3O OU ESTAR\u00c3O LIVRES DE V\u00cdRUS OU OUTROS COMPONENTES NOCIVOS; OU<br>O CONTE\u00daDO DO SITE, AS INFORMA\u00c7\u00d5ES DIGITAIS OU OS SERVI\u00c7OS DO SITE ATENDER\u00c3O A QUALQUER UM DOS SEUS REQUISITOS.<br>AS PARTES PRETENDEM QUE ESTA ISEN\u00c7\u00c3O DE RESPONSABILIDADE TENHA PRECED\u00caNCIA SOBRE QUALQUER DISPOSI\u00c7\u00c3O DE GARANTIA ESTADUAL, UCC OU QUALQUER DISPOSI\u00c7\u00c3O DE GARANTIA IMPL\u00cdCITA SIMILAR.<\/p>\n\n\n\n<p>VIII. Limita\u00e7\u00f5es de responsabilidade<br>AT\u00c9 O LIMITE M\u00c1XIMO PERMITIDO POR LEI, A 3TOP N\u00c3O TER\u00c1 NENHUMA OBRIGA\u00c7\u00c3O OU RESPONSABILIDADE PARA COM VOC\u00ca PELO SITE 3TOP, CONTE\u00daDO DO SITE, INFORMA\u00c7\u00d5ES DIGITAIS OU SERVI\u00c7OS DO SITE (SEJA DECORRENTE DE CONTRATO, GARANTIA, ATO IL\u00cdCITO, INCLUINDO NEGLIG\u00caNCIA, RESPONSABILIDADE DO PRODUTO, VIOLA\u00c7\u00c3O DE DIREITOS AUTORAIS OU OUTRA A\u00c7\u00c3O SOB LEI OU EQUIDADE) POR QUAISQUER DANOS OU RESPONSABILIDADES DIRETAS, INCIDENTAIS, INDIRETAS, ESPECIAIS, CONSEQUENCIAIS OU PUNITIVAS (INCLUINDO, MAS N\u00c3O SE LIMITANDO A, PERDA DE DADOS, PERDA DE RECEITA, PERDA DE LUCRO, PERDA DE NEG\u00d3CIOS OU ECONOMIAS ANTECIPADAS, PERDA DE USO, PERDA DE BOA VONTADE OU OUTRO) DECORRENTES DE OU EM CONEX\u00c3O COM SEU USO OU ACESSO (OU INCAPACIDADE DE USAR OU ACESSAR) O SITE 3TOP, CONTE\u00daDO DO SITE, INFORMA\u00c7\u00d5ES DIGITAIS OU SERVI\u00c7OS DO SITE. ESTA LIMITA\u00c7\u00c3O SE APLICA A DANOS DECORRENTES DE, MAS N\u00c3O SE LIMITANDO A:<\/p>\n\n\n\n<p>USO OU INCAPACIDADE DE ACESSAR OU USAR O CONTE\u00daDO DO SITE, INFORMA\u00c7\u00d5ES DIGITAIS OU SERVI\u00c7OS DO SITE;<br>CUSTO DE AQUISI\u00c7\u00c3O DE BENS E SERVI\u00c7OS SUBSTITUTOS;<br>ACESSO N\u00c3O AUTORIZADO OU ALTERA\u00c7\u00c3O DE SUAS TRANSMISS\u00d5ES POR TERCEIROS;<br>CONTE\u00daDO DE TERCEIROS DISPONIBILIZADO A VOC\u00ca ATRAV\u00c9S DO SITE 3TOP; OU<br>QUALQUER OUTRO ASSUNTO RELACIONADO AO CONTE\u00daDO DO SITE, INFORMA\u00c7\u00d5ES DIGITAIS OU SERVI\u00c7OS DO SITE.<br>ALGUNS ESTADOS N\u00c3O PERMITEM A EXCLUS\u00c3O OU LIMITA\u00c7\u00c3O DE DANOS INCIDENTAIS OU CONSEQUENCIAIS, PORTANTO A LIMITA\u00c7\u00c3O OU EXCLUS\u00c3O ACIMA PODE N\u00c3O SE APLICAR A VOC\u00ca. ESTA GARANTIA LHE D\u00c1 DIREITOS LEGAIS ESPEC\u00cdFICOS, E VOC\u00ca PODE TER OUTROS DIREITOS QUE VARIAM DE ESTADO PARA ESTADO.<\/p>\n\n\n\n<p>IX. Rescis\u00e3o<br>A 3TOP pode, a seu exclusivo crit\u00e9rio, rescindir seu uso ou acesso ao Conte\u00fado do Site, Informa\u00e7\u00f5es Digitais ou Servi\u00e7os do Site, e remover e descartar qualquer Conte\u00fado do Site, Informa\u00e7\u00f5es Digitais ou Servi\u00e7os do Site a qualquer momento, sem aviso pr\u00e9vio, por qualquer motivo, incluindo, mas n\u00e3o se limitando a, conduta que viole estes Termos de Uso ou outras pol\u00edticas ou diretrizes estabelecidas pela 3TOP em outro lugar dentro dos Servi\u00e7os do Site, Informa\u00e7\u00f5es Digitais ou Conte\u00fado do Site. Em nenhuma hip\u00f3tese a 3TOP ser\u00e1 respons\u00e1vel perante voc\u00ea ou qualquer terceiro por qualquer rescis\u00e3o de seu uso ou acesso ao Conte\u00fado do Site, Informa\u00e7\u00f5es Digitais ou Servi\u00e7os do Site.<\/p>\n\n\n\n<p>X. Escolha da Lei<br>Qualquer disputa decorrente ou relacionada a este acordo ser\u00e1 regida pela lei da Comunidade da Pensilv\u00e2nia, excluindo suas regras de escolha de lei. Os tribunais estaduais e federais da Pensilv\u00e2nia s\u00e3o o f\u00f3rum e foro exclusivos para resolver todas e quaisquer disputas decorrentes ou relacionadas a estes Termos de Uso ou a este Acordo. Seu consentimento para jurisdi\u00e7\u00e3o pessoal e foro para os tribunais estaduais e federais da Pensilv\u00e2nia \u00e9 fornecido pelo seu uso ou acesso ao Conte\u00fado do Site, Informa\u00e7\u00f5es Digitais ou Servi\u00e7os do Site.<\/p>\n\n\n\n<p>XI. Divisibilidade<br>Se qualquer disposi\u00e7\u00e3o deste Contrato for considerada nula, inexequ\u00edvel ou ilegal, essa disposi\u00e7\u00e3o ser\u00e1 considerada substitu\u00edda por uma disposi\u00e7\u00e3o v\u00e1lida e exequ\u00edvel que mais se aproxime da inten\u00e7\u00e3o da disposi\u00e7\u00e3o original e n\u00e3o afetar\u00e1 de forma alguma a validade ou exequibilidade das disposi\u00e7\u00f5es restantes.<\/p>","protected":false},"excerpt":{"rendered":"These Terms and Conditions of Use (hereinafter \u201cTerms of Use\u201d) apply to the websites \u2014 www.ruiqigo.com \u2014 (collectively, the \u201c3TOP Website\u201d), which are owned and operated by 3TOP, Inc. (hereinafter \u201c3TOP\u201d). These Terms of Use, together with our Privacy Policy and Cookie Policy, collectively form an agreement (hereinafter \u201cAgreement\u201d) between you, the end user, and [&hellip;]","protected":false},"author":9,"featured_media":0,"parent":0,"menu_order":0,"comment_status":"closed","ping_status":"closed","template":"","meta":{"footnotes":""},"class_list":["post-63","page","type-page","status-publish","hentry"],"acf":[],"_links":{"self":[{"href":"https:\/\/www.ruiqigo.com\/pt_pt\/wp-json\/wp\/v2\/pages\/63","targetHints":{"allow":["GET"]}}],"collection":[{"href":"https:\/\/www.ruiqigo.com\/pt_pt\/wp-json\/wp\/v2\/pages"}],"about":[{"href":"https:\/\/www.ruiqigo.com\/pt_pt\/wp-json\/wp\/v2\/types\/page"}],"author":[{"embeddable":true,"href":"https:\/\/www.ruiqigo.com\/pt_pt\/wp-json\/wp\/v2\/users\/9"}],"replies":[{"embeddable":true,"href":"https:\/\/www.ruiqigo.com\/pt_pt\/wp-json\/wp\/v2\/comments?post=63"}],"version-history":[{"count":0,"href":"https:\/\/www.ruiqigo.com\/pt_pt\/wp-json\/wp\/v2\/pages\/63\/revisions"}],"wp:attachment":[{"href":"https:\/\/www.ruiqigo.com\/pt_pt\/wp-json\/wp\/v2\/media?parent=63"}],"curies":[{"name":"wp","href":"https:\/\/api.w.org\/{rel}","templated":true}]}}