{"id":64,"date":"2024-04-26T00:55:27","date_gmt":"2024-04-25T16:55:27","guid":{"rendered":"https:\/\/ruiqigo.com\/?page_id=64"},"modified":"2024-12-24T10:07:42","modified_gmt":"2024-12-24T02:07:42","slug":"privacy-policy","status":"publish","type":"page","link":"https:\/\/www.ruiqigo.com\/pt_pt\/privacy-policy","title":{"rendered":"pol\u00edtica de Privacidade"},"content":{"rendered":"<h3 class=\"wp-block-heading\">Quais informa\u00e7\u00f5es coletamos?<\/h3>\n\n\n\n<p>Coletamos informa\u00e7\u00f5es suas quando voc\u00ea se registra no site, faz um pedido, entra em um concurso ou sorteio, responde a uma pesquisa ou comunica\u00e7\u00e3o, como e-mail, ou participa de outro recurso do site. Ao fazer um pedido ou se registrar, podemos pedir seu nome, endere\u00e7o de e-mail, endere\u00e7o para correspond\u00eancia, n\u00famero de telefone, informa\u00e7\u00f5es de cart\u00e3o de cr\u00e9dito ou outras informa\u00e7\u00f5es. No entanto, voc\u00ea pode visitar nosso site anonimamente. Tamb\u00e9m coletamos informa\u00e7\u00f5es sobre os destinat\u00e1rios dos presentes para que possamos concluir a compra do presente. As informa\u00e7\u00f5es que coletamos sobre os destinat\u00e1rios dos presentes n\u00e3o s\u00e3o usadas para fins de marketing. Como muitos sites, usamos &quot;cookies&quot; para aprimorar sua experi\u00eancia e coletar informa\u00e7\u00f5es sobre visitantes e visitas aos nossos sites. Consulte a se\u00e7\u00e3o &quot;Usamos &#039;cookies&#039;?&quot; abaixo para obter informa\u00e7\u00f5es sobre cookies e como os usamos.<\/p>\n\n\n\n<h3 class=\"wp-block-heading\">Como usamos suas informa\u00e7\u00f5es?<\/h3>\n\n\n\n<p>Podemos usar as informa\u00e7\u00f5es que coletamos de voc\u00ea quando voc\u00ea se registra, compra produtos, participa de um concurso ou promo\u00e7\u00e3o, responde a uma pesquisa ou comunica\u00e7\u00e3o de marketing, navega no site ou usa determinados outros recursos do site das seguintes maneiras: Para personalizar sua experi\u00eancia no site e nos permitir entregar o tipo de conte\u00fado e ofertas de produtos nos quais voc\u00ea est\u00e1 mais interessado. Para nos permitir atend\u00ea-lo melhor ao responder \u00e0s suas solicita\u00e7\u00f5es de atendimento ao cliente. Para processar rapidamente suas transa\u00e7\u00f5es. Para administrar um concurso, promo\u00e7\u00e3o, pesquisa ou outro recurso do site. Se voc\u00ea optou por receber nosso boletim informativo por e-mail, podemos enviar e-mails peri\u00f3dicos. Se voc\u00ea n\u00e3o quiser mais receber e-mails promocionais nossos, consulte a se\u00e7\u00e3o &quot;Retirada do seu consentimento&quot; abaixo. Se voc\u00ea n\u00e3o optou por receber boletins informativos por e-mail, n\u00e3o receber\u00e1 esses e-mails. Os visitantes que se registram ou participam de outros recursos do site, como programas de marketing e conte\u00fado &quot;somente para membros&quot;, ter\u00e3o a op\u00e7\u00e3o de escolher se desejam estar em nossa lista de e-mail e receber comunica\u00e7\u00f5es por e-mail de n\u00f3s.<\/p>\n\n\n\n<h3 class=\"wp-block-heading\">Como protegemos as informa\u00e7\u00f5es dos visitantes?<\/h3>\n\n\n\n<p>Implementamos uma variedade de medidas de seguran\u00e7a para manter a seguran\u00e7a de suas informa\u00e7\u00f5es pessoais. Suas informa\u00e7\u00f5es pessoais est\u00e3o contidas atr\u00e1s de redes seguras e s\u00e3o acess\u00edveis apenas por um n\u00famero limitado de pessoas que t\u00eam direitos especiais de acesso a tais sistemas e s\u00e3o obrigadas a manter as informa\u00e7\u00f5es confidenciais. Quando voc\u00ea faz pedidos ou acessa suas informa\u00e7\u00f5es pessoais, oferecemos o uso de um servidor seguro. Todas as informa\u00e7\u00f5es confidenciais\/de cr\u00e9dito que voc\u00ea fornece s\u00e3o transmitidas via tecnologia Secure Socket Layer (SSL) e ent\u00e3o criptografadas em nossos bancos de dados para serem acessadas apenas conforme declarado acima.<\/p>\n\n\n\n<h3 class=\"wp-block-heading\">Utilizamos \u201ccookies\u201d?<\/h3>\n\n\n\n<p>Sim. Cookies s\u00e3o pequenos arquivos que um site ou seu provedor de servi\u00e7os transfere para o disco r\u00edgido do seu computador por meio do seu navegador da Web (se voc\u00ea permitir) que permite que os sistemas do site ou do provedor de servi\u00e7os reconhe\u00e7am seu navegador e capturem e lembrem de certas informa\u00e7\u00f5es. Por exemplo, usamos cookies para nos ajudar a lembrar e processar os itens no seu carrinho de compras. Eles tamb\u00e9m s\u00e3o usados para nos ajudar a entender suas prefer\u00eancias com base na atividade anterior ou atual do site, o que nos permite fornecer servi\u00e7os aprimorados. Tamb\u00e9m usamos cookies para nos ajudar a compilar dados agregados sobre o tr\u00e1fego do site e a intera\u00e7\u00e3o do site para que possamos oferecer melhores experi\u00eancias e ferramentas no site no futuro. Podemos contratar provedores de servi\u00e7os terceirizados para nos ajudar a entender melhor os visitantes do nosso site. Esses provedores de servi\u00e7os n\u00e3o t\u00eam permiss\u00e3o para usar as informa\u00e7\u00f5es coletadas em nosso nome, exceto para nos ajudar a conduzir e melhorar nossos neg\u00f3cios. Voc\u00ea pode escolher que seu computador o avise sempre que um cookie estiver sendo enviado ou pode optar por desativar todos os cookies. Voc\u00ea faz isso por meio das configura\u00e7\u00f5es do seu navegador (como Google Chrome, Microsoft Edge ou Safari). Cada navegador \u00e9 um pouco diferente, ent\u00e3o olhe o menu &#039;Ajuda&#039; do seu navegador para aprender a maneira correta de modificar seus cookies. Se voc\u00ea desativar os cookies, n\u00e3o ter\u00e1 acesso a muitos recursos que tornam a experi\u00eancia do seu site mais eficiente e alguns dos nossos servi\u00e7os n\u00e3o funcionar\u00e3o corretamente. No entanto, voc\u00ea ainda pode fazer pedidos por telefone entrando em contato com o atendimento ao cliente.<\/p>\n\n\n\n<h3 class=\"wp-block-heading\">Divulgamos as informa\u00e7\u00f5es que coletamos para terceiros?<\/h3>\n\n\n\n<p>N\u00e3o vendemos, trocamos ou transferimos suas informa\u00e7\u00f5es de identifica\u00e7\u00e3o pessoal para terceiros, a menos que lhe forne\u00e7amos um aviso pr\u00e9vio, exceto conforme descrito abaixo. O termo &quot;terceiros&quot; n\u00e3o inclui nossos neg\u00f3cios. Tamb\u00e9m n\u00e3o inclui parceiros de hospedagem de sites e outras partes que nos auxiliam na opera\u00e7\u00e3o de nosso site, na condu\u00e7\u00e3o de nossos neg\u00f3cios ou na presta\u00e7\u00e3o de servi\u00e7os a voc\u00ea, desde que essas partes concordem em manter essas informa\u00e7\u00f5es confidenciais. Tamb\u00e9m podemos divulgar suas informa\u00e7\u00f5es quando acreditarmos que a divulga\u00e7\u00e3o \u00e9 apropriada para cumprir a lei, aplicar as pol\u00edticas de nosso site ou proteger nossos direitos, propriedade ou seguran\u00e7a ou de terceiros. No entanto, informa\u00e7\u00f5es de visitantes n\u00e3o pessoalmente identific\u00e1veis podem ser fornecidas a terceiros para marketing, publicidade ou outros usos. Como voc\u00ea pode cancelar, remover ou modificar as informa\u00e7\u00f5es que nos forneceu? Para modificar suas assinaturas de e-mail, informe-nos modificando suas prefer\u00eancias na se\u00e7\u00e3o &quot;Minha conta&quot;. Observe que, devido aos cronogramas de produ\u00e7\u00e3o de e-mail, voc\u00ea pode receber quaisquer e-mails j\u00e1 em produ\u00e7\u00e3o. Para excluir todas as informa\u00e7\u00f5es da sua conta on-line do nosso banco de dados, fa\u00e7a login na se\u00e7\u00e3o &quot;Minha conta&quot; do nosso site e remova seus endere\u00e7os de entrega, endere\u00e7os de cobran\u00e7a e informa\u00e7\u00f5es de pagamento. Observe que podemos manter informa\u00e7\u00f5es sobre uma transa\u00e7\u00e3o de vendas individual para atender a essa transa\u00e7\u00e3o e para manuten\u00e7\u00e3o de registros. Links de terceiros em uma tentativa de fornecer a voc\u00ea maior valor, podemos incluir links de terceiros em nosso site. Esses sites vinculados t\u00eam pol\u00edticas de privacidade separadas e independentes. Portanto, n\u00e3o temos nenhuma responsabilidade ou obriga\u00e7\u00e3o pelo conte\u00fado e atividades desses sites vinculados. No entanto, buscamos proteger a integridade do nosso site e agradecemos qualquer feedback sobre esses sites vinculados (incluindo se um link espec\u00edfico n\u00e3o funcionar). Altera\u00e7\u00f5es em nossa pol\u00edtica, se decidirmos alterar nossa pol\u00edtica de privacidade, ser\u00e3o publicadas nesta p\u00e1gina. As altera\u00e7\u00f5es de pol\u00edtica ser\u00e3o aplicadas apenas \u00e0s informa\u00e7\u00f5es coletadas ap\u00f3s a data da altera\u00e7\u00e3o. Esta pol\u00edtica foi modificada pela \u00faltima vez em 25 de maio de 2018.<\/p>\n\n\n\n<h3 class=\"wp-block-heading\">Perguntas e feedback<\/h3>\n\n\n\n<p>Agradecemos suas perguntas, coment\u00e1rios e preocupa\u00e7\u00f5es sobre privacidade. Envie-nos qualquer feedback sobre privacidade ou qualquer outro assunto. Pol\u00edtica somente online. Esta pol\u00edtica de privacidade online se aplica somente a informa\u00e7\u00f5es coletadas por meio de nosso site e n\u00e3o a informa\u00e7\u00f5es coletadas offline.<\/p>\n\n\n\n<h3 class=\"wp-block-heading\">Seu consentimento<\/h3>\n\n\n\n<p>Ao fazer uma compra atrav\u00e9s do nosso site ou enviar uma consulta com informa\u00e7\u00f5es pessoais ou comerciais para obter uma cota\u00e7\u00e3o ou fazer um pagamento por qualquer meio para um pedido, ou providenciar uma entrega, voc\u00ea est\u00e1 consentindo com a coleta, armazenamento e uso dessas informa\u00e7\u00f5es para seu benef\u00edcio e\/ou para melhorar nossos servi\u00e7os e ofertas. Ao fazer isso, voc\u00ea tamb\u00e9m consente com a divulga\u00e7\u00e3o de que voc\u00ea \u00e9 um cliente da MugFactory, e tamb\u00e9m consente com o uso do nome da sua empresa, logotipo e embalagem para fins de exibi\u00e7\u00e3o de nossos produtos e servi\u00e7os, a menos que especificado de outra forma.<\/p>\n\n\n\n<h3 class=\"wp-block-heading\">Retirando seu consentimento<\/h3>\n\n\n\n<p>A qualquer momento, voc\u00ea pode escolher retirar seu consentimento para a coleta, uso ou divulga\u00e7\u00e3o de suas informa\u00e7\u00f5es pela MugFactory, a qualquer momento, entrando em contato conosco. A MugFactory reserva-se o direito de reter qualquer informa\u00e7\u00e3o coletada anteriormente para atender a quaisquer pedidos ou resolver quaisquer disputas ou investiga\u00e7\u00f5es. Ao visitar nosso site, recebemos automaticamente o endere\u00e7o de protocolo de internet (IP) do seu dispositivo, regi\u00e3o geogr\u00e1fica aproximada e outras informa\u00e7\u00f5es b\u00e1sicas sobre seu navegador e sistema operacional para melhor auxiliar e fornecer uma experi\u00eancia melhor e mais personalizada para nossos clientes.<\/p>","protected":false},"excerpt":{"rendered":"What information do we collect? We collect information from you when you register on the site, place an order, enter a contest or sweepstakes, respond to a survey or communication such as e-mail, or participate in another site feature. When ordering or registering, we may ask you for your name, e-mail address, mailing address, phone [&hellip;]","protected":false},"author":9,"featured_media":0,"parent":0,"menu_order":0,"comment_status":"closed","ping_status":"closed","template":"","meta":{"footnotes":""},"class_list":["post-64","page","type-page","status-publish","hentry"],"acf":[],"_links":{"self":[{"href":"https:\/\/www.ruiqigo.com\/pt_pt\/wp-json\/wp\/v2\/pages\/64","targetHints":{"allow":["GET"]}}],"collection":[{"href":"https:\/\/www.ruiqigo.com\/pt_pt\/wp-json\/wp\/v2\/pages"}],"about":[{"href":"https:\/\/www.ruiqigo.com\/pt_pt\/wp-json\/wp\/v2\/types\/page"}],"author":[{"embeddable":true,"href":"https:\/\/www.ruiqigo.com\/pt_pt\/wp-json\/wp\/v2\/users\/9"}],"replies":[{"embeddable":true,"href":"https:\/\/www.ruiqigo.com\/pt_pt\/wp-json\/wp\/v2\/comments?post=64"}],"version-history":[{"count":0,"href":"https:\/\/www.ruiqigo.com\/pt_pt\/wp-json\/wp\/v2\/pages\/64\/revisions"}],"wp:attachment":[{"href":"https:\/\/www.ruiqigo.com\/pt_pt\/wp-json\/wp\/v2\/media?parent=64"}],"curies":[{"name":"wp","href":"https:\/\/api.w.org\/{rel}","templated":true}]}}