{"id":8,"date":"2024-04-24T15:41:08","date_gmt":"2024-04-24T07:41:08","guid":{"rendered":"https:\/\/ruiqigo.com\/?page_id=8"},"modified":"2024-11-21T17:44:56","modified_gmt":"2024-11-21T09:44:56","slug":"sustainability","status":"publish","type":"page","link":"https:\/\/www.ruiqigo.com\/pt_pt\/sustainability","title":{"rendered":"Sustentabilidade"},"content":{"rendered":"<p>As ind\u00fastrias da China est\u00e3o se concentrando na meta de &quot;carbono duplo&quot;, que visa reduzir as emiss\u00f5es de carbono e a polui\u00e7\u00e3o. Isso \u00e9 importante para tornar a economia e a sociedade mais sustent\u00e1veis e ecologicamente corretas. A ind\u00fastria de cuidados di\u00e1rios com a pele tamb\u00e9m est\u00e1 trabalhando para atingir essa meta. A 3TOP apoia a ideia de desenvolvimento sustent\u00e1vel e tem se sa\u00eddo bem na economia de energia, redu\u00e7\u00e3o de carbono e prote\u00e7\u00e3o do meio ambiente. A 3TOP mostra seu comprometimento com a sustentabilidade de tr\u00eas maneiras principais: como cultiva mat\u00e9rias-primas, como administra suas f\u00e1bricas e as embalagens que usa. A abordagem da empresa inclui fornecimento sustent\u00e1vel, fabrica\u00e7\u00e3o ecologicamente correta e materiais de embalagem.<\/p>\n\n\n\n<h2 class=\"wp-block-heading has-text-align-center\"><strong>1. Base de produ\u00e7\u00e3o de mat\u00e9ria-prima<\/strong><\/h2>\n\n\n\n<h3 class=\"wp-block-heading\"><strong>Sele\u00e7\u00e3o de mat\u00e9rias-primas sustent\u00e1veis<\/strong><\/h3>\n\n\n\n<div class=\"wp-block-columns are-vertically-aligned-center mb-60 is-layout-flex wp-container-core-columns-is-layout-9d6595d7 wp-block-columns-is-layout-flex\">\n<div class=\"wp-block-column is-vertically-aligned-center is-layout-flow wp-block-column-is-layout-flow\">\n<figure class=\"wp-block-image size-full\"><img fetchpriority=\"high\" decoding=\"async\" width=\"800\" height=\"450\" src=\"https:\/\/www.ruiqigo.com\/wp-content\/uploads\/2024\/07\/7.jpg\" alt=\"\" class=\"wp-image-719\" srcset=\"https:\/\/www.ruiqigo.com\/wp-content\/uploads\/2024\/07\/7.jpg 800w, https:\/\/www.ruiqigo.com\/wp-content\/uploads\/2024\/07\/7-768x432.jpg 768w\" sizes=\"(max-width: 800px) 100vw, 800px\" \/><\/figure>\n<\/div>\n\n\n\n<div class=\"wp-block-column is-vertically-aligned-center is-layout-flow wp-block-column-is-layout-flow\">\n<p>A 3TOP prioriza mat\u00e9rias-primas sustent\u00e1veis certificadas, como extratos org\u00e2nicos de plantas e ingredientes naturais, para reduzir o impacto negativo no meio ambiente. Um dos ingredientes representativos \u00e9 o \u00f3leo de ch\u00e1, que n\u00e3o \u00e9 apenas um \u00f3leo comest\u00edvel, mas tamb\u00e9m tem uma longa hist\u00f3ria de cuidados com a pele. O \u00f3leo de ch\u00e1 tem a capacidade de nutrir o cabelo e proteger o couro cabeludo. O \u00f3leo de ch\u00e1 \u00e9 rico em nutrientes que nutrem o cabelo da raiz \u00e0s pontas, proporcionando cuidados abrangentes para o cabelo. Para muitas pessoas, o \u00f3leo de ch\u00e1 \u00e9 um produto natural para o cuidado do cabelo que vale a pena experimentar. H\u00e1 tamb\u00e9m o Extrato de Saponina de Ch\u00e1, um extrato vegetal natural derivado do bolo de farinha de ch\u00e1 ap\u00f3s a extra\u00e7\u00e3o do \u00f3leo, que tem uma variedade de propriedades antioxidantes e anti-inflamat\u00f3rias que tamb\u00e9m o tornam um \u00f3timo produto para tratamentos naturais.<\/p>\n<\/div>\n<\/div>\n\n\n\n<div class=\"wp-block-columns are-vertically-aligned-center mb-60 is-layout-flex wp-container-core-columns-is-layout-9d6595d7 wp-block-columns-is-layout-flex\">\n<div class=\"wp-block-column is-vertically-aligned-center is-layout-flow wp-block-column-is-layout-flow\">\n<p>A 3TOP usa saponina de ch\u00e1 em seus produtos, que v\u00eam de sua pr\u00f3pria planta\u00e7\u00e3o de ch\u00e1. Esta planta\u00e7\u00e3o cobre 10.000 acres no Condado de Yong Tai, perto de Fuzhou, a capital da Prov\u00edncia de Fujian. A 3TOP gerencia cuidadosamente a qualidade da planta de ch\u00e1 desde a fonte e ajusta como ela \u00e9 processada para uso na ind\u00fastria de cuidados com a pele. A grande planta\u00e7\u00e3o de ch\u00e1 da empresa \u00e9 bem administrada para garantir que as mat\u00e9rias-primas sejam puras e seguras. Com uma maneira de fazer as coisas, a 3TOP pode manter a qualidade das mat\u00e9rias-primas consistente e confi\u00e1vel.<\/p>\n<\/div>\n\n\n\n<div class=\"wp-block-column is-vertically-aligned-center is-layout-flow wp-block-column-is-layout-flow\">\n<figure class=\"wp-block-image size-full\"><img decoding=\"async\" width=\"800\" height=\"450\" src=\"https:\/\/www.ruiqigo.com\/wp-content\/uploads\/2024\/07\/5.jpg\" alt=\"\" class=\"wp-image-721\" srcset=\"https:\/\/www.ruiqigo.com\/wp-content\/uploads\/2024\/07\/5.jpg 800w, https:\/\/www.ruiqigo.com\/wp-content\/uploads\/2024\/07\/5-768x432.jpg 768w\" sizes=\"(max-width: 800px) 100vw, 800px\" \/><\/figure>\n<\/div>\n<\/div>\n\n\n\n<h3 class=\"wp-block-heading\"><strong>O modelo de plantio org\u00e2nico e ecologicamente correto<\/strong><\/h3>\n\n\n\n<div class=\"wp-block-columns are-vertically-aligned-center mb-60 is-layout-flex wp-container-core-columns-is-layout-9d6595d7 wp-block-columns-is-layout-flex\">\n<div class=\"wp-block-column is-vertically-aligned-center is-layout-flow wp-block-column-is-layout-flow\">\n<figure class=\"wp-block-image size-full\"><img decoding=\"async\" width=\"800\" height=\"450\" src=\"https:\/\/www.ruiqigo.com\/wp-content\/uploads\/2024\/07\/10.jpg\" alt=\"\" class=\"wp-image-723\" srcset=\"https:\/\/www.ruiqigo.com\/wp-content\/uploads\/2024\/07\/10.jpg 800w, https:\/\/www.ruiqigo.com\/wp-content\/uploads\/2024\/07\/10-768x432.jpg 768w\" sizes=\"(max-width: 800px) 100vw, 800px\" \/><\/figure>\n<\/div>\n\n\n\n<div class=\"wp-block-column is-vertically-aligned-center is-layout-flow wp-block-column-is-layout-flow\">\n<p>Na base da 3TOP, adotamos m\u00e9todos de cultivo org\u00e2nico e nos recusamos a usar pesticidas e fertilizantes qu\u00edmicos. Deixamos as plantas crescerem sob a chuva naturalmente umedecida e vivemos em harmonia com o solo e os microrganismos para garantir a pureza e a seguran\u00e7a das mat\u00e9rias-primas. Ao mesmo tempo, a 3TOP se concentra na preserva\u00e7\u00e3o da biodiversidade e na prote\u00e7\u00e3o das casas onde todos os tipos de criaturas prosperam. Al\u00e9m da agricultura org\u00e2nica, a 3TOP tamb\u00e9m introduz ativamente sistemas avan\u00e7ados de irriga\u00e7\u00e3o com economia de \u00e1gua para minimizar o desperd\u00edcio de \u00e1gua, controlando com precis\u00e3o a quantidade de \u00e1gua e o tempo de irriga\u00e7\u00e3o. Tamb\u00e9m nos concentramos no tratamento e na reciclagem de \u00e1guas residuais para garantir que cada gota de \u00e1gua seja utilizada em seu valor m\u00e1ximo.<\/p>\n<\/div>\n<\/div>\n\n\n\n<h2 class=\"wp-block-heading has-text-align-center\"><strong>2. Planta de produ\u00e7\u00e3o<\/strong><\/h2>\n\n\n\n<div class=\"wp-block-columns are-vertically-aligned-center mb-60 is-layout-flex wp-container-core-columns-is-layout-9d6595d7 wp-block-columns-is-layout-flex\">\n<div class=\"wp-block-column is-vertically-aligned-center is-layout-flow wp-block-column-is-layout-flow\">\n<h3 class=\"wp-block-heading\"><strong>Economia de energia e melhoria da efici\u00eancia<\/strong><\/h3>\n\n\n\n<p>A 3TOP segue uma abordagem de produ\u00e7\u00e3o &quot;verde e cuidadosa&quot;. Eles constru\u00edram uma grande f\u00e1brica ecol\u00f3gica de 40.000 metros quadrados, com um local industrial de 60 acres e uma oficina limpa de alto padr\u00e3o. Eles seguem uma pol\u00edtica de &quot;economizar energia, ser verde, proteger o meio ambiente&quot;. A 3TOP usa equipamentos e linhas atualizados que atendem aos padr\u00f5es GMP, que s\u00e3o usados na fabrica\u00e7\u00e3o de medicamentos. Em sua f\u00e1brica, onde eles produzem xampu e outras coisas, os gases liberados s\u00e3o muito menores do que os requisitos dos padr\u00f5es dom\u00e9sticos da China. Isso os ajuda a economizar mais de 600 metros c\u00fabicos de g\u00e1s natural todos os dias e mais de 600.000 RMB em custos de g\u00e1s a cada ano.<\/p>\n<\/div>\n\n\n\n<div class=\"wp-block-column is-vertically-aligned-center is-layout-flow wp-block-column-is-layout-flow\">\n<figure class=\"wp-block-image size-full\"><img loading=\"lazy\" decoding=\"async\" width=\"800\" height=\"450\" src=\"https:\/\/www.ruiqigo.com\/wp-content\/uploads\/2024\/07\/11.jpg\" alt=\"\" class=\"wp-image-726\" srcset=\"https:\/\/www.ruiqigo.com\/wp-content\/uploads\/2024\/07\/11.jpg 800w, https:\/\/www.ruiqigo.com\/wp-content\/uploads\/2024\/07\/11-768x432.jpg 768w\" sizes=\"(max-width: 800px) 100vw, 800px\" \/><\/figure>\n<\/div>\n<\/div>\n\n\n\n<div class=\"wp-block-columns are-vertically-aligned-center mb-60 is-layout-flex wp-container-core-columns-is-layout-9d6595d7 wp-block-columns-is-layout-flex\">\n<div class=\"wp-block-column is-vertically-aligned-center is-layout-flow wp-block-column-is-layout-flow\">\n<figure class=\"wp-block-image size-full\"><img loading=\"lazy\" decoding=\"async\" width=\"800\" height=\"450\" src=\"https:\/\/www.ruiqigo.com\/wp-content\/uploads\/2024\/07\/3.jpg\" alt=\"\" class=\"wp-image-728\" srcset=\"https:\/\/www.ruiqigo.com\/wp-content\/uploads\/2024\/07\/3.jpg 800w, https:\/\/www.ruiqigo.com\/wp-content\/uploads\/2024\/07\/3-768x432.jpg 768w\" sizes=\"(max-width: 800px) 100vw, 800px\" \/><\/figure>\n<\/div>\n\n\n\n<div class=\"wp-block-column is-vertically-aligned-center is-layout-flow wp-block-column-is-layout-flow\">\n<h3 class=\"wp-block-heading\"><strong>Uso de energia limpa<\/strong><strong><\/strong><\/h3>\n\n\n\n<p>Ao instalar 2 conjuntos de sistemas de gera\u00e7\u00e3o de energia fotovoltaica, a 3TOP utiliza energia verde e reduz o consumo de eletricidade, realizando assim alta efici\u00eancia e economia de energia na produ\u00e7\u00e3o. Gerar eletricidade com energia fotovoltaica n\u00e3o apenas reduz significativamente a depend\u00eancia de fontes de energia tradicionais, mas tamb\u00e9m reduz significativamente as emiss\u00f5es de carbono, contribuindo para a prote\u00e7\u00e3o ambiental da Terra.<\/p>\n<\/div>\n<\/div>\n\n\n\n<div class=\"wp-block-columns are-vertically-aligned-center mb-60 is-layout-flex wp-container-core-columns-is-layout-9d6595d7 wp-block-columns-is-layout-flex\">\n<div class=\"wp-block-column is-vertically-aligned-center is-layout-flow wp-block-column-is-layout-flow\">\n<h3 class=\"wp-block-heading\"><strong>Processo Verde<\/strong><strong><\/strong><\/h3>\n\n\n\n<p>A 3TOP est\u00e1 constantemente explorando processos de produ\u00e7\u00e3o verde para atingir algumas metas ambientais especiais. Por exemplo, rejeitar microesferas de pl\u00e1stico. Produtos de higiene pessoal de uso di\u00e1rio geralmente cont\u00eam grandes quantidades de microesferas de pl\u00e1stico, que s\u00e3o part\u00edculas de pl\u00e1stico menores que 2 mil\u00edmetros. Por serem min\u00fasculas, quando voc\u00ea usa produtos de higiene pessoal com microesferas de pl\u00e1stico, essas esferas v\u00e3o para a pia, passam por esta\u00e7\u00f5es de tratamento de \u00e1gua e acabam no oceano. Peixes e crust\u00e1ceos as comem, e ent\u00e3o elas se tornam parte da nossa comida e at\u00e9 mesmo dos nossos corpos. Em 2015, um grupo na Europa que trabalha com cosm\u00e9ticos e cuidados pessoais disse que as empresas deveriam parar de usar microesferas de pl\u00e1stico em seus produtos por conta pr\u00f3pria.<\/p>\n<\/div>\n\n\n\n<div class=\"wp-block-column is-vertically-aligned-center is-layout-flow wp-block-column-is-layout-flow\">\n<figure class=\"wp-block-image size-full\"><img loading=\"lazy\" decoding=\"async\" width=\"800\" height=\"450\" src=\"https:\/\/www.ruiqigo.com\/wp-content\/uploads\/2024\/07\/6.jpg\" alt=\"\" class=\"wp-image-741\" srcset=\"https:\/\/www.ruiqigo.com\/wp-content\/uploads\/2024\/07\/6.jpg 800w, https:\/\/www.ruiqigo.com\/wp-content\/uploads\/2024\/07\/6-768x432.jpg 768w\" sizes=\"(max-width: 800px) 100vw, 800px\" \/><\/figure>\n<\/div>\n<\/div>\n\n\n\n<p>A 3TOP vem fazendo produtos para cuidados com a pele e lavagem das m\u00e3os com coisas naturais em vez de pequenas esferas de pl\u00e1stico h\u00e1 algum tempo. Eles usam coisas como nozes, am\u00eandoas e caro\u00e7os de azeitona porque s\u00e3o perfeitos para fazer cosm\u00e9ticos e limpam suavemente sem arranhar sua pele. A 3TOP transforma isso em esfoliantes naturais para substituir as esferas de pl\u00e1stico. Al\u00e9m disso, coisas naturais \u00e0s vezes podem fazer os produtos parecerem mais escuros, mas a 3TOP corrige isso adicionando cores claras como di\u00f3xido de tit\u00e2nio. Isso \u00e9 seguro e n\u00e3o vai incomodar sua pele. Al\u00e9m disso, a 3TOP usa um tipo especial de amido de milho que \u00e9 um pouco \u00e1spero. Ele limpa bem, n\u00e3o arranha e se decomp\u00f5e facilmente, o que \u00e9 bom para o meio ambiente.<\/p>\n\n\n\n<div class=\"wp-block-columns are-vertically-aligned-center mb-60 is-layout-flex wp-container-core-columns-is-layout-9d6595d7 wp-block-columns-is-layout-flex\">\n<div class=\"wp-block-column is-vertically-aligned-center is-layout-flow wp-block-column-is-layout-flow\">\n<figure class=\"wp-block-image size-full\"><img loading=\"lazy\" decoding=\"async\" width=\"800\" height=\"450\" src=\"https:\/\/www.ruiqigo.com\/wp-content\/uploads\/2024\/07\/12.jpg\" alt=\"\" class=\"wp-image-733\" srcset=\"https:\/\/www.ruiqigo.com\/wp-content\/uploads\/2024\/07\/12.jpg 800w, https:\/\/www.ruiqigo.com\/wp-content\/uploads\/2024\/07\/12-768x432.jpg 768w\" sizes=\"(max-width: 800px) 100vw, 800px\" \/><\/figure>\n<\/div>\n\n\n\n<div class=\"wp-block-column is-vertically-aligned-center is-layout-flow wp-block-column-is-layout-flow\">\n<h3 class=\"wp-block-heading\"><strong>Reciclagem de \u00e1guas residuais e g\u00e1s<\/strong><strong><\/strong><\/h3>\n\n\n\n<p>A 3TOP segue a ideia de &quot;miss\u00e3o verde, futuro claro&quot; ao lidar com \u00e1guas residuais e g\u00e1s. Eles implementaram sistemas para reciclar \u00e1guas residuais e limpar gases residuais em sua f\u00e1brica. O sistema de \u00e1guas residuais usa bons filtros e limpeza especial para transformar \u00e1gua suja de fabrica\u00e7\u00e3o de coisas em \u00e1gua que pode ser usada novamente, o que \u00e9 melhor para o meio ambiente. Ao mesmo tempo, o sistema de g\u00e1s residual usa maneiras sofisticadas de limpar gases ruins e torn\u00e1-los seguros. O sistema de \u00e1guas residuais pode limpar 100 toneladas de \u00e1gua todos os dias, e o sistema de g\u00e1s residual pode reduzir o g\u00e1s qu\u00edmico em 70% e o g\u00e1s CO2 em outros 30% para cada coisa que eles fazem. Al\u00e9m disso, a 3TOP cuida de como eles usam e jogam fora coisas como mat\u00e9rias-primas e produtos qu\u00edmicos. Eles t\u00eam um sistema para mant\u00ea-los separados e armazen\u00e1-los, e trabalham com outra empresa para recicl\u00e1-los a tempo.<\/p>\n<\/div>\n<\/div>\n\n\n\n<h2 class=\"wp-block-heading has-text-align-center\"><strong>3. Materiais de embalagem ecol\u00f3gicos<\/strong><\/h2>\n\n\n\n<div class=\"wp-block-columns are-vertically-aligned-center mb-60 is-layout-flex wp-container-core-columns-is-layout-9d6595d7 wp-block-columns-is-layout-flex\">\n<div class=\"wp-block-column is-vertically-aligned-center is-layout-flow wp-block-column-is-layout-flow\">\n<h3 class=\"wp-block-heading\"><strong>Uso de materiais ecol\u00f3gicos premium:<\/strong><strong><\/strong><\/h3>\n\n\n\n<p>A 3TOP sabe que embalagens antigas podem prejudicar o meio ambiente, ent\u00e3o eles usam materiais ecol\u00f3gicos. Eles usam pl\u00e1sticos biodegrad\u00e1veis para as embalagens de seus produtos. Esses pl\u00e1sticos se decomp\u00f5em facilmente na natureza e n\u00e3o prejudicam o meio ambiente ou as plantas. Pl\u00e1sticos biodegrad\u00e1veis s\u00e3o uma escolha popular e bem testada para embalagens. Eles podem se decompor rapidamente com a ajuda de subst\u00e2ncias especiais que aceleram o processo. Voc\u00ea pode encontrar embalagens biodegrad\u00e1veis como sacolas, canudos e canetas. Desde 2020, a 3TOP tem trabalhado em embalagens que podem ser recicladas ou se decompor\u00e3o na natureza. Eles fizeram pequenas bolsas de viagem de 10-12 ml, e as pessoas na Europa e nos Estados Unidos realmente gostam delas.<\/p>\n<\/div>\n\n\n\n<div class=\"wp-block-column is-vertically-aligned-center is-layout-flow wp-block-column-is-layout-flow\">\n<figure class=\"wp-block-image size-full\"><img loading=\"lazy\" decoding=\"async\" width=\"800\" height=\"450\" src=\"https:\/\/www.ruiqigo.com\/wp-content\/uploads\/2024\/07\/9.jpg\" alt=\"\" class=\"wp-image-730\" srcset=\"https:\/\/www.ruiqigo.com\/wp-content\/uploads\/2024\/07\/9.jpg 800w, https:\/\/www.ruiqigo.com\/wp-content\/uploads\/2024\/07\/9-768x432.jpg 768w\" sizes=\"(max-width: 800px) 100vw, 800px\" \/><\/figure>\n<\/div>\n<\/div>\n\n\n\n<div class=\"wp-block-columns are-vertically-aligned-center mb-60 is-layout-flex wp-container-core-columns-is-layout-9d6595d7 wp-block-columns-is-layout-flex\">\n<div class=\"wp-block-column is-vertically-aligned-center is-layout-flow wp-block-column-is-layout-flow\">\n<figure class=\"wp-block-image size-full\"><img loading=\"lazy\" decoding=\"async\" width=\"800\" height=\"450\" src=\"https:\/\/www.ruiqigo.com\/wp-content\/uploads\/2024\/07\/8.jpg\" alt=\"\" class=\"wp-image-736\" srcset=\"https:\/\/www.ruiqigo.com\/wp-content\/uploads\/2024\/07\/8.jpg 800w, https:\/\/www.ruiqigo.com\/wp-content\/uploads\/2024\/07\/8-768x432.jpg 768w\" sizes=\"(max-width: 800px) 100vw, 800px\" \/><\/figure>\n<\/div>\n\n\n\n<div class=\"wp-block-column is-vertically-aligned-center is-layout-flow wp-block-column-is-layout-flow\">\n<h3 class=\"wp-block-heading\"><strong>Otimizar o design da embalagem<\/strong><strong><\/strong><\/h3>\n\n\n\n<p>A 3TOP tamb\u00e9m est\u00e1 trabalhando para melhorar as embalagens e usar menos delas. Eles descobrem quanto espa\u00e7o e qu\u00e3o pesados seus produtos precisam, para que possam fazer caixas menores e mais leves. Isso ajuda a manter os produtos seguros quando s\u00e3o transportados e tamb\u00e9m reduz o desperd\u00edcio. Por exemplo, a 3TOP fez uma nova caixa para uma marca de xampu. Ela tem uma apar\u00eancia bonita e economiza tinta, papel\u00e3o, enchimento e o espa\u00e7o que ocupa no transporte. Com as caixas antigas, voc\u00ea poderia colocar quatro em uma caixa grande com uma foto. A nova caixa tem um fundo especial que os funcion\u00e1rios da loja podem tirar e usar para manusear o xampu e mostr\u00e1-lo na loja. O novo design usa muito menos material. Ela tem uma &quot;tampa de papel&quot; simples que sai facilmente para proteger o xampu durante o transporte e n\u00e3o precisa de impress\u00e3o. Essa embalagem melhor ajuda a economizar 67 toneladas de papel, significa que 52 caminh\u00f5es grandes a menos s\u00e3o necess\u00e1rios para transportar o xampu e reduz o uso de tinta em at\u00e9 80% a cada ano.<\/p>\n<\/div>\n<\/div>\n\n\n\n<p>Al\u00e9m disso, a 3TOP tamb\u00e9m continua aprimorando o novo design de bomba-prensa para outros produtos engarrafados e enlatados, economizando 8 toneladas de pl\u00e1stico por ano e 40 toneladas de caixas externas de papel por ano, otimizando o processo de embalagem. Os produtos de xampu rec\u00e9m-lan\u00e7ados economizaram cerca de 13% de consum\u00edveis de embalagem por frasco, melhorando o design da tampa e do frasco.<\/p>\n\n\n\n<div class=\"wp-block-columns are-vertically-aligned-center mb-60 is-layout-flex wp-container-core-columns-is-layout-9d6595d7 wp-block-columns-is-layout-flex\">\n<div class=\"wp-block-column is-vertically-aligned-center is-layout-flow wp-block-column-is-layout-flow\">\n<h3 class=\"wp-block-heading\"><strong>Lan\u00e7ou uma estrat\u00e9gia de reciclagem de embalagens<\/strong><strong><\/strong><\/h3>\n\n\n\n<p>Uma pesquisa da Associa\u00e7\u00e3o Americana para o Avan\u00e7o da Ci\u00eancia (AAAS) mostra que cerca de 40% dos mais de 400 milh\u00f5es de toneladas de pl\u00e1stico produzidas a cada ano v\u00eam de embalagens e que essas embalagens pl\u00e1sticas geralmente s\u00e3o usadas apenas uma vez antes de serem descartadas. Em resposta, a 3TOP introduziu um programa de reciclagem de embalagens para os consumidores para incentiv\u00e1-los a participar de iniciativas ambientais. Os clientes podem levar frascos de cosm\u00e9ticos vazios para lojas especiais para recicl\u00e1-los. Em troca, eles ganham um pacote de amostra gr\u00e1tis de cosm\u00e9ticos. Isso ajuda as pessoas a reunir e reciclar mais frascos, o que reduz o lixo. Os frascos coletados ser\u00e3o transformados em coisas novas ou usados para produzir energia.<\/p>\n<\/div>\n\n\n\n<div class=\"wp-block-column is-vertically-aligned-center is-layout-flow wp-block-column-is-layout-flow\">\n<figure class=\"wp-block-image size-full\"><img loading=\"lazy\" decoding=\"async\" width=\"800\" height=\"450\" src=\"https:\/\/www.ruiqigo.com\/wp-content\/uploads\/2024\/07\/2.jpg\" alt=\"\" class=\"wp-image-739\" srcset=\"https:\/\/www.ruiqigo.com\/wp-content\/uploads\/2024\/07\/2.jpg 800w, https:\/\/www.ruiqigo.com\/wp-content\/uploads\/2024\/07\/2-768x432.jpg 768w\" sizes=\"(max-width: 800px) 100vw, 800px\" \/><\/figure>\n<\/div>\n<\/div>\n\n\n\n<h2 class=\"wp-block-heading has-text-align-center\"><strong>Conclus\u00e3o<\/strong><strong><\/strong><\/h2>\n\n\n\n<p>A 3TOP entende que o desenvolvimento sustent\u00e1vel n\u00e3o \u00e9 apenas um slogan, mas tamb\u00e9m uma a\u00e7\u00e3o. Portanto, a 3TOP participa ativamente de v\u00e1rias atividades de bem-estar p\u00fablico ambiental, defende o conceito de consumo verde e promove o desenvolvimento da ind\u00fastria em uma dire\u00e7\u00e3o mais sustent\u00e1vel e ecologicamente correta. Esperamos que, por meio de nossos esfor\u00e7os, mais pessoas entendam e prestem aten\u00e7\u00e3o ao desenvolvimento sustent\u00e1vel e contribuam conjuntamente para o futuro da Terra. Escolher nossos produtos qu\u00edmicos di\u00e1rios \u00e9 escolher cuidado e responsabilidade pela Terra e pelas gera\u00e7\u00f5es futuras. Vamos testemunhar um futuro mais verde e melhor!<\/p>","protected":false},"excerpt":{"rendered":"China&#8217;s industries are focusing on the &#8216;dual-carbon&#8217; goal, which aims to reduce carbon emissions and pollution. This is important for making the economy and society more environmentally friendly and sustainable. The daily skincare industry is also working towards this goal. 3TOP supports the idea of sustainable development and has done well in saving energy, reducing [&hellip;]","protected":false},"author":9,"featured_media":717,"parent":0,"menu_order":0,"comment_status":"closed","ping_status":"closed","template":"","meta":{"footnotes":""},"class_list":["post-8","page","type-page","status-publish","has-post-thumbnail","hentry"],"acf":[],"_links":{"self":[{"href":"https:\/\/www.ruiqigo.com\/pt_pt\/wp-json\/wp\/v2\/pages\/8","targetHints":{"allow":["GET"]}}],"collection":[{"href":"https:\/\/www.ruiqigo.com\/pt_pt\/wp-json\/wp\/v2\/pages"}],"about":[{"href":"https:\/\/www.ruiqigo.com\/pt_pt\/wp-json\/wp\/v2\/types\/page"}],"author":[{"embeddable":true,"href":"https:\/\/www.ruiqigo.com\/pt_pt\/wp-json\/wp\/v2\/users\/9"}],"replies":[{"embeddable":true,"href":"https:\/\/www.ruiqigo.com\/pt_pt\/wp-json\/wp\/v2\/comments?post=8"}],"version-history":[{"count":0,"href":"https:\/\/www.ruiqigo.com\/pt_pt\/wp-json\/wp\/v2\/pages\/8\/revisions"}],"wp:featuredmedia":[{"embeddable":true,"href":"https:\/\/www.ruiqigo.com\/pt_pt\/wp-json\/wp\/v2\/media\/717"}],"wp:attachment":[{"href":"https:\/\/www.ruiqigo.com\/pt_pt\/wp-json\/wp\/v2\/media?parent=8"}],"curies":[{"name":"wp","href":"https:\/\/api.w.org\/{rel}","templated":true}]}}