{"id":835,"date":"2024-07-30T15:57:32","date_gmt":"2024-07-30T07:57:32","guid":{"rendered":"https:\/\/ruiqigo.com\/?page_id=835"},"modified":"2024-12-24T10:10:52","modified_gmt":"2024-12-24T02:10:52","slug":"cookie-policy","status":"publish","type":"page","link":"https:\/\/www.ruiqigo.com\/pt_pt\/cookie-policy","title":{"rendered":"Pol\u00edtica de Cookies"},"content":{"rendered":"<h3 class=\"wp-block-heading\">O que s\u00e3o cookies?<\/h3>\n\n\n\n<p>Um arquivo de cookie n\u00e3o nos d\u00e1 acesso ao seu dispositivo ou a qualquer informa\u00e7\u00e3o sobre voc\u00ea al\u00e9m dos dados que voc\u00ea escolher compartilhar conosco, e pode incluir um identificador exclusivo an\u00f4nimo.<\/p>\n\n\n\n<h3 class=\"wp-block-heading\">Como usamos cookies?<\/h3>\n\n\n\n<p>Usamos cookies para rastrear a atividade no site da Aerotech e armazenar certas informa\u00e7\u00f5es.<\/p>\n\n\n\n<p>Exemplos de cookies que podemos usar e como podemos us\u00e1-los incluem:<\/p>\n\n\n\n<ul class=\"wp-block-list\">\n<li>Cookies de sess\u00e3o: Esses cookies s\u00e3o usados para operar o site e s\u00e3o removidos do seu dispositivo no final da sess\u00e3o de navega\u00e7\u00e3o.<\/li>\n\n\n\n<li>Cookies de prefer\u00eancia: Esses cookies s\u00e3o usados para lembrar suas prefer\u00eancias e v\u00e1rias configura\u00e7\u00f5es.<\/li>\n\n\n\n<li>Cookies de seguran\u00e7a: Esses cookies habilitam e d\u00e3o suporte aos nossos recursos de seguran\u00e7a e nos ajudam a detectar atividades maliciosas.<\/li>\n\n\n\n<li>Cookies de estat\u00edsticas: Esses cookies s\u00e3o usados para identificar quais p\u00e1ginas do nosso site est\u00e3o sendo visitadas e usadas. Isso nos ajuda a analisar dados sobre o tr\u00e1fego da p\u00e1gina da web, como com o Google Analytics, para melhorar nosso site. Usamos essas informa\u00e7\u00f5es apenas para fins de an\u00e1lise estat\u00edstica e, em seguida, os dados s\u00e3o removidos do sistema.<\/li>\n<\/ul>\n\n\n\n<h3 class=\"wp-block-heading\">Controlando cookies<\/h3>\n\n\n\n<p>Voc\u00ea pode escolher aceitar ou recusar cookies. Se voc\u00ea preferir n\u00e3o usar cookies em nosso site, voc\u00ea pode controlar ou optar por n\u00e3o usar das seguintes maneiras:<\/p>\n\n\n\n<ul class=\"wp-block-list\">\n<li>Voc\u00ea tamb\u00e9m pode configurar as configura\u00e7\u00f5es do seu navegador para rejeitar cookies. Voc\u00ea tamb\u00e9m pode excluir todos os cookies que j\u00e1 est\u00e3o no disco r\u00edgido do seu computador, procurando e excluindo arquivos com \u201ccookie\u201d nele.<\/li>\n\n\n\n<li>Para controlar a coleta de dados para fins anal\u00edticos pelo Google Analytics, voc\u00ea pode visitar esta p\u00e1gina.<\/li>\n<\/ul>\n\n\n\n<p>Tenha em mente que recusar ou desabilitar cookies pode significar que voc\u00ea pode n\u00e3o ter acesso a certos recursos no site. Remover todos os cookies do seu computador tamb\u00e9m pode afetar suas visitas subsequentes a certos sites, incluindo o MugFactory Website, exigindo que voc\u00ea insira novamente certas informa\u00e7\u00f5es quando retornar.<\/p>\n\n\n\n<p>Para obter informa\u00e7\u00f5es sobre como outras informa\u00e7\u00f5es pessoais podem ser coletadas e usadas pela 3TOP, visite nossa Pol\u00edtica de Privacidade.<\/p>","protected":false},"excerpt":{"rendered":"What are cookies? A cookie file does not give us access to your device or any information about you other than the data you choose to share with us, and it may include an anonymous unique identifier. How do we use cookies? We use cookies to track the activity on the Aerotech Website and hold [&hellip;]","protected":false},"author":9,"featured_media":0,"parent":0,"menu_order":0,"comment_status":"closed","ping_status":"closed","template":"","meta":{"footnotes":""},"class_list":["post-835","page","type-page","status-publish","hentry"],"acf":[],"_links":{"self":[{"href":"https:\/\/www.ruiqigo.com\/pt_pt\/wp-json\/wp\/v2\/pages\/835","targetHints":{"allow":["GET"]}}],"collection":[{"href":"https:\/\/www.ruiqigo.com\/pt_pt\/wp-json\/wp\/v2\/pages"}],"about":[{"href":"https:\/\/www.ruiqigo.com\/pt_pt\/wp-json\/wp\/v2\/types\/page"}],"author":[{"embeddable":true,"href":"https:\/\/www.ruiqigo.com\/pt_pt\/wp-json\/wp\/v2\/users\/9"}],"replies":[{"embeddable":true,"href":"https:\/\/www.ruiqigo.com\/pt_pt\/wp-json\/wp\/v2\/comments?post=835"}],"version-history":[{"count":0,"href":"https:\/\/www.ruiqigo.com\/pt_pt\/wp-json\/wp\/v2\/pages\/835\/revisions"}],"wp:attachment":[{"href":"https:\/\/www.ruiqigo.com\/pt_pt\/wp-json\/wp\/v2\/media?parent=835"}],"curies":[{"name":"wp","href":"https:\/\/api.w.org\/{rel}","templated":true}]}}