{"id":1042,"date":"2024-09-06T14:56:39","date_gmt":"2024-09-06T06:56:39","guid":{"rendered":"https:\/\/ruiqigo.com\/?post_type=product&#038;p=1042"},"modified":"2025-09-03T15:21:38","modified_gmt":"2025-09-03T07:21:38","slug":"propolis-mouthwash","status":"publish","type":"product","link":"https:\/\/www.ruiqigo.com\/pt_pt\/product\/propolis-mouthwash","title":{"rendered":"Enxaguante Bucal Pr\u00f3polis"},"content":{"rendered":"<h2 class=\"wp-block-heading\">Receita de Enxaguante Bucal de Pr\u00f3polis<\/h2>\n\n\n\n<p><strong>1. Pr\u00f3polis: <\/strong>Como ingrediente importante no enxaguat\u00f3rio bucal de pr\u00f3polis, o pr\u00f3polis \u00e9 um extrato natural com efeitos antibacterianos e antiinflamat\u00f3rios, que podem promover a regenera\u00e7\u00e3o dos tecidos e a sa\u00fade bucal<\/p>\n\n\n\n<p><strong>2. Xilitol: <\/strong>Pode promover a secre\u00e7\u00e3o de saliva e reduzir subst\u00e2ncias \u00e1cidas, reduzindo assim a eros\u00e3o dent\u00e1ria<\/p>\n\n\n\n<p><strong>3. Hortel\u00e3: <\/strong>Possui aroma fresco e doce, o que pode melhorar o sabor do enxaguat\u00f3rio bucal e obter o efeito de h\u00e1lito fresco<\/p>\n\n\n\n<p><strong>4. Glicerina:<\/strong> Ajuda a manter a boca \u00famida e alivia a situa\u00e7\u00e3o de boca seca<\/p>\n\n\n\n<h2 class=\"wp-block-heading\">Caracter\u00edsticas do enxaguat\u00f3rio bucal de pr\u00f3polis<\/h2>\n\n\n\n<h3 class=\"wp-block-heading\">1. Ingredientes naturais<\/h3>\n\n\n\n<p>O ingrediente principal \u00e9 o pr\u00f3polis, e o pr\u00f3polis \u00e9 uma subst\u00e2ncia natural com uma variedade de ingredientes ativos<\/p>\n\n\n\n<h3 class=\"wp-block-heading\">2. Antibacteriano e anti-inflamat\u00f3rio<\/h3>\n\n\n\n<p>Os ingredientes ativos do pr\u00f3polis podem inibir e eliminar bact\u00e9rias nocivas na boca e reduzir a inflama\u00e7\u00e3o oral<\/p>\n\n\n\n<h3 class=\"wp-block-heading\">3. Suave e n\u00e3o irritante<\/h3>\n\n\n\n<p>Nosso enxaguat\u00f3rio bucal n\u00e3o adiciona \u00e1lcool e outros ingredientes irritantes e \u00e9 mais suave e confort\u00e1vel, adequado para a maioria das pessoas<\/p>\n\n\n\n<h3 class=\"wp-block-heading\">4. Conveniente e port\u00e1til<\/h3>\n\n\n\n<p>O enxaguat\u00f3rio bucal \u00e9 simples de operar, n\u00e3o \u00e9 preciso escolher a ocasi\u00e3o, e nosso design de embalagem pode ser facilmente transportado e usado a qualquer momento<\/p>\n\n\n\n<h2 class=\"wp-block-heading\">Algumas Efic\u00e1cias&nbsp;<\/h2>\n\n\n\n<h3 class=\"wp-block-heading\">1. Anti-inflamat\u00f3rio e analg\u00e9sico<\/h3>\n\n\n\n<p>Os ingredientes ativos do enxaguat\u00f3rio bucal de pr\u00f3polis t\u00eam uma forte capacidade antibacteriana, que pode inibir o crescimento de bact\u00e9rias e reduzir os danos das bact\u00e9rias \u00e0 mucosa oral, reduzindo assim a inflama\u00e7\u00e3o. O pr\u00f3polis tem um efeito analg\u00e9sico natural, pode agir no interior da boca, aliviar \u00falceras na boca e sintomas de gengivas inchadas.<\/p>\n\n\n\n<h3 class=\"wp-block-heading\">2. Preven\u00e7\u00e3o de doen\u00e7as bucais<\/h3>\n\n\n\n<p>O ambiente oral do corpo humano \u00e9 normalmente \u00e1cido, e as bact\u00e9rias continuar\u00e3o a crescer e se multiplicar no ambiente \u00e1cido, resultando em inflama\u00e7\u00e3o cr\u00f4nica, como doen\u00e7a periodontal, que representa uma s\u00e9ria amea\u00e7a \u00e0 sa\u00fade de nossos dentes e gengivas. Nosso enxaguat\u00f3rio bucal de pr\u00f3polis pode neutralizar o valor do pH na boca, inibir o crescimento de bact\u00e9rias dentro da boca e formar um ambiente oral relativamente saud\u00e1vel, o uso a longo prazo pode prevenir doen\u00e7as periodontais, c\u00e1ries dent\u00e1rias e outras doen\u00e7as orais.<\/p>\n\n\n\n<h3 class=\"wp-block-heading\">3. Aumentar a imunidade oral<\/h3>\n\n\n\n<p>O enxaguante bucal de pr\u00f3polis previne a deteriora\u00e7\u00e3o da inflama\u00e7\u00e3o por meio de efeitos anti-inflamat\u00f3rios, reduz o risco de infec\u00e7\u00e3o oral e regula a resposta imunol\u00f3gica dentro da boca, protegendo assim a sa\u00fade bucal; Em segundo lugar, as subst\u00e2ncias ativas no enxaguante bucal de pr\u00f3polis podem aumentar a imunidade do corpo e agir indiretamente no interior da boca para aumentar a resist\u00eancia oral a pat\u00f3genos; Al\u00e9m disso, os ingredientes antioxidantes que adicionamos podem limpar os radicais livres na boca, reduzir os danos dos radicais livres \u00e0 mucosa oral e ajudar a aumentar a imunidade.<\/p>\n\n\n\n<h3 class=\"wp-block-heading\">4. H\u00e1lito fresco<\/h3>\n\n\n\n<p>As causas da halitose s\u00e3o divididas em fisiol\u00f3gicas e patol\u00f3gicas, patol\u00f3gicas se referem a doen\u00e7as orais, como gengivite, periodontite, etc., essas doen\u00e7as produzir\u00e3o odores corruptos, ou seja, halitose. Enquanto fisiol\u00f3gica se refere ao mau h\u00e1lito causado por restos de comida e alguns h\u00e1bitos alimentares ruins, fisiol\u00f3gica \u00e9 mais curta que patol\u00f3gica. \u00c9 por isso que nosso enxaguat\u00f3rio bucal de pr\u00f3polis \u00e9 infundido com ingredientes como hortel\u00e3, que remove odores da boca, mant\u00e9m o h\u00e1lito fresco e tem um aroma duradouro, e evita constrangimento social ap\u00f3s as refei\u00e7\u00f5es. O uso a longo prazo tamb\u00e9m pode auxiliar no tratamento da halitose patol\u00f3gica.<\/p>\n\n\n\n<h3 class=\"wp-block-heading\">5. Promover a cicatriza\u00e7\u00e3o dos tecidos<\/h3>\n\n\n\n<p>O pr\u00f3polis tem efeitos anti-inflamat\u00f3rios e analg\u00e9sicos, o que tamb\u00e9m ajuda a reduzir os danos causados pela inflama\u00e7\u00e3o e acelerar o reparo do tecido; Al\u00e9m disso, os ingredientes ativos adicionados ao enxaguat\u00f3rio bucal de pr\u00f3polis podem penetrar nos tecidos danificados, estimular a prolifera\u00e7\u00e3o e diferencia\u00e7\u00e3o celular e promover o reparo da mucosa oral. Ao mesmo tempo, o pr\u00f3polis tamb\u00e9m tem um efeito adstringente, o que pode reduzir a ferida e mant\u00ea-la seca e limpa, proporcionando um bom ambiente para acelerar o reparo do tecido. Esta \u00e9, sem d\u00favida, uma importante ferramenta auxiliar de limpeza para pacientes com inflama\u00e7\u00e3o oral, como \u00falceras de aftas.<\/p>\n\n\n\n<h2 class=\"wp-block-heading\">Instru\u00e7\u00f5es de uso<\/h2>\n\n\n\n<p>H\u00e1 instru\u00e7\u00f5es anexadas aos nossos produtos. \u00c9 recomendado us\u00e1-los de acordo com as instru\u00e7\u00f5es. Agite bem antes de usar para que o material interno seja misturado uniformemente.&nbsp;<\/p>\n\n\n\n<h3 class=\"wp-block-heading\">Passo 1: <\/h3>\n\n\n\n<p>Voc\u00ea precisa tomar uma quantidade adequada de enxaguante bucal, nossa tampa de frasco tem uma rosca na parte interna, que pode ser usada como uma ferramenta de medi\u00e7\u00e3o, cerca de 10-15 ml;\u00a0<\/p>\n\n\n\n<h3 class=\"wp-block-heading\">Passo 2:<\/h3>\n\n\n\n<p>Em seguida, coloque o enxaguante bucal na boca e da esquerda para a direita e depois para a frente da boca para gargarejar v\u00e1rias vezes e, finalmente, deixe o enxaguante bucal na l\u00edngua, certificando-se de que o enxaguante bucal cubra todos os cantos e fendas dentro da boca. O tempo de gargarejo \u00e9 geralmente de 30 segundos a 1 minuto;<\/p>\n\n\n\n<h3 class=\"wp-block-heading\">Etapa 3:<\/h3>\n\n\n\n<p>Por fim, cuspa o enxaguante bucal e tome cuidado para n\u00e3o engolir. Recomendamos que voc\u00ea n\u00e3o beba \u00e1gua ou coma dentro de meia hora ap\u00f3s gargarejar, para melhor formar uma pel\u00edcula protetora e manter o h\u00e1lito fresco.\u00a0<\/p>\n\n\n\n<p>A frequ\u00eancia de uso do enxaguante bucal varia de pessoa para pessoa. Geralmente pode ser usado ap\u00f3s a escova\u00e7\u00e3o ou ap\u00f3s as refei\u00e7\u00f5es. Se voc\u00ea sentir algum desconforto durante o uso, pare de usar imediatamente e consulte seu m\u00e9dico. Nosso enxaguante bucal \u00e9 f\u00e1cil de transportar e pode ser mantido em casa ou em qualquer lugar, mas deve ser mantido em um local fresco e seco.<\/p>\n\n\n\n<h2 class=\"wp-block-heading\">Popula\u00e7\u00e3o aplic\u00e1vel<\/h2>\n\n\n\n<p>Nosso enxaguante bucal de pr\u00f3polis \u00e9 seguro, suave e n\u00e3o irritante, e \u00e9 um aux\u00edlio essencial para a maioria das pessoas, especialmente aquelas que sofrem de inflama\u00e7\u00e3o oral, bem como mau h\u00e1lito devido ao fumo, n\u00e3o limpar a boca por muito tempo e maus h\u00e1bitos alimentares. Ao mesmo tempo, nosso design de embalagem tamb\u00e9m \u00e9 adequado para transportar a qualquer momento, prop\u00edcio para viagens de neg\u00f3cios, viagens, encontros e outras ocasi\u00f5es sociais para usar, h\u00e1lito fresco r\u00e1pido e melhorar a confian\u00e7a. No entanto, mulheres gr\u00e1vidas, al\u00e9rgicas \u00e0 pr\u00f3polis, crian\u00e7as, mulheres amamentando e outros grupos especiais ainda precisam us\u00e1-lo sob a orienta\u00e7\u00e3o de um m\u00e9dico.<\/p>\n\n\n\n<h2 class=\"wp-block-heading\">Conclus\u00e3o<\/h2>\n\n\n\n<p>O cuidado bucal \u00e9 um processo de longo prazo, devemos combinar uma variedade de maneiras de limpar a boca, como escovas de dentes, fio dental, enxaguante bucal, etc., juntos para cuidar da nossa sa\u00fade bucal. Como uma das ferramentas auxiliares do cuidado bucal, nosso enxaguante bucal de pr\u00f3polis adiciona pr\u00f3polis natural puro e outros ingredientes baseados em enxaguante bucal comum e tamb\u00e9m tem um bom efeito antibacteriano e antiinflamat\u00f3rio sob a condi\u00e7\u00e3o de limpeza suave e n\u00e3o irritante, profunda, prevenindo ativamente doen\u00e7as bucais, aumentando a imunidade oral e refrescando o h\u00e1lito. N\u00e3o s\u00f3 tem uma variedade de benef\u00edcios, mas tamb\u00e9m funciona para a maioria das pessoas e \u00e9 uma escolha confi\u00e1vel.<\/p>\n\n\n\n<p><\/p>","protected":false},"excerpt":{"rendered":"Recipe for Propolis Mouthwash 1. Propolis: As an important ingredient in propolis mouthwash, propolis is a natural extract with antibacterial and anti-inflammatory effects, which can promote tissue regeneration and oral health 2. Xylitol: It can promote saliva secretion, and reduce acidic substances, thereby reducing tooth erosion 3. Mint: It has a fresh and sweet aroma, [&hellip;]","protected":false},"featured_media":1043,"menu_order":0,"template":"","meta":[],"product-tag":[201,206,207,208,212,213,216],"products":[72],"class_list":["post-1042","product","type-product","status-publish","has-post-thumbnail","hentry","product-tag-mouthwash-manufacturer","product-tag-mouthwash-companies","product-tag-mouthwash-factory","product-tag-mouthwash-suppliers","product-tag-mouthwash-contract-manufacturer","product-tag-antiseptic-mouthwashes-manufacturer","product-tag-private-label-mouthwash-manufacturers","products-mouthwash"],"acf":[],"_links":{"self":[{"href":"https:\/\/www.ruiqigo.com\/pt_pt\/wp-json\/wp\/v2\/product\/1042","targetHints":{"allow":["GET"]}}],"collection":[{"href":"https:\/\/www.ruiqigo.com\/pt_pt\/wp-json\/wp\/v2\/product"}],"about":[{"href":"https:\/\/www.ruiqigo.com\/pt_pt\/wp-json\/wp\/v2\/types\/product"}],"version-history":[{"count":0,"href":"https:\/\/www.ruiqigo.com\/pt_pt\/wp-json\/wp\/v2\/product\/1042\/revisions"}],"wp:featuredmedia":[{"embeddable":true,"href":"https:\/\/www.ruiqigo.com\/pt_pt\/wp-json\/wp\/v2\/media\/1043"}],"wp:attachment":[{"href":"https:\/\/www.ruiqigo.com\/pt_pt\/wp-json\/wp\/v2\/media?parent=1042"}],"wp:term":[{"taxonomy":"product-tag","embeddable":true,"href":"https:\/\/www.ruiqigo.com\/pt_pt\/wp-json\/wp\/v2\/product-tag?post=1042"},{"taxonomy":"products","embeddable":true,"href":"https:\/\/www.ruiqigo.com\/pt_pt\/wp-json\/wp\/v2\/products?post=1042"}],"curies":[{"name":"wp","href":"https:\/\/api.w.org\/{rel}","templated":true}]}}