{"id":1080,"date":"2024-09-14T14:55:04","date_gmt":"2024-09-14T06:55:04","guid":{"rendered":"https:\/\/ruiqigo.com\/?post_type=product&#038;p=1080"},"modified":"2024-11-14T22:16:48","modified_gmt":"2024-11-14T14:16:48","slug":"batana-oil","status":"publish","type":"product","link":"https:\/\/www.ruiqigo.com\/pt_pt\/product\/batana-oil","title":{"rendered":"\u00d3leo de Batana\u00a0"},"content":{"rendered":"<h2 class=\"wp-block-heading\">Como Formular uma Linha de Cuidados Capilares com \u00d3leo de Batana<\/h2>\n\n\n\n<p>Como fabricante l\u00edder de \u00f3leo de batata, o \u00f3leo de batata tem um efeito significativo no cuidado do cabelo gra\u00e7as aos seus nutrientes essenciais, que nutrem o cabelo, aumentam a resist\u00eancia do cabelo, retardam o envelhecimento e cuidam da sa\u00fade do seu cabelo.<\/p>\n\n\n\n<p>\u00c1cidos graxos: Os \u00e1cidos graxos nutrem profundamente os cabelos, deixando-os mais saud\u00e1veis e brilhantes. Al\u00e9m disso, eles tamb\u00e9m aumentam a elasticidade e a resist\u00eancia dos fios, reduzindo a quebra.<\/p>\n\n\n\n<p>Vitamina E: A vitamina E \u00e9 um antioxidante natural, com um certo efeito reparador, pode melhorar os cabelos danificados e reduzir os danos causados por pontas duplas e quebra. Al\u00e9m disso, a vitamina E tamb\u00e9m pode promover a circula\u00e7\u00e3o sangu\u00ednea no couro cabeludo, fornecendo mais nutrientes ao cabelo e promovendo o crescimento.<\/p>\n\n\n\n<p>Antioxidantes: Os antioxidantes podem combater os radicais livres para retardar o processo de oxida\u00e7\u00e3o do cabelo e do couro cabeludo, ajudar a retardar o processo de envelhecimento do cabelo e proteg\u00ea-lo dos raios UV, deixando-o mais brilhante e saud\u00e1vel.<\/p>\n\n\n\n<h2 class=\"wp-block-heading\">Caracter\u00edsticas<\/h2>\n\n\n\n<p>1. Natural e livre de polui\u00e7\u00e3o: Nosso \u00f3leo essencial de Batana \u00e9 extra\u00eddo sem adi\u00e7\u00e3o de outros componentes qu\u00edmicos durante o processo de produ\u00e7\u00e3o, os ingredientes s\u00e3o limpos, n\u00e3o cont\u00eam ingredientes irritantes e podem ser usados com seguran\u00e7a.<\/p>\n\n\n\n<p>2. F\u00e1cil absor\u00e7\u00e3o: comparados com os \u00f3leos essenciais comuns para cuidados com os cabelos, nossos \u00f3leos essenciais de Batana podem penetrar e absorver mais r\u00e1pido e melhor, e n\u00e3o ser\u00e3o oleosos, ent\u00e3o a experi\u00eancia ser\u00e1 mais confort\u00e1vel e podem ser usados com outros produtos, n\u00e3o s\u00e3o pesados.<\/p>\n\n\n\n<p>3. Pele \u00edntegra: As propriedades nutritivas, hidratantes e de f\u00e1cil absor\u00e7\u00e3o do \u00f3leo de Batana tamb\u00e9m demonstram sua adequa\u00e7\u00e3o a uma variedade de tipos de cabelo. Al\u00e9m de hidratar intensamente os cabelos secos e alcan\u00e7ar o efeito hidratante, ele tamb\u00e9m equilibra a secre\u00e7\u00e3o de \u00f3leo e reduz a sensa\u00e7\u00e3o de oleosidade dos cabelos oleosos. \u00c9 claro que, para cabelos mistos, pode melhorar a sa\u00fade geral dos fios e \u00e9 uma op\u00e7\u00e3o que vale a pena comprar.<\/p>\n\n\n\n<h2 class=\"wp-block-heading\">Os benef\u00edcios do \u00f3leo de batata<\/h2>\n\n\n\n<p>1. Nutri\u00e7\u00e3o e hidrata\u00e7\u00e3o profundas: O \u00f3leo essencial de Batana penetra profundamente no couro cabeludo, amaciando-o e acalmando-o, proporcionando um efeito nutritivo e hidratante para os cabelos. Este \u00e9 um bom \u00f3leo essencial para o cuidado capilar, indicado para pessoas com cabelos secos e danificados, podendo melhorar a qualidade capilar e eliminar o problema do ressecamento.<\/p>\n\n\n\n<p>2. Brilho natural: O \u00f3leo de batata n\u00e3o s\u00f3 alisa o cabelo, como tamb\u00e9m restaura o brilho. Deixa o cabelo mais liso e melhora a apar\u00eancia geral.<\/p>\n\n\n\n<p>3. Reparar danos: As subst\u00e2ncias antioxidantes do \u00f3leo de Batana podem reparar profundamente os cabelos danificados, reduzindo assim a quebra e as pontas duplas. Os danos causados por chapinhas e tinturas frequentes, bem como as pontas duplas, tamb\u00e9m podem ser o rem\u00e9dio certo. O uso a longo prazo pode aumentar a resist\u00eancia dos cabelos, tornando-os mais saud\u00e1veis e resistentes a pontas duplas e quebradi\u00e7as.<\/p>\n\n\n\n<p>4. Promove o crescimento: Como fabricante de precis\u00e3o, um couro cabeludo saud\u00e1vel \u00e9 prop\u00edcio ao crescimento capilar, e os nutrientes fornecidos pelo \u00f3leo essencial de Batana podem promover a sa\u00fade do couro cabeludo e proporcionar um bom ambiente de crescimento para os fol\u00edculos capilares. Massagear o \u00f3leo essencial de Batana no couro cabeludo estimula a circula\u00e7\u00e3o sangu\u00ednea e promove a sa\u00fade geral do cabelo, reduzindo assim a queda e a quebra capilar, al\u00e9m de ajudar o cabelo a crescer naturalmente.<\/p>\n\n\n\n<p>5. Suaviza\u00e7\u00e3o da pele: al\u00e9m dos cuidados com os cabelos, a Batana tamb\u00e9m pode ser usada em outros aspectos, como melhorar o tom irregular da pele, proporcionar um efeito hidratante para a pele, retardar o envelhecimento da pele e outros efeitos. Com o uso a longo prazo, voc\u00ea notar\u00e1 mudan\u00e7as na pele.<\/p>\n\n\n\n<h2 class=\"wp-block-heading\">Como usar \u00f3leo de batata no cabelo?<\/h2>\n\n\n\n<p>Como fabricante profissional de \u00f3leo de Batana, aqui est\u00e3o muitas maneiras de usar o \u00f3leo de Batana, e voc\u00ea pode escolher uma ou mais que sejam melhores para voc\u00ea com base no seu tipo de cabelo:<\/p>\n\n\n\n<p>1. Antes do shampoo: Pegue uma quantidade adequada de \u00f3leo essencial e esfregue na palma da m\u00e3o para aquecer. Massageie o \u00f3leo essencial quente no couro cabeludo e no cabelo, especialmente na parte seca e danificada. Em seguida, prenda o cabelo com uma touca de banho ou filme pl\u00e1stico e espere meia hora antes de lavar ou na manh\u00e3 seguinte. Esse processo ajuda o \u00f3leo essencial de Batana a penetrar mais profundamente nos fios, emulsificando a oleosidade e a sujeira, e nutrindo o couro cabeludo.<\/p>\n\n\n\n<p>2. Durante a lavagem: Voc\u00ea pode massagear uma pequena quantidade de \u00f3leo essencial no couro cabeludo e no cabelo durante a lavagem. Voc\u00ea tamb\u00e9m pode mistur\u00e1-lo com xampu ou condicionador. Cobrir todo o couro cabeludo com \u00f3leo essencial e massagear suavemente por 3 a 5 minutos pode limpar e relaxar o couro cabeludo, promovendo a circula\u00e7\u00e3o sangu\u00ednea e, assim, estimulando os fol\u00edculos capilares. Ap\u00f3s a massagem, enx\u00e1gue com \u00e1gua. Esse processo ajuda o \u00f3leo essencial a nutrir melhor o cabelo, deixando-o mais macio e brilhante.<\/p>\n\n\n\n<p>3. Ap\u00f3s lavar o cabelo com xampu, seque-o com uma toalha e mantenha-o levemente \u00famido. Em seguida, pegue uma quantidade adequada de \u00f3leo essencial, esfregue e aque\u00e7a, aplicando-o no cabelo, especialmente nas pontas, onde \u00e9 f\u00e1cil separ\u00e1-las. Ap\u00f3s a aplica\u00e7\u00e3o, deixe o cabelo secar naturalmente ou use um secador, tomando cuidado para n\u00e3o aquecer demais. Assim, seu cabelo ficar\u00e1 hidratado e protegido.<\/p>\n\n\n\n<h2 class=\"wp-block-heading\">Cuidado<\/h2>\n\n\n\n<p>1. Pela primeira vez, recomenda-se a realiza\u00e7\u00e3o de um teste cut\u00e2neo para prevenir alergias<\/p>\n\n\n\n<p>2. Recomenda-se que as crian\u00e7as utilizem sob a supervis\u00e3o dos pais<\/p>\n\n\n\n<p>3. Em caso de contato com os olhos durante o uso, enx\u00e1gue imediatamente com \u00e1gua limpa.<\/p>\n\n\n\n<p>4. Armazene em local fresco e seco, longe da luz solar direta.<\/p>\n\n\n\n<p>5. A frequ\u00eancia de uso de cabelos finos n\u00e3o deve ser muito alta<\/p>\n\n\n\n<h2 class=\"wp-block-heading\">Conclus\u00e3o<\/h2>\n\n\n\n<p>O \u00f3leo essencial de Batana \u00e9 vers\u00e1til, suave e n\u00e3o irritante para uma ampla gama de tipos de cabelo. Solu\u00e7\u00f5es eficazes para cabelos secos, pontas duplas, queda de cabelo, etc., desempenham um papel importante em nossos cuidados capilares. Como excelentes fabricantes de \u00d3leo de Batana, possu\u00edmos uma ampla sele\u00e7\u00e3o para garantir mat\u00e9rias-primas naturais e de alta qualidade. Atrav\u00e9s de uma variedade de processos de fabrica\u00e7\u00e3o, o \u00f3leo essencial de Batana tamb\u00e9m \u00e9 um produto confi\u00e1vel.<\/p>\n\n\n\n<p><\/p>","protected":false},"excerpt":{"rendered":"How To Formulate A Batana Oil Hair Care Line As a leading Batana Oil manufacturer, Batana oil has a significant effect on hair care thanks to its key nutrients, which nourish hair, enhance hair toughness, delay aging, and care for your hair health. Fatty acids: Fatty acids can deeply nourish hair, making hair more healthy [&hellip;]","protected":false},"featured_media":1081,"menu_order":0,"template":"","meta":[],"product-tag":[],"products":[49,53],"class_list":["post-1080","product","type-product","status-publish","has-post-thumbnail","hentry","products-hair-care","products-essential-oil"],"acf":[],"_links":{"self":[{"href":"https:\/\/www.ruiqigo.com\/pt_pt\/wp-json\/wp\/v2\/product\/1080","targetHints":{"allow":["GET"]}}],"collection":[{"href":"https:\/\/www.ruiqigo.com\/pt_pt\/wp-json\/wp\/v2\/product"}],"about":[{"href":"https:\/\/www.ruiqigo.com\/pt_pt\/wp-json\/wp\/v2\/types\/product"}],"version-history":[{"count":0,"href":"https:\/\/www.ruiqigo.com\/pt_pt\/wp-json\/wp\/v2\/product\/1080\/revisions"}],"wp:featuredmedia":[{"embeddable":true,"href":"https:\/\/www.ruiqigo.com\/pt_pt\/wp-json\/wp\/v2\/media\/1081"}],"wp:attachment":[{"href":"https:\/\/www.ruiqigo.com\/pt_pt\/wp-json\/wp\/v2\/media?parent=1080"}],"wp:term":[{"taxonomy":"product-tag","embeddable":true,"href":"https:\/\/www.ruiqigo.com\/pt_pt\/wp-json\/wp\/v2\/product-tag?post=1080"},{"taxonomy":"products","embeddable":true,"href":"https:\/\/www.ruiqigo.com\/pt_pt\/wp-json\/wp\/v2\/products?post=1080"}],"curies":[{"name":"wp","href":"https:\/\/api.w.org\/{rel}","templated":true}]}}