{"id":1309,"date":"2024-10-18T14:12:00","date_gmt":"2024-10-18T06:12:00","guid":{"rendered":"https:\/\/ruiqigo.com\/?post_type=product&#038;p=1309"},"modified":"2025-06-17T16:45:49","modified_gmt":"2025-06-17T08:45:49","slug":"lavender-body-wash","status":"publish","type":"product","link":"https:\/\/www.ruiqigo.com\/pt_pt\/product\/lavender-body-wash","title":{"rendered":"Sabonete L\u00edquido Lavanda"},"content":{"rendered":"<h2 class=\"wp-block-heading\">F\u00f3rmulas comuns de fabrica\u00e7\u00e3o de sabonete l\u00edquido de lavanda<\/h2>\n\n\n\n<p>Damos grande import\u00e2ncia ao processo de produ\u00e7\u00e3o do sabonete l\u00edquido de lavanda, n\u00e3o apenas projetando cuidadosamente diversas f\u00f3rmulas, mas tamb\u00e9m considerando as necessidades de diferentes tipos de pele, para que o produto seja mais vers\u00e1til.<\/p>\n\n\n\n<p>\u00d3leo essencial de lavanda: ingrediente principal do sabonete l\u00edquido, o aroma de lavanda pode acalmar o corpo e a mente, proporcionando uma experi\u00eancia de banho relaxante e agrad\u00e1vel. Al\u00e9m disso, o \u00f3leo essencial de lavanda tamb\u00e9m possui propriedades clareadoras, repara c\u00e9lulas danificadas e outros efeitos, rejuvenescedor e deixa a pele mais macia e delicada.<\/p>\n\n\n\n<p>Surfactantes: Os surfactantes n\u00e3o s\u00f3 produzem espuma rica, melhoram o poder de limpeza do sabonete l\u00edquido e removem eficazmente a sujeira e a oleosidade da superf\u00edcie, mas tamb\u00e9m formam uma pel\u00edcula protetora na superf\u00edcie da pele para evitar irrita\u00e7\u00f5es.<\/p>\n\n\n\n<p>\u00d3leo de coco: Os \u00e1cidos graxos do \u00f3leo de coco t\u00eam boas propriedades hidratantes, que podem reter \u00e1gua e melhorar a pele seca e \u00e1spera, entre outros problemas. Ao mesmo tempo, o \u00f3leo de coco \u00e9 mais suave, pode reduzir o desconforto e reparar a pele, sendo mais adequado para m\u00fasculos sens\u00edveis.<\/p>\n\n\n\n<h2 class=\"wp-block-heading\">Os benef\u00edcios do sabonete l\u00edquido de lavanda<\/h2>\n\n\n\n<p>Como fabricantes profissionais de lavanda, realizamos testes de qualidade relevantes em todos os aspectos da mat\u00e9ria-prima utilizada na embalagem do produto final para garantir a seguran\u00e7a da qualidade. Ao mesmo tempo, continuamos inovando e pesquisando, combinando uma variedade de benef\u00edcios para atender \u00e0s suas necessidades de cuidados com a pele. Aqui est\u00e3o alguns dos principais benef\u00edcios:<\/p>\n\n\n\n<p>1. Calmante e relaxante: O aroma \u00fanico da lavanda pode aliviar a tens\u00e3o e o estresse. Ao usar o sabonete l\u00edquido, o aroma criar\u00e1 uma atmosfera relaxante e agrad\u00e1vel, que pode relaxar o corpo e a mente, reduzindo o estresse e a fadiga.<\/p>\n\n\n\n<p>2. Ajuste o equil\u00edbrio de \u00e1gua e \u00f3leo: o sabonete l\u00edquido de lavanda pode ajustar o equil\u00edbrio de \u00f3leo, reduzir a sensa\u00e7\u00e3o oleosa e manter a pele fresca.<\/p>\n\n\n\n<p>3. Hidrata\u00e7\u00e3o e umecta\u00e7\u00e3o: Nossos ingredientes hidratantes adicionados podem reter firmemente a umidade, hidratar a pele, mant\u00ea-la hidratada e macia e evitar o ressecamento.<\/p>\n\n\n\n<p>4. Antibacteriano e anti-inflamat\u00f3rio: O \u00f3leo essencial de lavanda tem efeitos antibacterianos e anti-inflamat\u00f3rios, que podem reduzir a inflama\u00e7\u00e3o da pele e prevenir infec\u00e7\u00f5es.<\/p>\n\n\n\n<p>5. Clareamento e manchas claras: Nossos produtos t\u00eam o efeito de clareamento e manchas claras, o que contribui para reduzir a escurid\u00e3o da pele e torn\u00e1-la mais transparente.<\/p>\n\n\n\n<p>6. Melhora o sono: O aroma da lavanda n\u00e3o s\u00f3 pode acalmar e relaxar, mas tamb\u00e9m melhorar a qualidade do sono, sendo adequado para pessoas com ins\u00f4nia e sonhos.<\/p>\n\n\n\n<h2 class=\"wp-block-heading\">Como usar sabonete l\u00edquido de lavanda para cuidados com o corpo?<\/h2>\n\n\n\n<p>Fizemos diversas misturas durante o processo de produ\u00e7\u00e3o para criar este sabonete l\u00edquido rico em espuma e suave, projetado para aprimorar sua experi\u00eancia no banho. O uso di\u00e1rio \u00e9 dividido em um banho e outro, e voc\u00ea pode escolher o banho de acordo com seu hobby.<\/p>\n\n\n\n<p>1. Chuveiro: Primeiro molhe o corpo com \u00e1gua morna, depois despeje a quantidade apropriada de sabonete l\u00edquido na palma da m\u00e3o ou esponja, esfregue suavemente a espuma e aplique uniformemente por todo o corpo, voc\u00ea pode realizar uma massagem apropriada, limpar ainda mais os poros e aliviar o corpo e a mente, por fim, enx\u00e1gue toda a espuma do corpo com \u00e1gua.<\/p>\n\n\n\n<p>2. Banho: Quem gosta de tomar banho pode despejar uma quantidade adequada de sabonete l\u00edquido na banheira e misturar uniformemente, para que produza uma espuma rica e, ao mesmo tempo, exale o aroma de lavanda, criando um ambiente agrad\u00e1vel. Se houver \u00e1reas que precisem de cuidados especiais, voc\u00ea pode adicionar uma quantidade adequada de sabonete l\u00edquido e massagear profundamente para melhorar a condi\u00e7\u00e3o da pele.<\/p>\n\n\n\n<p>3. Ap\u00f3s o uso: Ap\u00f3s o uso, o sabonete l\u00edquido pode ser combinado com outros produtos para a pele, como lo\u00e7\u00e3o corporal, para promover a absor\u00e7\u00e3o de \u00e1gua e hidratar ainda mais a pele.<\/p>\n\n\n\n<h2 class=\"wp-block-heading\">Cuidado<\/h2>\n\n\n\n<p>1. Um teste de alergia deve ser realizado antes de usar o sabonete l\u00edquido pela primeira vez. Se ocorrerem sintomas de alergia, interrompa o uso imediatamente e consulte um m\u00e9dico.<\/p>\n\n\n\n<p>2. Evite contato com os olhos. Em caso de contato com os olhos, lave imediatamente com \u00e1gua e procure atendimento m\u00e9dico o mais r\u00e1pido poss\u00edvel.<\/p>\n\n\n\n<p>3. Ao usar sabonete l\u00edquido de lavanda com outros produtos, certifique-se de que seus ingredientes n\u00e3o entrem em conflito ou causem rea\u00e7\u00f5es adversas.<\/p>\n\n\n\n<p>4. Siga o princ\u00edpio da quantidade adequada, pois o excesso de sabonete l\u00edquido far\u00e1 muita espuma e ser\u00e1 dif\u00edcil de limpar.<\/p>\n\n\n\n<p>5. Nossos produtos precisam ser armazenados em local fresco e seco, longe da luz solar direta e de ambientes com altas temperaturas.<\/p>\n\n\n\n<p>6. Embora o sabonete l\u00edquido de lavanda tenha um efeito calmante na pele, n\u00e3o \u00e9 recomendado us\u00e1-lo muitas vezes ao dia, e a limpeza excessiva pode danificar a barreira da pele.<\/p>\n\n\n\n<h2 class=\"wp-block-heading\">Conclus\u00e3o<\/h2>\n\n\n\n<p>Utilizamos linhas de produ\u00e7\u00e3o modernas e equipamentos de automa\u00e7\u00e3o para garantir que o processo de produ\u00e7\u00e3o do sabonete l\u00edquido de lavanda seja eficiente, preciso e ecologicamente correto, garantindo a higiene e a seguran\u00e7a do produto. Al\u00e9m disso, realizamos pesquisas com usu\u00e1rios e sabemos que as necessidades e prefer\u00eancias de cada pele s\u00e3o diferentes. Por isso, oferecemos servi\u00e7os personalizados e nossa equipe de P&amp;D implementar\u00e1 cuidadosamente o sabonete l\u00edquido de lavanda mais adequado \u00e0s suas necessidades. Durante esse per\u00edodo, tamb\u00e9m faremos ajustes com base no seu feedback para alcan\u00e7ar o efeito desejado. Convidamos voc\u00ea a conferir nossos produtos e forneceremos respostas profissionais e informa\u00e7\u00f5es detalhadas.<\/p>","protected":false},"excerpt":{"rendered":"Lavender Body Wash Manufacturing Common Formulas We attach great importance to the production process of lavender body wash, not only carefully designing multiple formulas, but also considering the needs of different skin types, so that the product is more versatile. Lavender essential oil: The main ingredient of body wash, lavender scent can soothe the body [&hellip;]","protected":false},"featured_media":1310,"menu_order":0,"template":"","meta":[],"product-tag":[],"products":[57],"class_list":["post-1309","product","type-product","status-publish","has-post-thumbnail","hentry","products-body-wash"],"acf":[],"_links":{"self":[{"href":"https:\/\/www.ruiqigo.com\/pt_pt\/wp-json\/wp\/v2\/product\/1309","targetHints":{"allow":["GET"]}}],"collection":[{"href":"https:\/\/www.ruiqigo.com\/pt_pt\/wp-json\/wp\/v2\/product"}],"about":[{"href":"https:\/\/www.ruiqigo.com\/pt_pt\/wp-json\/wp\/v2\/types\/product"}],"version-history":[{"count":0,"href":"https:\/\/www.ruiqigo.com\/pt_pt\/wp-json\/wp\/v2\/product\/1309\/revisions"}],"wp:featuredmedia":[{"embeddable":true,"href":"https:\/\/www.ruiqigo.com\/pt_pt\/wp-json\/wp\/v2\/media\/1310"}],"wp:attachment":[{"href":"https:\/\/www.ruiqigo.com\/pt_pt\/wp-json\/wp\/v2\/media?parent=1309"}],"wp:term":[{"taxonomy":"product-tag","embeddable":true,"href":"https:\/\/www.ruiqigo.com\/pt_pt\/wp-json\/wp\/v2\/product-tag?post=1309"},{"taxonomy":"products","embeddable":true,"href":"https:\/\/www.ruiqigo.com\/pt_pt\/wp-json\/wp\/v2\/products?post=1309"}],"curies":[{"name":"wp","href":"https:\/\/api.w.org\/{rel}","templated":true}]}}