{"id":1506,"date":"2024-11-05T17:09:42","date_gmt":"2024-11-05T09:09:42","guid":{"rendered":"https:\/\/ruiqigo.com\/?post_type=product&#038;p=1506"},"modified":"2024-11-06T09:37:31","modified_gmt":"2024-11-06T01:37:31","slug":"natural-body-wash","status":"publish","type":"product","link":"https:\/\/www.ruiqigo.com\/pt_pt\/product\/natural-body-wash","title":{"rendered":"Sabonete L\u00edquido Natural"},"content":{"rendered":"<h2 class=\"wp-block-heading\">F\u00f3rmulas comuns para fabrica\u00e7\u00e3o de sabonetes l\u00edquidos naturais<\/h2>\n\n\n\n<p>A sele\u00e7\u00e3o de produtos de alta qualidade da 3TOP <strong>ingredientes naturais de plantas<\/strong> foi desenvolvido para proporcionar um efeito de limpeza e cuidado com a pele suave e eficaz. Ao mesmo tempo, rigorosos controles de qualidade e testes s\u00e3o realizados em todas as etapas da produ\u00e7\u00e3o para garantir a seguran\u00e7a e a efic\u00e1cia do sabonete l\u00edquido natural.<\/p>\n\n\n\n<p><strong>\u00d3leo da \u00e1rvore do ch\u00e1: <\/strong>O \u00f3leo de melaleuca \u00e9 antibacteriano e anti-inflamat\u00f3rio, eliminando bact\u00e9rias da pele e reduzindo a inflama\u00e7\u00e3o, melhorando a condi\u00e7\u00e3o da pele. Ao mesmo tempo, o \u00f3leo de melaleuca pode ajudar a regular o equil\u00edbrio h\u00eddrico e oleoso, hidratando profundamente a pele, removendo acne, prevenindo a acne e prevenindo o ressecamento. Al\u00e9m disso, o \u00f3leo de melaleuca tem um efeito calmante, que promove o relaxamento do corpo e da mente, aliviando a fadiga e o estresse.<\/p>\n\n\n\n<p><strong>Extrato de madressilva: <\/strong>A madressilva \u00e9 conhecida por suas propriedades desintoxicantes e de limpeza t\u00e9rmica, podendo ajudar a melhorar problemas de pele causados pelo ac\u00famulo de toxinas e aliviar a coceira. Al\u00e9m disso, o extrato de madressilva tamb\u00e9m possui efeitos antioxidantes, que podem resistir aos danos dos radicais livres, retardar o envelhecimento e deixar a pele firme.<\/p>\n\n\n\n<p><strong>Aloe vera<\/strong> tem um forte efeito hidratante, pode reter a umidade, prevenir pele seca e \u00e1spera, o uso a longo prazo pode deixar a pele mais hidratada.<\/p>\n\n\n\n<p><strong>Surfactantes<\/strong> s\u00e3o os principais ingredientes de limpeza, que podem produzir espuma rica, ajudar a remover oleosidade e sujeira da superf\u00edcie da pele e manter a pele seca e limpa.<\/p>\n\n\n\n<h2 class=\"wp-block-heading\">As fun\u00e7\u00f5es do sabonete l\u00edquido natural<\/h2>\n\n\n\n<p>Como fabricantes profissionais de sabonetes l\u00edquidos naturais para o corpo, realizamos uma pesquisa para avaliar a efic\u00e1cia do uso de sabonetes l\u00edquidos para banho e descobrimos que alguns sabonetes l\u00edquidos eficazes podem causar efeitos colaterais, especialmente em pessoas com m\u00fasculos sens\u00edveis, e irrita\u00e7\u00e3o ao serem usados. Por isso, desenvolvemos um sabonete l\u00edquido natural para o corpo que \u00e9 mais suave, com ingredientes mais seguros, al\u00e9m de hidratante e purificante. Seus principais efeitos s\u00e3o:<\/p>\n\n\n\n<p>1<strong>. Suave e n\u00e3o irritante: <\/strong>Comparado ao sabonete l\u00edquido tradicional, o extrato natural de plantas \u00e9 mais suave. N\u00e3o cont\u00e9m subst\u00e2ncias qu\u00edmicas sint\u00e9ticas e n\u00e3o permanece na pele, o que pode reduzir a irrita\u00e7\u00e3o cut\u00e2nea e \u00e9 mais adequado para peles sens\u00edveis.<\/p>\n\n\n\n<p><strong>2. Antibacteriano e anti-inflamat\u00f3rio: <\/strong>O \u00f3leo da \u00e1rvore do ch\u00e1 que adicionamos tem efeitos antibacterianos e anti-inflamat\u00f3rios, que ajudam a proteger a pele de bact\u00e9rias e v\u00edrus, reduzindo assim o risco de infec\u00e7\u00e3o da pele e deixando-a mais saud\u00e1vel.<\/p>\n\n\n\n<p>3<strong>. Acalme o corpo e a mente: <\/strong>A ess\u00eancia bot\u00e2nica deste sabonete l\u00edquido natural cont\u00e9m uma variedade de ingredientes calmantes para ajudar a acalmar o corpo e a mente, reduzir o estresse e a ansiedade e aliviar a fadiga do dia a dia.<\/p>\n\n\n\n<p><strong>4. Limpe e hidrate: <\/strong>A espuma rica ajuda a remover a oleosidade, a sujeira e o excesso de cut\u00edculas da superf\u00edcie da pele, mantendo-a fresca. Ao mesmo tempo, utilizamos surfactantes mais suaves que n\u00e3o irritam a pele.<\/p>\n\n\n\n<p>5<strong>. Antienvelhecimento: <\/strong>O sabonete l\u00edquido natural n\u00e3o s\u00f3 combate os radicais livres, como tamb\u00e9m reduz a forma\u00e7\u00e3o de linhas finas e retarda ainda mais o envelhecimento da pele. Ao mesmo tempo, tamb\u00e9m ajuda a remover as c\u00e9lulas mortas da superf\u00edcie da pele, o que contribui para a melhora do tom irregular e opaco da pele, e o uso prolongado pode deixar a pele mais delicada e brilhante.<\/p>\n\n\n\n<p><strong>6. Equil\u00edbrio do \u00f3leo: <\/strong>Nosso sabonete l\u00edquido tamb\u00e9m adiciona ingredientes para ajustar o equil\u00edbrio de \u00e1gua e \u00f3leo, o que ajuda a equilibrar a oleosidade, reduzir a secre\u00e7\u00e3o de \u00f3leo na pele e prevenir ainda mais o bloqueio dos poros e a acne. O uso de \u00f3leo para acne muscular pode ser garantido.<\/p>\n\n\n\n<h2 class=\"wp-block-heading\">Como usar sabonete l\u00edquido natural para cuidados com o corpo?<\/h2>\n\n\n\n<p>Para garantir a qualidade e a seguran\u00e7a do sabonete l\u00edquido natural, realizamos diversos testes para o produto, como testes de irrita\u00e7\u00e3o da pele, hidrata\u00e7\u00e3o, alergias e outros. Como fabricantes de sabonete l\u00edquido natural, esperamos oferecer a voc\u00ea uma garantia confi\u00e1vel do produto. Para o uso do sabonete l\u00edquido natural, tamb\u00e9m explicaremos em detalhes.<\/p>\n\n\n\n<p><strong>1. Hidrate seu corpo: <\/strong>Primeiro, molhe o corpo com \u00e1gua morna, o que ajudar\u00e1 a abrir os poros e garantir que o sabonete l\u00edquido possa exercer totalmente seu efeito de limpeza.<\/p>\n\n\n\n<p><strong>2. Esfregue e ensaboe: <\/strong>Aplique uma quantidade adequada de sabonete l\u00edquido natural na palma da m\u00e3o ou na bola de banho e esfregue at\u00e9 produzir espuma abundante. Depois, aplique uniformemente em todo o corpo.<\/p>\n\n\n\n<p><strong>3. Massagem suave: <\/strong>Voc\u00ea pode massagear suavemente a pele com as m\u00e3os ou com a ajuda de ferramentas, especialmente na \u00e1rea atr\u00e1s da cut\u00edcula. Essa etapa pode ajudar a limpar a sujeira e a oleosidade dos poros, mas tamb\u00e9m relaxar os m\u00fasculos e acalmar o corpo e a mente.<\/p>\n\n\n\n<p>4<strong>. Enx\u00e1gue: <\/strong>Ap\u00f3s a massagem, limpe a espuma do corpo com \u00e1gua, certificando-se de que n\u00e3o haja res\u00edduos de espuma e limpe-a. Ap\u00f3s a lavagem, a pele ficar\u00e1 limpa.<\/p>\n\n\n\n<p>5<strong>. Cuidados ap\u00f3s a lavagem: <\/strong>Como a pele seca facilmente e em ambientes secos, voc\u00ea pode usar lo\u00e7\u00e3o corporal para hidrat\u00e1-la profundamente ap\u00f3s o banho, para que ela possa obter um efeito de hidrata\u00e7\u00e3o completo e ficar mais macia.<\/p>\n\n\n\n<h2 class=\"wp-block-heading\">Cuidado<\/h2>\n\n\n\n<p><strong>1. Escolha um sabonete l\u00edquido natural adequado para voc\u00ea. <\/strong>Pele seca pode escolher um sabonete l\u00edquido com fun\u00e7\u00e3o hidratante, pele oleosa pode escolher um sabonete l\u00edquido com fun\u00e7\u00e3o de controle de oleosidade, e pessoas com problemas de pele espec\u00edficos podem consultar um m\u00e9dico para obter orienta\u00e7\u00e3o.<\/p>\n\n\n\n<p><strong>2. Realize testes de alergia antes de usar. <\/strong>Voc\u00ea pode realizar um teste de alergia antes de us\u00e1-lo pela primeira vez para evitar os danos causados por um determinado ingrediente al\u00e9rgico. Se sentir desconforto durante o teste, interrompa o uso imediatamente e enx\u00e1gue com \u00e1gua.<\/p>\n\n\n\n<p><strong>3. N\u00e3o abuse, <\/strong>A limpeza excessiva destr\u00f3i a barreira cut\u00e2nea, resultando em pele mais seca e sens\u00edvel. Portanto, evite esfregar e enxaguar excessivamente ao usar nossos produtos.<\/p>\n\n\n\n<p><strong>4. Preste aten\u00e7\u00e3o aos ingredientes <\/strong>ao usar com outros produtos de cuidados corporais, evite usar muitos tipos diferentes de produtos para cuidados com a pele, para n\u00e3o sobrecarregar a pele.<\/p>\n\n\n\n<p>5. Recomenda-se que nosso sabonete l\u00edquido natural seja armazenado em local fresco e seco, longe da luz solar direta e de altas temperaturas.<\/p>\n\n\n\n<p>6. Marcaremos a data de produ\u00e7\u00e3o e o prazo de validade do produto, portanto, preste aten\u00e7\u00e3o \u00e0 data de validade do sabonete l\u00edquido. Recomenda-se o uso dentro do prazo de validade, pois produtos vencidos perder\u00e3o sua efic\u00e1cia ou produzir\u00e3o subst\u00e2ncias nocivas.<\/p>\n\n\n\n<p>Em suma, o sabonete l\u00edquido natural cuidadosamente desenvolvido pela 3TOP n\u00e3o s\u00f3 limpa profundamente, como tamb\u00e9m hidrata eficazmente, cuidando delicadamente da sua pele, tornando-se a escolha perfeita. Como fabricantes de sabonetes l\u00edquidos naturais, temos o compromisso de fornecer produtos seguros e saud\u00e1veis, por isso utilizamos tecnologia de produ\u00e7\u00e3o moderna, \u00edndices cient\u00edficos e sistemas de teste de qualidade s\u00f3lidos para garantir a efic\u00e1cia de cada produto. Al\u00e9m disso, oferecemos produtos exclusivos <strong>servi\u00e7os personalizados <\/strong>para atender \u00e0s suas necessidades e alcan\u00e7ar continuamente os resultados desejados. Se voc\u00ea tamb\u00e9m deseja possuir um <strong>marca de sabonete l\u00edquido natural<\/strong>, entre em contato conosco hoje mesmo.<\/p>","protected":false},"excerpt":{"rendered":"Natural Body Wash Manufacturing Common Formulas 3TOP&#8217;s selection of high-quality natural plant ingredients is designed to provide you with a gentle and effective cleaning and skin care effect. At the same time, strict quality control and testing are carried out at every stage of production to ensure the safety and effectiveness of natural body wash. [&hellip;]","protected":false},"featured_media":1511,"menu_order":0,"template":"","meta":[],"product-tag":[],"products":[57],"class_list":["post-1506","product","type-product","status-publish","has-post-thumbnail","hentry","products-body-wash"],"acf":[],"_links":{"self":[{"href":"https:\/\/www.ruiqigo.com\/pt_pt\/wp-json\/wp\/v2\/product\/1506","targetHints":{"allow":["GET"]}}],"collection":[{"href":"https:\/\/www.ruiqigo.com\/pt_pt\/wp-json\/wp\/v2\/product"}],"about":[{"href":"https:\/\/www.ruiqigo.com\/pt_pt\/wp-json\/wp\/v2\/types\/product"}],"version-history":[{"count":0,"href":"https:\/\/www.ruiqigo.com\/pt_pt\/wp-json\/wp\/v2\/product\/1506\/revisions"}],"wp:featuredmedia":[{"embeddable":true,"href":"https:\/\/www.ruiqigo.com\/pt_pt\/wp-json\/wp\/v2\/media\/1511"}],"wp:attachment":[{"href":"https:\/\/www.ruiqigo.com\/pt_pt\/wp-json\/wp\/v2\/media?parent=1506"}],"wp:term":[{"taxonomy":"product-tag","embeddable":true,"href":"https:\/\/www.ruiqigo.com\/pt_pt\/wp-json\/wp\/v2\/product-tag?post=1506"},{"taxonomy":"products","embeddable":true,"href":"https:\/\/www.ruiqigo.com\/pt_pt\/wp-json\/wp\/v2\/products?post=1506"}],"curies":[{"name":"wp","href":"https:\/\/api.w.org\/{rel}","templated":true}]}}