{"id":1652,"date":"2024-11-08T16:53:12","date_gmt":"2024-11-08T08:53:12","guid":{"rendered":"https:\/\/ruiqigo.com\/?post_type=product&#038;p=1652"},"modified":"2025-09-03T15:21:29","modified_gmt":"2025-09-03T07:21:29","slug":"antiseptic-mouthwash","status":"publish","type":"product","link":"https:\/\/www.ruiqigo.com\/pt_pt\/product\/antiseptic-mouthwash","title":{"rendered":"Enxaguante bucal antiss\u00e9ptico"},"content":{"rendered":"<h2 class=\"wp-block-heading\">F\u00f3rmulas comuns para fabrica\u00e7\u00e3o de antiss\u00e9pticos bucais<\/h2>\n\n\n\n<p>Aceitaremos as mat\u00e9rias-primas compradas, pesaremos com precis\u00e3o os materiais aceitos e os adicionaremos ao processo de mistura pela ordem prescrita. Por meio de design de f\u00f3rmula cient\u00edfica e razo\u00e1vel e controle de qualidade rigoroso, podemos produzir enxaguat\u00f3rio bucal germicida seguro e confi\u00e1vel para atender \u00e0s suas necessidades de sa\u00fade bucal. V\u00e1rios desses ingredientes desempenham um papel importante na promo\u00e7\u00e3o da sa\u00fade bucal.<\/p>\n\n\n\n<p><strong>1. \u00d3leo de salva: <\/strong>O \u00f3leo de s\u00e1lvia tem poderosas propriedades antibacterianas e antioxidantes que efetivamente matam as bact\u00e9rias que causam c\u00e1ries, previnem e melhoram doen\u00e7as orais e tamb\u00e9m reduzem a forma\u00e7\u00e3o de placa bacteriana. Al\u00e9m disso, tamb\u00e9m pode aliviar a inflama\u00e7\u00e3o oral, como \u00falceras na boca, gengivite e outros sintomas.<\/p>\n\n\n\n<p><strong>2. \u00d3leo de casca de lim\u00e3o: <\/strong>O \u00f3leo de casca de lim\u00e3o \u00e9 rico em antioxidantes, que podem proteger as c\u00e9lulas orais de danos e promover o reparo e a regenera\u00e7\u00e3o da mucosa oral. Ele tamb\u00e9m tem um forte efeito inibit\u00f3rio que pode matar bact\u00e9rias e v\u00edrus na boca, enquanto nosso enxaguante bucal \u00e9 mais suave e menos irritante para a mucosa oral. Al\u00e9m disso, o \u00f3leo de casca de lim\u00e3o tem um aroma fresco de lim\u00e3o, que pode neutralizar odores na boca e mant\u00ea-la fresca e natural.<\/p>\n\n\n\n<p><strong>3. Sal do Mar Morto: <\/strong>O sal do Mar Morto cont\u00e9m uma variedade de minerais e oligoelementos, que podem n\u00e3o apenas destruir efetivamente o ambiente vivo das bact\u00e9rias para que elas morram de desidrata\u00e7\u00e3o, mas tamb\u00e9m lavar restos de comida e sujeira na superf\u00edcie dos dentes, reduzindo a produ\u00e7\u00e3o de placa bacteriana. Ele tamb\u00e9m fornece nutri\u00e7\u00e3o para a boca e promove a sa\u00fade bucal. O sal do Mar Morto tem um efeito suave de limpeza e anti-inflamat\u00f3rio, o que ajuda a aliviar a dor da inflama\u00e7\u00e3o, como \u00falceras na boca.<\/p>\n\n\n\n<p><strong>4. Fluoreto de s\u00f3dio: <\/strong>O fluoreto de s\u00f3dio n\u00e3o s\u00f3 tem um efeito antibacteriano, mas tamb\u00e9m promove a remineraliza\u00e7\u00e3o dos dentes e aumenta a dureza dos dentes, prevenindo assim a forma\u00e7\u00e3o de c\u00e1ries dent\u00e1rias.<\/p>\n\n\n\n<p><strong>5. Glicerina: <\/strong>A glicerina, como hidratante, pode manter a umidade do enxaguante bucal e prevenir a boca seca.<\/p>\n\n\n\n<p><strong>6. Clorexidina: <\/strong>\u00c9 um agente antibacteriano comum que pode efetivamente matar bact\u00e9rias na boca e proteger a sa\u00fade bucal.<\/p>\n\n\n\n<h2 class=\"wp-block-heading\">As fun\u00e7\u00f5es do antiss\u00e9ptico bucal<\/h2>\n\n\n\n<p>Os enxaguat\u00f3rios bucais antibacterianos previnem doen\u00e7as orais reduzindo o n\u00famero de bact\u00e9rias e cobrindo organismos espec\u00edficos; Nosso enxaguat\u00f3rio bucal germicida recentemente desenvolvido pode matar a maioria ou tipos espec\u00edficos de bact\u00e9rias para promover a cura e recupera\u00e7\u00e3o oral e \u00e9 mais adequado para pessoas com problemas orais, como inflama\u00e7\u00e3o. Seus principais efeitos s\u00e3o:<\/p>\n\n\n\n<p><strong>1. Elimina\u00e7\u00e3o de bact\u00e9rias: <\/strong>Os componentes antibacterianos do enxaguat\u00f3rio bucal germicida podem efetivamente matar bact\u00e9rias na boca, reduzir o crescimento de placa bacteriana e placa dent\u00e1ria, prevenir a ocorr\u00eancia de doen\u00e7as orais e manter ainda mais a sa\u00fade bucal. Ao mesmo tempo, gargarejar tamb\u00e9m pode remover restos de comida e sujeira dos dentes, para obter um forte efeito de limpeza.<\/p>\n\n\n\n<p><strong>2. Melhore o mau h\u00e1lito: <\/strong>Retemos ao m\u00e1ximo a fragr\u00e2ncia do \u00f3leo de casca de lim\u00e3o, o que pode neutralizar o odor na boca, refrescar o h\u00e1lito e melhorar o mau h\u00e1lito e a imagem pessoal com o uso a longo prazo.<\/p>\n\n\n\n<p><strong>3. Prevenir c\u00e1ries dent\u00e1rias: <\/strong>Este enxaguante bucal antiss\u00e9ptico fornece os nutrientes que a boca precisa e fortalece o esmalte dos dentes, formando uma pel\u00edcula protetora na superf\u00edcie dos dentes para prevenir ainda mais a c\u00e1rie dent\u00e1ria e a c\u00e1rie dent\u00e1ria.<\/p>\n\n\n\n<p><strong>4. Aliviar o desconforto oral: <\/strong>Para \u00falceras orais, gengivite e outras inflama\u00e7\u00f5es orais, o enxaguante bucal antiss\u00e9ptico tamb\u00e9m desempenha um papel importante. Os ingredientes anti-inflamat\u00f3rios e calmantes nele contidos podem aliviar o desconforto e a dor causados pela inflama\u00e7\u00e3o oral e promover a recupera\u00e7\u00e3o de doen\u00e7as orais.<\/p>\n\n\n\n<p><strong>5. Melhore a imunidade oral: <\/strong>a distribui\u00e7\u00e3o de bact\u00e9rias ben\u00e9ficas e bact\u00e9rias nocivas na boca, o enxaguat\u00f3rio bucal bactericida pode reduzir bact\u00e9rias nocivas na cavidade oral, mantendo o equil\u00edbrio de outras bact\u00e9rias, de modo a aumentar continuamente a imunidade oral e reduzir a ocorr\u00eancia de doen\u00e7as bucais.<\/p>\n\n\n\n<p><strong>6. Alivia a boca seca: <\/strong>Os ingredientes hidratantes do enxaguante bucal podem manter a boca \u00famida, aliviar os sintomas de boca seca e melhorar problemas como mau h\u00e1lito.<\/p>\n\n\n\n<h2 class=\"wp-block-heading\">Como usar enxaguante bucal antiss\u00e9ptico?<\/h2>\n\n\n\n<p>Como um fabricante profissional de antiss\u00e9pticos bucais, n\u00f3s seguimos rigorosamente os padr\u00f5es de qualidade relevantes da ind\u00fastria, desde a triagem de mat\u00e9ria-prima at\u00e9 a embalagem do produto acabado, temos os testes de qualidade correspondentes para garantir a seguran\u00e7a e efic\u00e1cia de cada produto. Em rela\u00e7\u00e3o \u00e0s suas instru\u00e7\u00f5es de uso, tamb\u00e9m marcaremos em detalhes.<\/p>\n\n\n\n<p><strong>1. Pegue a quantidade: <\/strong>primeiro pegue a quantidade apropriada de antiss\u00e9ptico bucal (10~20ml), nossa tampa de frasco tem uma escala, pode ajudar voc\u00ea a medir a quantidade com precis\u00e3o.<\/p>\n\n\n\n<p><strong>2. Gargarejo: <\/strong>O enxaguante bucal fica contido na boca e em contato total com o interior da boca, cobrindo todas as partes da boca o m\u00e1ximo poss\u00edvel para remover bact\u00e9rias e restos de comida da boca.<\/p>\n\n\n\n<p><strong>3. Tempo: <\/strong>Todo o tempo de gargarejo \u00e9 controlado entre 30 segundos e 1 minuto para garantir que o enxaguat\u00f3rio bucal possa desempenhar totalmente o papel bactericida<\/p>\n\n\n\n<p><strong>4. Cuspir: <\/strong>Cuspa o enxaguante bucal ap\u00f3s gargarejar, evite engolir, n\u00e3o \u00e9 necess\u00e1rio enxaguar com \u00e1gua duas vezes.<\/p>\n\n\n\n<h2 class=\"wp-block-heading\">Cuidado<\/h2>\n\n\n\n<p>1. Recomenda-se o uso adequado de acordo com as instru\u00e7\u00f5es para evitar a degluti\u00e7\u00e3o e o uso excessivo, que podem destruir a flora oral e causar problemas bucais.<\/p>\n\n\n\n<p>2. Recomenda-se usar ap\u00f3s cada refei\u00e7\u00e3o ou antes de emerg\u00eancias, com uma dosagem de 10 a 20 ml de cada vez, evitando o uso frequente.<\/p>\n\n\n\n<p>3. Recomenda-se trocar regularmente os diferentes tipos de antiss\u00e9ptico bucal para evitar resist\u00eancia aos medicamentos.<\/p>\n\n\n\n<p>4. Se ocorrer uma rea\u00e7\u00e3o al\u00e9rgica ou desconforto durante o uso, pare de usar imediatamente e consulte um m\u00e9dico.<\/p>\n\n\n\n<p>5. Gestantes, crian\u00e7as e outros grupos especiais devem ser usados sob orienta\u00e7\u00e3o m\u00e9dica.<\/p>\n\n\n\n<p>6. O enxaguante bucal \u00e9 apenas um auxiliar na higiene bucal, sendo recomendado manter a escova\u00e7\u00e3o e o uso do fio dental pela manh\u00e3 e \u00e0 noite.<\/p>\n\n\n\n<h2 class=\"wp-block-heading\">Conclus\u00e3o<\/h2>\n\n\n\n<p>Com profunda experi\u00eancia na ind\u00fastria e tecnologia de produ\u00e7\u00e3o avan\u00e7ada, nossa f\u00e1brica est\u00e1 comprometida em fornecer a voc\u00ea servi\u00e7os personalizados diversos, de alta qualidade e em larga escala. Nossa f\u00f3rmula de enxaguante bucal ser\u00e1 adaptada \u00e0s suas necessidades espec\u00edficas para ajudar voc\u00ea a melhorar sua imagem de marca. <\/p>\n\n\n\n<p>Ao mesmo tempo, tamb\u00e9m controlamos rigorosamente a qualidade dos produtos, no processo de produ\u00e7\u00e3o com um sistema de inspe\u00e7\u00e3o de qualidade multicanal para garantir que nossos produtos atendam aos padr\u00f5es relevantes da ind\u00fastria no pa\u00eds e no exterior, para que voc\u00ea possa ter certeza do uso. <\/p>\n\n\n\n<p>Se voc\u00ea tamb\u00e9m quer se destacar no mercado de enxaguantes bucais, entre em contato conosco.<\/p>","protected":false},"excerpt":{"rendered":"Antiseptic Mouthwash Manufacturing Common Formulas We will accept the purchased raw materials, accurately weigh the accepted materials, and add them to the mixing process by the prescribed order. Through scientific and reasonable formula design and strict quality control, we can produce safe and reliable germicidal mouthwash to meet your needs for oral health. Several of [&hellip;]","protected":false},"featured_media":1653,"menu_order":0,"template":"","meta":[],"product-tag":[201,206,208,212,213,214,215,216],"products":[72],"class_list":["post-1652","product","type-product","status-publish","has-post-thumbnail","hentry","product-tag-mouthwash-manufacturer","product-tag-mouthwash-companies","product-tag-mouthwash-suppliers","product-tag-mouthwash-contract-manufacturer","product-tag-antiseptic-mouthwashes-manufacturer","product-tag-mouthwash-manufacturers-usa","product-tag-chlorhexidine-mouthwash-manufacturer","product-tag-private-label-mouthwash-manufacturers","products-mouthwash"],"acf":[],"_links":{"self":[{"href":"https:\/\/www.ruiqigo.com\/pt_pt\/wp-json\/wp\/v2\/product\/1652","targetHints":{"allow":["GET"]}}],"collection":[{"href":"https:\/\/www.ruiqigo.com\/pt_pt\/wp-json\/wp\/v2\/product"}],"about":[{"href":"https:\/\/www.ruiqigo.com\/pt_pt\/wp-json\/wp\/v2\/types\/product"}],"version-history":[{"count":0,"href":"https:\/\/www.ruiqigo.com\/pt_pt\/wp-json\/wp\/v2\/product\/1652\/revisions"}],"wp:featuredmedia":[{"embeddable":true,"href":"https:\/\/www.ruiqigo.com\/pt_pt\/wp-json\/wp\/v2\/media\/1653"}],"wp:attachment":[{"href":"https:\/\/www.ruiqigo.com\/pt_pt\/wp-json\/wp\/v2\/media?parent=1652"}],"wp:term":[{"taxonomy":"product-tag","embeddable":true,"href":"https:\/\/www.ruiqigo.com\/pt_pt\/wp-json\/wp\/v2\/product-tag?post=1652"},{"taxonomy":"products","embeddable":true,"href":"https:\/\/www.ruiqigo.com\/pt_pt\/wp-json\/wp\/v2\/products?post=1652"}],"curies":[{"name":"wp","href":"https:\/\/api.w.org\/{rel}","templated":true}]}}