{"id":1851,"date":"2024-11-20T15:18:41","date_gmt":"2024-11-20T07:18:41","guid":{"rendered":"https:\/\/ruiqigo.com\/?post_type=product&#038;p=1851"},"modified":"2024-11-21T16:13:50","modified_gmt":"2024-11-21T08:13:50","slug":"leave-in-conditioner","status":"publish","type":"product","link":"https:\/\/www.ruiqigo.com\/pt_pt\/product\/leave-in-conditioner","title":{"rendered":"Condicionador leave-in"},"content":{"rendered":"<h2 class=\"wp-block-heading\">F\u00f3rmulas comuns de fabrica\u00e7\u00e3o de condicionadores leave-in<\/h2>\n\n\n\n<p>Na produ\u00e7\u00e3o de condicionadores leave-in, nossa equipe de pesquisa e desenvolvimento usa uma variedade de formula\u00e7\u00f5es inovadoras para atender aos seus diferentes gostos e necessidades. Como um fabricante profissional de condicionadores leave-in, nossa sele\u00e7\u00e3o de mat\u00e9rias-primas tamb\u00e9m \u00e9 muito rigorosa, usando mat\u00e9rias-primas naturais e leves para garantir que cada frasco possa atingir alta qualidade. Os principais ingredientes s\u00e3o:<\/p>\n\n\n\n<p>1. Ess\u00eancia natural de plantas: O aroma natural da ess\u00eancia natural de plantas pode acalmar o couro cabeludo e relaxar o corpo e a mente, ao mesmo tempo que equilibra a secre\u00e7\u00e3o de \u00f3leo.<\/p>\n\n\n\n<p>2. \u00d3leos naturais: como o \u00f3leo de argan, podem fornecer nutri\u00e7\u00e3o rica. Esses \u00f3leos naturais ajudam a reparar cabelos danificados, penetram profundamente no cabelo, nutrem as ra\u00edzes e tornam o cabelo mais saud\u00e1vel e energ\u00e9tico.<\/p>\n\n\n\n<p>3. Agente hidratante: glicerina e outros agentes hidratantes podem suplementar \u00e1gua, hidrata\u00e7\u00e3o duradoura, reduzir a quebra e o frizz do cabelo e torn\u00e1-lo mais el\u00e1stico.<\/p>\n\n\n\n<p>4. Antioxidantes: Os antioxidantes podem proteger o cabelo dos danos dos radicais livres, prevenir ainda mais o envelhecimento capilar, o ressecamento e as pontas duplas, al\u00e9m de deixar o cabelo mais forte e saud\u00e1vel. Os antioxidantes comuns incluem vitamina E e polifen\u00f3is do ch\u00e1.<\/p>\n\n\n\n<p>5. \u00d3leo de silicone: O \u00f3leo de silicone pode proporcionar um efeito suave instant\u00e2neo, reduzir a quebra do n\u00f3 do cabelo durante o penteado e proteger nosso cabelo de danos externos.<\/p>\n\n\n\n<h2 class=\"wp-block-heading\">As fun\u00e7\u00f5es dos condicionadores leave-in<\/h2>\n\n\n\n<p>Nosso condicionador leave-in n\u00e3o s\u00f3 tem uma variedade de formula\u00e7\u00f5es, mas tamb\u00e9m \u00e9 f\u00e1cil de usar, com m\u00faltiplas fun\u00e7\u00f5es, o que pode mostrar sua competitividade \u00fanica no mercado de condicionadores. Aqui est\u00e3o suas principais fun\u00e7\u00f5es:<\/p>\n\n\n\n<p>1. Hidratante e hidratante: O ingrediente hidratante do condicionador leave-in pode fornecer umidade e nutri\u00e7\u00e3o suficientes para o cabelo, profundamente nos fios de cabelo, e hidratar as ra\u00edzes do cabelo. O efeito hidratante de longa dura\u00e7\u00e3o ajuda a deixar o cabelo mais macio, suave e brilhante.<\/p>\n\n\n\n<p>2. Melhora a qualidade do cabelo: O uso prolongado do nosso condicionador leave-in pode ajudar a melhorar a qualidade do cabelo, e os ingredientes ativos em nossos produtos podem reparar escamas capilares danificadas, restaurando assim o cabelo e promovendo o crescimento saud\u00e1vel do cabelo.<\/p>\n\n\n\n<p>3. Estilo: Usamos ingredientes leves que s\u00e3o mais leves e menos estressantes do que \u00f3leos essenciais para cuidados com os cabelos. Ap\u00f3s o uso, ele pode suavizar o frizz, eliminar o problema de bifurca\u00e7\u00e3o e n\u00f3, ser f\u00e1cil de cuidar e criar v\u00e1rias formas.<\/p>\n\n\n\n<p>4. Previne eletricidade est\u00e1tica: Nosso condicionador leave-in tem propriedades antiest\u00e1ticas que reduzem o atrito entre os cabelos para reduzir o ac\u00famulo de carga e, assim, prevenir eletricidade est\u00e1tica, especialmente em ambientes secos.<\/p>\n\n\n\n<p>5. Controle de \u00f3leo refrescante: Comparados aos condicionadores regulares, nossos condicionadores leave-in s\u00e3o mais leves e leves. Ent\u00e3o, para cabelos oleosos, ele pode controlar efetivamente o \u00f3leo e manter o cabelo fresco e brilhante.<\/p>\n\n\n\n<p>6. Barreira protetora: Os antioxidantes no condicionador leave-in formar\u00e3o uma pel\u00edcula protetora, que pode resistir aos danos do ambiente externo, como secagem com ar quente e raios ultravioleta.<\/p>\n\n\n\n<h2 class=\"wp-block-heading\">Como usar condicionador leave-in no cabelo?<\/h2>\n\n\n\n<p>Como um produto conveniente para o cuidado do cabelo, nosso condicionador leave-in \u00e9 f\u00e1cil de usar e adequado para a maioria das ocasi\u00f5es. Tamb\u00e9m podemos projetar embalagens adequadas de acordo com suas diferentes necessidades para a cena, como fam\u00edlia, viagem e assim por diante. Tamb\u00e9m marcaremos o uso dele na embalagem, espero que voc\u00ea possa ler antes de usar.<\/p>\n\n\n\n<p>1. Seque suavemente o cabelo com uma toalha ap\u00f3s a limpeza;<\/p>\n\n\n\n<p>2. Aplique uma quantidade adequada de condicionador leave-in na palma da m\u00e3o e distribua uniformemente do meio at\u00e9 as pontas do cabelo;<\/p>\n\n\n\n<p>3. Penteie o cabelo com um pente ou com os dedos.<\/p>\n\n\n\n<p>4. Seque com secador de cabelo ou deixe secar ao ar<\/p>\n\n\n\n<h2 class=\"wp-block-heading\">Cuidado<\/h2>\n\n\n\n<p>1. Se voc\u00ea n\u00e3o se sentir bem antes de usar o teste al\u00e9rgico avan\u00e7ado pela primeira vez, pare de us\u00e1-lo imediatamente e consulte um m\u00e9dico.<\/p>\n\n\n\n<p>2. Recomenda-se us\u00e1-lo no m\u00e1ximo duas vezes por semana para evitar excesso de nutri\u00e7\u00e3o ou dist\u00farbio na secre\u00e7\u00e3o de \u00f3leo no couro cabeludo.<\/p>\n\n\n\n<p>3. Aplique uma quantidade moderada de cada vez, de acordo com o comprimento do seu cabelo, para evitar que fique excessivamente oleoso.<\/p>\n\n\n\n<p>4. Escolha o condicionador leave-in certo para o seu cabelo.<\/p>\n\n\n\n<p>5. Evite contato com os olhos. Em caso de contato com os olhos, lave imediatamente com \u00e1gua.<\/p>\n\n\n\n<p>6. Recomenda-se armazenar em local fresco e seco, evitar luz solar direta e exposi\u00e7\u00e3o a altas temperaturas.<\/p>\n\n\n\n<h2 class=\"wp-block-heading\">Conclus\u00e3o<\/h2>\n\n\n\n<p>Como um fabricante de condicionadores leave-in de alta qualidade, focamos na inova\u00e7\u00e3o e diferencia\u00e7\u00e3o de produtos, desenvolvendo constantemente produtos para atender \u00e0s diferentes necessidades de cuidados com os cabelos. Na produ\u00e7\u00e3o, nossa equipe de pesquisa e desenvolvimento selecionou cuidadosamente e combinou cientificamente uma variedade de ingredientes naturais nutritivos, comprometidos em criar cuidados capilares eficientes para voc\u00ea, condicionadores leave-in f\u00e1ceis de usar. <\/p>\n\n\n\n<p>Ao mesmo tempo, tamb\u00e9m fornecemos servi\u00e7os personalizados exclusivos, o design diversificado \u00e9 prop\u00edcio para aumentar a influ\u00eancia da marca. Al\u00e9m disso, criamos uma s\u00e9rie de sistemas rigorosos de inspe\u00e7\u00e3o de qualidade para a produ\u00e7\u00e3o de produtos, visando trazer a voc\u00ea produtos seguros e eficazes. <\/p>\n\n\n\n<p>Se voc\u00ea estiver interessado em nosso condicionador leave-in, entre em contato conosco imediatamente.<\/p>","protected":false},"excerpt":{"rendered":"Leave-in Conditioner Manufacturing Common Formulas In the production of leave-in conditioners, our research and development team uses a variety of innovative formulations to meet your different tastes and needs. As a professional leave-in conditioner manufacturer, our selection of raw materials is also very strict, using natural and lightweight raw materials to ensure that every bottle [&hellip;]","protected":false},"featured_media":1852,"menu_order":0,"template":"","meta":[],"product-tag":[],"products":[52],"class_list":["post-1851","product","type-product","status-publish","has-post-thumbnail","hentry","products-conditioner"],"acf":[],"_links":{"self":[{"href":"https:\/\/www.ruiqigo.com\/pt_pt\/wp-json\/wp\/v2\/product\/1851","targetHints":{"allow":["GET"]}}],"collection":[{"href":"https:\/\/www.ruiqigo.com\/pt_pt\/wp-json\/wp\/v2\/product"}],"about":[{"href":"https:\/\/www.ruiqigo.com\/pt_pt\/wp-json\/wp\/v2\/types\/product"}],"version-history":[{"count":0,"href":"https:\/\/www.ruiqigo.com\/pt_pt\/wp-json\/wp\/v2\/product\/1851\/revisions"}],"wp:featuredmedia":[{"embeddable":true,"href":"https:\/\/www.ruiqigo.com\/pt_pt\/wp-json\/wp\/v2\/media\/1852"}],"wp:attachment":[{"href":"https:\/\/www.ruiqigo.com\/pt_pt\/wp-json\/wp\/v2\/media?parent=1851"}],"wp:term":[{"taxonomy":"product-tag","embeddable":true,"href":"https:\/\/www.ruiqigo.com\/pt_pt\/wp-json\/wp\/v2\/product-tag?post=1851"},{"taxonomy":"products","embeddable":true,"href":"https:\/\/www.ruiqigo.com\/pt_pt\/wp-json\/wp\/v2\/products?post=1851"}],"curies":[{"name":"wp","href":"https:\/\/api.w.org\/{rel}","templated":true}]}}