{"id":2062,"date":"2024-11-29T15:24:06","date_gmt":"2024-11-29T07:24:06","guid":{"rendered":"https:\/\/ruiqigo.com\/?post_type=product&#038;p=2062"},"modified":"2024-11-29T15:27:04","modified_gmt":"2024-11-29T07:27:04","slug":"no-crack-hand-cream","status":"publish","type":"product","link":"https:\/\/www.ruiqigo.com\/pt_pt\/product\/no-crack-hand-cream","title":{"rendered":"Creme para as m\u00e3os sem rachaduras"},"content":{"rendered":"<h2 class=\"wp-block-heading\">F\u00f3rmulas comuns de fabrica\u00e7\u00e3o de cremes para as m\u00e3os sem rachaduras<\/h2>\n\n\n\n<p>Nossa equipe de pesquisa e desenvolvimento projetou uma f\u00f3rmula de repara\u00e7\u00e3o de hidrata\u00e7\u00e3o profunda para o problema de m\u00e3os secas e rachadas durante o design, visando resolver os danos causados por ambientes agressivos \u00e0s m\u00e3os. Esses ingredientes trabalham juntos para cuidar de suas m\u00e3os. Os ingredientes principais s\u00e3o:<\/p>\n\n\n\n<p>1. <strong>Glicerina:<\/strong> A glicerina \u00e9 um hidratante comum que absorve \u00e1gua e a mant\u00e9m no lugar. Esse efeito hidratante garante que a pele das m\u00e3os permane\u00e7a hidratada mesmo em ambientes secos. Ao mesmo tempo, a glicerina tamb\u00e9m pode formar uma pel\u00edcula protetora, hidratar a pele das m\u00e3os, pode melhorar o problema de rachaduras secas e \u00e1speras das m\u00e3os.<\/p>\n\n\n\n<p>2. <strong>\u00c1cido hialur\u00f4nico:<\/strong> o \u00e1cido hialur\u00f4nico tem um excelente efeito hidratante, pode absorver muita \u00e1gua e evitar a perda de \u00e1gua. Ao mesmo tempo, tamb\u00e9m pode melhorar a fun\u00e7\u00e3o de barreira da pele das m\u00e3os, reduzir os danos do ambiente externo severo \u00e0 pele e promover ainda mais o reparo e a regenera\u00e7\u00e3o das c\u00e9lulas da pele. O uso a longo prazo pode restaurar a sa\u00fade das m\u00e3os danificadas.<\/p>\n\n\n\n<p>3.<strong> Ceramida:<\/strong> A ceramida pode acelerar o processo de repara\u00e7\u00e3o da pele, pode aliviar a estimula\u00e7\u00e3o seca causada pelo ambiente externo na pele e promover a regenera\u00e7\u00e3o das c\u00e9lulas da pele. Al\u00e9m disso, tamb\u00e9m pode inibir a gera\u00e7\u00e3o de melanina, o uso a longo prazo pode atingir o efeito de clareamento. Ao mesmo tempo, tamb\u00e9m tem uma certa capacidade antienvelhecimento, o que pode tornar a pele da m\u00e3o mais firme e el\u00e1stica.<\/p>\n\n\n\n<p>4. <strong>Babosa:<\/strong> Al\u00e9m de sua poderosa fun\u00e7\u00e3o hidratante, o extrato natural de aloe tamb\u00e9m tem um efeito calmante antissensibilidade, que pode aliviar o desconforto causado pela irrita\u00e7\u00e3o seca da pele da m\u00e3o. Ao mesmo tempo, pode promover o reparo e a regenera\u00e7\u00e3o das c\u00e9lulas da pele, acelerar a cura de rachaduras secas e deixar suas m\u00e3os mais saud\u00e1veis e hidratadas.<\/p>\n\n\n\n<p>5. <strong>Guaxinim-c\u00e3o:<\/strong> Os guaxinins-c\u00e3o podem formar uma pel\u00edcula protetora na superf\u00edcie da pele da m\u00e3o, reduzir os danos do ambiente externo e manter a pele da m\u00e3o hidratada. Tamb\u00e9m fornece nutrientes e umidade profundamente na pele, acelerando o processo de reparo da pele danificada.<\/p>\n\n\n\n<h2 class=\"wp-block-heading\">As fun\u00e7\u00f5es do creme para as m\u00e3os anti-rachaduras<\/h2>\n\n\n\n<p>No momento da produ\u00e7\u00e3o, combinamos a maioria das condi\u00e7\u00f5es de m\u00e3os secas e descascadas para projetar este creme para m\u00e3os sem rachaduras que n\u00e3o \u00e9 apenas suave, mas tamb\u00e9m tem m\u00faltiplos efeitos, todos os aspectos do reparo da pele das m\u00e3os. Ao escolher um creme para as m\u00e3os, \u00e9 recomend\u00e1vel que voc\u00ea escolha um produto que seja certo para voc\u00ea de acordo com sua condi\u00e7\u00e3o de pele e necessidades de prefer\u00eancia. Aqui est\u00e3o suas principais fun\u00e7\u00f5es:<\/p>\n\n\n\n<p>1. <strong>Hidrata\u00e7\u00e3o duradoura e n\u00e3o pegajosa:<\/strong> Usamos uma variedade de ingredientes que t\u00eam um forte efeito hidratante, podem hidratar e hidratar profundamente e bloquear a umidade. E nosso creme para as m\u00e3os n\u00e3o ser\u00e1 pegajoso, com uma boa sensa\u00e7\u00e3o de uso.<\/p>\n\n\n\n<p>2. <strong>Repara\u00e7\u00e3o e regenera\u00e7\u00e3o: <\/strong>Nosso creme para as m\u00e3os pode fornecer nutrientes suficientes, melhorar a fun\u00e7\u00e3o de barreira da pele e promover ainda mais o reparo e a regenera\u00e7\u00e3o das c\u00e9lulas da pele. Ao mesmo tempo, tamb\u00e9m pode reduzir os danos do ambiente externo \u00e0 pele, o que \u00e9 prop\u00edcio para melhorar o problema da pele \u00e1spera e seca na m\u00e3o.<\/p>\n\n\n\n<p>3. <strong>Calmante e anti-sensibilidade<\/strong>: Adicionamos aloe vera e outros ingredientes que t\u00eam um efeito antissensibilidade e calmante, o que \u00e9 prop\u00edcio para aliviar a dor e o desconforto causados pela pele seca e al\u00e9rgica das m\u00e3os. Suaviza a pele danificada e deixa as m\u00e3os mais saud\u00e1veis.<\/p>\n\n\n\n<p>4. <strong>Leve e n\u00e3o estimulante: <\/strong>as mat\u00e9rias-primas no processo de produ\u00e7\u00e3o s\u00e3o cuidadosamente selecionadas e n\u00e3o cont\u00eam nenhuma subst\u00e2ncia nociva. E nossos ingredientes s\u00e3o naturais e suaves, adequados para a maioria dos tipos de pele, especialmente as sens\u00edveis. Tamb\u00e9m evitamos danos secund\u00e1rios \u00e0 pele das suas m\u00e3os com \u00e1lcool e outros irritantes.<\/p>\n\n\n\n<p>5. <strong>Prote\u00e7\u00e3o e isolamento:<\/strong> O \u00f3leo em nosso creme para as m\u00e3os pode formar uma pel\u00edcula protetora na superf\u00edcie da pele para isolar o ambiente externo, como luz ultravioleta e danos \u00e0 pele fria e seca. Use consistentemente para tornar a pele das m\u00e3os mais suave e delicada.<\/p>\n\n\n\n<h2 class=\"wp-block-heading\">Como usar creme para m\u00e3os anti-rachaduras?<\/h2>\n\n\n\n<p>Como um fabricante profissional de creme para as m\u00e3os sem rachaduras, damos grande import\u00e2ncia \u00e0 qualidade e seguran\u00e7a do produto, bem como \u00e0 experi\u00eancia de uso. Portanto, temos um rigoroso sistema de gest\u00e3o de qualidade para garantir nossos produtos. Ao mesmo tempo, tamb\u00e9m projetaremos a embalagem correspondente de acordo com suas necessidades. Marcaremos as especifica\u00e7\u00f5es do produto e a forma de uso na embalagem.<\/p>\n\n\n\n<p>1. <strong>M\u00e3os limpas:<\/strong> Antes de usar, limpe as m\u00e3os com \u00e1gua morna e seque-as delicadamente. Isso \u00e9 prop\u00edcio para a absor\u00e7\u00e3o do creme para as m\u00e3os;<\/p>\n\n\n\n<p>2. <strong>Aplique uniformemente: <\/strong>Aplique uma quantidade adequada de creme para m\u00e3os antirrachaduras na palma da m\u00e3o e espalhe uniformemente em ambas as m\u00e3os, especialmente no dorso, nos dedos e em outros lugares que s\u00e3o f\u00e1ceis de ignorar.<\/p>\n\n\n\n<p>3. <strong>Absor\u00e7\u00e3o da massagem:<\/strong> Ap\u00f3s a aplica\u00e7\u00e3o uniforme, voc\u00ea pode massagear suavemente as m\u00e3os com os dedos, especialmente as articula\u00e7\u00f5es e outras bordas, para ajudar o creme para as m\u00e3os a penetrar melhor na pele.<\/p>\n\n\n\n<p>4. <strong>Reaplique imediatamente:<\/strong> Reaplique nosso creme para as m\u00e3os sempre que lav\u00e1-las ou quando elas estiverem secas para mant\u00ea-las hidratadas.<\/p>\n\n\n\n<h2 class=\"wp-block-heading\">Cuidado<\/h2>\n\n\n\n<p>1. Ao escolher o creme para as m\u00e3os, voc\u00ea deve escolher um produto adequado para voc\u00ea de acordo com seu tipo de pele e necessidades;<\/p>\n\n\n\n<p>2. \u00c9 recomendado realizar um teste al\u00e9rgico ao us\u00e1-lo pela primeira vez. Se ocorrer desconforto, pare de usar imediatamente e enx\u00e1gue com \u00e1gua;<\/p>\n\n\n\n<p>3. Evite o uso excessivo, a quantidade certa de creme para as m\u00e3os pode hidratar suas m\u00e3os, se for excessivo, pode causar oleosidade e n\u00e3o ser f\u00e1cil de absorver;<\/p>\n\n\n\n<p>4. Manter as m\u00e3os aquecidas pode reduzir o fen\u00f4meno de pele seca e rachada nas m\u00e3os, especialmente em ambientes frios e secos;<\/p>\n\n\n\n<p>5. Recomenda-se armazenar em local fresco e seco para evitar a deteriora\u00e7\u00e3o do creme para as m\u00e3os causada por altas temperaturas e ambientes \u00famidos.<\/p>\n\n\n\n<h2 class=\"wp-block-heading\">Conclus\u00e3o<\/h2>\n\n\n\n<p>Como um fabricante de creme para as m\u00e3os sem rachaduras que busca qualidade e detalhes, temos equipamentos de produ\u00e7\u00e3o avan\u00e7ados e uma equipe profissional de pesquisa e desenvolvimento. N\u00e3o s\u00f3 isso, quanto ao processo de produ\u00e7\u00e3o de creme para as m\u00e3os, integramos extratos naturais de plantas e fatores hidratantes avan\u00e7ados, que podem efetivamente aliviar m\u00e3os secas, rachadas e descamadas. O uso de tecnologia de absor\u00e7\u00e3o r\u00e1pida, para que o creme para as m\u00e3os penetre rapidamente na pele, n\u00e3o grude, traz a voc\u00ea uma experi\u00eancia fresca e confort\u00e1vel. Seja formula\u00e7\u00e3o do produto ou embalagem, criaremos uma marca \u00fanica de acordo com suas necessidades. Se voc\u00ea estiver interessado em nosso creme para as m\u00e3os sem rachaduras, entre em contato conosco imediatamente.<\/p>","protected":false},"excerpt":{"rendered":"No-Crack Hand Cream Manufacturing Common Formulas Our research and development team designed a deep moisturizing repair formula for the problem of dry and cracked hands during the design, aiming to solve the damage caused by harsh environments to hands. These ingredients work together to care for your hands. The main ingredients are: 1. Glycerin: Glycerin [&hellip;]","protected":false},"featured_media":2063,"menu_order":0,"template":"","meta":[],"product-tag":[],"products":[58],"class_list":["post-2062","product","type-product","status-publish","has-post-thumbnail","hentry","products-hand-cream"],"acf":[],"_links":{"self":[{"href":"https:\/\/www.ruiqigo.com\/pt_pt\/wp-json\/wp\/v2\/product\/2062","targetHints":{"allow":["GET"]}}],"collection":[{"href":"https:\/\/www.ruiqigo.com\/pt_pt\/wp-json\/wp\/v2\/product"}],"about":[{"href":"https:\/\/www.ruiqigo.com\/pt_pt\/wp-json\/wp\/v2\/types\/product"}],"version-history":[{"count":0,"href":"https:\/\/www.ruiqigo.com\/pt_pt\/wp-json\/wp\/v2\/product\/2062\/revisions"}],"wp:featuredmedia":[{"embeddable":true,"href":"https:\/\/www.ruiqigo.com\/pt_pt\/wp-json\/wp\/v2\/media\/2063"}],"wp:attachment":[{"href":"https:\/\/www.ruiqigo.com\/pt_pt\/wp-json\/wp\/v2\/media?parent=2062"}],"wp:term":[{"taxonomy":"product-tag","embeddable":true,"href":"https:\/\/www.ruiqigo.com\/pt_pt\/wp-json\/wp\/v2\/product-tag?post=2062"},{"taxonomy":"products","embeddable":true,"href":"https:\/\/www.ruiqigo.com\/pt_pt\/wp-json\/wp\/v2\/products?post=2062"}],"curies":[{"name":"wp","href":"https:\/\/api.w.org\/{rel}","templated":true}]}}