{"id":216,"date":"2024-06-30T22:58:53","date_gmt":"2024-06-30T14:58:53","guid":{"rendered":"https:\/\/ruiqigo.com\/?post_type=product&#038;p=216"},"modified":"2024-09-25T15:02:41","modified_gmt":"2024-09-25T07:02:41","slug":"tea-tree-shampoo","status":"publish","type":"product","link":"https:\/\/www.ruiqigo.com\/pt_pt\/product\/tea-tree-shampoo","title":{"rendered":"Shampoo de \u00e1rvore do ch\u00e1"},"content":{"rendered":"<h3 class=\"wp-block-heading\">F\u00f3rmulas comuns para fabrica\u00e7\u00e3o de xampu de melaleuca<\/h3>\n\n\n\n<p>Como fabricantes de xampus de melaleuca, entendemos a import\u00e2ncia da formula\u00e7\u00e3o. Nossos produtos utilizam uma variedade de surfactantes suaves, mas eficazes, como cocoil-glicos\u00eddeo e cocoil-beta\u00edna para garantir o poder de limpeza sem danificar o couro cabeludo. Os ingredientes principais, glicinato de cocoil de pot\u00e1ssio e cocoato de pot\u00e1ssio, fornecem nutri\u00e7\u00e3o essencial ao cabelo. Al\u00e9m disso, adicionamos especialmente poliquat\u00e9rnio-10 para aumentar a maciez e o brilho do cabelo. As propriedades anti-inflamat\u00f3rias naturais do \u00f3leo de melaleuca, combinadas com extrato de raiz de He Shou Wu e extrato de folha de pinheiro vermelho europeu, fornecem ao nosso xampu de melaleuca um efeito condicionador de cabelo exclusivo.<\/p>\n\n\n\n<h3 class=\"wp-block-heading\">Shampoo de melaleuca Cen\u00e1rios aplic\u00e1veis<\/h3>\n\n\n\n<p>Os Shampoos Tea Tree s\u00e3o adequados para todos os climas e ambientes, especialmente em \u00e1reas quentes e \u00famidas, onde suas propriedades anti-inflamat\u00f3rias e antimicrobianas fornecem uma resposta eficaz para couro cabeludo oleoso e seco com coceira. Nossos produtos s\u00e3o livres de sulfato, reduzindo seu impacto ambiental enquanto mant\u00eam a prote\u00e7\u00e3o da cor, tornando-os uma escolha preferida para consumidores que buscam um estilo de vida natural. Voc\u00ea tamb\u00e9m pode combin\u00e1-lo com um <a href=\"https:\/\/www.ruiqigo.com\/pt_pt\/product\/tea-tree-essential-oil\/\">\u00f3leo essencial da \u00e1rvore do ch\u00e1<\/a> para resultados ainda melhores.<\/p>\n\n\n\n<h3 class=\"wp-block-heading\">Para quem \u00e9 indicado o shampoo de melaleuca?<\/h3>\n\n\n\n<p>Nossos Shampoos de Tea Tree s\u00e3o projetados para pessoas com couro cabeludo oleoso e seco com coceira. As propriedades anti-inflamat\u00f3rias naturais do \u00d3leo de Tea Tree (\u00f3leo de folha de Melaleuca alternifolia) s\u00e3o eficazes para aliviar o desconforto do couro cabeludo, enquanto a adi\u00e7\u00e3o de VB5 e VE fornece nutri\u00e7\u00e3o e prote\u00e7\u00e3o extras para o cabelo. Esses ingredientes trabalham juntos para ajudar a melhorar o ambiente do couro cabeludo e promover o crescimento saud\u00e1vel do cabelo. Mais <a href=\"https:\/\/www.ruiqigo.com\/pt_pt\/products\/shampoo\/\">shampoos com ingredientes naturais<\/a> para voc\u00ea escolher entre 3TOP.<\/p>\n\n\n\n<h3 class=\"wp-block-heading\">Processo de produ\u00e7\u00e3o do shampoo de melaleuca<\/h3>\n\n\n\n<p>Durante o processo de produ\u00e7\u00e3o, focamos em preservar o sabor \u00fanico do \u00f3leo essencial do \u00f3leo da \u00e1rvore do ch\u00e1, que n\u00e3o s\u00f3 adiciona um aroma natural ao produto, mas tamb\u00e9m proporciona aos consumidores uma experi\u00eancia agrad\u00e1vel. Usamos tecnologia avan\u00e7ada de extra\u00e7\u00e3o e mistura para garantir a integra\u00e7\u00e3o efetiva de todos os ingredientes, enquanto controlamos rigorosamente o ambiente de produ\u00e7\u00e3o para garantir a qualidade e a seguran\u00e7a do produto.<\/p>","protected":false},"excerpt":{"rendered":"Tea tree shampoo manufacturing Common Formulas As the makers of Tea Tree Shampoos, we understand the importance of formulation. Our products utilize a range of gentle yet effective surfactants such as Cocoyl-Glucoside and Cocoyl-Betaine to ensure cleansing power without damaging the scalp. The core ingredients Potassium Cocoyl Glycinate and Potassium Cocoate provide essential nourishment to [&hellip;]","protected":false},"featured_media":218,"menu_order":0,"template":"","meta":[],"product-tag":[],"products":[51],"class_list":["post-216","product","type-product","status-publish","has-post-thumbnail","hentry","products-shampoo"],"acf":[],"_links":{"self":[{"href":"https:\/\/www.ruiqigo.com\/pt_pt\/wp-json\/wp\/v2\/product\/216","targetHints":{"allow":["GET"]}}],"collection":[{"href":"https:\/\/www.ruiqigo.com\/pt_pt\/wp-json\/wp\/v2\/product"}],"about":[{"href":"https:\/\/www.ruiqigo.com\/pt_pt\/wp-json\/wp\/v2\/types\/product"}],"version-history":[{"count":0,"href":"https:\/\/www.ruiqigo.com\/pt_pt\/wp-json\/wp\/v2\/product\/216\/revisions"}],"wp:featuredmedia":[{"embeddable":true,"href":"https:\/\/www.ruiqigo.com\/pt_pt\/wp-json\/wp\/v2\/media\/218"}],"wp:attachment":[{"href":"https:\/\/www.ruiqigo.com\/pt_pt\/wp-json\/wp\/v2\/media?parent=216"}],"wp:term":[{"taxonomy":"product-tag","embeddable":true,"href":"https:\/\/www.ruiqigo.com\/pt_pt\/wp-json\/wp\/v2\/product-tag?post=216"},{"taxonomy":"products","embeddable":true,"href":"https:\/\/www.ruiqigo.com\/pt_pt\/wp-json\/wp\/v2\/products?post=216"}],"curies":[{"name":"wp","href":"https:\/\/api.w.org\/{rel}","templated":true}]}}