{"id":2164,"date":"2024-12-05T17:18:10","date_gmt":"2024-12-05T09:18:10","guid":{"rendered":"https:\/\/ruiqigo.com\/?post_type=product&#038;p=2164"},"modified":"2024-12-05T17:19:07","modified_gmt":"2024-12-05T09:19:07","slug":"hand-cream-with-spf","status":"publish","type":"product","link":"https:\/\/www.ruiqigo.com\/pt_pt\/product\/hand-cream-with-spf","title":{"rendered":"Creme para as m\u00e3os com FPS"},"content":{"rendered":"<h2 class=\"wp-block-heading\">Creme para as m\u00e3os com FPS - F\u00f3rmulas comuns de fabrica\u00e7\u00e3o<\/h2>\n\n\n\n<p>Como um fabricante profissional de creme para as m\u00e3os com FPS, combinamos ingredientes hidratantes, hidratantes e de prote\u00e7\u00e3o solar com base nas necessidades da maioria das pessoas. Por meio de correspond\u00eancia cient\u00edfica e processamento posterior, ele visa fornecer prote\u00e7\u00e3o e cuidado abrangentes para a pele das m\u00e3os. Seus principais componentes s\u00e3o:<\/p>\n\n\n\n<p>1. Glicerina: A glicerina tem um forte efeito hidratante e hidratante, que pode formar uma pel\u00edcula protetora na superf\u00edcie da pele, reduzir a perda de \u00e1gua e fornecer um efeito hidratante duradouro. O uso a longo prazo pode aliviar m\u00e3os secas, descama\u00e7\u00e3o e outras condi\u00e7\u00f5es.<\/p>\n\n\n\n<p>2. Ingredientes do protetor solar: Usamos ingredientes de protetor solar de alta qualidade como ingredientes principais, com um forte efeito de protetor solar. Ele pode bloquear raios UV, evitar danos causados por raios UV, como queimaduras solares, envelhecimento da pele e outros problemas.<\/p>\n\n\n\n<p>3. Manteiga de karit\u00e9: A manteiga de karit\u00e9 pode penetrar profundamente na pele para fornecer nutrientes suficientes e hidratar ainda mais a pele das m\u00e3os. Ao mesmo tempo, tamb\u00e9m tem efeitos antioxidantes, pode resistir aos radicais livres, proteger a pele de danos ambientais, melhorar a elasticidade da pele.<\/p>\n\n\n\n<p>4. Ceramida: Tem a fun\u00e7\u00e3o de reparar a barreira da pele. Quando aplicada, pode estabelecer uma pel\u00edcula protetora, reparar c\u00e9lulas danificadas, fortalecer a barreira da pele e tornar a pele da m\u00e3o mais saud\u00e1vel. Ao mesmo tempo, tamb\u00e9m tem um efeito anti-inflamat\u00f3rio e calmante, que pode aliviar a dor e o desconforto causados por fatores externos.<\/p>\n\n\n\n<p>5. Emulsificante: O emulsificante \u00e9 um ingrediente comumente usado em creme para as m\u00e3os, que pode misturar totalmente \u00e1gua e \u00f3leo para formar um estado de emuls\u00e3o est\u00e1vel. E a textura \u00e9 mais suave, o que \u00e9 prop\u00edcio para sua aplica\u00e7\u00e3o e absor\u00e7\u00e3o, para que sua pele fique mais suave e delicada.<\/p>\n\n\n\n<h2 class=\"wp-block-heading\">As fun\u00e7\u00f5es do creme para as m\u00e3os com FPS<\/h2>\n\n\n\n<p>A prote\u00e7\u00e3o solar \u00e9 muito importante para retardar o envelhecimento da pele, prevenir problemas de pele e manter a sa\u00fade da pele. Comparado aos cremes para as m\u00e3os e protetores solares tradicionais, nosso creme para as m\u00e3os com FPS oferece prote\u00e7\u00e3o dupla. O cuidado com a pele \u00e9 mais conveniente sem deixar uma sensa\u00e7\u00e3o pesada. Aqui est\u00e3o suas principais fun\u00e7\u00f5es:<\/p>\n\n\n\n<p>1. Prote\u00e7\u00e3o solar altamente eficaz: com FPS de 15-50+, nossa pel\u00edcula protetora fornece prote\u00e7\u00e3o essencial contra os raios UVA e UVB, reduzindo o risco de bronzeamento, rugas, envelhecimento precoce e c\u00e2ncer de pele, al\u00e9m de promover a sa\u00fade geral da pele.<\/p>\n\n\n\n<p>2. Hidrata\u00e7\u00e3o profunda: os ingredientes hidratantes podem hidratar efetivamente a pele das m\u00e3os, repor a \u00e1gua em tempo h\u00e1bil e proporcionar um efeito hidratante duradouro, deixando a pele das m\u00e3os mais hidratada e macia.<\/p>\n\n\n\n<p>3. Melhora a condi\u00e7\u00e3o da pele: Nosso creme para as m\u00e3os com FPS pode prevenir a hiperpigmenta\u00e7\u00e3o e o aparecimento de manchas escuras, al\u00e9m de reduzir a produ\u00e7\u00e3o de oleosidade, reduzindo ainda mais as erup\u00e7\u00f5es oleosas.<\/p>\n\n\n\n<p>4. Repara\u00e7\u00e3o calmante: pode aliviar a dor e o desconforto causados pela estimula\u00e7\u00e3o, reparar c\u00e9lulas danificadas da pele, melhorar a fun\u00e7\u00e3o de barreira da pele e tornar nossa pele mais firme e el\u00e1stica.<\/p>\n\n\n\n<p>5. Leve e n\u00e3o oleoso: Usamos tecnologia avan\u00e7ada de emulsifica\u00e7\u00e3o para garantir que a textura do creme para as m\u00e3os seja leve, f\u00e1cil de absorver e n\u00e3o tenha uma sensa\u00e7\u00e3o pegajosa, melhorando ainda mais a experi\u00eancia. \u00c9 adequado para a maioria das pessoas e pode ser usado na vida di\u00e1ria, reaplicado aleatoriamente.<\/p>\n\n\n\n<h2 class=\"wp-block-heading\">Como usar creme para as m\u00e3os com FPS?<\/h2>\n\n\n\n<p>No momento da produ\u00e7\u00e3o, misturamos cremes para as m\u00e3os com diferentes valores de FPS de acordo com as necessidades de diferentes pessoas. 30% do valor de prote\u00e7\u00e3o solar no uso di\u00e1rio pode proteger contra 90% de raios UVB. Ent\u00e3o voc\u00ea pode escolher de acordo com suas pr\u00f3prias necessidades de prote\u00e7\u00e3o solar, e o uso dele tamb\u00e9m \u00e9 detalhado na embalagem.<\/p>\n\n\n\n<p>1. Limpe as m\u00e3os: antes de usar, lave as m\u00e3os primeiro. Voc\u00ea pode usar desinfetante para as m\u00e3os ou sab\u00e3o para remover a oleosidade e a sujeira das m\u00e3os e sec\u00e1-las suavemente com uma toalha. Esta etapa favorece a absor\u00e7\u00e3o do creme para as m\u00e3os.<\/p>\n\n\n\n<p>2. Aplique uma quantidade adequada: aplique uma quantidade adequada de creme para m\u00e3os com FPS uniformemente nas m\u00e3os, especialmente nos dedos, no dorso das m\u00e3os e em outros lugares que s\u00e3o f\u00e1ceis de ignorar. Certifique-se de que todas as partes estejam cobertas.<\/p>\n\n\n\n<p>3. Absor\u00e7\u00e3o da massagem: ap\u00f3s a aplica\u00e7\u00e3o, massageie suavemente as m\u00e3os com a barriga dos dedos, o que pode promover a absor\u00e7\u00e3o e a circula\u00e7\u00e3o sangu\u00ednea.<\/p>\n\n\n\n<p>4. Reaplica\u00e7\u00e3o oportuna: se voc\u00ea ficar ao ar livre por muito tempo, \u00e9 recomend\u00e1vel reaplicar a cada duas horas para garantir o efeito do protetor solar.<\/p>\n\n\n\n<h2 class=\"wp-block-heading\">Cuidado<\/h2>\n\n\n\n<p>1. Fa\u00e7a um teste al\u00e9rgico pela primeira vez. Se ocorrer desconforto, pare de usar imediatamente e consulte um m\u00e9dico;<\/p>\n\n\n\n<p>2. Evite o excesso: siga o princ\u00edpio da quantidade adequada ao aplicar, evite o excesso de creme para as m\u00e3os, resultando em m\u00e3os oleosas e dif\u00edceis de absorver;<\/p>\n\n\n\n<p>3. Evite misturar: N\u00e3o misture com outros cremes para as m\u00e3os ou produtos para a pele para evitar rea\u00e7\u00f5es adversas ou afetar o efeito do protetor solar;<\/p>\n\n\n\n<p>4. Evite contato com os olhos. Em caso de contato com os olhos, lave imediatamente com \u00e1gua;<\/p>\n\n\n\n<p>5. Recomenda-se armazenar em local fresco e seco para evitar deteriora\u00e7\u00e3o causada por alta temperatura e ambiente \u00famido e reduzir o efeito do protetor solar.<\/p>\n\n\n\n<h2 class=\"wp-block-heading\">Conclus\u00e3o<\/h2>\n\n\n\n<p>Se voc\u00ea quer manter suas m\u00e3os macias, suaves e jovens, nosso creme para m\u00e3os com FPS \u00e9 uma \u00f3tima escolha. Estamos comprometidos em criar produtos de marca exclusivos, multifuncionais e de alta qualidade, e temos equipamentos de produ\u00e7\u00e3o avan\u00e7ados e uma equipe profissional de pesquisa e desenvolvimento. Para suas necessidades, faremos o nosso melhor para concluir, de acordo com seu feedback e ajustar constantemente, para que voc\u00ea crie um creme para m\u00e3os personalizado com produtos FPS. Se voc\u00ea tamb\u00e9m estiver interessado, entre em contato conosco.<\/p>\n\n\n\n<p><\/p>","protected":false},"excerpt":{"rendered":"Hand Cream With SPF Manufacturing Common Formulas As a professional manufacturer of hand cream with SPF, we combine moisturizing, moisturizing, and sun protection ingredients based on the needs of most people. Through scientific matching and further processing, it aims to provide comprehensive protection and care for hand skin. Its main components are: 1. Glycerin: Glycerin [&hellip;]","protected":false},"featured_media":2165,"menu_order":0,"template":"","meta":[],"product-tag":[],"products":[58],"class_list":["post-2164","product","type-product","status-publish","has-post-thumbnail","hentry","products-hand-cream"],"acf":[],"_links":{"self":[{"href":"https:\/\/www.ruiqigo.com\/pt_pt\/wp-json\/wp\/v2\/product\/2164","targetHints":{"allow":["GET"]}}],"collection":[{"href":"https:\/\/www.ruiqigo.com\/pt_pt\/wp-json\/wp\/v2\/product"}],"about":[{"href":"https:\/\/www.ruiqigo.com\/pt_pt\/wp-json\/wp\/v2\/types\/product"}],"version-history":[{"count":0,"href":"https:\/\/www.ruiqigo.com\/pt_pt\/wp-json\/wp\/v2\/product\/2164\/revisions"}],"wp:featuredmedia":[{"embeddable":true,"href":"https:\/\/www.ruiqigo.com\/pt_pt\/wp-json\/wp\/v2\/media\/2165"}],"wp:attachment":[{"href":"https:\/\/www.ruiqigo.com\/pt_pt\/wp-json\/wp\/v2\/media?parent=2164"}],"wp:term":[{"taxonomy":"product-tag","embeddable":true,"href":"https:\/\/www.ruiqigo.com\/pt_pt\/wp-json\/wp\/v2\/product-tag?post=2164"},{"taxonomy":"products","embeddable":true,"href":"https:\/\/www.ruiqigo.com\/pt_pt\/wp-json\/wp\/v2\/products?post=2164"}],"curies":[{"name":"wp","href":"https:\/\/api.w.org\/{rel}","templated":true}]}}