{"id":2196,"date":"2024-12-06T16:37:24","date_gmt":"2024-12-06T08:37:24","guid":{"rendered":"https:\/\/ruiqigo.com\/?post_type=product&#038;p=2196"},"modified":"2024-12-06T16:39:38","modified_gmt":"2024-12-06T08:39:38","slug":"shea-moisture-conditioner","status":"publish","type":"product","link":"https:\/\/www.ruiqigo.com\/pt_pt\/product\/shea-moisture-conditioner","title":{"rendered":"Condicionador Shea Moisture"},"content":{"rendered":"<h2 class=\"wp-block-heading\">F\u00f3rmulas comuns de fabrica\u00e7\u00e3o de condicionadores de hidrata\u00e7\u00e3o de karit\u00e9<\/h2>\n\n\n\n<p>Como fabricantes de condicionadores hidratantes de karit\u00e9 de alta qualidade, utilizamos uma f\u00f3rmula totalmente natural, sem aditivos nocivos. Tamb\u00e9m criamos este condicionador profundamente nutritivo e multirreparador por meio de combina\u00e7\u00e3o cient\u00edfica e processamento de precis\u00e3o, na esperan\u00e7a de fazer seu cabelo brilhar novamente.<\/p>\n\n\n\n<p>1. <strong>Umidade do karit\u00e9<\/strong>: A manteiga de karit\u00e9 tem um \u00f3timo efeito hidratante, formando uma pel\u00edcula protetora no cabelo para mant\u00ea-lo hidratado e macio. Al\u00e9m disso, \u00e9 rica em uma variedade de nutrientes, que podem nutrir profundamente os fios, reparar os fios danificados e repor os nutrientes necess\u00e1rios, deixando-os mais fortes e brilhantes. Ao mesmo tempo, \u00e9 semelhante ao \u00f3leo na superf\u00edcie da pele, que penetra rapidamente, absorve e amacia a queratina, deixando os cabelos mais macios.<\/p>\n\n\n\n<p>2. <strong>Queratina<\/strong>: Pode reparar escamas de cabelo danificadas e resistir eficazmente a danos externos, como luz ultravioleta, chapinha e tingimento de cabelo, para proteger a sa\u00fade do cabelo.<\/p>\n\n\n\n<p>3. <strong>Emulsificantes:<\/strong> Os emulsificantes t\u00eam um efeito lubrificante, o que pode ajudar a aplicar o condicionador de forma mais uniforme no cabelo e aumentar a maciez.<\/p>\n\n\n\n<p>4. <strong>Ess\u00eancia natural de plantas:<\/strong> A ess\u00eancia natural de plantas n\u00e3o s\u00f3 equilibra a secre\u00e7\u00e3o de \u00f3leo e acalma o couro cabeludo, como tamb\u00e9m o aroma de diferentes ess\u00eancias vegetais ajuda a relaxar melhor o couro cabeludo e a aliviar o estresse. Ela tamb\u00e9m possui propriedades antibacterianas e anti-inflamat\u00f3rias, que podem curar eficazmente infec\u00e7\u00f5es e alergias do couro cabeludo.<\/p>\n\n\n\n<p>5. <strong>Fator de hidrata\u00e7\u00e3o:<\/strong> O fator de hidrata\u00e7\u00e3o proporciona nutri\u00e7\u00e3o profunda aos cabelos, retendo a umidade firmemente e prevenindo a perda de umidade. Melhora a qualidade dos cabelos secos e crespos, restaurando o brilho e a maciez.<\/p>\n\n\n\n<h2 class=\"wp-block-heading\">As fun\u00e7\u00f5es do condicionador Shea Moisture<\/h2>\n\n\n\n<p>No processo de produ\u00e7\u00e3o do condicionador de hidrata\u00e7\u00e3o com karit\u00e9, combinamos tecnologia moderna para extrair e dosar cuidadosamente a hidrata\u00e7\u00e3o com karit\u00e9, garantindo que seus benef\u00edcios sejam maximizados. Ao mesmo tempo, para garantir que nossas mat\u00e9rias-primas sejam seguras e confi\u00e1veis, provenientes da natureza, selecionamos cuidadosamente fornecedores de mat\u00e9rias-primas de alta qualidade e realizamos inspe\u00e7\u00f5es peri\u00f3dicas. Para que voc\u00ea tenha a certeza de usar nossos produtos, aqui est\u00e3o seus principais efeitos:<\/p>\n\n\n\n<p>1.<strong> Hidratante e hidratante:<\/strong> Nosso ingrediente principal, a umidade da manteiga de karit\u00e9, pode penetrar profundamente no cabelo para repor a umidade e prevenir eficazmente a evapora\u00e7\u00e3o da umidade, ao mesmo tempo em que fornece nutrientes ricos para hidratar seu cabelo e mant\u00ea-lo hidratado por muito tempo.<\/p>\n\n\n\n<p>2.<strong> Prote\u00e7\u00e3o de isolamento: <\/strong>O condicionador de manteiga de karit\u00e9 pode fornecer certa prote\u00e7\u00e3o UV, o que pode evitar a fixa\u00e7\u00e3o por calor, o uso de ferro e os danos causados pelo sol.<\/p>\n\n\n\n<p>3. <strong>Macio e suave: <\/strong>Nosso condicionador pode amolecer a queratina do cabelo, evitar que ele se parta e embarace, al\u00e9m de deix\u00e1-lo mais macio e brilhante ap\u00f3s uso prolongado.<\/p>\n\n\n\n<p>4. <strong>Reparo intensivo: <\/strong>O uso do condicionador de karit\u00e9 \u00e9 ben\u00e9fico para reparar o tecido capilar danificado, especialmente ap\u00f3s chapinha e tintura, e pode ser usado para proteger os fios. Ao mesmo tempo, tamb\u00e9m pode fortalecer a estrutura capilar, e insistir em us\u00e1-lo pode melhorar o problema de cabelos secos e com pontas duplas, deixando-os mais fortes e el\u00e1sticos.<\/p>\n\n\n\n<p>5. <strong>Antibacteriano e anti-inflamat\u00f3rio:<\/strong> al\u00e9m de seu forte efeito hidratante, tamb\u00e9m pode curar infec\u00e7\u00f5es e alergias do couro cabeludo, o que contribui para manter a sa\u00fade do cabelo e do couro cabeludo e promover ainda mais o crescimento.<\/p>\n\n\n\n<h2 class=\"wp-block-heading\">Como usar o condicionador Shea Moisture?<\/h2>\n\n\n\n<p>Nosso condicionador Shea Moisture \u00e9 adequado para a maioria dos tipos de cabelo, e adaptamos nossas f\u00f3rmulas para atender a diferentes tipos de cabelo. Portanto, ao escolher um condicionador, voc\u00ea deve escolher o produto mais adequado para voc\u00ea, de acordo com a qualidade e as necessidades de cuidado do seu cabelo. Tamb\u00e9m indicamos o modo de uso na embalagem; leia com aten\u00e7\u00e3o.<\/p>\n\n\n\n<p>1. <strong>Xampu: <\/strong>Enx\u00e1gue o cabelo com \u00e1gua morna e xampu para remover a oleosidade e a sujeira, garantindo que o couro cabeludo e o cabelo estejam limpos e prop\u00edcios \u00e0 absor\u00e7\u00e3o do condicionador.<\/p>\n\n\n\n<p>2. <strong>Aplique o condicionador: <\/strong>De acordo com a quantidade do seu cabelo, pegue a quantidade certa de condicionador e aplique uniformemente na posi\u00e7\u00e3o do cabelo e nas pontas. Voc\u00ea pode aplicar mais nas \u00e1reas secas e bifurcadas, preste aten\u00e7\u00e3o para n\u00e3o manchar o couro cabeludo.<\/p>\n\n\n\n<p>3.<strong> Absor\u00e7\u00e3o de suporte: <\/strong>Ap\u00f3s a aplica\u00e7\u00e3o, penteie suavemente o cabelo com o pente para garantir que o condicionador seja distribu\u00eddo uniformemente. Em seguida, aguarde de 3 a 5 minutos para que ele penetre nos fios. Se desejar um tratamento mais profundo, voc\u00ea pode estender o tempo de espera (10 a 30 minutos).<\/p>\n\n\n\n<p>4. <strong>Lave com \u00e1gua morna:<\/strong> Deixe agir e enx\u00e1gue com \u00e1gua. Certifique-se de que n\u00e3o haja mais condicionador no cabelo e seque-o delicadamente com uma toalha.<\/p>\n\n\n\n<p>5. <strong>Cuidados correspondentes:<\/strong> Para secar o cabelo, voc\u00ea pode aplicar \u00f3leo essencial capilar na mesma posi\u00e7\u00e3o e, em seguida, secar com secador ou ao ar livre. A dupla hidrata\u00e7\u00e3o ajuda a deixar o cabelo mais macio e suave.<\/p>\n\n\n\n<h2 class=\"wp-block-heading\">Cuidado<\/h2>\n\n\n\n<p>1. Ao usar um teste avan\u00e7ado de alergia pela primeira vez, pare de us\u00e1-lo imediatamente se ocorrer desconforto.<\/p>\n\n\n\n<p>2. O condicionador de manteiga de karit\u00e9 \u00e9 uma pasta em temperatura ambiente, ent\u00e3o esfregue-o na palma da m\u00e3o antes de aplic\u00e1-lo no cabelo para promover a absor\u00e7\u00e3o.<\/p>\n\n\n\n<p>3. Preste aten\u00e7\u00e3o ao princ\u00edpio da quantidade apropriada ao usar, muito condicionador pode deixar o cabelo oleoso e afetar o efeito do condicionador.<\/p>\n\n\n\n<p>3. A frequ\u00eancia de uso do condicionador Shea Moisture \u00e9 recomendada de 1 a 2 vezes por semana, pois o uso excessivo pode causar peso excessivo no cabelo e afetar sua textura.<\/p>\n\n\n\n<p>4. Evite aplicar no couro cabeludo, caso contr\u00e1rio pode obstruir os poros e causar uma s\u00e9rie de problemas no couro cabeludo.<\/p>\n\n\n\n<p>5. Recomenda-se armazenar em local fresco e seco para evitar luz solar direta e ambientes de alta temperatura que podem causar deteriora\u00e7\u00e3o do condicionador, afetando o efeito.<\/p>\n\n\n\n<h2 class=\"wp-block-heading\">Conclus\u00e3o<\/h2>\n\n\n\n<p>Produtos de qualidade s\u00e3o a chave para conquistar o mercado. Controlamos rigorosamente todos os elos da produ\u00e7\u00e3o e contamos com diferentes sistemas de testes de qualidade para garantir a seguran\u00e7a e a efic\u00e1cia dos produtos. Ao mesmo tempo, oferecemos uma gama completa de servi\u00e7os personalizados, que se baseiam nas suas necessidades para o desenvolvimento da sua f\u00f3rmula e embalagem. Durante esse per\u00edodo, faremos ajustes constantes de acordo com o seu feedback e buscaremos a perfei\u00e7\u00e3o. Entre em contato conosco para saber mais.<\/p>","protected":false},"excerpt":{"rendered":"Shea Moisture Conditioner Manufacturing Common Formulas As a manufacturer of high-quality shea moisture conditioners, we use an all-natural formula with no harmful additives. We have also created this deeply nourishing, multi-repair conditioner through scientific matching and precision processing, hoping to make your hair shine again. 1. Shea moisture: Shea moisture has a great moisturizing effect, [&hellip;]","protected":false},"featured_media":2197,"menu_order":0,"template":"","meta":[],"product-tag":[],"products":[52],"class_list":["post-2196","product","type-product","status-publish","has-post-thumbnail","hentry","products-conditioner"],"acf":[],"_links":{"self":[{"href":"https:\/\/www.ruiqigo.com\/pt_pt\/wp-json\/wp\/v2\/product\/2196","targetHints":{"allow":["GET"]}}],"collection":[{"href":"https:\/\/www.ruiqigo.com\/pt_pt\/wp-json\/wp\/v2\/product"}],"about":[{"href":"https:\/\/www.ruiqigo.com\/pt_pt\/wp-json\/wp\/v2\/types\/product"}],"version-history":[{"count":0,"href":"https:\/\/www.ruiqigo.com\/pt_pt\/wp-json\/wp\/v2\/product\/2196\/revisions"}],"wp:featuredmedia":[{"embeddable":true,"href":"https:\/\/www.ruiqigo.com\/pt_pt\/wp-json\/wp\/v2\/media\/2197"}],"wp:attachment":[{"href":"https:\/\/www.ruiqigo.com\/pt_pt\/wp-json\/wp\/v2\/media?parent=2196"}],"wp:term":[{"taxonomy":"product-tag","embeddable":true,"href":"https:\/\/www.ruiqigo.com\/pt_pt\/wp-json\/wp\/v2\/product-tag?post=2196"},{"taxonomy":"products","embeddable":true,"href":"https:\/\/www.ruiqigo.com\/pt_pt\/wp-json\/wp\/v2\/products?post=2196"}],"curies":[{"name":"wp","href":"https:\/\/api.w.org\/{rel}","templated":true}]}}