{"id":2246,"date":"2024-12-12T11:22:05","date_gmt":"2024-12-12T03:22:05","guid":{"rendered":"https:\/\/ruiqigo.com\/?post_type=product&#038;p=2246"},"modified":"2024-12-12T11:22:55","modified_gmt":"2024-12-12T03:22:55","slug":"rose-essential-oil","status":"publish","type":"product","link":"https:\/\/www.ruiqigo.com\/pt_pt\/product\/rose-essential-oil","title":{"rendered":"\u00d3leo Essencial de Rosa"},"content":{"rendered":"<h2 class=\"wp-block-heading\">F\u00f3rmulas comuns de fabrica\u00e7\u00e3o de \u00f3leo essencial de rosas<\/h2>\n\n\n\n<p>O processo de produ\u00e7\u00e3o do \u00f3leo essencial de rosas \u00e9 relativamente delicado, e par\u00e2metros como temperatura, press\u00e3o e tempo devem ser rigorosamente controlados para garantir a qualidade e efic\u00e1cia ideais do \u00f3leo essencial. Aqui est\u00e3o seus principais ingredientes:<\/p>\n\n\n\n<p>1. Rosas: Como ingrediente principal, as rosas desempenham um papel importante. Elas t\u00eam propriedades antibacterianas que eliminam bact\u00e9rias e sujeira, limpam os fol\u00edculos capilares e removem ainda mais a caspa. Elas tamb\u00e9m promovem a circula\u00e7\u00e3o sangu\u00ednea, bem como boa digest\u00e3o e desintoxica\u00e7\u00e3o, estimulando assim o crescimento saud\u00e1vel do cabelo.<\/p>\n\n\n\n<p>2. \u00d3leo de babajo: Como \u00f3leo base, o \u00f3leo de jojoba pode diluir a concentra\u00e7\u00e3o do \u00f3leo essencial de rosas para reduzir a irrita\u00e7\u00e3o. Ao mesmo tempo, tem excelentes efeitos hidratantes e penetrantes, que podem penetrar profundamente na pele e reter \u00e1gua, desempenhando um papel hidratante sin\u00e9rgico. Al\u00e9m disso, tem um efeito reparador em problemas de pele seca, \u00e1spera e sens\u00edvel e pode promover a sa\u00fade da pele.<\/p>\n\n\n\n<p>3. Vitamina E: A vitamina E tem propriedades antioxidantes, que podem resistir aos danos dos radicais livres, reduzir os danos celulares e retardar o envelhecimento da pele. Ela tamb\u00e9m pode promover o metabolismo, acelerar a taxa de renova\u00e7\u00e3o celular e tornar a pele mais lisa e delicada.<\/p>\n\n\n\n<p>4. Citronelol: O \u00f3leo essencial de rosas em citronelol tem um aroma encantador e pode acalmar o couro cabeludo e relaxar o corpo e a mente, mas tamb\u00e9m pode aliviar o estresse, a ansiedade e outras emo\u00e7\u00f5es. Al\u00e9m disso, esse aroma pode melhorar o cheiro do cabelo.<\/p>\n\n\n\n<h2 class=\"wp-block-heading\">As fun\u00e7\u00f5es do \u00f3leo essencial de rosas<\/h2>\n\n\n\n<p>Como fabricantes profissionais de \u00f3leo essencial de rosas, estudamos os ingredientes ativos nas rosas e criamos um \u00f3leo essencial de rosas adequado para a maioria das pessoas com base nas m\u00faltiplas fun\u00e7\u00f5es conferidas por esses ingredientes. Vamos explorar seus efeitos.<\/p>\n\n\n\n<p>1. Hidrata e ret\u00e9m \u00e1gua: o \u00f3leo essencial de rosas pode fornecer hidrata\u00e7\u00e3o e nutri\u00e7\u00e3o profundas \u00e0 pele e reter \u00e1gua para mant\u00ea-la hidratada.<\/p>\n\n\n\n<p>2. Remo\u00e7\u00e3o de caspa: Nosso produto elimina efetivamente bact\u00e9rias e sujeira, hidrata os fol\u00edculos capilares, limpa os fol\u00edculos capilares, remove ainda mais a caspa e mant\u00e9m o couro cabeludo fresco.<\/p>\n\n\n\n<p>3. Promova o crescimento capilar: Ao aplicar \u00f3leo essencial, ele promover\u00e1 a circula\u00e7\u00e3o sangu\u00ednea, fornecer\u00e1 nutri\u00e7\u00e3o adequada para os fol\u00edculos capilares e promover\u00e1 a taxa de renova\u00e7\u00e3o celular. Ao mesmo tempo, o \u00f3leo essencial de rosa tamb\u00e9m pode suavizar cabelos danificados, fortalecer os fol\u00edculos capilares, prevenir a quebra do cabelo e promover ainda mais o crescimento do cabelo.<\/p>\n\n\n\n<p>4. Livre-se de olheiras e rugas: antioxidantes ricos podem ajudar a eliminar o incha\u00e7o e melhorar as olheiras. Ao mesmo tempo, eles resistem constantemente aos danos dos radicais livres, retardam o envelhecimento celular, promovem o metabolismo da pele, reduzem ainda mais o aparecimento de rugas e tornam a pele mais macia e el\u00e1stica.<\/p>\n\n\n\n<p>5. Aliviar o estresse e a dor: O aroma das rosas pode relaxar seu corpo e mente, aliviar o estresse e o mau humor, e tamb\u00e9m aliviar a dor. O aroma tamb\u00e9m melhorar\u00e1 sua qualidade de sono.<\/p>\n\n\n\n<p>6. Antibacteriano e anti-inflamat\u00f3rio: Nosso \u00f3leo essencial tem excelentes propriedades antibacterianas e anti-inflamat\u00f3rias, pode tratar infec\u00e7\u00f5es de pele, inflama\u00e7\u00e3o, coceira no couro cabeludo e outros problemas, mas tamb\u00e9m pode regular a oleosidade do couro cabeludo, especialmente em cabelos oleosos.<\/p>\n\n\n\n<h2 class=\"wp-block-heading\">Como usar \u00f3leo essencial de rosas?<\/h2>\n\n\n\n<p>Usamos design de embalagem delicado e port\u00e1til na produ\u00e7\u00e3o, seja adequado para presente ou uso familiar. O \u00f3leo essencial de rosa tem uma textura refrescante e \u00e9 facilmente absorvido, por isso \u00e9 vers\u00e1til e pode ser usado em cuidados com a pele, cuidados faciais, cuidados com os cabelos, etc. Vou entrar na se\u00e7\u00e3o de cuidados com os cabelos em detalhes:<\/p>\n\n\n\n<p>1. Tratamento profundo: Primeiro misture o \u00f3leo essencial de rosas com \u00f3leo base na propor\u00e7\u00e3o, depois aplique uniformemente no cabelo e massageie suavemente o couro cabeludo e o cabelo com os dedos para promover a absor\u00e7\u00e3o. Enrole o cabelo em uma toalha quente e segure-a aquecida por 15-20 minutos antes de enxaguar com \u00e1gua ou xampu.<\/p>\n\n\n\n<p>1. Cuidados di\u00e1rios com o cabelo: Ap\u00f3s lavar o cabelo, seque-o suavemente com uma toalha, misture uma quantidade adequada de \u00f3leo essencial de rosas com o \u00f3leo base e aplique uniformemente do meio at\u00e9 as pontas do cabelo, especialmente onde ele estiver seco e rachado. Ap\u00f3s a aplica\u00e7\u00e3o, voc\u00ea pode massagear suavemente o cabelo para promover a absor\u00e7\u00e3o e, em seguida, deixe o cabelo secar ao ar ou seque com um secador de cabelo.<\/p>\n\n\n\n<h2 class=\"wp-block-heading\">Cuidado<\/h2>\n\n\n\n<p>1. O \u00f3leo essencial de rosas tem alta concentra\u00e7\u00e3o e deve ser dilu\u00eddo com \u00f3leo base, como \u00f3leo de jojoba, \u00f3leo de coco, etc.<\/p>\n\n\n\n<p>2. Preste aten\u00e7\u00e3o ao princ\u00edpio da quantidade adequada ao usar, para evitar o excesso de \u00f3leos essenciais, o que pode causar cabelos oleosos e poros obstru\u00eddos;<\/p>\n\n\n\n<p>3. Testes al\u00e9rgicos devem ser realizados pela primeira vez. Se ocorrer desconforto, pare de usar imediatamente;<\/p>\n\n\n\n<p>4. Recomenda-se us\u00e1-lo 1-2 vezes por semana para evitar que a aplica\u00e7\u00e3o frequente afete seu efeito;<\/p>\n\n\n\n<p>5. Recomenda-se armazenar em local fresco e seco, evitando luz solar direta e ambientes com altas temperaturas;<\/p>\n\n\n\n<h2 class=\"wp-block-heading\">Conclus\u00e3o<\/h2>\n\n\n\n<p>Nosso \u00f3leo essencial de rosas cuidadosamente elaborado n\u00e3o s\u00f3 tem ingredientes seguros, suaves e inofensivos, mas tamb\u00e9m tem m\u00faltiplos efeitos para proteger sua sa\u00fade e beleza em todos os aspectos. N\u00f3s fornecemos uma variedade de op\u00e7\u00f5es, voc\u00ea pode de acordo com suas prefer\u00eancias e necessidades escolher uma adequada para voc\u00ea. Claro, n\u00f3s tamb\u00e9m fornecemos um servi\u00e7o de personaliza\u00e7\u00e3o abrangente, seja ajuste de f\u00f3rmula ou design de embalagem, n\u00f3s buscaremos o m\u00e1ximo, para criar sua marca, e para ajud\u00e1-lo a ganhar uma vantagem competitiva no mercado de \u00f3leo de rosas. Se voc\u00ea tamb\u00e9m estiver interessado em nossos produtos, entre em contato conosco.<\/p>","protected":false},"excerpt":{"rendered":"Rose Essential Oil Manufacturing Common Formulas The production process of rose essential oil is relatively delicate, and parameters such as temperature, pressure, and time must be strictly controlled to ensure the optimal quality and efficacy of the essential oil. Here are its main ingredients: 1. Roses: As the core ingredient, roses play an important role. [&hellip;]","protected":false},"featured_media":2247,"menu_order":0,"template":"","meta":[],"product-tag":[],"products":[53],"class_list":["post-2246","product","type-product","status-publish","has-post-thumbnail","hentry","products-essential-oil"],"acf":[],"_links":{"self":[{"href":"https:\/\/www.ruiqigo.com\/pt_pt\/wp-json\/wp\/v2\/product\/2246","targetHints":{"allow":["GET"]}}],"collection":[{"href":"https:\/\/www.ruiqigo.com\/pt_pt\/wp-json\/wp\/v2\/product"}],"about":[{"href":"https:\/\/www.ruiqigo.com\/pt_pt\/wp-json\/wp\/v2\/types\/product"}],"version-history":[{"count":0,"href":"https:\/\/www.ruiqigo.com\/pt_pt\/wp-json\/wp\/v2\/product\/2246\/revisions"}],"wp:featuredmedia":[{"embeddable":true,"href":"https:\/\/www.ruiqigo.com\/pt_pt\/wp-json\/wp\/v2\/media\/2247"}],"wp:attachment":[{"href":"https:\/\/www.ruiqigo.com\/pt_pt\/wp-json\/wp\/v2\/media?parent=2246"}],"wp:term":[{"taxonomy":"product-tag","embeddable":true,"href":"https:\/\/www.ruiqigo.com\/pt_pt\/wp-json\/wp\/v2\/product-tag?post=2246"},{"taxonomy":"products","embeddable":true,"href":"https:\/\/www.ruiqigo.com\/pt_pt\/wp-json\/wp\/v2\/products?post=2246"}],"curies":[{"name":"wp","href":"https:\/\/api.w.org\/{rel}","templated":true}]}}