{"id":227,"date":"2024-06-30T23:19:42","date_gmt":"2024-06-30T15:19:42","guid":{"rendered":"https:\/\/ruiqigo.com\/?post_type=product&#038;p=227"},"modified":"2024-09-25T15:09:48","modified_gmt":"2024-09-25T07:09:48","slug":"moroccanoil-shampoo","status":"publish","type":"product","link":"https:\/\/www.ruiqigo.com\/pt_pt\/product\/moroccanoil-shampoo","title":{"rendered":"Shampoo Moroccanoil"},"content":{"rendered":"<h3 class=\"wp-block-heading\">F\u00f3rmulas comuns de fabrica\u00e7\u00e3o de xampu Moroccanoil<\/h3>\n\n\n\n<p>Os xampus Moroccanoil cont\u00eam uma variedade de ingredientes reparadores, come\u00e7ando com \u00f3leo de argan. O \u00f3leo de argan \u00e9 rico em vitamina E e antioxidantes, que s\u00e3o absorvidos relativamente r\u00e1pido pelo cabelo para formar uma pel\u00edcula protetora que reduz os raios UV, repara as escamas e melhora a textura do cabelo. O xampu Moroccanoil \u00e9 embalado com coisas boas como \u00e1cidos graxos, antioxidantes e vitamina E. Ele conserta o cabelo danificado, torna-o mais saltitante e brilhante, e o mant\u00e9m protegido de coisas ruins no ar. A prote\u00edna de trigo hidrolisada no xampu penetra profundamente no seu cabelo. Ela d\u00e1 ao cabelo os amino\u00e1cidos de que ele precisa para ser forte e resistente. Al\u00e9m disso, h\u00e1 o extrato de fungo prateado, cheio de coisas boas como polissacar\u00eddeos, prote\u00ednas e pequenos peda\u00e7os de nutrientes. Ele alimenta seu couro cabeludo e cabelo profundamente e torna o couro cabeludo mais saud\u00e1vel.<\/p>\n\n\n\n<h3 class=\"wp-block-heading\">Shampoo Moroccanoil Cen\u00e1rios aplic\u00e1veis<\/h3>\n\n\n\n<p>Com seus ricos nutrientes e propriedades nutritivas, o Shampoo Moroccanoil \u00e9 adequado para todos os climas e ambientes, especialmente climas secos. Em climas secos, o cabelo \u00e9 propenso a fric\u00e7\u00e3o e eletricidade est\u00e1tica, e a falta de umidade leva ao ressecamento. Ingredientes reparadores como \u00f3leo de argan no Shampoo Moroccanoil fornecem hidrata\u00e7\u00e3o extra ao cabelo, ajudando a reduzir a quebra est\u00e1tica e seca do cabelo. Voc\u00ea tamb\u00e9m pode combin\u00e1-lo com um <a href=\"https:\/\/www.ruiqigo.com\/pt_pt\/products\/conditioner\/\">condicionador de ingredientes naturais<\/a> para resultados ainda melhores.<\/p>\n\n\n\n<h3 class=\"wp-block-heading\">Para quem \u00e9 o shampoo moroccanoil?<\/h3>\n\n\n\n<p>Os xampus Moroccanoil s\u00e3o uma excelente escolha para pessoas que lutam contra cabelos danificados, secos ou quebradi\u00e7os. Este xampu \u00e9 formulado com ingredientes ricos e nutritivos que trabalham para condicionar e revitalizar profundamente os cabelos, deixando-os macios, suaves e f\u00e1ceis de manusear. O ingrediente principal, o \u00f3leo marroquino, \u00e9 conhecido por seu alto teor de nutrientes, que penetra na haste capilar para reparar danos e restaurar a for\u00e7a e a elasticidade. Mais n<a href=\"https:\/\/www.ruiqigo.com\/pt_pt\/products\/shampoo\/\">shampoos com ingredientes naturais<\/a> para voc\u00ea escolher entre 3TOP.<\/p>\n\n\n\n<h3 class=\"wp-block-heading\">Processo de produ\u00e7\u00e3o do shampoo Moroccanoil<\/h3>\n\n\n\n<p>Os shampoos Moroccanoil s\u00e3o infundidos com nutrientes naturais que s\u00e3o cuidadosamente selecionados por sua capacidade de aumentar significativamente a for\u00e7a e a sa\u00fade do seu cabelo. O ingrediente estrela, extra\u00eddo da \u00e1rvore de argan nativa do Marrocos, \u00e9 rico em \u00e1cidos graxos essenciais, antioxidantes e vitamina E. Esses componentes trabalham juntos para fortalecer cada fio, protegendo contra quebra e promovendo resili\u00eancia.<\/p>","protected":false},"excerpt":{"rendered":"Moroccanoil shampoo manufacturing common formulas Moroccanoil shampoos contain a range of repairing ingredients, starting with argan oil. Argan oil is rich in vitamin E and antioxidants, which are absorbed relatively quickly by the hair to form a protective film that reduces UV rays, repairs the scales, and improves hair texture. Moroccanoil Shampoo is packed with [&hellip;]","protected":false},"featured_media":228,"menu_order":0,"template":"","meta":[],"product-tag":[],"products":[51],"class_list":["post-227","product","type-product","status-publish","has-post-thumbnail","hentry","products-shampoo"],"acf":[],"_links":{"self":[{"href":"https:\/\/www.ruiqigo.com\/pt_pt\/wp-json\/wp\/v2\/product\/227","targetHints":{"allow":["GET"]}}],"collection":[{"href":"https:\/\/www.ruiqigo.com\/pt_pt\/wp-json\/wp\/v2\/product"}],"about":[{"href":"https:\/\/www.ruiqigo.com\/pt_pt\/wp-json\/wp\/v2\/types\/product"}],"version-history":[{"count":0,"href":"https:\/\/www.ruiqigo.com\/pt_pt\/wp-json\/wp\/v2\/product\/227\/revisions"}],"wp:featuredmedia":[{"embeddable":true,"href":"https:\/\/www.ruiqigo.com\/pt_pt\/wp-json\/wp\/v2\/media\/228"}],"wp:attachment":[{"href":"https:\/\/www.ruiqigo.com\/pt_pt\/wp-json\/wp\/v2\/media?parent=227"}],"wp:term":[{"taxonomy":"product-tag","embeddable":true,"href":"https:\/\/www.ruiqigo.com\/pt_pt\/wp-json\/wp\/v2\/product-tag?post=227"},{"taxonomy":"products","embeddable":true,"href":"https:\/\/www.ruiqigo.com\/pt_pt\/wp-json\/wp\/v2\/products?post=227"}],"curies":[{"name":"wp","href":"https:\/\/api.w.org\/{rel}","templated":true}]}}