{"id":2291,"date":"2024-12-17T16:20:43","date_gmt":"2024-12-17T08:20:43","guid":{"rendered":"https:\/\/ruiqigo.com\/?post_type=product&#038;p=2291"},"modified":"2024-12-17T16:22:39","modified_gmt":"2024-12-17T08:22:39","slug":"frankincense-essential-oil","status":"publish","type":"product","link":"https:\/\/www.ruiqigo.com\/pt_pt\/product\/frankincense-essential-oil","title":{"rendered":"\u00d3leo Essencial de Ol\u00edbano"},"content":{"rendered":"<h2 class=\"wp-block-heading\">F\u00f3rmulas comuns para fabrica\u00e7\u00e3o de \u00f3leo essencial de ol\u00edbano<\/h2>\n\n\n\n<p>No processo de produ\u00e7\u00e3o, projetamos uma variedade de formula\u00e7\u00f5es de acordo com suas diferentes necessidades para garantir que elas possam exercer seus respectivos efeitos. Se a concentra\u00e7\u00e3o do \u00f3leo essencial de ol\u00edbano for maior, geralmente voc\u00ea precisa diluir o \u00f3leo base, para cuidar melhor da sua sa\u00fade.<\/p>\n\n\n\n<p>1. \u00d3leo essencial de ol\u00edbano: Ele desempenha um papel importante como ingrediente principal. Por exemplo, o \u00f3leo essencial de ol\u00edbano tem propriedades antibacterianas e anti-inflamat\u00f3rias, que podem inibir a reprodu\u00e7\u00e3o bacteriana, reduzir a ocorr\u00eancia de inflama\u00e7\u00e3o e, em seguida, promover a cicatriza\u00e7\u00e3o de feridas e tratar doen\u00e7as orais, infec\u00e7\u00f5es de pele, inflama\u00e7\u00e3o do couro cabeludo e outros problemas. Ele tamb\u00e9m estimula a circula\u00e7\u00e3o sangu\u00ednea, o que ajuda os fol\u00edculos capilares a absorver mais nutrientes, promovendo assim o crescimento do cabelo. Ao mesmo tempo, ele pode penetrar no cabelo para fornecer umidade, reduzir o frizz, a quebra e as pontas duplas e tornar seu cabelo mais flex\u00edvel. Al\u00e9m disso, ele tamb\u00e9m pode promover a regenera\u00e7\u00e3o celular, reparar o tecido danificado do couro cabeludo e promover ainda mais a prote\u00e7\u00e3o da sa\u00fade do couro cabeludo.<\/p>\n\n\n\n<p>2. \u00d3leo de babajo: O \u00f3leo de babajo \u00e9 rico em vitamina E e \u00e1cidos graxos, que podem nutrir fortemente o cabelo e suplementar nutrientes. Ele tamb\u00e9m pode reparar cabelos danificados e suavizar o frizz. Ao mesmo tempo, como um \u00f3leo base leve e de f\u00e1cil absor\u00e7\u00e3o, ele n\u00e3o sobrecarrega o cabelo.<\/p>\n\n\n\n<p>3. \u00d3leo de coco: O \u00f3leo de coco tem um excelente efeito hidratante, que pode penetrar profundamente no n\u00facleo do cabelo e trazer umidade e nutrientes suficientes. Ele tamb\u00e9m remove efetivamente a eletricidade est\u00e1tica e o frizz do cabelo.<\/p>\n\n\n\n<p>4. Rosin: Rosin \u00e9 o componente essencial do \u00f3leo essencial de ol\u00edbano, que exala um aroma amadeirado quente e um aroma leve de frutas. Este aroma \u00fanico tamb\u00e9m alivia a ansiedade, modula o humor e ajuda voc\u00ea a relaxar.<\/p>\n\n\n\n<h2 class=\"wp-block-heading\">As fun\u00e7\u00f5es do \u00f3leo essencial de ol\u00edbano<\/h2>\n\n\n\n<p>Como um fabricante profissional de \u00f3leo essencial de ol\u00edbano, damos aten\u00e7\u00e3o especial \u00e0 alta qualidade e \u00e0 excelente efic\u00e1cia de nossos produtos. Portanto, selecionamos cuidadosamente as mat\u00e9rias-primas e controlamos rigorosamente cada elo da produ\u00e7\u00e3o para garantir a efic\u00e1cia e a seguran\u00e7a dos produtos. Aqui est\u00e3o seus principais benef\u00edcios:<\/p>\n\n\n\n<p>1. Melhora a imunidade: O \u00f3leo essencial de ol\u00edbano pode melhorar o sistema imunol\u00f3gico e melhorar a capacidade de resistir a doen\u00e7as, para prevenir a ocorr\u00eancia de doen\u00e7as, como doen\u00e7as orais. E tem potenciais efeitos antic\u00e2ncer.<\/p>\n\n\n\n<p>2. Proteger a pele: Ele n\u00e3o s\u00f3 pode promover a regenera\u00e7\u00e3o celular e reparar tecidos danificados, mas tamb\u00e9m acelerar a cicatriza\u00e7\u00e3o de feridas. Ele tamb\u00e9m pode hidratar sua pele, reduzir ainda mais rugas e cicatrizes, pontos doloridos e outros problemas, proteger a pele e prevenir o envelhecimento da pele.<\/p>\n\n\n\n<p>3. Cuidados com o cabelo: Nossos \u00f3leos essenciais estimulam a circula\u00e7\u00e3o do couro cabeludo, o que acelera o crescimento do cabelo. Eles tamb\u00e9m podem aliviar a coceira e o desconforto do couro cabeludo, reduzir a carga sobre o couro cabeludo e tornar o cabelo mais saud\u00e1vel. Ao mesmo tempo, eles t\u00eam uma forte capacidade de hidrata\u00e7\u00e3o, podem nutrir o cabelo e torn\u00e1-lo mais suave.<\/p>\n\n\n\n<p>4. Alivia o estresse: O aroma \u00fanico do \u00f3leo essencial de ol\u00edbano pode n\u00e3o apenas promover relaxamento, aliviar o estresse, regular emo\u00e7\u00f5es ruins e, assim, reduzir a depress\u00e3o. Ele tamb\u00e9m estimula os nervos e melhora a mem\u00f3ria.<\/p>\n\n\n\n<p>5. Dor e incha\u00e7o: quando usados, os componentes antibacterianos e anti-inflamat\u00f3rios do \u00f3leo essencial de ol\u00edbano podem efetivamente matar a reprodu\u00e7\u00e3o bacteriana e reduzir sintomas inflamat\u00f3rios, como vermelhid\u00e3o e incha\u00e7o, e tamb\u00e9m podem aliviar artrite, dores musculares e ainda reduzir a dor e o incha\u00e7o.<\/p>\n\n\n\n<h2 class=\"wp-block-heading\">Como usar o \u00f3leo essencial de ol\u00edbano?<\/h2>\n\n\n\n<p>O \u00f3leo essencial de ol\u00edbano pode ser usado de diferentes maneiras, de acordo com diferentes cen\u00e1rios e necessidades. Tamb\u00e9m projetamos uma variedade de formula\u00e7\u00f5es e testamos a efic\u00e1cia dos produtos acabados para garantir que os produtos que voc\u00ea receber possam ser usados com confian\u00e7a. Veja como usar o cuidado capilar:<\/p>\n\n\n\n<p>1. Massagem no couro cabeludo: Primeiro, adicione 4 gotas de \u00f3leo essencial de ol\u00edbano a 1 colher de sopa de \u00f3leo de Jojoba para diluir, depois aplique uniformemente o \u00f3leo essencial dilu\u00eddo no couro cabeludo e massageie suavemente. Voc\u00ea pode ent\u00e3o enrolar sua cabe\u00e7a em uma toalha quente e esperar 30 minutos, o que permite que o \u00f3leo penetre. Quando o tempo acabar, enx\u00e1gue com \u00e1gua morna para garantir que n\u00e3o haja res\u00edduos.<\/p>\n\n\n\n<p>2. Mistura: No processo de lavagem do cabelo, voc\u00ea pode colocar 3 gotas do nosso \u00f3leo essencial no xampu ou condicionador para misturar bem e, em seguida, lavar o cabelo de acordo com o processo normal. Pode ser massageado suavemente durante esse processo, especialmente onde o cabelo est\u00e1 muito danificado e seco, para promover a absor\u00e7\u00e3o.<\/p>\n\n\n\n<p>3. Terapia de fragr\u00e2ncia: pode ser inalada diretamente ou com a ajuda de difusores de fragr\u00e2ncia para aliviar o estresse, relaxar o corpo e a mente e reduzir indiretamente a queda de cabelo relacionada ao estresse.<\/p>\n\n\n\n<h2 class=\"wp-block-heading\">Cuidado<\/h2>\n\n\n\n<p>1. Escolha um \u00f3leo essencial de ol\u00edbano adequado de acordo com seu tipo de pele ou cabelo e necessidades;<\/p>\n\n\n\n<p>2. Testes al\u00e9rgicos devem ser realizados pela primeira vez. Se ocorrer desconforto, pare de usar imediatamente;<\/p>\n\n\n\n<p>3. Evite contato com os olhos e outras partes sens\u00edveis, se houver contato, enx\u00e1gue com \u00f3leo base (n\u00e3o \u00e1gua) e observe, se ainda houver desconforto deve consultar um m\u00e9dico;<\/p>\n\n\n\n<p>4. Preste aten\u00e7\u00e3o \u00e0 frequ\u00eancia de uso, recomenda-se usar 1-2 vezes por semana, para evitar o uso excessivo causado pela sobrecarga do couro cabeludo;<\/p>\n\n\n\n<p>5. Preste aten\u00e7\u00e3o ao princ\u00edpio da quantidade adequada, o excesso de \u00f3leo essencial deixar\u00e1 o couro cabeludo oleoso e obstruir\u00e1 os poros;<\/p>\n\n\n\n<p>6. Recomenda-se armazenar em local fresco e seco para evitar luz solar direta e ambientes com altas temperaturas.<\/p>\n\n\n\n<h2 class=\"wp-block-heading\">Conclus\u00e3o<\/h2>\n\n\n\n<p>Como um produtor experiente de \u00f3leos essenciais de ol\u00edbano, entendemos seu desejo por qualidade e efic\u00e1cia. Portanto, cada um dos nossos processos passou por um rigoroso controle de qualidade e controle preciso de tempo e temperatura para garantir que cada frasco contenha ingredientes ricos e exer\u00e7a a m\u00e1xima efic\u00e1cia.<\/p>\n\n\n\n<p>Claro, tamb\u00e9m temos excelentes servi\u00e7os de personaliza\u00e7\u00e3o para criar sua marca de \u00f3leo essencial de acordo com suas necessidades e ajud\u00e1-lo a ganhar uma vantagem competitiva no mercado. Entre em contato conosco se estiver interessado.<\/p>","protected":false},"excerpt":{"rendered":"Frankincense Essential Oil Manufacturing Common Formulas In the production process, we have designed a variety of formulations according to your different needs to ensure that they can play their respective effects. If the concentration of frankincense essential oil is higher, you usually need to dilute the base oil, to better care for your health. 1. [&hellip;]","protected":false},"featured_media":2292,"menu_order":0,"template":"","meta":[],"product-tag":[],"products":[53],"class_list":["post-2291","product","type-product","status-publish","has-post-thumbnail","hentry","products-essential-oil"],"acf":[],"_links":{"self":[{"href":"https:\/\/www.ruiqigo.com\/pt_pt\/wp-json\/wp\/v2\/product\/2291","targetHints":{"allow":["GET"]}}],"collection":[{"href":"https:\/\/www.ruiqigo.com\/pt_pt\/wp-json\/wp\/v2\/product"}],"about":[{"href":"https:\/\/www.ruiqigo.com\/pt_pt\/wp-json\/wp\/v2\/types\/product"}],"version-history":[{"count":0,"href":"https:\/\/www.ruiqigo.com\/pt_pt\/wp-json\/wp\/v2\/product\/2291\/revisions"}],"wp:featuredmedia":[{"embeddable":true,"href":"https:\/\/www.ruiqigo.com\/pt_pt\/wp-json\/wp\/v2\/media\/2292"}],"wp:attachment":[{"href":"https:\/\/www.ruiqigo.com\/pt_pt\/wp-json\/wp\/v2\/media?parent=2291"}],"wp:term":[{"taxonomy":"product-tag","embeddable":true,"href":"https:\/\/www.ruiqigo.com\/pt_pt\/wp-json\/wp\/v2\/product-tag?post=2291"},{"taxonomy":"products","embeddable":true,"href":"https:\/\/www.ruiqigo.com\/pt_pt\/wp-json\/wp\/v2\/products?post=2291"}],"curies":[{"name":"wp","href":"https:\/\/api.w.org\/{rel}","templated":true}]}}