{"id":232,"date":"2024-06-30T23:25:32","date_gmt":"2024-06-30T15:25:32","guid":{"rendered":"https:\/\/ruiqigo.com\/?post_type=product&#038;p=232"},"modified":"2024-09-25T15:08:28","modified_gmt":"2024-09-25T07:08:28","slug":"biotin-shampoo","status":"publish","type":"product","link":"https:\/\/www.ruiqigo.com\/pt_pt\/product\/biotin-shampoo","title":{"rendered":"Shampoo de biotina"},"content":{"rendered":"<h3 class=\"wp-block-heading\">Fabrica\u00e7\u00e3o de xampu de biotina F\u00f3rmulas comuns<\/h3>\n\n\n\n<p>Os xampus de biotina t\u00eam auxiliares de limpeza especiais chamados Sodium Methyl Cocoyl Taurate e Sodium Cocoyl Glycinate. Eles limpam muito bem e mant\u00eam o equil\u00edbrio natural do seu couro cabeludo. O xampu tamb\u00e9m tem Cocamidopropyl Betaine, que faz muitas bolhas e ajuda a manter seu couro cabeludo e cabelo hidratados enquanto os limpa. Al\u00e9m disso, o xampu \u00e9 fortificado com o ingrediente-chave Biotin VB7, que est\u00e1 envolvido na s\u00edntese de queratina, a principal prote\u00edna que comp\u00f5e o cabelo e as unhas. Portanto, a presen\u00e7a de Biotina ajuda a aumentar a for\u00e7a e a elasticidade do cabelo, e \u00e9 adequado para pessoas com tend\u00eancia \u00e0 queda e quebra de cabelo para melhorar a sa\u00fade do cabelo.<\/p>\n\n\n\n<h3 class=\"wp-block-heading\">Shampoo de biotina Cen\u00e1rios aplic\u00e1veis<\/h3>\n\n\n\n<p>Os xampus de biotina funcionam bem em v\u00e1rios climas, especialmente os secos e \u00famidos, devido aos seus benef\u00edcios nutritivos e fortalecedores. Em climas secos, onde a condi\u00e7\u00e3o do cabelo tende a se tornar doentia, o VB7 nos xampus de biotina melhora a condi\u00e7\u00e3o do cabelo de dentro para fora. Em climas excessivamente \u00famidos, o cabelo tende a ficar oleoso e liso. Os xampus de biotina regulam a secre\u00e7\u00e3o de \u00f3leo do couro cabeludo, mantendo o cabelo fresco e volumoso. Voc\u00ea tamb\u00e9m pode combin\u00e1-lo com um <a href=\"https:\/\/www.ruiqigo.com\/pt_pt\/products\/conditioner\/\">condicionador de ingredientes naturais <\/a>para resultados ainda melhores.<\/p>\n\n\n\n<h3 class=\"wp-block-heading\">Para quem os shampoos de biotina s\u00e3o indicados?<\/h3>\n\n\n\n<p>Os shampoos de biotina s\u00e3o adequados para pessoas que t\u00eam problemas de queda de cabelo e cabelos quebradi\u00e7os e usam este shampoo para melhorar a textura do cabelo. Al\u00e9m disso, o shampoo tamb\u00e9m \u00e9 adequado para pessoas com cabelos n\u00e3o saud\u00e1veis devido \u00e0 defici\u00eancia de biotina. Para pessoas com cabelos sem brilho ou com apar\u00eancia n\u00e3o saud\u00e1vel, os shampoos de biotina podem ajudar a melhorar a sa\u00fade geral do cabelo. Mais <a href=\"https:\/\/www.ruiqigo.com\/pt_pt\/products\/shampoo\/\">shampoos com ingredientes naturais<\/a> para voc\u00ea escolher entre 3TOP.<\/p>\n\n\n\n<h3 class=\"wp-block-heading\">Processo de produ\u00e7\u00e3o de xampu de biotina<\/h3>\n\n\n\n<p>Na produ\u00e7\u00e3o de xampus de biotina, usamos fermenta\u00e7\u00e3o microbiana para produzir biotina. Este m\u00e9todo de produ\u00e7\u00e3o de biotina resulta em uma biotina mais ativa e eficaz, e um processo de produ\u00e7\u00e3o mais ecol\u00f3gico.<\/p>","protected":false},"excerpt":{"rendered":"Biotin shampoo manufacturing Common Formulas Biotin Shampoos has special cleaning helpers called Sodium Methyl Cocoyl Taurate and Sodium Cocoyl Glycinate. They clean really well and keep your scalp&#8217;s natural balance. The shampoo also has Cocamidopropyl Betaine, which makes lots of bubbles and helps to keep your scalp and hair moisturized while it cleans them. In [&hellip;]","protected":false},"featured_media":233,"menu_order":0,"template":"","meta":[],"product-tag":[],"products":[51],"class_list":["post-232","product","type-product","status-publish","has-post-thumbnail","hentry","products-shampoo"],"acf":[],"_links":{"self":[{"href":"https:\/\/www.ruiqigo.com\/pt_pt\/wp-json\/wp\/v2\/product\/232","targetHints":{"allow":["GET"]}}],"collection":[{"href":"https:\/\/www.ruiqigo.com\/pt_pt\/wp-json\/wp\/v2\/product"}],"about":[{"href":"https:\/\/www.ruiqigo.com\/pt_pt\/wp-json\/wp\/v2\/types\/product"}],"version-history":[{"count":0,"href":"https:\/\/www.ruiqigo.com\/pt_pt\/wp-json\/wp\/v2\/product\/232\/revisions"}],"wp:featuredmedia":[{"embeddable":true,"href":"https:\/\/www.ruiqigo.com\/pt_pt\/wp-json\/wp\/v2\/media\/233"}],"wp:attachment":[{"href":"https:\/\/www.ruiqigo.com\/pt_pt\/wp-json\/wp\/v2\/media?parent=232"}],"wp:term":[{"taxonomy":"product-tag","embeddable":true,"href":"https:\/\/www.ruiqigo.com\/pt_pt\/wp-json\/wp\/v2\/product-tag?post=232"},{"taxonomy":"products","embeddable":true,"href":"https:\/\/www.ruiqigo.com\/pt_pt\/wp-json\/wp\/v2\/products?post=232"}],"curies":[{"name":"wp","href":"https:\/\/api.w.org\/{rel}","templated":true}]}}