{"id":2322,"date":"2024-12-19T14:17:49","date_gmt":"2024-12-19T06:17:49","guid":{"rendered":"https:\/\/ruiqigo.com\/?post_type=product&#038;p=2322"},"modified":"2024-12-19T17:21:20","modified_gmt":"2024-12-19T09:21:20","slug":"best-body-lotion-for-dry-skin","status":"publish","type":"product","link":"https:\/\/www.ruiqigo.com\/pt_pt\/product\/best-body-lotion-for-dry-skin","title":{"rendered":"Melhor Lo\u00e7\u00e3o Corporal Para Pele Seca"},"content":{"rendered":"<h2 class=\"wp-block-heading\">Melhor Lo\u00e7\u00e3o Corporal para Pele Seca Fabrica\u00e7\u00e3o F\u00f3rmulas Comuns<\/h2>\n\n\n\n<p>Durante todo o processo de produ\u00e7\u00e3o, usamos instala\u00e7\u00f5es de produ\u00e7\u00e3o avan\u00e7adas e sistemas de testes rigorosos para garantir a seguran\u00e7a e efic\u00e1cia dos produtos. E projetamos f\u00f3rmulas diferentes para seus diferentes tipos de pele e prefer\u00eancias para atender \u00e0s necessidades da maioria das pessoas.<\/p>\n\n\n\n<p>1. \u00c1cido hialur\u00f4nico: o \u00e1cido hialur\u00f4nico \u00e9 um hidratante comum, que tem uma forte capacidade de hidratar e absorver \u00e1gua. Ele n\u00e3o apenas hidrata a pele e ajuda a remover c\u00e9lulas mortas, mas tamb\u00e9m forma uma camada protetora na superf\u00edcie da pele para evitar a perda de \u00e1gua e manter a pele hidratada.<\/p>\n\n\n\n<p>2. Vaselina: Como um tipo de oclusivo, a vaselina pode ajudar a reter \u00e1gua, reduzir a evapora\u00e7\u00e3o de \u00e1gua na pele, aliviar ainda mais o problema de pele seca e descama\u00e7\u00e3o e manter a pele hidratada por muito tempo.<\/p>\n\n\n\n<p>3. Manteiga de karit\u00e9: A manteiga de karit\u00e9 \u00e9 um excelente emoliente. Al\u00e9m do seu efeito hidratante, a manteiga de karit\u00e9 tamb\u00e9m pode reparar c\u00e9lulas de tecido danificadas pelo ressecamento, promovendo assim a regenera\u00e7\u00e3o celular, ajudando a reduzir rugas e linhas finas, e tornando sua pele mais suave e macia.<\/p>\n\n\n\n<p>4. Vitamina C: A vitamina C tem um efeito antioxidante e pode resistir aos radicais livres, dos danos do ambiente externo. Ao mesmo tempo, tamb\u00e9m pode promover a produ\u00e7\u00e3o de col\u00e1geno, para atingir uma pele firme, efeito antienvelhecimento.<\/p>\n\n\n\n<p>5. Nicotinamida: A nicotinamida pode melhorar a fun\u00e7\u00e3o de barreira da pele, melhorar a capacidade de hidrata\u00e7\u00e3o da pele, ajudar a fechar os poros, suavizar rugas e melhorar a elasticidade da pele.<\/p>\n\n\n\n<h2 class=\"wp-block-heading\">As fun\u00e7\u00f5es da melhor lo\u00e7\u00e3o corporal para pele seca<\/h2>\n\n\n\n<p>Como um fabricante profissional de lo\u00e7\u00f5es corporais, temos um profundo conhecimento das caracter\u00edsticas da pele seca antes de projetar a f\u00f3rmula. Entender que a pele seca geralmente n\u00e3o tem \u00f3leos naturais suficientes para manter a barreira de umidade da pele pode levar a uma s\u00e9rie de problemas. Criamos este produto com base neste problema para deixar sua pele hidratada e macia novamente.<\/p>\n\n\n\n<p>1. Hidratante e hidratante: A melhor lo\u00e7\u00e3o corporal para pele seca \u00e9 f\u00e1cil de absorver, o que pode repor profundamente \u00e1gua e nutrientes e ser rapidamente absorvida pela pele. Ao mesmo tempo, ela bloquear\u00e1 a umidade, alcan\u00e7ar\u00e1 um efeito hidratante duradouro, reparar\u00e1 a pele seca e danificada, e o uso a longo prazo deixar\u00e1 sua pele mais hidratada e macia.<\/p>\n\n\n\n<p>2. Esfoliante: Voc\u00ea pode massagear suavemente ao aplicar, o que \u00e9 prop\u00edcio para remover sujeira e \u00f3leo e esfoliar. Tamb\u00e9m ajuda a desobstruir os poros, prevenir acne e cuidar ainda mais da sa\u00fade da sua pele.<\/p>\n\n\n\n<p>3. Melhora a qualidade da pele: Nossa lo\u00e7\u00e3o corporal tamb\u00e9m tem um certo efeito de clareamento da pele, o que pode melhorar a opacidade da pele, suavizar rugas e tornar a pele mais el\u00e1stica, lisa e delicada.<\/p>\n\n\n\n<p>4. Calmante e relaxante: Ess\u00eancia natural de plantas \u00e9 adicionada ao produto, que tem um aroma \u00fanico, que pode acalmar o corpo e a mente, aliviar o humor e o estresse.<\/p>\n\n\n\n<p>5. Reparo da barreira: A melhor lo\u00e7\u00e3o corporal para pele seca tem a fun\u00e7\u00e3o de reparar a barreira da pele, fortalecer a resist\u00eancia e reparar o tecido danificado, protegendo assim a pele do ambiente externo e aderindo \u00e0 sua pele de forma mais saud\u00e1vel.<\/p>\n\n\n\n<h2 class=\"wp-block-heading\">Como usar a melhor lo\u00e7\u00e3o corporal para pele seca?<\/h2>\n\n\n\n<p>O uso regular da melhor lo\u00e7\u00e3o corporal para pele seca pode melhorar a pele e restaurar a sa\u00fade. Claro, tamb\u00e9m \u00e9 importante escolher um produto que seja certo para voc\u00ea. Veja como ele pode ser usado:<\/p>\n\n\n\n<p>1. Limpe a pele: Tome banho normalmente antes de usar para remover sujeira e \u00f3leo da superf\u00edcie da pele. Tenha cuidado para limpar completamente para que o leite do nosso corpo possa ser melhor absorvido.<\/p>\n\n\n\n<p>2. Aplique uniformemente: Ap\u00f3s tomar banho, seque suavemente com uma toalha, mas mantenha-a levemente molhada, e ent\u00e3o aplique uma quantidade apropriada de lo\u00e7\u00e3o corporal uniformemente em todo o corpo, especialmente nos lugares que s\u00e3o f\u00e1ceis de ignorar. A espessura do estrato c\u00f3rneo pode ser adequadamente aumentada para aumentar a quantidade de aplica\u00e7\u00e3o.<\/p>\n\n\n\n<p>3. Absor\u00e7\u00e3o da massagem: Ap\u00f3s aplicar as m\u00e3os para massagear suavemente todo o corpo de forma circular, voc\u00ea pode promover a absor\u00e7\u00e3o. Especialmente partes de cut\u00edculas secas ou grossas podem aumentar a for\u00e7a da massagem.<\/p>\n\n\n\n<p>4. Aguarde a absor\u00e7\u00e3o: Ap\u00f3s a massagem, voc\u00ea pode esperar alguns minutos para que a lo\u00e7\u00e3o seja totalmente absorvida pela pele e, finalmente, pode vestir-se.<\/p>\n\n\n\n<h2 class=\"wp-block-heading\">Cuidado<\/h2>\n\n\n\n<p>1. Testes al\u00e9rgicos devem ser realizados pela primeira vez. Se ocorrer desconforto, pare de usar imediatamente;<\/p>\n\n\n\n<p>2. Evite contato com os olhos e outras partes sens\u00edveis. Em caso de contato com os olhos, lave imediatamente com \u00e1gua;<\/p>\n\n\n\n<p>3. Mantenha fora do alcance de crian\u00e7as para evitar uso indevido;<\/p>\n\n\n\n<p>4. Preste aten\u00e7\u00e3o \u00e0 frequ\u00eancia de uso, \u00e9 recomendado usar todas as manh\u00e3s e noites, se estiver em um ambiente particularmente seco, a frequ\u00eancia de uso pode ser aumentada adequadamente;<\/p>\n\n\n\n<p>5. Preste aten\u00e7\u00e3o \u00e0 quantidade, o excesso de leite corporal pode deixar a pele oleosa e obstruir os poros, n\u00e3o sendo f\u00e1cil de absorver;<\/p>\n\n\n\n<p>6. Recomenda-se armazenar em local fresco e seco, evitando luz solar direta e ambientes com altas temperaturas.<\/p>\n\n\n\n<h2 class=\"wp-block-heading\">Conclus\u00e3o<\/h2>\n\n\n\n<p>Adequado para a maioria dos tipos de pele, nossa melhor lo\u00e7\u00e3o corporal para pele seca \u00e9 f\u00e1cil de usar e leve, tornando-a a escolha ideal para hidrata\u00e7\u00e3o eficaz e nutri\u00e7\u00e3o suave. Al\u00e9m disso. Tamb\u00e9m temos uma gama completa de servi\u00e7os de personaliza\u00e7\u00e3o para criar um produto \u00fanico e digno de marca de acordo com suas necessidades. Entre em contato conosco se quiser fazer seu nome no mercado de lo\u00e7\u00f5es corporais.<\/p>\n\n\n\n<p><\/p>","protected":false},"excerpt":{"rendered":"Best Body Lotion For Dry Skin Manufacturing Common Formulas Throughout the entire production process, we use advanced production facilities and strict testing systems to ensure the safety and effectiveness of products. And we&#8217;ve designed different formulas for your different skin types and preferences to meet the needs of most people. 1. Hyaluronic acid: hyaluronic acid [&hellip;]","protected":false},"featured_media":2323,"menu_order":0,"template":"","meta":[],"product-tag":[],"products":[56],"class_list":["post-2322","product","type-product","status-publish","has-post-thumbnail","hentry","products-body-lotion"],"acf":[],"_links":{"self":[{"href":"https:\/\/www.ruiqigo.com\/pt_pt\/wp-json\/wp\/v2\/product\/2322","targetHints":{"allow":["GET"]}}],"collection":[{"href":"https:\/\/www.ruiqigo.com\/pt_pt\/wp-json\/wp\/v2\/product"}],"about":[{"href":"https:\/\/www.ruiqigo.com\/pt_pt\/wp-json\/wp\/v2\/types\/product"}],"version-history":[{"count":0,"href":"https:\/\/www.ruiqigo.com\/pt_pt\/wp-json\/wp\/v2\/product\/2322\/revisions"}],"wp:featuredmedia":[{"embeddable":true,"href":"https:\/\/www.ruiqigo.com\/pt_pt\/wp-json\/wp\/v2\/media\/2323"}],"wp:attachment":[{"href":"https:\/\/www.ruiqigo.com\/pt_pt\/wp-json\/wp\/v2\/media?parent=2322"}],"wp:term":[{"taxonomy":"product-tag","embeddable":true,"href":"https:\/\/www.ruiqigo.com\/pt_pt\/wp-json\/wp\/v2\/product-tag?post=2322"},{"taxonomy":"products","embeddable":true,"href":"https:\/\/www.ruiqigo.com\/pt_pt\/wp-json\/wp\/v2\/products?post=2322"}],"curies":[{"name":"wp","href":"https:\/\/api.w.org\/{rel}","templated":true}]}}