{"id":2348,"date":"2024-12-25T11:35:04","date_gmt":"2024-12-25T03:35:04","guid":{"rendered":"https:\/\/ruiqigo.com\/?post_type=product&#038;p=2348"},"modified":"2024-12-25T11:35:42","modified_gmt":"2024-12-25T03:35:42","slug":"sandalwood-essential-oil","status":"publish","type":"product","link":"https:\/\/www.ruiqigo.com\/pt_pt\/product\/sandalwood-essential-oil","title":{"rendered":"\u00d3leo Essencial de S\u00e2ndalo"},"content":{"rendered":"<h2 class=\"wp-block-heading\">F\u00f3rmulas comuns de fabrica\u00e7\u00e3o de \u00f3leo essencial de s\u00e2ndalo<\/h2>\n\n\n\n<p>Como um fabricante profissional de \u00f3leo essencial de s\u00e2ndalo, selecionamos s\u00e2ndalo de alta qualidade como mat\u00e9ria-prima e usamos equipamento de destila\u00e7\u00e3o de precis\u00e3o para purificar \u00f3leos essenciais para garantir a alta qualidade e estabilidade dos produtos. Aqui est\u00e3o as principais formula\u00e7\u00f5es para cuidados com os cabelos:<\/p>\n\n\n\n<p>1. \u00d3leo essencial de s\u00e2ndalo: O \u00f3leo essencial de s\u00e2ndalo desempenha um papel importante como ingrediente principal, que \u00e9 leve na textura e pode nutrir e hidratar profundamente o cabelo, suavizando assim o frizz e deixando seu cabelo mais brilhante. Ele tamb\u00e9m tem propriedades antibacterianas e anti-inflamat\u00f3rias, pode inibir o fungo do couro cabeludo para reduzir a produ\u00e7\u00e3o de caspa e pode remover efetivamente o \u00f3leo e a sujeira do couro cabeludo para mant\u00ea-lo limpo e saud\u00e1vel. Al\u00e9m disso, seu aroma \u00fanico pode acalmar o corpo, a mente e o couro cabeludo e estimular a circula\u00e7\u00e3o sangu\u00ednea no couro cabeludo, promovendo assim o crescimento do cabelo.<\/p>\n\n\n\n<p>2. \u00d3leo de am\u00eandoa: O \u00f3leo de am\u00eandoa \u00e9 rico em nutrientes que podem nutrir o cabelo e melhorar o cabelo seco e \u00e1spero. \u00c9 leve na textura, muito semelhante ao nosso sebo, e pode ser usado como um \u00f3leo base misturado com \u00f3leo essencial de s\u00e2ndalo sem ficar pesado<\/p>\n\n\n\n<p>3. Camomila azul: As propriedades anti-inflamat\u00f3rias e calmantes da camomila azul podem aumentar ainda mais o efeito calmante e deix\u00e1-lo mais calmo e relaxado ao usar. Tamb\u00e9m \u00e9 usada para tratar inflama\u00e7\u00f5es, como irrita\u00e7\u00e3o ou inflama\u00e7\u00e3o da pele.<\/p>\n\n\n\n<p>4. \u00d3leo de Argan: As propriedades hidratantes do \u00f3leo de Argan amaciam ainda mais o cabelo e rep\u00f5em a umidade. Ao mesmo tempo, ele tamb\u00e9m tem uma certa fun\u00e7\u00e3o antioxidante, que pode resistir aos danos dos radicais livres, retardando assim o processo de envelhecimento, especialmente para cabelos ralos ou fr\u00e1geis.<\/p>\n\n\n\n<h2 class=\"wp-block-heading\">As fun\u00e7\u00f5es do \u00f3leo essencial de s\u00e2ndalo<\/h2>\n\n\n\n<p>Nosso \u00f3leo essencial de s\u00e2ndalo tem m\u00faltiplas fun\u00e7\u00f5es, n\u00e3o apenas para cuidar da sua pele e cabelo, mas tamb\u00e9m para acalmar os nervos e relaxar. \u00c9 a escolha ideal para a busca moderna por efici\u00eancia, simplifica\u00e7\u00e3o e sa\u00fade.<\/p>\n\n\n\n<p>1. Nutre o cabelo: o \u00f3leo essencial de s\u00e2ndalo \u00e9 f\u00e1cil de penetrar, pode hidratar profundamente o cabelo seco e proporcionar um efeito hidratante duradouro, suavizar o frizz e deixar seu cabelo mudar de brilho e restaurar o brilho.<\/p>\n\n\n\n<p>2. Promova o crescimento e a cura do cabelo: O aroma encantador do s\u00e2ndalo pode promover o crescimento do cabelo ao massagear o couro cabeludo. Ao mesmo tempo, suas propriedades antibacterianas podem n\u00e3o apenas reduzir a produ\u00e7\u00e3o de caspa, mas tamb\u00e9m manter o couro cabeludo limpo, o que \u00e9 ben\u00e9fico para reparar cabelos danificados, promover a cura e deixar o cabelo mais saud\u00e1vel.<\/p>\n\n\n\n<p>3. Calmante e relaxante: Nosso \u00f3leo essencial de s\u00e2ndalo tem um efeito calmante e relaxante, que pode n\u00e3o apenas regular o humor, mas tamb\u00e9m relaxar o corpo e a mente, aliviar o estresse e diminuir a press\u00e3o arterial. Tamb\u00e9m ajuda com a ins\u00f4nia e melhora a qualidade do seu sono.<\/p>\n\n\n\n<p>4. Tratar inflama\u00e7\u00e3o: Nossas propriedades anti-inflamat\u00f3rias ajudam a limpar as vias a\u00e9reas e reduzir a inflama\u00e7\u00e3o, o que alivia tosses, bronquite e muito mais. N\u00e3o s\u00f3 isso, a aplica\u00e7\u00e3o local tamb\u00e9m ajuda a melhorar a fun\u00e7\u00e3o imunol\u00f3gica do corpo, aumentando ainda mais a capacidade de resistir a doen\u00e7as infecciosas.<\/p>\n\n\n\n<p>5. Tom de pele uniforme: o \u00f3leo essencial de s\u00e2ndalo pode reduzir efetivamente a pigmenta\u00e7\u00e3o e clarear manchas escuras, uniformizando e clareando o tom da pele.<\/p>\n\n\n\n<p>6. Reduz rugas: O efeito antioxidante dos nossos \u00f3leos essenciais ajuda a inibir a produ\u00e7\u00e3o de linhas finas, retardar o processo de envelhecimento e reparar a pele j\u00e1 madura, reduzindo assim a produ\u00e7\u00e3o de rugas e linhas finas, e deixando sua pele mais firme e jovem.<\/p>\n\n\n\n<h2 class=\"wp-block-heading\">Como usar o \u00f3leo essencial de s\u00e2ndalo?<\/h2>\n\n\n\n<p>No processo de produ\u00e7\u00e3o do \u00f3leo essencial de s\u00e2ndalo, levamos em considera\u00e7\u00e3o os diferentes tipos de cabelo e pele e projetamos diferentes f\u00f3rmulas. Antes de us\u00e1-lo, voc\u00ea precisa selecionar um produto que seja adequado para voc\u00ea de acordo com sua situa\u00e7\u00e3o e necessidades. Claro, existem diferentes maneiras de cuidar de diferentes partes, e m\u00e9todos comuns de uso incluem aplica\u00e7\u00e3o t\u00f3pica, uso combinado e aromaterapia. Notaremos o m\u00e9todo de opera\u00e7\u00e3o detalhado na embalagem, o seguinte ser\u00e1 um exemplo do m\u00e9todo de coloca\u00e7\u00e3o:<\/p>\n\n\n\n<p>1. Cuidados com os cabelos:<\/p>\n\n\n\n<p>M\u00e9todo 1: No processo de limpeza do cabelo, misture nosso \u00f3leo essencial de s\u00e2ndalo na propor\u00e7\u00e3o do xampu ou condicionador e depois lave o cabelo de acordo com o processo normal. Ap\u00f3s a lavagem, seque suavemente com uma toalha e secador ou deixe secar naturalmente.<\/p>\n\n\n\n<p>M\u00e9todo 2: Ap\u00f3s a lavagem com xampu de acordo com o processo normal, misture o \u00f3leo essencial de s\u00e2ndalo e o \u00f3leo base na propor\u00e7\u00e3o e aplique uniformemente no seu cabelo do meio para as pontas, evitando o contato com o couro cabeludo. Ap\u00f3s a aplica\u00e7\u00e3o, voc\u00ea pode massagear suavemente o seu cabelo com os dedos para promover a absor\u00e7\u00e3o e deixar o seu cabelo secar ao ar ou secar com um secador de cabelo.<\/p>\n\n\n\n<p>2. Cuidados com a pele:<\/p>\n\n\n\n<p>Tome um banho de acordo com o processo normal, limpe o \u00f3leo e a sujeira do corpo e, em seguida, misture nosso \u00f3leo essencial de s\u00e2ndalo com o \u00f3leo base na propor\u00e7\u00e3o e aplique uniformemente nas partes que precisam ser massageadas. Ao massagear, massageie em movimentos circulares na dire\u00e7\u00e3o da textura da pele para promover a circula\u00e7\u00e3o sangu\u00ednea e a absor\u00e7\u00e3o de \u00f3leos essenciais.<\/p>\n\n\n\n<h2 class=\"wp-block-heading\">Cuidado<\/h2>\n\n\n\n<p>1. De acordo com seu tipo de pele para escolher seus produtos;<\/p>\n\n\n\n<p>2. Deve ser realizado um teste al\u00e9rgico pela primeira vez, e interromper imediatamente o uso se n\u00e3o houver adapta\u00e7\u00e3o;<\/p>\n\n\n\n<p>3. O \u00f3leo essencial de s\u00e2ndalo tem alta concentra\u00e7\u00e3o, sendo recomendado mistur\u00e1-lo com o \u00f3leo base na propor\u00e7\u00e3o em que for utilizado;<\/p>\n\n\n\n<p>4. Recomenda-se us\u00e1-lo 1-2 vezes por semana para evitar que o uso frequente afete o efeito de absor\u00e7\u00e3o do \u00f3leo essencial de s\u00e2ndalo;<\/p>\n\n\n\n<p>5. Evite contato com a pele e os olhos. Em caso de contato, lave com \u00e1gua.<\/p>\n\n\n\n<p>6. Gestantes e crian\u00e7as devem utiliz\u00e1-lo sob orienta\u00e7\u00e3o m\u00e9dica;<\/p>\n\n\n\n<p>7. O \u00f3leo essencial de s\u00e2ndalo \u00e9 inflam\u00e1vel e explosivo. Recomenda-se armazenar e usar em local fresco e seco, evitar ambientes com altas temperaturas e longe de fontes de calor.<\/p>\n\n\n\n<h2 class=\"wp-block-heading\">Conclus\u00e3o<\/h2>\n\n\n\n<p>Como um fabricante de \u00f3leos essenciais de s\u00e2ndalo focado em alta qualidade, usamos instala\u00e7\u00f5es de produ\u00e7\u00e3o modernas e selecionamos mat\u00e9rias-primas de alta qualidade para garantir que cada frasco de \u00f3leos essenciais lhe dar\u00e1 a melhor experi\u00eancia de cuidados com a pele. Oferecemos uma variedade de formula\u00e7\u00f5es personalizadas para ajudar voc\u00ea a construir uma marca diferenciada e diversificada e ganhar uma vantagem \u00fanica no mercado competitivo. Se voc\u00ea tamb\u00e9m estiver interessado em nossos produtos, entre em contato conosco imediatamente.<\/p>","protected":false},"excerpt":{"rendered":"Sandalwood Essential Oil Manufacturing Common Formulas As a professional sandalwood essential oil manufacturer, we select high-quality sandalwood as raw materials and use precision distillation equipment to purify essential oils to ensure the high quality and stability of products. Here are the main formulations for hair care: 1. Sandalwood essential oil: Sandalwood essential oil plays an [&hellip;]","protected":false},"featured_media":2349,"menu_order":0,"template":"","meta":[],"product-tag":[],"products":[53],"class_list":["post-2348","product","type-product","status-publish","has-post-thumbnail","hentry","products-essential-oil"],"acf":[],"_links":{"self":[{"href":"https:\/\/www.ruiqigo.com\/pt_pt\/wp-json\/wp\/v2\/product\/2348","targetHints":{"allow":["GET"]}}],"collection":[{"href":"https:\/\/www.ruiqigo.com\/pt_pt\/wp-json\/wp\/v2\/product"}],"about":[{"href":"https:\/\/www.ruiqigo.com\/pt_pt\/wp-json\/wp\/v2\/types\/product"}],"version-history":[{"count":0,"href":"https:\/\/www.ruiqigo.com\/pt_pt\/wp-json\/wp\/v2\/product\/2348\/revisions"}],"wp:featuredmedia":[{"embeddable":true,"href":"https:\/\/www.ruiqigo.com\/pt_pt\/wp-json\/wp\/v2\/media\/2349"}],"wp:attachment":[{"href":"https:\/\/www.ruiqigo.com\/pt_pt\/wp-json\/wp\/v2\/media?parent=2348"}],"wp:term":[{"taxonomy":"product-tag","embeddable":true,"href":"https:\/\/www.ruiqigo.com\/pt_pt\/wp-json\/wp\/v2\/product-tag?post=2348"},{"taxonomy":"products","embeddable":true,"href":"https:\/\/www.ruiqigo.com\/pt_pt\/wp-json\/wp\/v2\/products?post=2348"}],"curies":[{"name":"wp","href":"https:\/\/api.w.org\/{rel}","templated":true}]}}