{"id":2373,"date":"2024-12-27T16:46:51","date_gmt":"2024-12-27T08:46:51","guid":{"rendered":"https:\/\/ruiqigo.com\/?post_type=product&#038;p=2373"},"modified":"2024-12-27T16:48:31","modified_gmt":"2024-12-27T08:48:31","slug":"shampoo-and-conditioner-sulphate-free","status":"publish","type":"product","link":"https:\/\/www.ruiqigo.com\/pt_pt\/product\/shampoo-and-conditioner-sulphate-free","title":{"rendered":"Shampoo e condicionador sem sulfato"},"content":{"rendered":"<h2 class=\"wp-block-heading\">F\u00f3rmulas comuns de fabrica\u00e7\u00e3o de xampu e condicionador sem sulfato<\/h2>\n\n\n\n<p>Na produ\u00e7\u00e3o de xampu e condicionador sem sulfato, usamos uma variedade de ingredientes naturais para manter uma barreira hidratante natural para o couro cabeludo. Esses ingredientes trabalham juntos para limpar, cuidar e hidratar.<\/p>\n\n\n\n<p>1. Aloe vera: Aloe vera pode rapidamente repor a umidade e os nutrientes necess\u00e1rios para o couro cabeludo e cabelo, e prend\u00ea-los firmemente, para que o cabelo possa se manter hidratado e brilhante. Mas tamb\u00e9m ajuda a aliviar a irrita\u00e7\u00e3o e inflama\u00e7\u00e3o, melhora o problema do couro cabeludo e controla a produ\u00e7\u00e3o de \u00f3leo do couro cabeludo, o que ajuda o cabelo a manter um equil\u00edbrio \u00f3leo-\u00e1gua. Tamb\u00e9m limpa suavemente o couro cabeludo sem priv\u00e1-lo da umidade natural.<\/p>\n\n\n\n<p>2. \u00d3leo de coco: O \u00f3leo de coco \u00e9 um FPS natural que protege o cabelo dos danos UV. Ele tamb\u00e9m \u00e9 facilmente absorvido pela cut\u00edcula, proporcionando um efeito hidratante duradouro para o cabelo e reduzindo a perda de \u00e1gua. Al\u00e9m disso, ele tamb\u00e9m pode ajudar a reparar cabelos danificados e melhorar problemas como pontas duplas e quebras.<\/p>\n\n\n\n<p>3. Surfactantes: Usamos surfactantes suaves, que t\u00eam poder de limpeza suave e podem reduzir a irrita\u00e7\u00e3o do couro cabeludo, geralmente fazem menos espuma, mais adequados para pessoas sens\u00edveis a cabelos secos.<\/p>\n\n\n\n<p>4. Vitamina E: \u00e9 um antioxidante que protege o cabelo dos danos dos radicais livres.<\/p>\n\n\n\n<p>5. Regulador de pH: Pode ajustar o pH, para que o produto fique mais pr\u00f3ximo do pH do cabelo, reduzindo assim a irrita\u00e7\u00e3o.<\/p>\n\n\n\n<h2 class=\"wp-block-heading\">As fun\u00e7\u00f5es do xampu e do condicionador sem sulfato<\/h2>\n\n\n\n<p>Como um fabricante profissional de xampu e condicionador sem sulfato, combinamos o poder de limpeza dos xampus com o poder nutritivo dos condicionadores, evitando a irrita\u00e7\u00e3o dos sulfatos no seu cabelo, para trazer a voc\u00ea um produto tudo-em-um, suave e n\u00e3o irritante. Aqui est\u00e3o suas principais fun\u00e7\u00f5es:<\/p>\n\n\n\n<p>1. Hidrata\u00e7\u00e3o e hidrata\u00e7\u00e3o: Nossos produtos n\u00e3o s\u00f3 podem repor a umidade profundamente no n\u00facleo do cabelo, mas tamb\u00e9m deixar o cabelo mais hidratado. Ele tamb\u00e9m ret\u00e9m a umidade natural no couro cabeludo e no cabelo, o que \u00e9 ben\u00e9fico para a sa\u00fade geral do seu cabelo e melhora os problemas de pontas duplas e quebras.<\/p>\n\n\n\n<p>2. Textura natural: xampus e condicionadores sem sulfato s\u00e3o mais suaves, ret\u00eam a parte natural do \u00f3leo, evitam que o cabelo fique seco e frisado, deixam o cabelo mais macio e saud\u00e1vel, e n\u00e3o \u00e9 necess\u00e1rio nenhum cuidado especial para cabelos cacheados.<\/p>\n\n\n\n<p>3. Limpeza suave: usamos uma variedade de ingredientes naturais de plantas e ingredientes suaves para o cuidado do cabelo para reduzir a irrita\u00e7\u00e3o do cabelo e do couro cabeludo, o que causa frizz e ressecamento, especialmente nos m\u00fasculos sens\u00edveis.<\/p>\n\n\n\n<p>4. Mant\u00e9m a cor do cabelo: n\u00e3o abre a cut\u00edcula durante o uso e tamb\u00e9m pode ajudar a manter a for\u00e7a do pigmento da tintura capilar, prolongando assim a vida \u00fatil da tintura.<\/p>\n\n\n\n<p>5. Repara e nutre: xampus e condicionadores sem sulfato podem reparar cabelos danificados e criar uma camada protetora na superf\u00edcie, reduzindo a perda de \u00e1gua e nutrindo ainda mais o cabelo.<\/p>\n\n\n\n<p>6. Ecologicamente correto e conveniente: Comparados aos ingredientes de sulfato, nossos ingredientes s\u00e3o mais ecol\u00f3gicos e saud\u00e1veis, e n\u00e3o s\u00f3 fornecem limpeza profunda, mas tamb\u00e9m tratamento profundo, tornando o cabelo mais saud\u00e1vel. O efeito duplo \u00e9 mais conveniente para seu uso, e tamb\u00e9m evita a sensa\u00e7\u00e3o pesada que pode ser causada pelo uso sobreposto de v\u00e1rios produtos.<\/p>\n\n\n\n<h2 class=\"wp-block-heading\">Como usar xampu e condicionador sem sulfato?<\/h2>\n\n\n\n<p>Nosso xampu e condicionador sem sulfato combinam m\u00faltiplas fun\u00e7\u00f5es para torn\u00e1-los mais f\u00e1ceis de usar, f\u00e1ceis de operar e adequados para a maioria dos cen\u00e1rios.<\/p>\n\n\n\n<p>1. Cabelo molhado: primeiro molhe o cabelo com \u00e1gua morna para garantir que cada fio esteja \u00famido;<\/p>\n\n\n\n<p>2. Limpeza e cuidados: Para a primeira limpeza, aplique uma quantidade apropriada de xampu e condicionador sem sulfato na palma da m\u00e3o, esfregue as bolhas e, em seguida, aplique uniformemente a espuma no cabelo e couro cabeludo. Voc\u00ea pode massagear suavemente o couro cabeludo para promover a circula\u00e7\u00e3o sangu\u00ednea e enxaguar com \u00e1gua ap\u00f3s a massagem. A segunda limpeza \u00e9 a mesma que a primeira etapa de limpeza, este processo pode ajudar a remover a sujeira residual e o \u00f3leo no cabelo, prop\u00edcio para uma limpeza completa.<\/p>\n\n\n\n<p>3. Enx\u00e1gue: Enx\u00e1gue a espuma com \u00e1gua, certifique-se de que n\u00e3o haja mais espuma e seque suavemente com uma toalha. Depois de lavar o cabelo, voc\u00ea pode condicion\u00e1-lo profundamente com \u00f3leo essencial de acordo com suas necessidades pessoais e deixar o cabelo secar ao ar ou com secador.<\/p>\n\n\n\n<h2 class=\"wp-block-heading\">Cuidado<\/h2>\n\n\n\n<p>1. Escolha produtos adequados para o seu cabelo de acordo com as suas necessidades;<\/p>\n\n\n\n<p>2. Deve ser realizado um teste al\u00e9rgico pela primeira vez, e descontinuar o uso se n\u00e3o houver adapta\u00e7\u00e3o;<\/p>\n\n\n\n<p>3. Evite o uso excessivo, use a quantidade adequada de acordo com o comprimento do seu cabelo e evite carga excessiva no cabelo;<\/p>\n\n\n\n<p>4. Evite o uso frequente, recomenda-se usar 1-2 vezes por semana, se o cabelo for ralo ou oleoso, voc\u00ea pode aumentar adequadamente o n\u00famero de vezes;<\/p>\n\n\n\n<p>5. Recomenda-se armazenar em local fresco e seco, evitar luz solar direta e ambientes com altas temperaturas.<\/p>\n\n\n\n<h2 class=\"wp-block-heading\">Conclus\u00e3o<\/h2>\n\n\n\n<p>Nossos produtos usam uma variedade de ingredientes naturais de plantas e ingredientes altamente eficazes para cuidados com os cabelos para substituir o sulfato, n\u00e3o apenas para atender \u00e0 busca de sa\u00fade, seguran\u00e7a e prote\u00e7\u00e3o ambiental do seu produto, xampu e cuidados com os cabelos querem combinar as caracter\u00edsticas da sua marca para obter uma vantagem competitiva diferenciada. Claro, tamb\u00e9m fornecemos uma gama completa de servi\u00e7os de personaliza\u00e7\u00e3o, seja ajuste de f\u00f3rmula ou design de embalagem, podemos criar uma marca exclusiva de acordo com suas necessidades. Se voc\u00ea tamb\u00e9m estiver interessado em nossos xampus e condicionadores sem sulfato, entre em contato conosco.<\/p>","protected":false},"excerpt":{"rendered":"Shampoo And Conditioner Sulphate Free Manufacturing Common Formulas In the production of shampoo and conditioner sulphate free, we use a variety of natural ingredients to maintain a natural moisturizing barrier for the scalp. These ingredients work together to cleanse, care, and moisturize. 1. Aloe vera: Aloe vera can quickly replenish the moisture and nutrients needed [&hellip;]","protected":false},"featured_media":2374,"menu_order":0,"template":"","meta":[],"product-tag":[],"products":[54],"class_list":["post-2373","product","type-product","status-publish","has-post-thumbnail","hentry","products-shampoo-and-conditioner"],"acf":[],"_links":{"self":[{"href":"https:\/\/www.ruiqigo.com\/pt_pt\/wp-json\/wp\/v2\/product\/2373","targetHints":{"allow":["GET"]}}],"collection":[{"href":"https:\/\/www.ruiqigo.com\/pt_pt\/wp-json\/wp\/v2\/product"}],"about":[{"href":"https:\/\/www.ruiqigo.com\/pt_pt\/wp-json\/wp\/v2\/types\/product"}],"version-history":[{"count":0,"href":"https:\/\/www.ruiqigo.com\/pt_pt\/wp-json\/wp\/v2\/product\/2373\/revisions"}],"wp:featuredmedia":[{"embeddable":true,"href":"https:\/\/www.ruiqigo.com\/pt_pt\/wp-json\/wp\/v2\/media\/2374"}],"wp:attachment":[{"href":"https:\/\/www.ruiqigo.com\/pt_pt\/wp-json\/wp\/v2\/media?parent=2373"}],"wp:term":[{"taxonomy":"product-tag","embeddable":true,"href":"https:\/\/www.ruiqigo.com\/pt_pt\/wp-json\/wp\/v2\/product-tag?post=2373"},{"taxonomy":"products","embeddable":true,"href":"https:\/\/www.ruiqigo.com\/pt_pt\/wp-json\/wp\/v2\/products?post=2373"}],"curies":[{"name":"wp","href":"https:\/\/api.w.org\/{rel}","templated":true}]}}