{"id":242,"date":"2024-06-30T23:36:11","date_gmt":"2024-06-30T15:36:11","guid":{"rendered":"https:\/\/ruiqigo.com\/?post_type=product&#038;p=242"},"modified":"2024-09-20T09:56:45","modified_gmt":"2024-09-20T01:56:45","slug":"herbal-essences-shampoo","status":"publish","type":"product","link":"https:\/\/www.ruiqigo.com\/pt_pt\/product\/herbal-essences-shampoo","title":{"rendered":"Shampoo de ess\u00eancias de ervas"},"content":{"rendered":"<h3 class=\"wp-block-heading\">F\u00f3rmulas comuns de fabrica\u00e7\u00e3o de xampu de ess\u00eancias de ervas<\/h3>\n\n\n\n<p>Em nosso Shampoo Herbal Essence, adicionamos uma grande variedade de extratos de ervas, incluindo Ang\u00e9lica, Lavanda, Ylang Ylang, Patchouli, Prote\u00edna de Trigo e outros extratos de ervas, bem como \u00f3leos essenciais, Extrato de Channellus (Melaleuca alternifolia), Extrato de Raiz de Gengibre, Extrato de Folha de Sapindus, Extrato de Polygonatum odoratum e Extrato de Polygonum multiflorum. Entre eles, acredita-se que o extrato de Ang\u00e9lica aumenta a circula\u00e7\u00e3o sangu\u00ednea no couro cabeludo, o que ajuda no crescimento do cabelo e reduz a queda de cabelo. O \u00f3leo de lavanda \u00e9 famoso por acalmar o couro cabeludo e matar germes, e tamb\u00e9m tem um cheiro agrad\u00e1vel. Raiz de Gengibre, Folha Siberiana e Polygonum Multiflorum s\u00e3o produtos naturais que ajudam o cabelo a se manter saud\u00e1vel e crescer melhor.<\/p>\n\n\n\n<h3 class=\"wp-block-heading\">Cen\u00e1rios aplic\u00e1veis ao shampoo Herbal Essences<\/h3>\n\n\n\n<p>O xampu Herbal Essences \u00e9 bom para todos os tipos de clima porque \u00e9 feito de coisas naturais e \u00e9 suave. Ele funciona muito bem em lugares secos e \u00famidos. Em clima seco, ingredientes como prote\u00edna de trigo no xampu evitam que o cabelo fique seco e est\u00e1tico. Quando est\u00e1 \u00famido, ervas como \u00f3leo de ylang ylang no xampu ajudam a evitar que seu couro cabeludo fique muito oleoso, para que seu cabelo n\u00e3o pare\u00e7a oleoso ou liso. Voc\u00ea tamb\u00e9m pode combin\u00e1-lo com um <a href=\"https:\/\/www.ruiqigo.com\/pt_pt\/products\/conditioner\/\">condicionador de ingredientes naturais <\/a>para resultados ainda melhores.<\/p>\n\n\n\n<h3 class=\"wp-block-heading\">Para quem \u00e9 indicado o shampoo herbal essences?<\/h3>\n\n\n\n<p>O Shampoo Herbal Essence \u00e9 perfeito para quem prefere produtos naturais e se importa com a origem dos ingredientes. Tamb\u00e9m \u00e9 \u00f3timo para pessoas com problemas de couro cabeludo, como caspa, couro cabeludo oleoso ou seco, ou couro cabeludo sens\u00edvel. Os ingredientes naturais do shampoo podem ajudar a aliviar esses problemas. Mais <a href=\"https:\/\/www.ruiqigo.com\/pt_pt\/products\/shampoo\/\">shampoos com ingredientes naturais<\/a> para voc\u00ea escolher entre 3TOP.<\/p>\n\n\n\n<h3 class=\"wp-block-heading\">Processo de produ\u00e7\u00e3o de xampu Herb Essences<\/h3>\n\n\n\n<p>O Herbal Essence Shampoo utiliza uma s\u00e9rie de processos especiais de produ\u00e7\u00e3o. O Herbal Essence Shampoo \u00e9 feito de duas maneiras especiais. Primeiro, h\u00e1 a fervura manual, uma maneira antiga de fazer as coisas usando ferramentas e t\u00e9cnicas tradicionais para misturar as partes da planta. Segundo, h\u00e1 a destila\u00e7\u00e3o a vapor, que retira as partes perfumadas das plantas. Elas podem ser usadas como as coisas boas do xampu. Esses processos especiais de produ\u00e7\u00e3o garantem a qualidade natural dos nossos xampus de extrato de ervas.<\/p>","protected":false},"excerpt":{"rendered":"Herbal essences shampoo manufacturing common formulas In our Herbal Essence Shampoo, we have added a very wide variety of herbal extracts, including Angelica, Lavender, Ylang Ylang, Patchouli, Wheat Protein and other herbal extracts, as well as essential oils, Channellus Extract (Melaleuca alternifolia), Ginger Root Extract, Sapindus Leaf Extract, Polygonatum odoratum Extract, and Polygonum multiflorum Extract. [&hellip;]","protected":false},"featured_media":243,"menu_order":0,"template":"","meta":[],"product-tag":[],"products":[51],"class_list":["post-242","product","type-product","status-publish","has-post-thumbnail","hentry","products-shampoo"],"acf":[],"_links":{"self":[{"href":"https:\/\/www.ruiqigo.com\/pt_pt\/wp-json\/wp\/v2\/product\/242","targetHints":{"allow":["GET"]}}],"collection":[{"href":"https:\/\/www.ruiqigo.com\/pt_pt\/wp-json\/wp\/v2\/product"}],"about":[{"href":"https:\/\/www.ruiqigo.com\/pt_pt\/wp-json\/wp\/v2\/types\/product"}],"version-history":[{"count":0,"href":"https:\/\/www.ruiqigo.com\/pt_pt\/wp-json\/wp\/v2\/product\/242\/revisions"}],"wp:featuredmedia":[{"embeddable":true,"href":"https:\/\/www.ruiqigo.com\/pt_pt\/wp-json\/wp\/v2\/media\/243"}],"wp:attachment":[{"href":"https:\/\/www.ruiqigo.com\/pt_pt\/wp-json\/wp\/v2\/media?parent=242"}],"wp:term":[{"taxonomy":"product-tag","embeddable":true,"href":"https:\/\/www.ruiqigo.com\/pt_pt\/wp-json\/wp\/v2\/product-tag?post=242"},{"taxonomy":"products","embeddable":true,"href":"https:\/\/www.ruiqigo.com\/pt_pt\/wp-json\/wp\/v2\/products?post=242"}],"curies":[{"name":"wp","href":"https:\/\/api.w.org\/{rel}","templated":true}]}}