{"id":2591,"date":"2025-01-09T10:16:02","date_gmt":"2025-01-09T02:16:02","guid":{"rendered":"https:\/\/ruiqigo.com\/?post_type=product&#038;p=2591"},"modified":"2025-01-09T10:16:37","modified_gmt":"2025-01-09T02:16:37","slug":"salicylic-acid-facial-cleanser","status":"publish","type":"product","link":"https:\/\/www.ruiqigo.com\/pt_pt\/product\/salicylic-acid-facial-cleanser","title":{"rendered":"Limpador facial com \u00e1cido salic\u00edlico"},"content":{"rendered":"<h2 class=\"wp-block-heading\">F\u00f3rmulas comuns de fabrica\u00e7\u00e3o de limpadores faciais com \u00e1cido salic\u00edlico<\/h2>\n\n\n\n<p>O processo de limpeza com \u00e1cido salic\u00edlico pode ser irritante, por isso, adicionamos uma variedade de surfactantes suaves e ingredientes hidratantes naturais durante a pesquisa de formula\u00e7\u00e3o. O objetivo \u00e9 reduzir a irrita\u00e7\u00e3o da pele e tornar o produto adequado para a maioria dos tipos de pele.<\/p>\n\n\n\n<p>1. \u00c1cido salic\u00edlico: O \u00e1cido salic\u00edlico \u00e9 o ingrediente principal e tamb\u00e9m um esfoliante. Ele n\u00e3o s\u00f3 penetra profundamente nos poros, dissolvendo a oleosidade e a sujeira acumuladas, prevenindo o entupimento dos poros, reduzindo assim a forma\u00e7\u00e3o de espinhas e cravos. Tamb\u00e9m pode reduzir o excesso de oleosidade e equilibrar ainda mais a secre\u00e7\u00e3o de \u00f3leo, o que contribui para a redu\u00e7\u00e3o de problemas de pele causados pelo excesso de oleosidade, como acne e cravos. Ao mesmo tempo, o \u00e1cido salic\u00edlico tamb\u00e9m pode promover o crescimento de novas c\u00e9lulas, melhorar o envelhecimento da pele e torn\u00e1-la mais macia e delicada.<\/p>\n\n\n\n<p>2. Niacinamida: a niacinamida pode melhorar a fun\u00e7\u00e3o de barreira da pele e possui um certo efeito antioxidante, que pode resistir aos danos causados pelo ambiente externo. Al\u00e9m disso, tamb\u00e9m desempenha um papel no clareamento da pele, ajudando a reduzir manchas e opacidade, al\u00e9m de torn\u00e1-la mais transparente.<\/p>\n\n\n\n<p>3. \u00c1cido hialur\u00f4nico: O \u00e1cido hialur\u00f4nico \u00e9 um ingrediente hidratante comum que confere \u00e0 pele um efeito hidratante duradouro. Quando usado em combina\u00e7\u00e3o com o \u00e1cido salic\u00edlico, ele equilibra o ressecamento causado pelo \u00e1cido salic\u00edlico e alivia a irrita\u00e7\u00e3o da pele, mantendo-a hidratada.<\/p>\n\n\n\n<p>4. Retinol: O retinol tem um forte efeito antienvelhecimento, promovendo a renova\u00e7\u00e3o celular e a produ\u00e7\u00e3o de col\u00e1geno, restaurando a elasticidade da pele, deixando-a mais firme. Ao mesmo tempo, tamb\u00e9m pode reduzir a secre\u00e7\u00e3o de oleosidade e potencializar o controle da oleosidade.<\/p>\n\n\n\n<h2 class=\"wp-block-heading\">As fun\u00e7\u00f5es do limpador facial com \u00e1cido salic\u00edlico<\/h2>\n\n\n\n<p>Como fabricantes profissionais de produtos de limpeza facial com \u00e1cido salic\u00edlico, temos o compromisso de fornecer solu\u00e7\u00f5es de cuidados com a pele altamente eficazes. Por isso, utilizamos tecnologia de produ\u00e7\u00e3o avan\u00e7ada para garantir que sua atividade seja preservada ao m\u00e1ximo e tenha o m\u00e1ximo efeito. Aqui est\u00e3o suas principais fun\u00e7\u00f5es:<\/p>\n\n\n\n<p>1. Esfoliar: Use um limpador com \u00e1cido salic\u00edlico para remover c\u00e9lulas mortas da pele, dissolver e remover suavemente uma grande quantidade de pele envelhecida acumulada, promovendo assim o crescimento de novas c\u00e9lulas, deixando a pele mais lisa e delicada.<\/p>\n\n\n\n<p>2. Controle e equil\u00edbrio da oleosidade: Nosso limpador desobstrui os poros e remove o excesso de oleosidade, controlando o equil\u00edbrio da oleosidade, especialmente para m\u00fasculos oleosos. A redu\u00e7\u00e3o do brilho mant\u00e9m o rosto fresco e sem repuxar.<\/p>\n\n\n\n<p>3. Limpa a acne: O \u00e1cido salic\u00edlico \u00e9 perme\u00e1vel e pode limpar profundamente os poros, prevenindo seu entupimento. Tamb\u00e9m retarda a descama\u00e7\u00e3o das c\u00e9lulas da pele pelos fol\u00edculos capilares, reduzindo a forma\u00e7\u00e3o de cravos e espinhas.<\/p>\n\n\n\n<p>4. Melhora a qualidade da pele: o limpador facial com \u00e1cido salic\u00edlico pode promover a renova\u00e7\u00e3o das c\u00e9lulas epid\u00e9rmicas, o que n\u00e3o s\u00f3 previne a pigmenta\u00e7\u00e3o, como tamb\u00e9m retarda o envelhecimento da pele e a torna mais firme. Ao mesmo tempo, os ingredientes clareadores do limpador facial tamb\u00e9m ajudam a clarear a pele e a atenuar manchas.<\/p>\n\n\n\n<p>5. Antibacteriano e anti-inflamat\u00f3rio: Nosso limpador tem efeitos antibacterianos e anti-inflamat\u00f3rios, que podem aliviar a vermelhid\u00e3o e a irrita\u00e7\u00e3o do rosto, reduzir a acne e a inflama\u00e7\u00e3o e acelerar a cicatriza\u00e7\u00e3o da acne.<\/p>\n\n\n\n<h2 class=\"wp-block-heading\">Como usar o limpador facial com \u00e1cido salic\u00edlico?<\/h2>\n\n\n\n<p>Produzimos diferentes concentra\u00e7\u00f5es de limpadores faciais com \u00e1cido salic\u00edlico, \u00e0 sua escolha. Recomenda-se come\u00e7ar com uma concentra\u00e7\u00e3o baixa para desenvolver gradualmente a toler\u00e2ncia, evitando irrita\u00e7\u00f5es no rosto. Ao mesmo tempo, tamb\u00e9m indicaremos o uso da embalagem:<\/p>\n\n\n\n<p>1. Molhe o rosto primeiro com \u00e1gua morna para facilitar a forma\u00e7\u00e3o de espuma;<\/p>\n\n\n\n<p>2. Aplique uma quantidade adequada de sabonete facial com \u00e1cido salic\u00edlico na palma da m\u00e3o e esfregue at\u00e9 formar espuma. Em seguida, aplique a espuma uniformemente no rosto e massageie suavemente as duas partes em movimentos circulares. Observe que as \u00e1reas propensas \u00e0 oleosidade na zona T podem ser massageadas por um tempo para ajudar a remover a oleosidade e a sujeira.<\/p>\n\n\n\n<p>3. Enx\u00e1gue a espuma com \u00e1gua limpa ap\u00f3s a massagem para garantir que n\u00e3o haja res\u00edduos;<\/p>\n\n\n\n<p>4. Ap\u00f3s secar suavemente com uma toalha, voc\u00ea pode combinar a mesma linha de produtos hidratantes e us\u00e1-los durante o dia com protetor solar. Como o \u00e1cido salic\u00edlico torna a pele mais sens\u00edvel ao sol, o protetor solar pode ser usado para proteger contra os raios UV.<\/p>\n\n\n\n<h2 class=\"wp-block-heading\">Cuidado<\/h2>\n\n\n\n<p>1. Ao usar, escolha o limpador facial com \u00e1cido salic\u00edlico adequado ao seu tipo de pele;<\/p>\n\n\n\n<p>2. Um teste al\u00e9rgico deve ser realizado pela primeira vez, e o uso deve ser interrompido imediatamente se ocorrer desconforto;<\/p>\n\n\n\n<p>3. Preste aten\u00e7\u00e3o \u00e0 frequ\u00eancia de uso. Recomenda-se usar uma vez pela manh\u00e3 e outra \u00e0 noite. Iniciantes podem aumentar gradualmente de 2 a 3 vezes por semana para o uso di\u00e1rio, adaptando-se \u00e0s condi\u00e7\u00f5es da pele.<\/p>\n\n\n\n<p>4. Se voc\u00ea tiver problemas espec\u00edficos de pele, ele deve ser usado sob orienta\u00e7\u00e3o m\u00e9dica;<\/p>\n\n\n\n<p>5. Mulheres gr\u00e1vidas e lactantes devem consultar um m\u00e9dico antes de usar;<\/p>\n\n\n\n<p>6. Recomenda-se armazenar em local fresco e seco para evitar luz solar direta e ambientes com altas temperaturas.<\/p>\n\n\n\n<h2 class=\"wp-block-heading\">Conclus\u00e3o<\/h2>\n\n\n\n<p>Como fabricantes de \u00e1cido salic\u00edlico com foco em produ\u00e7\u00e3o de alta qualidade, contamos com uma equipe profissional de pesquisa e desenvolvimento com vasta experi\u00eancia no desenvolvimento e produ\u00e7\u00e3o de produtos para a pele. Ao mesmo tempo, mantemos um rigoroso sistema de controle de qualidade em todos os n\u00edveis, desde a aquisi\u00e7\u00e3o da mat\u00e9ria-prima at\u00e9 a produ\u00e7\u00e3o e a embalagem, para garantir a efic\u00e1cia e a seguran\u00e7a de cada produto. Al\u00e9m disso, oferecemos servi\u00e7os completos de personaliza\u00e7\u00e3o e buscamos a perfei\u00e7\u00e3o para garantir que sua marca se destaque no mercado. Se voc\u00ea tamb\u00e9m tiver interesse, entre em contato conosco.<\/p>","protected":false},"excerpt":{"rendered":"Salicylic Acid Facial Cleanser Manufacturing Common Formulas The salicylic acid cleansing process can be irritating, so we added a variety of mild surfactants and natural moisturizing ingredients during formulation research. This aim is to reduce skin irritation and make the product suitable for most skin types. 1. Salicylic acid: Salicylic acid is the core ingredient [&hellip;]","protected":false},"featured_media":2592,"menu_order":0,"template":"","meta":[],"product-tag":[],"products":[65],"class_list":["post-2591","product","type-product","status-publish","has-post-thumbnail","hentry","products-facial-cleanser"],"acf":[],"_links":{"self":[{"href":"https:\/\/www.ruiqigo.com\/pt_pt\/wp-json\/wp\/v2\/product\/2591","targetHints":{"allow":["GET"]}}],"collection":[{"href":"https:\/\/www.ruiqigo.com\/pt_pt\/wp-json\/wp\/v2\/product"}],"about":[{"href":"https:\/\/www.ruiqigo.com\/pt_pt\/wp-json\/wp\/v2\/types\/product"}],"version-history":[{"count":0,"href":"https:\/\/www.ruiqigo.com\/pt_pt\/wp-json\/wp\/v2\/product\/2591\/revisions"}],"wp:featuredmedia":[{"embeddable":true,"href":"https:\/\/www.ruiqigo.com\/pt_pt\/wp-json\/wp\/v2\/media\/2592"}],"wp:attachment":[{"href":"https:\/\/www.ruiqigo.com\/pt_pt\/wp-json\/wp\/v2\/media?parent=2591"}],"wp:term":[{"taxonomy":"product-tag","embeddable":true,"href":"https:\/\/www.ruiqigo.com\/pt_pt\/wp-json\/wp\/v2\/product-tag?post=2591"},{"taxonomy":"products","embeddable":true,"href":"https:\/\/www.ruiqigo.com\/pt_pt\/wp-json\/wp\/v2\/products?post=2591"}],"curies":[{"name":"wp","href":"https:\/\/api.w.org\/{rel}","templated":true}]}}