{"id":2853,"date":"2025-01-17T17:00:37","date_gmt":"2025-01-17T09:00:37","guid":{"rendered":"https:\/\/ruiqigo.com\/?post_type=product&#038;p=2853"},"modified":"2025-01-17T17:00:40","modified_gmt":"2025-01-17T09:00:40","slug":"clove-essential-oil","status":"publish","type":"product","link":"https:\/\/www.ruiqigo.com\/pt_pt\/product\/clove-essential-oil","title":{"rendered":"\u00d3leo essencial de cravo"},"content":{"rendered":"<h2 class=\"wp-block-heading\">F\u00f3rmulas comuns para fabrica\u00e7\u00e3o de \u00f3leo essencial de cravo<\/h2>\n\n\n\n<p>No processo de produ\u00e7\u00e3o, n\u00e3o apenas selecionamos cuidadosamente mat\u00e9rias-primas de alta qualidade, mas tamb\u00e9m usamos tecnologia de extra\u00e7\u00e3o avan\u00e7ada e um rigoroso sistema de controle de qualidade, visando reter o m\u00e1ximo de ingrediente ativo do \u00f3leo essencial de cravo. Aqui est\u00e3o seus principais ingredientes:<\/p>\n\n\n\n<p>1. Vitamina E: Como antioxidante, a vitamina E pode combater os danos dos radicais livres e manter a integridade celular, melhorando assim a circula\u00e7\u00e3o sangu\u00ednea do couro cabeludo. Ao mesmo tempo, tamb\u00e9m pode promover o metabolismo da pele e aumentar a capacidade de hidrata\u00e7\u00e3o da pele. Isso n\u00e3o s\u00f3 ajuda a reduzir a produ\u00e7\u00e3o de rugas e a tornar a pele mais el\u00e1stica, mas tamb\u00e9m melhora a situa\u00e7\u00e3o da pele \u00e1spera e seca, tornando-a mais suave e delicada.<\/p>\n\n\n\n<p>2. Eugenol: O eugenol \u00e9 o principal componente, que tem efeitos antibacterianos e anti-inflamat\u00f3rios significativos, pode inibir o crescimento bacteriano e pode ser usado para prevenir problemas orais, como infec\u00e7\u00f5es orais. Suas propriedades anti-inflamat\u00f3rias aliviam dores musculares e articulares e inibem a condu\u00e7\u00e3o nervosa para reduzir a dor oral, por isso \u00e9 frequentemente usado como um anest\u00e9sico analg\u00e9sico. Al\u00e9m disso, tamb\u00e9m tem o efeito de promover a digest\u00e3o e melhorar a flora intestinal, o que pode melhorar ainda mais a fun\u00e7\u00e3o digestiva.<\/p>\n\n\n\n<p>3. Betacaroteno: O betacaroteno \u00e9 convertido pelo corpo em vitamina A, que regula o sebo no ciclo do fol\u00edculo capilar e fornece ao couro cabeludo nutrientes ricos. Portanto, o uso a longo prazo pode prevenir cabelos secos, quebradi\u00e7os e queda de cabelo, e manter o cabelo saud\u00e1vel e brilhante. Ao mesmo tempo, tamb\u00e9m pode promover o crescimento e o desenvolvimento e fortalecer a imunidade.<\/p>\n\n\n\n<p>4. \u00c1cidos graxos: Os \u00e1cidos graxos t\u00eam certa atividade antibacteriana, podem fortalecer a efic\u00e1cia do \u00f3leo essencial de cravo e ajudar a prevenir a queda de cabelo e a irrita\u00e7\u00e3o do couro cabeludo, deixando o cabelo mais forte e saud\u00e1vel.<\/p>\n\n\n\n<h2 class=\"wp-block-heading\">As fun\u00e7\u00f5es do \u00f3leo essencial de cravo<\/h2>\n\n\n\n<p>Sabemos o valor e o potencial do \u00f3leo essencial de cravo e, por meio da pesquisa, desenvolvimento e inova\u00e7\u00e3o cont\u00ednuos da equipe de P&amp;D, criamos este produto puro e completo.<\/p>\n\n\n\n<p>1. Antibacteriano e anti-inflamat\u00f3rio: O \u00f3leo essencial de cravo \u00e9 popular por suas excelentes propriedades antibacterianas e anti-inflamat\u00f3rias, que podem inibir rapidamente o crescimento bacteriano e reduzir a inflama\u00e7\u00e3o. Portanto, ele pode desintoxicar o cabelo, reduzir o bloqueio dos poros, prevenir v\u00e1rias doen\u00e7as de pele e infec\u00e7\u00f5es f\u00fangicas, e tamb\u00e9m pode ser usado como um anest\u00e9sico natural para aliviar a irrita\u00e7\u00e3o e o incha\u00e7o de \u00e1reas inflamadas.<\/p>\n\n\n\n<p>2. Promover a sa\u00fade gastrointestinal: Nossos \u00f3leos essenciais podem promover a produ\u00e7\u00e3o de muco g\u00e1strico para proteger o revestimento do trato digestivo, promovendo assim a motilidade gastrointestinal, que \u00e9 prop\u00edcia \u00e0 digest\u00e3o e absor\u00e7\u00e3o de alimentos. Tamb\u00e9m pode tratar uma variedade de problemas de sa\u00fade intestinal, como enjoo, incha\u00e7o, indigest\u00e3o, incha\u00e7o e n\u00e1usea.<\/p>\n\n\n\n<p>3. Previne doen\u00e7as bucais: O \u00f3leo essencial de cravo pode ser dilu\u00eddo para gargarejar, o que pode n\u00e3o apenas eliminar o mau h\u00e1lito e aliviar a dor de dente e a eros\u00e3o dent\u00e1ria, mas tamb\u00e9m prevenir eficazmente a c\u00e1rie dent\u00e1ria e a gengivite.<\/p>\n\n\n\n<p>4. Promova a sa\u00fade: O \u00f3leo essencial de cravo tem uma variedade de subst\u00e2ncias ativas, que podem aumentar a capacidade imunol\u00f3gica do corpo e promover uma boa sa\u00fade. Pode aumentar a ingest\u00e3o de a\u00e7\u00facar no sangue celular e promover a secre\u00e7\u00e3o de insulina, melhorando assim as c\u00e9lulas produtoras de insulina, ajudando a dilatar a aorta, aliviando a press\u00e3o arterial elevada e melhorando a fun\u00e7\u00e3o hep\u00e1tica e outros sintomas.<\/p>\n\n\n\n<p>5. Acalmando o corpo e a mente: O aroma \u00fanico do cravo \u00e9 picante e quente, pode ser usado para terapia de incenso, este processo pode aliviar o aperto no peito causado pela depress\u00e3o emocional, e relaxar o corpo e a mente e o estresse, aliviar a ansiedade. Tamb\u00e9m \u00e9 bom para concentra\u00e7\u00e3o e mem\u00f3ria.<\/p>\n\n\n\n<p>6. cuidados com o cabelo: Quando usados junto com produtos para o cabelo, nossos produtos exploram totalmente suas propriedades antibacterianas e antioxidantes, reduzindo assim a caspa e a coceira no couro cabeludo. Eles tamb\u00e9m removem efetivamente o \u00f3leo e a sujeira do cabelo, nutrindo totalmente o cabelo para um crescimento saud\u00e1vel.<\/p>\n\n\n\n<p>7. Melhora a qualidade da pele: O \u00f3leo essencial de cravo pode prevenir v\u00e1rias doen\u00e7as de pele e infec\u00e7\u00f5es f\u00fangicas, reduzir a inflama\u00e7\u00e3o e a vermelhid\u00e3o da pele, melhorar a qualidade da pele e torn\u00e1-la mais suave e delicada. Ele tamb\u00e9m reduz a perda de umidade da pele, previne o ressecamento e protege sua pele.<\/p>\n\n\n\n<h2 class=\"wp-block-heading\">Como usar o \u00f3leo essencial de cravo?<\/h2>\n\n\n\n<p>O \u00f3leo essencial de cravo \u00e9 amplamente utilizado, adequado para a maioria dos cen\u00e1rios e pode ser usado de muitas maneiras. Marcaremos o m\u00e9todo de uso na embalagem do produto finalizado, e voc\u00ea tamb\u00e9m deve escolher de acordo com sua condi\u00e7\u00e3o de pele ao comprar.<\/p>\n\n\n\n<p>1. Aplica\u00e7\u00e3o local: O \u00f3leo essencial de cravo e outros \u00f3leos b\u00e1sicos s\u00e3o misturados e dilu\u00eddos na propor\u00e7\u00e3o e depois aplicados localmente nas partes que precisam de tratamento, que podem ser suavemente massageadas e absorvidas.<\/p>\n\n\n\n<p>2. Aromaterapia: Coloque algumas gotas de \u00f3leo essencial de cravo no difusor e aromaterapia, aromaterapia 1-2 vezes ao dia, cada vez que \u00e9 recomendado aromaterapia por 30 minutos a 1 hora ou mais.<\/p>\n\n\n\n<p>3. Cuidados bucais: Misture \u00f3leo essencial de cravo com \u00e1gua na propor\u00e7\u00e3o e use para gargarejar. Enx\u00e1gue a boca por cerca de 30 segundos, tr\u00eas vezes ao dia.<\/p>\n\n\n\n<p>4. Inala\u00e7\u00e3o de vapor: Misture \u00f3leo essencial de cravo com \u00f3leo essencial de cedro, \u00f3leo essencial de eucalipto, etc., e adicione-o ao inalador de vapor para inala\u00e7\u00e3o de vapor. Cada inala\u00e7\u00e3o de 10 a 15 minutos, 2 a 3 vezes ao dia, esse processo \u00e9 prop\u00edcio \u00e0 esteriliza\u00e7\u00e3o e purifica\u00e7\u00e3o do ar, e pode aliviar infec\u00e7\u00f5es respirat\u00f3rias.<\/p>\n\n\n\n<h2 class=\"wp-block-heading\">Cuidado<\/h2>\n\n\n\n<p>1. Escolha um \u00f3leo essencial de cravo adequado ao seu tipo de pele antes de usar;<\/p>\n\n\n\n<p>2 A concentra\u00e7\u00e3o do \u00f3leo essencial de cravo \u00e9 muito alta, se voc\u00ea quiser aplic\u00e1-lo deve ser dilu\u00eddo com o \u00f3leo base na propor\u00e7\u00e3o de uso<\/p>\n\n\n\n<p>3. Testes al\u00e9rgicos devem ser realizados antes do uso. Se ocorrer desconforto, pare de usar imediatamente;<\/p>\n\n\n\n<p>4. Evite contato com \u00e1reas sens\u00edveis, como olhos. Em caso de contato, lave imediatamente com \u00e1gua e procure ajuda m\u00e9dica.<\/p>\n\n\n\n<p>5. Mantenha o \u00f3leo essencial de cravo fora do alcance das crian\u00e7as para evitar ingest\u00e3o ou uso indevido;<\/p>\n\n\n\n<p>6. Recomenda-se armazenar em local fresco e seco, longe da luz solar direta e de ambiente \u00famido e com alta temperatura.<\/p>\n\n\n\n<h2 class=\"wp-block-heading\">Conclus\u00e3o<\/h2>\n\n\n\n<p>Como um fabricante focado na produ\u00e7\u00e3o de alta qualidade de cravos, garantimos que cada gota de \u00f3leo essencial desempenhe seu papel, n\u00e3o apenas comprando mat\u00e9rias-primas naturais, puras e livres de polui\u00e7\u00e3o, mas tamb\u00e9m por meio de equipamentos avan\u00e7ados de produ\u00e7\u00e3o para extrair \u00f3leo essencial. Em todo esse processo, h\u00e1 um sistema completo de controle de qualidade para garantir a seguran\u00e7a e a efic\u00e1cia do produto. Claro, tamb\u00e9m fornecemos uma gama completa de servi\u00e7os personalizados e podemos fornecer solu\u00e7\u00f5es personalizadas de acordo com suas necessidades, para ajud\u00e1-lo a abrir rapidamente o mercado e obter uma vantagem competitiva. Se voc\u00ea estiver interessado, entre em contato conosco imediatamente.<\/p>","protected":false},"excerpt":{"rendered":"Clove Essential Oil Manufacturing Common Formulas In the production process, we not only carefully select high-quality raw materials, but also use advanced extraction technology and a strict quality control system, aiming to retain the maximum active ingredient of clove essential oil. Here are its main ingredients: 1. Vitamin E: As an antioxidant, vitamin E can [&hellip;]","protected":false},"featured_media":2854,"menu_order":0,"template":"","meta":[],"product-tag":[],"products":[53],"class_list":["post-2853","product","type-product","status-publish","has-post-thumbnail","hentry","products-essential-oil"],"acf":[],"_links":{"self":[{"href":"https:\/\/www.ruiqigo.com\/pt_pt\/wp-json\/wp\/v2\/product\/2853","targetHints":{"allow":["GET"]}}],"collection":[{"href":"https:\/\/www.ruiqigo.com\/pt_pt\/wp-json\/wp\/v2\/product"}],"about":[{"href":"https:\/\/www.ruiqigo.com\/pt_pt\/wp-json\/wp\/v2\/types\/product"}],"version-history":[{"count":0,"href":"https:\/\/www.ruiqigo.com\/pt_pt\/wp-json\/wp\/v2\/product\/2853\/revisions"}],"wp:featuredmedia":[{"embeddable":true,"href":"https:\/\/www.ruiqigo.com\/pt_pt\/wp-json\/wp\/v2\/media\/2854"}],"wp:attachment":[{"href":"https:\/\/www.ruiqigo.com\/pt_pt\/wp-json\/wp\/v2\/media?parent=2853"}],"wp:term":[{"taxonomy":"product-tag","embeddable":true,"href":"https:\/\/www.ruiqigo.com\/pt_pt\/wp-json\/wp\/v2\/product-tag?post=2853"},{"taxonomy":"products","embeddable":true,"href":"https:\/\/www.ruiqigo.com\/pt_pt\/wp-json\/wp\/v2\/products?post=2853"}],"curies":[{"name":"wp","href":"https:\/\/api.w.org\/{rel}","templated":true}]}}