{"id":2899,"date":"2025-01-21T16:29:00","date_gmt":"2025-01-21T08:29:00","guid":{"rendered":"https:\/\/ruiqigo.com\/?post_type=product&#038;p=2899"},"modified":"2025-01-21T16:29:31","modified_gmt":"2025-01-21T08:29:31","slug":"mens-body-wash","status":"publish","type":"product","link":"https:\/\/www.ruiqigo.com\/pt_pt\/product\/mens-body-wash","title":{"rendered":"Sabonete L\u00edquido Masculino"},"content":{"rendered":"<h2 class=\"wp-block-heading\">F\u00f3rmulas comuns de fabrica\u00e7\u00e3o de sabonete l\u00edquido para homens<\/h2>\n\n\n\n<p>Na produ\u00e7\u00e3o e desenvolvimento de sabonete l\u00edquido masculino, projetamos uma variedade de f\u00f3rmulas de acordo com diferentes tipos de pele e necessidades de cuidados com a pele, e os ingredientes de diferentes f\u00f3rmulas s\u00e3o diferentes. Antes de us\u00e1-lo, voc\u00ea deve escolher um produto que seja adequado para seu tipo de pele.<\/p>\n\n\n\n<p>1. \u00d3leo de lavanda: O aroma quente e elegante da lavanda n\u00e3o s\u00f3 pode relaxar o corpo e a mente, e aliviar o estresse, mas tamb\u00e9m durar muito e ajudar a eliminar odores. Ao mesmo tempo, suas propriedades anti-inflamat\u00f3rias tamb\u00e9m podem reduzir a vermelhid\u00e3o e manchas da pele, e regular a produ\u00e7\u00e3o de \u00f3leo da pele, para reduzir a sensa\u00e7\u00e3o de oleosidade.<\/p>\n\n\n\n<p>2. \u00d3leo de semente de moringa: O \u00f3leo de semente de moringa \u00e9 rico em antioxidantes, que podem combater os danos dos radicais livres, manter os n\u00edveis de col\u00e1geno e \u00e1cido hialur\u00f4nico e retardar o envelhecimento da pele. Seus nutrientes ajudam a reparar a pele danificada, melhorar a textura da pele e nutrir a pele, protegendo-a dos danos do sol.<\/p>\n\n\n\n<p>3. \u00d3leo de argan: O \u00f3leo de argan \u00e9 leve e f\u00e1cil de absorver, deixando a pele suave e delicada ap\u00f3s o uso. Os homens tamb\u00e9m tendem a produzir mais \u00f3leo, e o excesso de \u00f3leo na pele pode levar a poros obstru\u00eddos e pontos doloridos. Nosso \u00f3leo de argan ajudar\u00e1 a regular a produ\u00e7\u00e3o de sebo e fornecer hidrata\u00e7\u00e3o profunda.<\/p>\n\n\n\n<p>4. Aloe Vera: Aloe vera natural cont\u00e9m uma variedade de vitaminas, bem como ingredientes para cuidados com a pele que n\u00e3o apenas promovem a produ\u00e7\u00e3o de col\u00e1geno para proteger a pele de danos, mas tamb\u00e9m acalmam a pele irritada e queimada pelo sol e promovem a cicatriza\u00e7\u00e3o de feridas. Al\u00e9m disso, suas enzimas ajudam a esfoliar e remover c\u00e9lulas mortas da pele e formam uma pel\u00edcula protetora para evitar a perda de \u00e1gua.<\/p>\n\n\n\n<p>5. \u00c1cido salic\u00edlico: O \u00e1cido salic\u00edlico pode penetrar nos poros, remover efetivamente a oleosidade e a sujeira da superf\u00edcie da pele e promover o metabolismo da pele para reduzir a secre\u00e7\u00e3o excessiva de oleosidade.<\/p>\n\n\n\n<h2 class=\"wp-block-heading\">As fun\u00e7\u00f5es do sabonete l\u00edquido masculino<\/h2>\n\n\n\n<p>Para lhe trazer a melhor experi\u00eancia de banho, usamos ingredientes naturais, puros e livres de polui\u00e7\u00e3o. Se voc\u00ea precisa hidratar sua pele, controlar a oleosidade ou lutar contra feridas no corpo e outros cuidados especiais, nosso sabonete l\u00edquido pode cuidar cuidadosamente de sua pele, at\u00e9 mesmo de m\u00fasculos sens\u00edveis.<\/p>\n\n\n\n<p>1. Limpeza profunda: o sabonete l\u00edquido masculino tem uma forte capacidade de limpeza, pode penetrar nos poros e produzir espuma rica para remover sujeira, oleosidade e impurezas da pele, para que ela permane\u00e7a fresca e n\u00e3o oleosa.<\/p>\n\n\n\n<p>2. Hidratante e hidratante: Nosso sabonete l\u00edquido adiciona uma variedade de ingredientes hidratantes para repor a umidade da pele e travar firmemente para evitar ressecamento. Ele tamb\u00e9m fornece nutrientes que ajudam a melhorar a textura da pele e restaurar a elasticidade da pele.<\/p>\n\n\n\n<p>3. Controle de \u00f3leo refrescante: ingredientes de controle de \u00f3leo em sabonete l\u00edquido podem regular a secre\u00e7\u00e3o de \u00f3leo e reduzir a sensa\u00e7\u00e3o de oleosidade. O uso a longo prazo ajuda a reduzir a secre\u00e7\u00e3o de \u00f3leo para atingir o efeito de controle de \u00f3leo.<\/p>\n\n\n\n<p>4. Remo\u00e7\u00e3o de feridas: o uso regular pode reduzir bact\u00e9rias e inflama\u00e7\u00f5es na pele, bem como o ac\u00famulo de c\u00e9lulas mortas, prevenindo acne e feridas e promovendo a sa\u00fade geral da pele.<\/p>\n\n\n\n<p>5. Fragr\u00e2ncia duradoura: Os ingredientes da fragr\u00e2ncia no sabonete l\u00edquido masculino t\u00eam uma capacidade de reten\u00e7\u00e3o duradoura da fragr\u00e2ncia, o que contribui para reduzir o odor, real\u00e7ar o charme pessoal e aumentar a autoconfian\u00e7a.<\/p>\n\n\n\n<h2 class=\"wp-block-heading\">Como usar sabonete l\u00edquido masculino?<\/h2>\n\n\n\n<p>A maneira correta de us\u00e1-lo ajudar\u00e1 voc\u00ea a aproveitar melhor seu banho e a cuidar melhor da pele. Tamb\u00e9m informaremos o uso do produto na embalagem.<\/p>\n\n\n\n<p>1. Hidrate a pele: Molhe o corpo antes de usar o gel de banho, voc\u00ea pode usar \u00e1gua morna para abrir melhor os poros;<\/p>\n\n\n\n<p>2. Esfregue e ensaboe: aplique uma quantidade adequada de sabonete l\u00edquido masculino na palma da m\u00e3o ou na bola de banho e esfregue at\u00e9 fazer espuma;<\/p>\n\n\n\n<p>3. Massagem: aplique a espuma uniformemente em todo o corpo e massageie suavemente, especialmente no cotovelo, joelho e outras partes com cut\u00edcula grossa, o que pode aumentar adequadamente o tempo de massagem;<\/p>\n\n\n\n<p>4. Enx\u00e1gue com \u00e1gua: Ap\u00f3s a massagem, enx\u00e1gue a espuma com \u00e1gua para garantir que n\u00e3o haja res\u00edduos de espuma e seque suavemente com uma toalha;<\/p>\n\n\n\n<p>5. Cuidados posteriores: Ap\u00f3s o banho, voc\u00ea pode usar um pouco de lo\u00e7\u00e3o corporal ou hidratante para manter a pele hidratada e macia, principalmente em ambientes secos e frios.<\/p>\n\n\n\n<h2 class=\"wp-block-heading\">Cuidado<\/h2>\n\n\n\n<p>1. Escolha um sabonete l\u00edquido masculino adequado ao seu tipo de pele antes de usar;<\/p>\n\n\n\n<p>2. Testes al\u00e9rgicos devem ser realizados antes do uso. Se ocorrer desconforto, pare de usar imediatamente e consulte um m\u00e9dico para aconselhamento;<\/p>\n\n\n\n<p>3. Evite limpeza excessiva, recomenda-se usar uma vez ao dia, se a pele for sens\u00edvel, pode usar 2 a 3 vezes por semana;<\/p>\n\n\n\n<p>4. Preste aten\u00e7\u00e3o \u00e0 seguran\u00e7a dos ingredientes, verifique a lista de ingredientes ao selecionar e evite usar produtos que contenham ingredientes irritantes ou al\u00e9rgicos;<\/p>\n\n\n\n<p>5. Recomenda-se armazenar em local fresco e seco, evitar luz solar direta e ambientes de alta temperatura e prestar aten\u00e7\u00e3o \u00e0 veda\u00e7\u00e3o.<\/p>\n\n\n\n<h2 class=\"wp-block-heading\">Conclus\u00e3o<\/h2>\n\n\n\n<p>Para aqueles que buscam qualidade e efici\u00eancia, nosso sabonete l\u00edquido masculino \u00e9 a melhor escolha. N\u00e3o s\u00f3 integramos o efeito duplo de limpeza profunda e hidrata\u00e7\u00e3o profunda, mas tamb\u00e9m temos equipamentos de produ\u00e7\u00e3o avan\u00e7ados e uma oficina de produ\u00e7\u00e3o em larga escala, que pode atender \u00e0 produ\u00e7\u00e3o em larga escala. Nosso design de embalagem destaca o gosto e o estilo dos homens urbanos, ajudando voc\u00ea a se destacar no mercado competitivo. Entre em contato conosco se estiver interessado.<\/p>\n\n\n\n<p><\/p>","protected":false},"excerpt":{"rendered":"Men\u2019s Body Wash Manufacturing Common Formulas In the production and development of men&#8217;s body wash, we have designed a variety of formulas according to different skin types and skin care needs, and the ingredients of different formulas are different. Before you use it, you should choose a product that is suitable for your skin type. [&hellip;]","protected":false},"featured_media":2900,"menu_order":0,"template":"","meta":[],"product-tag":[],"products":[57],"class_list":["post-2899","product","type-product","status-publish","has-post-thumbnail","hentry","products-body-wash"],"acf":[],"_links":{"self":[{"href":"https:\/\/www.ruiqigo.com\/pt_pt\/wp-json\/wp\/v2\/product\/2899","targetHints":{"allow":["GET"]}}],"collection":[{"href":"https:\/\/www.ruiqigo.com\/pt_pt\/wp-json\/wp\/v2\/product"}],"about":[{"href":"https:\/\/www.ruiqigo.com\/pt_pt\/wp-json\/wp\/v2\/types\/product"}],"version-history":[{"count":0,"href":"https:\/\/www.ruiqigo.com\/pt_pt\/wp-json\/wp\/v2\/product\/2899\/revisions"}],"wp:featuredmedia":[{"embeddable":true,"href":"https:\/\/www.ruiqigo.com\/pt_pt\/wp-json\/wp\/v2\/media\/2900"}],"wp:attachment":[{"href":"https:\/\/www.ruiqigo.com\/pt_pt\/wp-json\/wp\/v2\/media?parent=2899"}],"wp:term":[{"taxonomy":"product-tag","embeddable":true,"href":"https:\/\/www.ruiqigo.com\/pt_pt\/wp-json\/wp\/v2\/product-tag?post=2899"},{"taxonomy":"products","embeddable":true,"href":"https:\/\/www.ruiqigo.com\/pt_pt\/wp-json\/wp\/v2\/products?post=2899"}],"curies":[{"name":"wp","href":"https:\/\/api.w.org\/{rel}","templated":true}]}}