{"id":291,"date":"2024-07-05T16:27:41","date_gmt":"2024-07-05T08:27:41","guid":{"rendered":"https:\/\/ruiqigo.com\/?post_type=product&#038;p=291"},"modified":"2024-11-15T16:41:32","modified_gmt":"2024-11-15T08:41:32","slug":"organic-essential-oil","status":"publish","type":"product","link":"https:\/\/www.ruiqigo.com\/pt_pt\/product\/organic-essential-oil","title":{"rendered":"\u00d3leo essencial org\u00e2nico"},"content":{"rendered":"<h2 class=\"wp-block-heading\">F\u00f3rmulas comuns de fabrica\u00e7\u00e3o de \u00f3leos essenciais org\u00e2nicos<\/h2>\n\n\n\n<p>Os \u00f3leos essenciais org\u00e2nicos s\u00e3o provenientes de fazendas org\u00e2nicas certificadas, que usam m\u00e9todos de cultivo naturais e livres de polui\u00e7\u00e3o para garantir que as mat\u00e9rias-primas n\u00e3o contenham produtos qu\u00edmicos. Os trabalhadores s\u00e3o extremamente cuidadosos durante o processo de colheita para evitar danos \u00e0s plantas. Ap\u00f3s um processo de extra\u00e7\u00e3o profissional, os \u00f3leos essenciais org\u00e2nicos extra\u00eddos ret\u00eam a atividade arom\u00e1tica original das plantas, garantindo a melhor qualidade e efic\u00e1cia. Como um excelente fabricante de \u00f3leos essenciais org\u00e2nicos, esse controle padronizado de cultivo e extra\u00e7\u00e3o fornece uma garantia s\u00f3lida para a qualidade dos \u00f3leos essenciais org\u00e2nicos.<\/p>\n\n\n\n<h2 class=\"wp-block-heading\">Cen\u00e1rios aplic\u00e1veis ao \u00f3leo essencial org\u00e2nico<\/h2>\n\n\n\n<p>Como a ess\u00eancia das plantas naturais, os \u00f3leos essenciais org\u00e2nicos podem funcionar bem em uma variedade de ambientes. Nos meses quentes de ver\u00e3o, o aroma refrescante dos \u00f3leos essenciais org\u00e2nicos pode ajudar a aliviar o calor e adicionar uma experi\u00eancia relaxante e agrad\u00e1vel. Nos meses frios de inverno, o aroma suave dos \u00f3leos essenciais org\u00e2nicos pode trazer calor e al\u00edvio ao usu\u00e1rio e melhorar a ansiedade emocional. Seja para aromaterapia interna ou atividades ao ar livre, os \u00f3leos essenciais org\u00e2nicos proporcionam uma experi\u00eancia natural \u00fanica. Sua versatilidade os torna ideais para uma ampla gama de ocasi\u00f5es.<\/p>\n\n\n\n<h2 class=\"wp-block-heading\">Para quem \u00e9 indicado o \u00f3leo essencial org\u00e2nico<\/h2>\n\n\n\n<p>Os \u00f3leos essenciais org\u00e2nicos s\u00e3o adequados para uma ampla gama de pessoas, incluindo aquelas que buscam rem\u00e9dios naturais para melhorar as condi\u00e7\u00f5es da pele, aliviar o estresse, elevar o humor ou desfrutar de uma experi\u00eancia de aromaterapia. Seja voc\u00ea uma pessoa com pele sens\u00edvel, um funcion\u00e1rio de escrit\u00f3rio que busca relaxamento, uma dona de casa que busca melhorar sua qualidade de vida ou um entusiasta da naturopatia preocupado com sua sa\u00fade, os \u00f3leos essenciais org\u00e2nicos podem fornecer tratamentos naturais e puros e efeitos calmantes. No entanto, os \u00f3leos essenciais org\u00e2nicos devem ser usados com cautela por mulheres gr\u00e1vidas, crian\u00e7as, pessoas que sofrem de doen\u00e7as espec\u00edficas e pessoas com pele particularmente sens\u00edvel ou desconforto f\u00edsico.<\/p>\n\n\n\n<h2 class=\"wp-block-heading\">Processo de produ\u00e7\u00e3o de \u00f3leo essencial org\u00e2nico<\/h2>\n\n\n\n<p>Como um excelente fabricante de \u00f3leo essencial org\u00e2nico, o processo de produ\u00e7\u00e3o de \u00f3leos essenciais org\u00e2nicos \u00e9 bastante especializado e complexo, desde o cultivo de mat\u00e9rias-primas at\u00e9 a extra\u00e7\u00e3o final, cada etapa precisa ser rigorosamente controlada. A empresa n\u00e3o s\u00f3 introduziu equipamentos de teste avan\u00e7ados para monitorar completamente cada lote de mat\u00e9rias-primas, mas tamb\u00e9m estabeleceu um sistema de gerenciamento de qualidade perfeito para garantir que os produtos atendam aos padr\u00f5es de certifica\u00e7\u00e3o org\u00e2nica. Durante o processo de extra\u00e7\u00e3o, como um fabricante de \u00f3leo essencial org\u00e2nico de precis\u00e3o, os trabalhadores usam baixa temperatura e baixa press\u00e3o para minimizar os danos aos componentes da planta e reter a melhor atividade das mat\u00e9rias-primas.<\/p>\n\n\n\n<p><\/p>","protected":false},"excerpt":{"rendered":"Organic essential oil manufacturing common formulas Organic essential oil are sourced from certified organic farms, which use natural and pollution-free farming methods to ensure that the raw materials do not contain any chemicals. Workers are extremely careful during the harvesting process to avoid damaging the plants. After a professional extraction process, the extracted organic essential [&hellip;]","protected":false},"featured_media":371,"menu_order":0,"template":"","meta":[],"product-tag":[],"products":[53],"class_list":["post-291","product","type-product","status-publish","has-post-thumbnail","hentry","products-essential-oil"],"acf":[],"_links":{"self":[{"href":"https:\/\/www.ruiqigo.com\/pt_pt\/wp-json\/wp\/v2\/product\/291","targetHints":{"allow":["GET"]}}],"collection":[{"href":"https:\/\/www.ruiqigo.com\/pt_pt\/wp-json\/wp\/v2\/product"}],"about":[{"href":"https:\/\/www.ruiqigo.com\/pt_pt\/wp-json\/wp\/v2\/types\/product"}],"version-history":[{"count":0,"href":"https:\/\/www.ruiqigo.com\/pt_pt\/wp-json\/wp\/v2\/product\/291\/revisions"}],"wp:featuredmedia":[{"embeddable":true,"href":"https:\/\/www.ruiqigo.com\/pt_pt\/wp-json\/wp\/v2\/media\/371"}],"wp:attachment":[{"href":"https:\/\/www.ruiqigo.com\/pt_pt\/wp-json\/wp\/v2\/media?parent=291"}],"wp:term":[{"taxonomy":"product-tag","embeddable":true,"href":"https:\/\/www.ruiqigo.com\/pt_pt\/wp-json\/wp\/v2\/product-tag?post=291"},{"taxonomy":"products","embeddable":true,"href":"https:\/\/www.ruiqigo.com\/pt_pt\/wp-json\/wp\/v2\/products?post=291"}],"curies":[{"name":"wp","href":"https:\/\/api.w.org\/{rel}","templated":true}]}}