{"id":296,"date":"2024-07-05T16:38:45","date_gmt":"2024-07-05T08:38:45","guid":{"rendered":"https:\/\/ruiqigo.com\/?post_type=product&#038;p=296"},"modified":"2024-11-15T16:40:07","modified_gmt":"2024-11-15T08:40:07","slug":"tea-tree-essential-oil","status":"publish","type":"product","link":"https:\/\/www.ruiqigo.com\/pt_pt\/product\/tea-tree-essential-oil","title":{"rendered":"\u00d3leo essencial de melaleuca"},"content":{"rendered":"<h2 class=\"wp-block-heading\">F\u00f3rmulas comuns de fabrica\u00e7\u00e3o de \u00f3leo essencial da \u00e1rvore do ch\u00e1<\/h2>\n\n\n\n<p>O \u00f3leo essencial de Tea Tree \u00e9 proveniente de planta\u00e7\u00f5es org\u00e2nicas certificadas, onde as Tea Trees s\u00e3o cultivadas de forma natural e ecol\u00f3gica, sem quaisquer aditivos qu\u00edmicos. Durante o processo de colheita, os trabalhadores s\u00e3o muito cuidadosos para evitar danificar as Tea Trees o m\u00e1ximo poss\u00edvel. Como um fabricante l\u00edder de \u00f3leo essencial de Tea Tree, a Tea Tree \u00e9 destilada e extra\u00edda, o que preserva totalmente os ingredientes ativos originais da Tea Tree, como monoterpenos, para garantir a melhor qualidade do \u00f3leo essencial.<\/p>\n\n\n\n<h2 class=\"wp-block-heading\">Cen\u00e1rios aplic\u00e1veis ao \u00f3leo essencial da \u00e1rvore do ch\u00e1<\/h2>\n\n\n\n<p>O \u00f3leo essencial de Tea Tree funciona bem em uma variedade de climas devido ao seu aroma fresco \u00fanico e propriedades antiss\u00e9pticas de amplo espectro. Nos meses quentes e \u00famidos do ver\u00e3o, ele pode ajudar a aliviar a coceira na pele e inibir o crescimento bacteriano; nos meses frios e secos do inverno, o \u00f3leo de Tea Tree pode desempenhar um papel anti-inflamat\u00f3rio e hidratante para melhorar as condi\u00e7\u00f5es da pele. Al\u00e9m disso, para purificar a pele, eliminar catapora, herpes, feridas, pus, verrugas, feridas, queimaduras, queimaduras solares, bem como melhorar micose, p\u00e9 de atleta, caspa e assim por diante, o \u00f3leo essencial de Tea Tree tamb\u00e9m \u00e9 eficaz.<\/p>\n\n\n\n<h2 class=\"wp-block-heading\">Para quem \u00e9 indicado o \u00f3leo essencial da \u00e1rvore do ch\u00e1?<\/h2>\n\n\n\n<p>O \u00f3leo da \u00e1rvore do ch\u00e1 pode ser usado por uma grande variedade de grupos de usu\u00e1rios. Ele pode efetivamente melhorar acne, eczema e outros problemas de pele, tamb\u00e9m pode ajudar a aliviar dores nas articula\u00e7\u00f5es e m\u00fasculos e melhorar a fun\u00e7\u00e3o imunol\u00f3gica. \u00c9 importante notar que, se usado no rosto, tenha cuidado para n\u00e3o chegar muito perto da \u00e1rea dos olhos e causar desconforto ocular. N\u00e3o deve ser usado em \u00e1reas sens\u00edveis da pele.<\/p>\n\n\n\n<h2 class=\"wp-block-heading\">Processo de produ\u00e7\u00e3o de \u00f3leo essencial da \u00e1rvore do ch\u00e1<\/h2>\n\n\n\n<p>O \u00f3leo essencial de Tea Tree vem principalmente de v\u00e1rias esp\u00e9cies de plantas da fam\u00edlia da murta, Melaleuca alternifolia, com a esp\u00e9cie predominante, conhecida como Melaleuca alternifolia, sendo nativa da Austr\u00e1lia. Ao coletar a mat\u00e9ria-prima, as folhas e brotos de cada tea tree s\u00e3o colhidos precisamente para garantir a qualidade do \u00f3leo essencial extra\u00eddo. O material bruto da tea tree \u00e9 carregado atrav\u00e9s de um tanque de decanta\u00e7\u00e3o em um recipiente de destila\u00e7\u00e3o para iniciar o processo de extra\u00e7\u00e3o por destila\u00e7\u00e3o. Como um fabricante confi\u00e1vel de \u00f3leo essencial de Tea tree, esta etapa envolve a gera\u00e7\u00e3o de vapor por aquecimento para que o vapor de \u00e1gua contendo o \u00f3leo essencial da tea tree seja coletado por um condu\u00edte e resfriado para um l\u00edquido. Devido \u00e0 diferen\u00e7a de densidade entre a \u00e1gua e o \u00f3leo essencial, o \u00f3leo essencial da tea tree \u00e9 rapidamente separado e a \u00e1gua restante se torna pur\u00ea de tea tree.<\/p>","protected":false},"excerpt":{"rendered":"Tea tree essential oil manufacturing common formulas Tea tree essential oil is sourced from certified organic plantations, where the tea trees are grown in a natural and ecological way without any chemical additives. During the harvesting process, the workers are very careful to avoid harming the tea trees as much as possible. As a leading [&hellip;]","protected":false},"featured_media":380,"menu_order":0,"template":"","meta":[],"product-tag":[],"products":[53],"class_list":["post-296","product","type-product","status-publish","has-post-thumbnail","hentry","products-essential-oil"],"acf":[],"_links":{"self":[{"href":"https:\/\/www.ruiqigo.com\/pt_pt\/wp-json\/wp\/v2\/product\/296","targetHints":{"allow":["GET"]}}],"collection":[{"href":"https:\/\/www.ruiqigo.com\/pt_pt\/wp-json\/wp\/v2\/product"}],"about":[{"href":"https:\/\/www.ruiqigo.com\/pt_pt\/wp-json\/wp\/v2\/types\/product"}],"version-history":[{"count":0,"href":"https:\/\/www.ruiqigo.com\/pt_pt\/wp-json\/wp\/v2\/product\/296\/revisions"}],"wp:featuredmedia":[{"embeddable":true,"href":"https:\/\/www.ruiqigo.com\/pt_pt\/wp-json\/wp\/v2\/media\/380"}],"wp:attachment":[{"href":"https:\/\/www.ruiqigo.com\/pt_pt\/wp-json\/wp\/v2\/media?parent=296"}],"wp:term":[{"taxonomy":"product-tag","embeddable":true,"href":"https:\/\/www.ruiqigo.com\/pt_pt\/wp-json\/wp\/v2\/product-tag?post=296"},{"taxonomy":"products","embeddable":true,"href":"https:\/\/www.ruiqigo.com\/pt_pt\/wp-json\/wp\/v2\/products?post=296"}],"curies":[{"name":"wp","href":"https:\/\/api.w.org\/{rel}","templated":true}]}}