{"id":2967,"date":"2025-01-23T14:50:43","date_gmt":"2025-01-23T06:50:43","guid":{"rendered":"https:\/\/ruiqigo.com\/?post_type=product&#038;p=2967"},"modified":"2025-01-23T14:51:53","modified_gmt":"2025-01-23T06:51:53","slug":"organic-toothpaste","status":"publish","type":"product","link":"https:\/\/www.ruiqigo.com\/pt_pt\/product\/organic-toothpaste","title":{"rendered":"Pasta de dente org\u00e2nica\u00a0"},"content":{"rendered":"<h2 class=\"wp-block-heading\">F\u00f3rmulas comuns para fabrica\u00e7\u00e3o de pasta de dente org\u00e2nica<\/h2>\n\n\n\n<p>Como um fabricante profissional de pasta de dente org\u00e2nica, focamos na natureza natural e saud\u00e1vel das mat\u00e9rias-primas. Ent\u00e3o, selecionamos cuidadosamente uma variedade de ingredientes org\u00e2nicos e correspond\u00eancia cient\u00edfica, para que cada vez que voc\u00ea escovar os dentes seja um prazer agrad\u00e1vel.<\/p>\n\n\n\n<p>1. Aloe Vera: Aloe Vera tem propriedades hidratantes e calmantes, nutrindo as gengivas e prevenindo atrofia e sangramento gengival. Al\u00e9m disso, tamb\u00e9m tem um certo efeito antibacteriano, que pode matar bact\u00e9rias nocivas na boca, protegendo assim a sa\u00fade bucal.<\/p>\n\n\n\n<p>2. Hortel\u00e3: O aroma fresco e o sabor refrescante da hortel\u00e3 podem ajudar a remover odores da boca e manter seu h\u00e1lito fresco. Ao mesmo tempo, ela tamb\u00e9m tem um certo efeito anti-inflamat\u00f3rio e bactericida, o que \u00e9 prop\u00edcio para reduzir o n\u00famero de bact\u00e9rias na boca e prevenir a inflama\u00e7\u00e3o oral.<\/p>\n\n\n\n<p>3. Xilitol: O xilitol \u00e9 um ado\u00e7ante natural e saud\u00e1vel que n\u00e3o s\u00f3 reduz a produ\u00e7\u00e3o de placa, mas tamb\u00e9m previne c\u00e1ries dent\u00e1rias. Ao mesmo tempo, pode promover a secre\u00e7\u00e3o de saliva, o que ajuda a limpar a boca e a hidrat\u00e1-la. Al\u00e9m disso, o sabor doce do xilitol \u00e9 mais adequado para crian\u00e7as.<\/p>\n\n\n\n<p>4. Bicarbonato de s\u00f3dio: O bicarbonato de s\u00f3dio tem um pH de 9-11 e \u00e9 alcalino, o que pode neutralizar o \u00e1cido na boca e reduzir a sensibilidade dent\u00e1ria. Pode ajudar a remover t\u00e1rtaro e manchas da superf\u00edcie dos dentes para atingir o efeito de clareamento dos dentes. Ao mesmo tempo, o bicarbonato de s\u00f3dio tamb\u00e9m tem um efeito antibacteriano, que pode inibir o crescimento de bact\u00e9rias na boca e prevenir inflama\u00e7\u00e3o e infec\u00e7\u00e3o oral.<\/p>\n\n\n\n<p>5. \u00d3leo de melaleuca: O \u00f3leo de melaleuca tem efeitos anti-inflamat\u00f3rios e antibacterianos, que podem aliviar a inflama\u00e7\u00e3o periodontal e gengival e prevenir a forma\u00e7\u00e3o de placa bacteriana. E tem um efeito refrescante, enchendo sua boca com um cheiro leve e doce.<\/p>\n\n\n\n<h2 class=\"wp-block-heading\">As fun\u00e7\u00f5es da pasta de dentes org\u00e2nica<\/h2>\n\n\n\n<p>Nossa equipe de pesquisa e desenvolvimento ADAPTA a f\u00f3rmula \u00e0s condi\u00e7\u00f5es orais da maioria das pessoas para que ela possa cuidar totalmente da sa\u00fade bucal delas. Antes de usar, voc\u00ea deve escolher um produto adequado para voc\u00ea de acordo com sua condi\u00e7\u00e3o oral.<\/p>\n\n\n\n<p>1. Limpeza suave: Nossos cremes dentais usam abrasivos suaves e naturais e outros ingredientes n\u00e3o apenas para limpar os dentes de forma eficaz e remover placa bacteriana e res\u00edduos f\u00edsicos, mas tamb\u00e9m para proteger o esmalte dos dentes contra danos.<\/p>\n\n\n\n<p>2. Sem subst\u00e2ncias nocivas: a pasta de dentes org\u00e2nica n\u00e3o cont\u00e9m fl\u00faor, triclosan e outras subst\u00e2ncias, e n\u00e3o adiciona nenhum agente espumante qu\u00edmico, ess\u00eancia sint\u00e9tica e outros produtos qu\u00edmicos nocivos. Isso n\u00e3o apenas evita o res\u00edduo de componentes qu\u00edmicos na boca, mas tamb\u00e9m reduz o dano potencial \u00e0 boca e ao corpo.<\/p>\n\n\n\n<p>3. Aliviar problemas bucais: Nossos produtos cont\u00eam ingredientes antibacterianos e anti-inflamat\u00f3rios, que podem aliviar problemas bucais, como gengivite e \u00falceras orais, at\u00e9 certo ponto, mantendo assim a sa\u00fade geral da cavidade oral.<\/p>\n\n\n\n<p>4. H\u00e1lito fresco: a hortel\u00e3 e outros ingredientes da pasta de dente org\u00e2nica t\u00eam um aroma fresco, que pode eliminar odores, trazer h\u00e1lito fresco \u00e0 boca e deix\u00e1-lo mais confiante.<\/p>\n\n\n\n<p>5. Reduz a sensibilidade da boca: Para pessoas com dentes sens\u00edveis, a pasta de dente org\u00e2nica \u00e9 a melhor escolha. Ela n\u00e3o cont\u00e9m nenhum produto qu\u00edmico irritante e pode reduzir a irrita\u00e7\u00e3o em \u00e1reas sens\u00edveis da boca para aliviar o desconforto oral.<\/p>\n\n\n\n<h2 class=\"wp-block-heading\">Como usar pasta de dente org\u00e2nica?<\/h2>\n\n\n\n<p>A pasta de dente org\u00e2nica \u00e9 usada da mesma forma que a pasta de dente comum, mas voc\u00ea precisa escolher um produto adequado antes de us\u00e1-la. Tamb\u00e9m marcaremos o uso na embalagem.<\/p>\n\n\n\n<p>1. Enx\u00e1gue a boca com \u00e1gua para mant\u00ea-la \u00famida;<\/p>\n\n\n\n<p>2. Aplique a quantidade adequada de pasta de dente org\u00e2nica na escova de dentes e comece a escovar.<\/p>\n\n\n\n<p>3. Incline a escova de dentes em um \u00e2ngulo de 45 graus e escove-a suavemente na jun\u00e7\u00e3o dos dentes e gengivas. Voc\u00ea pode usar um movimento circular suave ao escovar e n\u00e3o exercer muita for\u00e7a. Todo o processo dura pelo menos dois minutos para garantir que cada superf\u00edcie do dente seja escovada e a boca esteja completamente limpa.<\/p>\n\n\n\n<p>4. Enx\u00e1gue a boca novamente com \u00e1gua ap\u00f3s escovar os dentes para remover res\u00edduos de pasta de dente da boca e evitar engolir.<\/p>\n\n\n\n<h2 class=\"wp-block-heading\">Cuidado<\/h2>\n\n\n\n<p>1. Verifique cuidadosamente a lista de ingredientes antes de usar para garantir que n\u00e3o haja ingredientes que sejam al\u00e9rgicos ou desconfort\u00e1veis para voc\u00ea;<\/p>\n\n\n\n<p>2. Usar o m\u00e9todo de escova\u00e7\u00e3o correto, como o m\u00e9todo de escova\u00e7\u00e3o Pap, pode garantir que os dentes possam ser totalmente limpos;<\/p>\n\n\n\n<p>3. Recomenda-se alternar regularmente o uso de diferentes marcas e fun\u00e7\u00f5es de creme dental org\u00e2nico para reduzir a resist\u00eancia das bact\u00e9rias orais a um ingrediente espec\u00edfico;<\/p>\n\n\n\n<p>4. Observe atentamente a rea\u00e7\u00e3o da boca ao usar pasta de dente. Se ocorrer desconforto ou sintomas al\u00e9rgicos, pare de usar imediatamente e consulte o dentista para aconselhamento;<\/p>\n\n\n\n<p>5. Recomenda-se armazenar em local fresco e seco e evitar luz solar direta e ambientes de alta temperatura para prolongar a vida \u00fatil.<\/p>\n\n\n\n<h2 class=\"wp-block-heading\">Conclus\u00e3o<\/h2>\n\n\n\n<p>Como um fabricante de pasta de dente org\u00e2nica com foco em qualidade e efici\u00eancia, n\u00e3o apenas selecionamos mat\u00e9rias-primas org\u00e2nicas de alta qualidade de todo o mundo, mas tamb\u00e9m as misturamos cientificamente e garantimos que cada produto possa atender aos mais altos padr\u00f5es por meio de tecnologia de produ\u00e7\u00e3o moderna e rigoroso sistema de gerenciamento de qualidade. Ao mesmo tempo, tamb\u00e9m usamos design de embalagem recicl\u00e1vel para reduzir danos ambientais, n\u00e3o apenas respons\u00e1veis pelo produto, mas tamb\u00e9m pelo meio ambiente. Entre em contato conosco se voc\u00ea tamb\u00e9m estiver interessado.<\/p>","protected":false},"excerpt":{"rendered":"Organic Toothpaste Manufacturing Common Formulas As a professional manufacturer of organic toothpaste, we focus on the natural and healthy nature of raw materials. So we carefully select a variety of organic ingredients and scientific matching, so that every time you brush your teeth is a pleasant enjoyment. 1. Aloe Vera: Aloe Vera has moisturizing and [&hellip;]","protected":false},"featured_media":2968,"menu_order":0,"template":"","meta":[],"product-tag":[],"products":[71],"class_list":["post-2967","product","type-product","status-publish","has-post-thumbnail","hentry","products-toothpaste"],"acf":[],"_links":{"self":[{"href":"https:\/\/www.ruiqigo.com\/pt_pt\/wp-json\/wp\/v2\/product\/2967","targetHints":{"allow":["GET"]}}],"collection":[{"href":"https:\/\/www.ruiqigo.com\/pt_pt\/wp-json\/wp\/v2\/product"}],"about":[{"href":"https:\/\/www.ruiqigo.com\/pt_pt\/wp-json\/wp\/v2\/types\/product"}],"version-history":[{"count":0,"href":"https:\/\/www.ruiqigo.com\/pt_pt\/wp-json\/wp\/v2\/product\/2967\/revisions"}],"wp:featuredmedia":[{"embeddable":true,"href":"https:\/\/www.ruiqigo.com\/pt_pt\/wp-json\/wp\/v2\/media\/2968"}],"wp:attachment":[{"href":"https:\/\/www.ruiqigo.com\/pt_pt\/wp-json\/wp\/v2\/media?parent=2967"}],"wp:term":[{"taxonomy":"product-tag","embeddable":true,"href":"https:\/\/www.ruiqigo.com\/pt_pt\/wp-json\/wp\/v2\/product-tag?post=2967"},{"taxonomy":"products","embeddable":true,"href":"https:\/\/www.ruiqigo.com\/pt_pt\/wp-json\/wp\/v2\/products?post=2967"}],"curies":[{"name":"wp","href":"https:\/\/api.w.org\/{rel}","templated":true}]}}