{"id":301,"date":"2024-07-05T16:53:57","date_gmt":"2024-07-05T08:53:57","guid":{"rendered":"https:\/\/ruiqigo.com\/?post_type=product&#038;p=301"},"modified":"2024-11-13T09:35:52","modified_gmt":"2024-11-13T01:35:52","slug":"water-conditioner","status":"publish","type":"product","link":"https:\/\/www.ruiqigo.com\/pt_pt\/product\/water-conditioner","title":{"rendered":"Condicionador de \u00e1gua"},"content":{"rendered":"<h2 class=\"wp-block-heading\">F\u00f3rmulas comuns para fabrica\u00e7\u00e3o de condicionadores de \u00e1gua<\/h2>\n\n\n\n<p>O Water Conditioner \u00e9 composto principalmente de amino\u00e1cidos vegetais, vitamina B5, extrato de algas marinhas e outros ingredientes naturais. Os amino\u00e1cidos t\u00eam excelentes efeitos hidratantes e reparadores, que podem nutrir profundamente o cabelo; a vitamina B5 ajuda a melhorar o frizz e o ressecamento, deixando o cabelo mais liso e brilhante; o extrato de algas marinhas \u00e9 rico em vitaminas e minerais, que podem reparar cabelos danificados e aumentar a elasticidade do cabelo. Como um fabricante confi\u00e1vel de Water Conditioner, acreditamos que esses ingredientes naturais de alta qualidade trabalham juntos para criar um Water Conditioner hidratante, nutritivo, reparador e saud\u00e1vel.<\/p>\n\n\n\n<h2 class=\"wp-block-heading\">Cen\u00e1rios aplic\u00e1veis ao condicionador de \u00e1gua<\/h2>\n\n\n\n<p>O condicionador Aqua \u00e9 adequado para todas as esta\u00e7\u00f5es e climas. No ver\u00e3o quente, ele hidrata o cabelo e alivia o ressecamento e o frizz; no inverno seco, ele nutre profundamente o cabelo e repara os danos. Seja para manuten\u00e7\u00e3o di\u00e1ria ou reparo de danos, o condicionador de \u00e1gua pode atender \u00e0s necessidades de diferentes tipos de cabelo. Ao mesmo tempo, \u00e9 refrescante e leve, adequado para todos os tipos de cabelo, \u00e9 o produto ideal para cuidados com o cabelo em que voc\u00ea pode confiar em todas as esta\u00e7\u00f5es.<\/p>\n\n\n\n<h2 class=\"wp-block-heading\">Para quem \u00e9 indicado o condicionador de \u00e1gua?<\/h2>\n\n\n\n<p>O Water Conditioner \u00e9 adequado para todos os tipos de cabelo. Cabelos secos, quebradi\u00e7os e danificados podem contar com sua a\u00e7\u00e3o nutritiva e reparadora; cabelos oleosos tamb\u00e9m podem ser cuidados por meio de sua textura refrescante; mesmo para cabelos saud\u00e1veis e normais, o uso do Aqua Conditioner tamb\u00e9m pode melhorar o frizz e o ressecamento do cabelo, tornando-o mais flex\u00edvel e brilhante. Quer voc\u00ea tenha cabelos fracos ap\u00f3s colora\u00e7\u00e3o e permanente, cabelos oleosos e pesados ou cabelos normais e saud\u00e1veis, o Aqua Conditioner pode ser seu parceiro ideal para o cuidado do cabelo.<\/p>\n\n\n\n<h2 class=\"wp-block-heading\">Processo de produ\u00e7\u00e3o de condicionadores de \u00e1gua<\/h2>\n\n\n\n<p>O Water Conditioner utiliza uma tecnologia \u00fanica em seu processo de produ\u00e7\u00e3o. Primeiramente, as mat\u00e9rias-primas s\u00e3o rigorosamente selecionadas para garantir que sejam 100% naturais e livres de polui\u00e7\u00e3o; em segundo lugar, uma variedade de ingredientes nutritivos e reparadores s\u00e3o integrados no desenvolvimento da formula\u00e7\u00e3o para exercer um efeito sin\u00e9rgico. Al\u00e9m disso, como um fabricante profissional de condicionadores de \u00e1gua, o processo de produ\u00e7\u00e3o \u00e9 rigorosamente controlado em temperatura e press\u00e3o para evitar a perda de ingredientes ativos; finalmente, a embalagem do produto \u00e9 feita de materiais n\u00e3o t\u00f3xicos e ecologicamente corretos para garantir a seguran\u00e7a do uso. Este processo de produ\u00e7\u00e3o cuidadoso, para garantir a qualidade do condicionador de \u00e1gua.<\/p>","protected":false},"excerpt":{"rendered":"Water conditioner manufacturing common formulas Water Conditioner is mainly composed of plant-based amino acids, vitamin B5, seaweed extract and other natural ingredients. Amino acids have excellent moisturizing and repairing effects, which can deeply nourish the hair; vitamin B5 helps to improve frizz and dryness, making the hair smoother and shinier; seaweed extract is rich in [&hellip;]","protected":false},"featured_media":388,"menu_order":0,"template":"","meta":[],"product-tag":[],"products":[52],"class_list":["post-301","product","type-product","status-publish","has-post-thumbnail","hentry","products-conditioner"],"acf":[],"_links":{"self":[{"href":"https:\/\/www.ruiqigo.com\/pt_pt\/wp-json\/wp\/v2\/product\/301","targetHints":{"allow":["GET"]}}],"collection":[{"href":"https:\/\/www.ruiqigo.com\/pt_pt\/wp-json\/wp\/v2\/product"}],"about":[{"href":"https:\/\/www.ruiqigo.com\/pt_pt\/wp-json\/wp\/v2\/types\/product"}],"version-history":[{"count":0,"href":"https:\/\/www.ruiqigo.com\/pt_pt\/wp-json\/wp\/v2\/product\/301\/revisions"}],"wp:featuredmedia":[{"embeddable":true,"href":"https:\/\/www.ruiqigo.com\/pt_pt\/wp-json\/wp\/v2\/media\/388"}],"wp:attachment":[{"href":"https:\/\/www.ruiqigo.com\/pt_pt\/wp-json\/wp\/v2\/media?parent=301"}],"wp:term":[{"taxonomy":"product-tag","embeddable":true,"href":"https:\/\/www.ruiqigo.com\/pt_pt\/wp-json\/wp\/v2\/product-tag?post=301"},{"taxonomy":"products","embeddable":true,"href":"https:\/\/www.ruiqigo.com\/pt_pt\/wp-json\/wp\/v2\/products?post=301"}],"curies":[{"name":"wp","href":"https:\/\/api.w.org\/{rel}","templated":true}]}}