{"id":306,"date":"2024-07-05T17:07:54","date_gmt":"2024-07-05T09:07:54","guid":{"rendered":"https:\/\/ruiqigo.com\/?post_type=product&#038;p=306"},"modified":"2024-11-14T21:10:20","modified_gmt":"2024-11-14T13:10:20","slug":"salt-free-water-conditioner","status":"publish","type":"product","link":"https:\/\/www.ruiqigo.com\/pt_pt\/product\/salt-free-water-conditioner","title":{"rendered":"Condicionador de \u00e1gua sem sal"},"content":{"rendered":"<h2 class=\"wp-block-heading\">F\u00f3rmulas comuns de fabrica\u00e7\u00e3o de condicionadores de \u00e1gua sem sal<\/h2>\n\n\n\n<p>O Condicionador de \u00c1gua sem Sal \u00e9 feito com ingredientes suaves, como amino\u00e1cidos bot\u00e2nicos, glicerina e \u00f3leos naturais de sementes de frutas. Os amino\u00e1cidos fornecem excelentes propriedades hidratantes e reparadoras para nutrir profundamente o cabelo; a glicerina rep\u00f5e a umidade e melhora o frizz e o ressecamento; e o \u00d3leo Natural de Sementes de Frutas \u00e9 rico em vitaminas para ajudar a reparar cabelos danificados e fortalecer a elasticidade do cabelo. Como um fabricante confi\u00e1vel de condicionador de \u00e1gua sem Sal, esses ingredientes naturais de alta qualidade trabalham em sinergia entre si para criar um condicionador de \u00e1gua sem Sal n\u00e3o irritante, suave e nutritivo.<\/p>\n\n\n\n<h2 class=\"wp-block-heading\">Cen\u00e1rios aplic\u00e1veis de condicionador de \u00e1gua sem sal<\/h2>\n\n\n\n<p>O Condicionador de \u00c1gua sem Sal \u00e9 adequado para todas as esta\u00e7\u00f5es e ambientes. No calor do ver\u00e3o, ele hidrata o cabelo e alivia o ressecamento e o frizz; no inverno, ele nutre profundamente o cabelo e repara os danos. Ao mesmo tempo, \u00e9 refrescante e leve, n\u00e3o sobrecarrega o couro cabeludo, adequado para todos os tipos de uso capilar. Seja para manuten\u00e7\u00e3o di\u00e1ria ou reparo de danos, o Condicionador de \u00c1gua sem Sal pode ser seu ajudante confi\u00e1vel para o cuidado do cabelo em todas as esta\u00e7\u00f5es.<\/p>\n\n\n\n<h2 class=\"wp-block-heading\">Para quem \u00e9 indicado o condicionador de \u00e1gua sem sal?<\/h2>\n\n\n\n<p>O Condicionador de \u00c1gua sem Sal \u00e9 adequado para todos os tipos de cabelo. Para cabelos secos, quebradi\u00e7os e danificados, ele fornece nutri\u00e7\u00e3o e repara\u00e7\u00e3o profundas; para cabelos oleosos, sua textura refrescante e leve \u00e9 perfeita; e mesmo para cabelos saud\u00e1veis e normais, o Condicionador de \u00c1gua sem Sal melhora o frizz e o ressecamento, deixando o cabelo mais macio e brilhante. Quer voc\u00ea tenha cabelos tingidos, oleosos e crespos ou cabelos normais e saud\u00e1veis, o Condicionador de \u00c1gua sem Sal pode ser seu parceiro ideal para o cuidado do cabelo.<\/p>\n\n\n\n<h2 class=\"wp-block-heading\">Processo de produ\u00e7\u00e3o de condicionador de \u00e1gua sem sal<\/h2>\n\n\n\n<p>O Condicionador de \u00c1gua Sem Sal utiliza uma s\u00e9rie de tecnologias exclusivas em seu processo de produ\u00e7\u00e3o. Primeiramente, as mat\u00e9rias-primas s\u00e3o cuidadosamente selecionadas para garantir que sejam 100% naturais e livres de polui\u00e7\u00e3o. Em segundo lugar, uma variedade de ingredientes nutritivos e reparadores s\u00e3o integrados \u00e0 formula\u00e7\u00e3o para criar efeitos sin\u00e9rgicos. Al\u00e9m disso, o processo de produ\u00e7\u00e3o \u00e9 estritamente controlado por temperatura e press\u00e3o para evitar perda de ingredientes ativos. Finalmente, a embalagem do produto \u00e9 feita de materiais ecologicamente corretos e n\u00e3o t\u00f3xicos para garantir a seguran\u00e7a do uso. Como um fabricante eficiente de condicionador de \u00e1gua sem sal, este processo de produ\u00e7\u00e3o cuidadoso, para garantir a excelente qualidade do condicionador de \u00e1gua sem sal, para que os consumidores possam usar sem preocupa\u00e7\u00e3o, para desfrutar do conforto da experi\u00eancia natural de cuidados com os cabelos.<\/p>","protected":false},"excerpt":{"rendered":"Salt free water conditioner manufacturing common formulas Salt free Water Conditioner is made with gentle ingredients such as botanical amino acids, glycerin, and natural fruit seed oils. Amino Acids provide excellent moisturizing and repairing properties to deeply nourish hair; Glycerin replenishes moisture and improves frizz and dryness; and Natural Fruit Seed Oil is rich in [&hellip;]","protected":false},"featured_media":384,"menu_order":0,"template":"","meta":[],"product-tag":[],"products":[52],"class_list":["post-306","product","type-product","status-publish","has-post-thumbnail","hentry","products-conditioner"],"acf":[],"_links":{"self":[{"href":"https:\/\/www.ruiqigo.com\/pt_pt\/wp-json\/wp\/v2\/product\/306","targetHints":{"allow":["GET"]}}],"collection":[{"href":"https:\/\/www.ruiqigo.com\/pt_pt\/wp-json\/wp\/v2\/product"}],"about":[{"href":"https:\/\/www.ruiqigo.com\/pt_pt\/wp-json\/wp\/v2\/types\/product"}],"version-history":[{"count":0,"href":"https:\/\/www.ruiqigo.com\/pt_pt\/wp-json\/wp\/v2\/product\/306\/revisions"}],"wp:featuredmedia":[{"embeddable":true,"href":"https:\/\/www.ruiqigo.com\/pt_pt\/wp-json\/wp\/v2\/media\/384"}],"wp:attachment":[{"href":"https:\/\/www.ruiqigo.com\/pt_pt\/wp-json\/wp\/v2\/media?parent=306"}],"wp:term":[{"taxonomy":"product-tag","embeddable":true,"href":"https:\/\/www.ruiqigo.com\/pt_pt\/wp-json\/wp\/v2\/product-tag?post=306"},{"taxonomy":"products","embeddable":true,"href":"https:\/\/www.ruiqigo.com\/pt_pt\/wp-json\/wp\/v2\/products?post=306"}],"curies":[{"name":"wp","href":"https:\/\/api.w.org\/{rel}","templated":true}]}}