{"id":311,"date":"2024-07-05T17:20:27","date_gmt":"2024-07-05T09:20:27","guid":{"rendered":"https:\/\/ruiqigo.com\/?post_type=product&#038;p=311"},"modified":"2024-11-14T21:14:32","modified_gmt":"2024-11-14T13:14:32","slug":"curly-hair-shampoo-and-conditioner","status":"publish","type":"product","link":"https:\/\/www.ruiqigo.com\/pt_pt\/product\/curly-hair-shampoo-and-conditioner","title":{"rendered":"Shampoo e condicionador para cabelos cacheados"},"content":{"rendered":"<h2 class=\"wp-block-heading\">F\u00f3rmulas comuns para fabrica\u00e7\u00e3o de xampus e condicionadores para cabelos cacheados<\/h2>\n\n\n\n<p>Este produto 2 em 1 \u00e9 feito com ingredientes naturais premium, como manteiga de karit\u00e9 e \u00f3leo de coco. A manteiga de karit\u00e9 \u00e9 rica em vitaminas e \u00e1cidos graxos que hidratam profundamente os cabelos e aumentam a elasticidade das pontas, enquanto o \u00f3leo de coco possui excelentes propriedades suavizantes e reparadoras, deixando os cachos mais macios e brilhantes. Al\u00e9m disso, ele tamb\u00e9m adiciona um ingrediente especial para modelar que modela e mant\u00e9m os cachos no lugar com efic\u00e1cia. Juntos, como um fabricante eficiente de xampu e condicionador para cabelos cacheados, esses ingredientes naturais suaves, por\u00e9m poderosos, fazem desta a f\u00f3rmula perfeita para mimar os cabelos cacheados.<\/p>\n\n\n\n<h2 class=\"wp-block-heading\">Cen\u00e1rios aplic\u00e1veis de shampoo e condicionador para cabelos cacheados<\/h2>\n\n\n\n<p>O Shampoo e Condicionador 2 em 1 para Cabelos Cacheados \u00e9 adequado para uso em todos os climas. No calor do ver\u00e3o, hidrata e repara os danos aos cabelos cacheados, enquanto no frio do inverno, nutre profundamente e aumenta a elasticidade, prevenindo o ressecamento e o frizz. Ao mesmo tempo, suas propriedades modeladoras ajudam a manter os cachos lindamente modelados em ambientes \u00famidos. Seja sob o sol ou sob o vento, este produto dois em um proteger\u00e1 seus cachos e os manter\u00e1 despenteados e brilhantes.<\/p>\n\n\n\n<h2 class=\"wp-block-heading\">Para quem \u00e9 indicado o shampoo e condicionador para cabelos cacheados?<\/h2>\n\n\n\n<p>Este shampoo condicionador 2 em 1 para cabelos cacheados \u00e9 especialmente indicado para quem tem cabelos naturalmente cacheados ou com permanente. Protege os cachos fr\u00e1geis do frizz e do ressecamento. Ao mesmo tempo, suas propriedades modeladoras ajudam a criar cachos lindos e duradouros. Mesmo para quem tem cabelos lisos, o uso ocasional adicionar\u00e1 movimento e brilho. Seja para cabelos naturalmente cacheados, com permanente artificial ou lisos que precisam de um styling ocasional, este produto 2 em 1 \u00e9 o tratamento ideal para voc\u00ea.<\/p>\n\n\n\n<h2 class=\"wp-block-heading\">Processo de produ\u00e7\u00e3o de xampu e condicionador para cabelos cacheados<\/h2>\n\n\n\n<p>Em primeiro lugar, as mat\u00e9rias-primas s\u00e3o selecionadas por meio de um rigoroso controle para garantir que o 100% seja natural e livre de polui\u00e7\u00e3o. Em segundo lugar, a integra\u00e7\u00e3o de uma variedade de ingredientes nutritivos e reparadores na formula\u00e7\u00e3o, atrav\u00e9s de pesquisa e desenvolvimento, exerce um efeito sin\u00e9rgico. Al\u00e9m disso, como fabricante l\u00edder de xampus e condicionadores para cabelos cacheados, o processo de produ\u00e7\u00e3o \u00e9 rigorosamente controlado em termos de temperatura e press\u00e3o para garantir que os ingredientes ativos n\u00e3o sejam danificados. Por fim, utilizamos tecnologia profissional de modelagem para prolongar a durabilidade dos cachos.<\/p>","protected":false},"excerpt":{"rendered":"Curly hair shampoo and conditioner manufacturing common formulas This 2-in-1 product is made with premium natural ingredients such as shea butter and coconut oil. Shea butter is rich in vitamins and fatty acids that deeply moisturize the hair and increase the elasticity of the ends, while coconut oil has excellent smoothing and repairing properties that [&hellip;]","protected":false},"featured_media":392,"menu_order":0,"template":"","meta":[],"product-tag":[],"products":[54],"class_list":["post-311","product","type-product","status-publish","has-post-thumbnail","hentry","products-shampoo-and-conditioner"],"acf":[],"_links":{"self":[{"href":"https:\/\/www.ruiqigo.com\/pt_pt\/wp-json\/wp\/v2\/product\/311","targetHints":{"allow":["GET"]}}],"collection":[{"href":"https:\/\/www.ruiqigo.com\/pt_pt\/wp-json\/wp\/v2\/product"}],"about":[{"href":"https:\/\/www.ruiqigo.com\/pt_pt\/wp-json\/wp\/v2\/types\/product"}],"version-history":[{"count":0,"href":"https:\/\/www.ruiqigo.com\/pt_pt\/wp-json\/wp\/v2\/product\/311\/revisions"}],"wp:featuredmedia":[{"embeddable":true,"href":"https:\/\/www.ruiqigo.com\/pt_pt\/wp-json\/wp\/v2\/media\/392"}],"wp:attachment":[{"href":"https:\/\/www.ruiqigo.com\/pt_pt\/wp-json\/wp\/v2\/media?parent=311"}],"wp:term":[{"taxonomy":"product-tag","embeddable":true,"href":"https:\/\/www.ruiqigo.com\/pt_pt\/wp-json\/wp\/v2\/product-tag?post=311"},{"taxonomy":"products","embeddable":true,"href":"https:\/\/www.ruiqigo.com\/pt_pt\/wp-json\/wp\/v2\/products?post=311"}],"curies":[{"name":"wp","href":"https:\/\/api.w.org\/{rel}","templated":true}]}}