{"id":3132,"date":"2025-04-17T17:12:46","date_gmt":"2025-04-17T09:12:46","guid":{"rendered":"https:\/\/www.ruiqigo.com\/?post_type=product&#038;p=3132"},"modified":"2025-04-17T17:12:47","modified_gmt":"2025-04-17T09:12:47","slug":"sunburn-relief-gel","status":"publish","type":"product","link":"https:\/\/www.ruiqigo.com\/pt_pt\/product\/sunburn-relief-gel","title":{"rendered":"Gel para al\u00edvio de queimaduras solares"},"content":{"rendered":"<h2 class=\"wp-block-heading\">F\u00f3rmulas comuns de fabrica\u00e7\u00e3o de gel para al\u00edvio de queimaduras solares<\/h2>\n\n\n\n<p>Selecionamos ingredientes naturais calmantes, como aloe vera, mentol e Centella asi\u00e1tica, e os aplicamos ao gel para fornecer tratamento completo para problemas como vermelhid\u00e3o e febre ap\u00f3s queimaduras solares, oferecendo a voc\u00ea uma solu\u00e7\u00e3o eficiente e confi\u00e1vel para reparo de queimaduras solares. <\/p>\n\n\n\n<p>1. <strong>Aloe vera<\/strong>: A babosa \u00e9 um dos principais ingredientes para o cuidado p\u00f3s-queimadura solar. \u00c9 rica em diversas vitaminas e penetra rapidamente na superf\u00edcie da pele para hidrat\u00e1-la e acalm\u00e1-la, ajudando a reparar a pele danificada e a aliviar a vermelhid\u00e3o, o incha\u00e7o e o desconforto. <\/p>\n\n\n\n<p>2. <strong>Mentol<\/strong>: Muitas pessoas conhecem o mentol, que tamb\u00e9m desempenha um papel importante na repara\u00e7\u00e3o da pele ap\u00f3s queimaduras solares. Ao mesmo tempo, ele tamb\u00e9m pode proporcionar uma sensa\u00e7\u00e3o de resfriamento instant\u00e2neo, permitindo que a pele &quot;esfrie&quot; rapidamente e alivie eficazmente sintomas como queima\u00e7\u00e3o e ard\u00eancia. <\/p>\n\n\n\n<p>3. <strong>Centella asi\u00e1tica<\/strong>: A Centella asi\u00e1tica tamb\u00e9m \u00e9 um ingrediente importante no tratamento de queimaduras solares. Ela pode estimular a forma\u00e7\u00e3o de col\u00e1geno, melhorar a fun\u00e7\u00e3o da barreira cut\u00e2nea e possui excelentes efeitos reparadores e anti-inflamat\u00f3rios. Ao mesmo tempo, tamb\u00e9m pode reduzir o risco de descama\u00e7\u00e3o e pigmenta\u00e7\u00e3o da pele ap\u00f3s queimaduras solares, promovendo a r\u00e1pida repara\u00e7\u00e3o das \u00e1reas queimadas. <\/p>\n\n\n\n<p>4. <strong>Pantenol<\/strong>: O pantenol tem um efeito muito bom, pois pode penetrar profundamente no estrato c\u00f3rneo da pele, aliviar descama\u00e7\u00e3o, rachaduras e outras condi\u00e7\u00f5es causadas por queimaduras solares, promover a autorrepara\u00e7\u00e3o da pele, aumentar a capacidade de reten\u00e7\u00e3o de \u00e1gua e deixar a pele mais macia e suave. <\/p>\n\n\n\n<p>5. <strong>Extrato de cal\u00eandula<\/strong>: Este ingrediente \u00e9 famoso por suas propriedades antibacterianas e anti-inflamat\u00f3rias. Pode aliviar eficazmente a inflama\u00e7\u00e3o, a dor de queima\u00e7\u00e3o e outras rea\u00e7\u00f5es ap\u00f3s queimaduras solares. \u00c9 frequentemente usado em \u00e1reas vermelhas, inchadas e sens\u00edveis queimadas pelo sol para melhorar significativamente os efeitos de repara\u00e7\u00e3o da pele.<\/p>\n\n\n\n<h2 class=\"wp-block-heading\">As fun\u00e7\u00f5es do gel para al\u00edvio de queimaduras solares<\/h2>\n\n\n\n<p>Para potencializar ainda mais o efeito reparador de queimaduras solares, selecionamos e formulamos cuidadosamente a f\u00f3rmula do gel para al\u00edvio de queimaduras solares, garantindo o m\u00e1ximo efeito. Ao mesmo tempo, realizamos diversos processos para verificar a seguran\u00e7a e a confiabilidade dos ingredientes, para que voc\u00ea possa usar nossos produtos com confian\u00e7a. Portanto, nossos produtos t\u00eam muitos efeitos confi\u00e1veis: <\/p>\n\n\n\n<p>1. <strong>Refrescante e f\u00e1cil de absorver<\/strong>: Nosso gel para al\u00edvio de queimaduras solares tem textura em gel, hidratante e de f\u00e1cil absor\u00e7\u00e3o, refrescante e n\u00e3o oleoso, al\u00e9m de n\u00e3o obstruir os poros. Pode ser absorvido pela pele em segundos ap\u00f3s o uso, o que economiza muito tempo e pode ser usado rapidamente quando o tempo estiver curto.<\/p>\n\n\n\n<p>2. <strong>Efeitos de reparo m\u00faltiplos<\/strong>: o gel para al\u00edvio de queimaduras solares n\u00e3o tem apenas um \u00fanico efeito calmante, mas tamb\u00e9m tem m\u00faltiplos efeitos, como anti-inflamat\u00f3rio, hidratante e reparador, que podem reparar eficazmente os danos \u00e0 pele ap\u00f3s queimaduras solares.<\/p>\n\n\n\n<p>3. <strong>A f\u00f3rmula \u00e9 natural, suave e sem aditivos<\/strong>: Nosso gel para al\u00edvio de queimaduras solares n\u00e3o cont\u00e9m \u00e1lcool, fragr\u00e2ncias, conservantes e outras subst\u00e2ncias sens\u00edveis. Sua f\u00f3rmula \u00e9 suave, segura e madura, com baixo risco de alergias. Pode ser usado com seguran\u00e7a por pessoas com pele sens\u00edvel, gestantes e crian\u00e7as, sendo adequado para uma ampla gama de pessoas.<\/p>\n\n\n\n<h2 class=\"wp-block-heading\">Como usar o gel para al\u00edvio de queimaduras solares?<\/h2>\n\n\n\n<p>O gel para al\u00edvio de queimaduras solares \u00e9 f\u00e1cil de transportar e pode ser usado rapidamente. Recomendamos aplic\u00e1-lo sempre que poss\u00edvel ap\u00f3s a exposi\u00e7\u00e3o ao sol para obter melhores efeitos reparadores. N\u00e3o \u00e9 necess\u00e1rio enxaguar ap\u00f3s o uso. Voc\u00ea pode massagear suavemente a \u00e1rea aplicada para promover a absor\u00e7\u00e3o do gel. <\/p>\n\n\n\n<p>1. <strong>Limpar a pele<\/strong>: Antes de come\u00e7ar a aplicar o gel, limpe primeiro a \u00e1rea queimada com \u00e1gua morna e evite usar produtos de limpeza irritantes. <\/p>\n\n\n\n<p>2. <strong>Retire uma quantidade adequada de gel<\/strong>: Retire uma quantidade adequada de gel do frasco (ou outro recipiente) e coloque-o na palma da sua m\u00e3o ou em um algod\u00e3o. <\/p>\n\n\n\n<p>3. <strong>Aplique suavemente<\/strong>: Aplique o gel suavemente e uniformemente na \u00e1rea queimada. N\u00e3o puxe a pele com for\u00e7a para evitar danos. <\/p>\n\n\n\n<p>4. <strong>Massagem para promover a absor\u00e7\u00e3o<\/strong>Massageie suavemente a \u00e1rea aplicada em c\u00edrculos para promover a absor\u00e7\u00e3o do gel. N\u00e3o \u00e9 necess\u00e1rio enxaguar, basta aguardar alguns segundos para que seja absorvido naturalmente. <\/p>\n\n\n\n<h2 class=\"wp-block-heading\">Cuidado<\/h2>\n\n\n\n<p>1. Se sentir algum desconforto durante o uso, como vermelhid\u00e3o, incha\u00e7o, ard\u00eancia ou outras rea\u00e7\u00f5es al\u00e9rgicas, interrompa o uso imediatamente. Se a situa\u00e7\u00e3o for grave, consulte um m\u00e9dico a tempo.<\/p>\n\n\n\n<p>2. O gel para al\u00edvio de queimaduras solares \u00e9 um produto externo. N\u00e3o o ingerir. N\u00e3o o aplique diretamente em feridas ou rachaduras na pele para evitar irrita\u00e7\u00e3o, retardar a cicatriza\u00e7\u00e3o e at\u00e9 mesmo causar inflama\u00e7\u00e3o.<\/p>\n\n\n\n<p>3. N\u00e3o use este produto com produtos irritantes, como \u00e1lcool, ao mesmo tempo para evitar desconforto.<\/p>\n\n\n\n<p>4. O gel para al\u00edvio de queimaduras solares deve ser armazenado em local fresco e seco. Evite a luz solar direta para evitar deteriora\u00e7\u00e3o e afetar o efeito de repara\u00e7\u00e3o da pele. <\/p>\n\n\n\n<h2 class=\"wp-block-heading\">Conclus\u00e3o<\/h2>\n\n\n\n<p>O gel para al\u00edvio de queimaduras solares \u00e9 um gel reparador p\u00f3s-sol com fun\u00e7\u00f5es calmantes, reparadoras, hidratantes e outras. \u00c9 adequado para uma variedade de tipos de pele e cen\u00e1rios de uso, al\u00e9m de ser muito port\u00e1til. Como fabricante profissional ODM\/OEM, oferecemos personaliza\u00e7\u00e3o de f\u00f3rmulas e produ\u00e7\u00e3o em diversas especifica\u00e7\u00f5es de embalagem, podendo fornecer a melhor solu\u00e7\u00e3o para atender \u00e0s suas necessidades. Se desejar obter mais informa\u00e7\u00f5es relevantes, entre em contato conosco. <\/p>","protected":false},"excerpt":{"rendered":"Sunburn Relief Gel Manufacturing Common Formulas We select natural soothing ingredients such as aloe vera, menthol, and Centella asiatica, and apply them to the gel to provide comprehensive care for problems such as redness and fever after sunburn, providing you with an efficient and reliable sunburn repair solution. 1. Aloe vera: Aloe vera is one [&hellip;]","protected":false},"featured_media":3137,"menu_order":0,"template":"","meta":[],"product-tag":[],"products":[87],"class_list":["post-3132","product","type-product","status-publish","has-post-thumbnail","hentry","products-sunburn-recovery"],"acf":[],"_links":{"self":[{"href":"https:\/\/www.ruiqigo.com\/pt_pt\/wp-json\/wp\/v2\/product\/3132","targetHints":{"allow":["GET"]}}],"collection":[{"href":"https:\/\/www.ruiqigo.com\/pt_pt\/wp-json\/wp\/v2\/product"}],"about":[{"href":"https:\/\/www.ruiqigo.com\/pt_pt\/wp-json\/wp\/v2\/types\/product"}],"version-history":[{"count":0,"href":"https:\/\/www.ruiqigo.com\/pt_pt\/wp-json\/wp\/v2\/product\/3132\/revisions"}],"wp:featuredmedia":[{"embeddable":true,"href":"https:\/\/www.ruiqigo.com\/pt_pt\/wp-json\/wp\/v2\/media\/3137"}],"wp:attachment":[{"href":"https:\/\/www.ruiqigo.com\/pt_pt\/wp-json\/wp\/v2\/media?parent=3132"}],"wp:term":[{"taxonomy":"product-tag","embeddable":true,"href":"https:\/\/www.ruiqigo.com\/pt_pt\/wp-json\/wp\/v2\/product-tag?post=3132"},{"taxonomy":"products","embeddable":true,"href":"https:\/\/www.ruiqigo.com\/pt_pt\/wp-json\/wp\/v2\/products?post=3132"}],"curies":[{"name":"wp","href":"https:\/\/api.w.org\/{rel}","templated":true}]}}