{"id":316,"date":"2024-07-05T17:33:07","date_gmt":"2024-07-05T09:33:07","guid":{"rendered":"https:\/\/ruiqigo.com\/?post_type=product&#038;p=316"},"modified":"2024-11-14T21:13:36","modified_gmt":"2024-11-14T13:13:36","slug":"natural-shampoo-and-conditioner","status":"publish","type":"product","link":"https:\/\/www.ruiqigo.com\/pt_pt\/product\/natural-shampoo-and-conditioner","title":{"rendered":"Shampoo e condicionador naturais"},"content":{"rendered":"<h2 class=\"wp-block-heading\">F\u00f3rmulas comuns de fabrica\u00e7\u00e3o de xampus e condicionadores naturais<\/h2>\n\n\n\n<p>Este produto natural 2 em 1 usa uma variedade de ingredientes naturais de alta qualidade, como \u00f3leo de linha\u00e7a e algas marinhas. O \u00f3leo de linha\u00e7a \u00e9 rico em \u00e1cidos graxos \u00f4mega-3, que nutrem profundamente os fios de cabelo e adicionam maciez e brilho, enquanto as algas marinhas s\u00e3o ricas em minerais, que reparam os cabelos danificados e adicionam elasticidade. Como um excelente fabricante de xampu e condicionador natural, ele tem ingredientes de limpeza naturais que limpam suavemente o couro cabeludo sem irrita\u00e7\u00e3o. Juntos, esses ingredientes naturais comp\u00f5em esta f\u00f3rmula de qualidade que cuida suavemente do seu cabelo.<\/p>\n\n\n\n<h2 class=\"wp-block-heading\">Cen\u00e1rios aplic\u00e1veis de shampoo e condicionador naturais<\/h2>\n\n\n\n<p>O Shampoo e Condicionador Natural \u00e9 adequado para todos os climas. Nos meses quentes de ver\u00e3o, ele fornece ao cabelo bastante umidade para repor a perda, enquanto nos meses frios de inverno, ele nutre profundamente, aumenta a elasticidade e previne o ressecamento e o frizz. Ao mesmo tempo, sua f\u00f3rmula suave tamb\u00e9m \u00e9 adequada para couro cabeludo sens\u00edvel sem causar irrita\u00e7\u00e3o. Seja ensolarado ou chuvoso, este produto natural 2 em 1 manter\u00e1 seu cabelo macio, brilhante e saud\u00e1vel.<\/p>\n\n\n\n<h2 class=\"wp-block-heading\">Para quem \u00e9 indicado o shampoo e condicionador Natural<\/h2>\n\n\n\n<p>Esta dupla de xampu e condicionador natural \u00e9 perfeita para quem tem cabelos danificados, secos e crespos. Ele usa ingredientes naturais para limpar suavemente o couro cabeludo enquanto nutre profundamente o cabelo, reparando os danos e adicionando maciez e brilho. N\u00e3o importa se seu cabelo \u00e9 naturalmente \u00e1spero, quimicamente danificado ou seco por uma longa secagem, este produto 2 em 1 \u00e9 o companheiro de cuidado perfeito para seu cabelo.<\/p>\n\n\n\n<h2 class=\"wp-block-heading\">Processo de produ\u00e7\u00e3o de xampu e condicionador natural<\/h2>\n\n\n\n<p>Este xampu e condicionador natural \u00e9 fabricado usando uma s\u00e9rie de tecnologias avan\u00e7adas. Primeiro, os ingredientes s\u00e3o 100% naturais e \u00e0 base de plantas, e passaram por uma s\u00e9rie de verifica\u00e7\u00f5es para garantir que n\u00e3o estejam contaminados. Segundo, a temperatura e a press\u00e3o s\u00e3o rigorosamente controladas durante o desenvolvimento da f\u00f3rmula para evitar danos aos ingredientes ativos. Al\u00e9m disso, o uso de tecnologia profissional de separa\u00e7\u00e3o por peneira molecular, a extra\u00e7\u00e3o de alta pureza dos ingredientes ativos; Finalmente, a produ\u00e7\u00e3o de todo o processo sem a adi\u00e7\u00e3o de produtos qu\u00edmicos sint\u00e9ticos para garantir que o produto seja verde e ecologicamente correto. Como um fabricante de xampu e condicionador natural de precis\u00e3o, esses processos de produ\u00e7\u00e3o cuidadosos garantem que este produto natural 2 em 1 seja de excelente qualidade e possa trazer aos consumidores uma melhor experi\u00eancia de cuidado verde.<\/p>","protected":false},"excerpt":{"rendered":"Natural shampoo and conditioner manufacturing common formulas This natural 2-in-1 product uses a variety of high-quality natural ingredients such as flaxseed oil and seaweed. Flaxseed oil is rich in Omega-3 fatty acids, which deeply nourish the hair strands and add softness and shine, while seaweed is rich in minerals, which repair damaged hair and add [&hellip;]","protected":false},"featured_media":396,"menu_order":0,"template":"","meta":[],"product-tag":[],"products":[54],"class_list":["post-316","product","type-product","status-publish","has-post-thumbnail","hentry","products-shampoo-and-conditioner"],"acf":[],"_links":{"self":[{"href":"https:\/\/www.ruiqigo.com\/pt_pt\/wp-json\/wp\/v2\/product\/316","targetHints":{"allow":["GET"]}}],"collection":[{"href":"https:\/\/www.ruiqigo.com\/pt_pt\/wp-json\/wp\/v2\/product"}],"about":[{"href":"https:\/\/www.ruiqigo.com\/pt_pt\/wp-json\/wp\/v2\/types\/product"}],"version-history":[{"count":0,"href":"https:\/\/www.ruiqigo.com\/pt_pt\/wp-json\/wp\/v2\/product\/316\/revisions"}],"wp:featuredmedia":[{"embeddable":true,"href":"https:\/\/www.ruiqigo.com\/pt_pt\/wp-json\/wp\/v2\/media\/396"}],"wp:attachment":[{"href":"https:\/\/www.ruiqigo.com\/pt_pt\/wp-json\/wp\/v2\/media?parent=316"}],"wp:term":[{"taxonomy":"product-tag","embeddable":true,"href":"https:\/\/www.ruiqigo.com\/pt_pt\/wp-json\/wp\/v2\/product-tag?post=316"},{"taxonomy":"products","embeddable":true,"href":"https:\/\/www.ruiqigo.com\/pt_pt\/wp-json\/wp\/v2\/products?post=316"}],"curies":[{"name":"wp","href":"https:\/\/api.w.org\/{rel}","templated":true}]}}