{"id":3243,"date":"2025-04-29T10:51:22","date_gmt":"2025-04-29T02:51:22","guid":{"rendered":"https:\/\/www.ruiqigo.com\/?post_type=product&#038;p=3243"},"modified":"2025-04-29T10:51:23","modified_gmt":"2025-04-29T02:51:23","slug":"stainless-steel-tongue-scraper","status":"publish","type":"product","link":"https:\/\/www.ruiqigo.com\/pt_pt\/product\/stainless-steel-tongue-scraper","title":{"rendered":"Raspador de l\u00edngua de a\u00e7o inoxid\u00e1vel"},"content":{"rendered":"<h2 class=\"wp-block-heading\">Caracter\u00edsticas do raspador de l\u00edngua de a\u00e7o inoxid\u00e1vel<\/h2>\n\n\n\n<p>1. <strong>Material<\/strong>: O raspador de l\u00edngua de a\u00e7o inoxid\u00e1vel \u00e9 feito de a\u00e7o inoxid\u00e1vel de alta qualidade para alimentos (como 304 ou 316), que tem excelente resist\u00eancia \u00e0 corros\u00e3o, resist\u00eancia \u00e0 ferrugem e boa higiene. <\/p>\n\n\n\n<p>2. <strong>Estrutura:<\/strong> Nosso raspador de l\u00edngua de a\u00e7o inoxid\u00e1vel geralmente tem formato de U ou arco plano, que se adapta perfeitamente \u00e0 curvatura da superf\u00edcie da l\u00edngua humana e \u00e9 mais abrangente ao raspar bact\u00e9rias e saburra lingual, garantindo o efeito de limpeza.<\/p>\n\n\n\n<p>3. <strong>Tratamento de bordas:<\/strong> As bordas do raspador de l\u00edngua de a\u00e7o inoxid\u00e1vel foram cuidadosamente polidas e s\u00e3o lisas e arredondadas. Elas n\u00e3o arranham a l\u00edngua ou o interior da boca durante o uso, garantindo a seguran\u00e7a. <\/p>\n\n\n\n<p>4. <strong>Longa dura\u00e7\u00e3o e durabilidade:<\/strong> O a\u00e7o inoxid\u00e1vel \u00e9 naturalmente dur\u00e1vel e pode ser usado por longos per\u00edodos sem comprometer o desempenho. Portanto, tem uma longa vida \u00fatil e n\u00e3o quebra nem envelhece facilmente.<\/p>\n\n\n\n<p>5. <strong>F\u00e1cil de limpar: <\/strong>A superf\u00edcie do raspador de l\u00edngua de a\u00e7o inoxid\u00e1vel \u00e9 lisa, pode ser esterilizada em alta temperatura e pode ser enxaguada diretamente, o que \u00e9 muito conveniente. <\/p>\n\n\n\n<p>6. <strong>Ecol\u00f3gico e reutiliz\u00e1vel:<\/strong> Produtos de a\u00e7o inoxid\u00e1vel podem ser reutilizados, o que \u00e9 muito ecol\u00f3gico e est\u00e1 em linha com o conceito de desenvolvimento sustent\u00e1vel. <\/p>\n\n\n\n<h2 class=\"wp-block-heading\">Vantagens do raspador de l\u00edngua de a\u00e7o inoxid\u00e1vel<\/h2>\n\n\n\n<p>1. <strong>Melhore a higiene bucal:<\/strong> Um raspador de l\u00edngua de a\u00e7o inoxid\u00e1vel pode remover eficazmente a saburra lingual e as bact\u00e9rias da boca, melhorar a sa\u00fade e a higiene bucal em geral, aliviar problemas respirat\u00f3rios e prevenir o mau h\u00e1lito. Ao mesmo tempo, tamb\u00e9m pode reduzir a incid\u00eancia de doen\u00e7as gengivais. <\/p>\n\n\n\n<p>2. <strong>Boa portabilidade: <\/strong>Nosso raspador de l\u00edngua de a\u00e7o inoxid\u00e1vel \u00e9 port\u00e1til e compacto, adequado para levar com voc\u00ea e conveniente para usar quando voc\u00ea sai, seja viajando ou em uma viagem de neg\u00f3cios. <\/p>\n\n\n\n<p>3. <strong>Boa durabilidade:<\/strong> O a\u00e7o inoxid\u00e1vel \u00e9 conhecido por sua boa durabilidade, resist\u00eancia \u00e0 corros\u00e3o e pode manter excelente desempenho ap\u00f3s uso prolongado ou repetido. <\/p>\n\n\n\n<p>4. <strong>F\u00e1cil de manter:<\/strong> O raspador de l\u00edngua de a\u00e7o inoxid\u00e1vel s\u00f3 precisa ser enxaguado ou esterilizado com \u00e1gua fervente ap\u00f3s o uso. N\u00e3o requer cuidados especiais, economizando bastante energia e tempo. <\/p>\n\n\n\n<h2 class=\"wp-block-heading\">Raspador de l\u00edngua de a\u00e7o inoxid\u00e1vel grupo alvo<\/h2>\n\n\n\n<p>1. <strong>Pessoas que sofrem de mau h\u00e1lito: <\/strong>Pessoas que t\u00eam mau h\u00e1lito devido \u00e0 saburra lingual espessa. <\/p>\n\n\n\n<p>2. <strong>Fumantes e bebedores: <\/strong>Fumar e beber causam ader\u00eancias duradouras na superf\u00edcie da l\u00edngua. <\/p>\n\n\n\n<p>3. <strong>Pessoas que gostam de beber caf\u00e9 e ch\u00e1 com leite:<\/strong> Caf\u00e9 e ch\u00e1 com leite deixam dep\u00f3sitos de pigmentos na superf\u00edcie da l\u00edngua, afetando sua higiene.<\/p>\n\n\n\n<p>4. <strong>Pessoas que se preocupam com os cuidados bucais:<\/strong> Eles esperam manter o h\u00e1lito fresco e a sa\u00fade da boca e melhorar regularmente o ambiente de higiene dentro da boca.<\/p>\n\n\n\n<h2 class=\"wp-block-heading\">Aplica\u00e7\u00f5es do raspador de l\u00edngua de a\u00e7o inoxid\u00e1vel<\/h2>\n\n\n\n<p>1. <strong>Cuidados di\u00e1rios em casa: <\/strong>Voc\u00ea pode us\u00e1-lo ap\u00f3s escovar os dentes pela manh\u00e3 ou antes de dormir \u00e0 noite. Voc\u00ea tamb\u00e9m pode limp\u00e1-lo ap\u00f3s as refei\u00e7\u00f5es, se necess\u00e1rio.<\/p>\n\n\n\n<p>2. <strong>Viagem ou viagem de neg\u00f3cios: <\/strong>Voc\u00ea pode lev\u00e1-lo quando estiver viajando ou em uma viagem de neg\u00f3cios para garantir uma boa higiene bucal quando estiver fora. <\/p>\n\n\n\n<p>3. <strong>Oferta de presentes: <\/strong>Pode ser usado como um presente de cuidado bucal para parentes e amigos. <\/p>\n\n\n\n<p>4. <strong>Institui\u00e7\u00f5es profissionais de cuidados orais:<\/strong> Cl\u00ednicas odontol\u00f3gicas, centros de cuidados bucais, etc., usar\u00e3o raspadores de l\u00edngua de a\u00e7o inoxid\u00e1vel como ferramentas auxiliares. <\/p>\n\n\n\n<h2 class=\"wp-block-heading\">Como usar o raspador de l\u00edngua de a\u00e7o inoxid\u00e1vel<\/h2>\n\n\n\n<p>1. Antes de usar, voc\u00ea precisa enxaguar o raspador de l\u00edngua de a\u00e7o inoxid\u00e1vel com \u00e1gua para garantir que n\u00e3o haja sujeira. <\/p>\n\n\n\n<p>2. Abra a boca, coloque a l\u00edngua para fora e tente estic\u00e1-la para ficar plana.<\/p>\n\n\n\n<p>3. Raspe suavemente o raspador de l\u00edngua de a\u00e7o inoxid\u00e1vel da raiz at\u00e9 a ponta da l\u00edngua, tomando cuidado para n\u00e3o ir muito para tr\u00e1s para evitar v\u00f4mitos.<\/p>\n\n\n\n<p>4. Repita a raspagem 2 a 3 vezes, conforme necess\u00e1rio. Se desejar uma raspagem mais limpa, voc\u00ea pode raspar mais vezes, mas tome cuidado para n\u00e3o fazer isso muitas vezes para evitar machucar a l\u00edngua ou a boca. Enx\u00e1gue com \u00e1gua limpa ap\u00f3s cada raspagem.<\/p>\n\n\n\n<p>5. Enx\u00e1gue o raspador de l\u00edngua de a\u00e7o inoxid\u00e1vel com \u00e1gua ap\u00f3s rasp\u00e1-lo. Ele pode ser desinfetado com \u00e1gua quente ou limpo com \u00e1gua e sab\u00e3o. Guarde-o ap\u00f3s a secagem.<\/p>\n\n\n\n<p>6. <strong>Recomenda\u00e7\u00e3o<\/strong>: Use com enxaguante bucal para melhorar a sa\u00fade bucal de forma geral. <\/p>","protected":false},"excerpt":{"rendered":"Stainless steel tongue scraper features 1. Material: Stainless steel tongue scraper is made of high-quality food-grade stainless steel (such as 304 or 316 grade), which has excellent corrosion resistance, rust resistance and good hygiene. 2. Structure: Our stainless steel tongue scraper is generally U-shaped or flat arc-shaped, which perfectly fits the curve of the human [&hellip;]","protected":false},"featured_media":3245,"menu_order":0,"template":"","meta":[],"product-tag":[],"products":[169],"class_list":["post-3243","product","type-product","status-publish","has-post-thumbnail","hentry","products-tongue-scraper"],"acf":[],"_links":{"self":[{"href":"https:\/\/www.ruiqigo.com\/pt_pt\/wp-json\/wp\/v2\/product\/3243","targetHints":{"allow":["GET"]}}],"collection":[{"href":"https:\/\/www.ruiqigo.com\/pt_pt\/wp-json\/wp\/v2\/product"}],"about":[{"href":"https:\/\/www.ruiqigo.com\/pt_pt\/wp-json\/wp\/v2\/types\/product"}],"version-history":[{"count":0,"href":"https:\/\/www.ruiqigo.com\/pt_pt\/wp-json\/wp\/v2\/product\/3243\/revisions"}],"wp:featuredmedia":[{"embeddable":true,"href":"https:\/\/www.ruiqigo.com\/pt_pt\/wp-json\/wp\/v2\/media\/3245"}],"wp:attachment":[{"href":"https:\/\/www.ruiqigo.com\/pt_pt\/wp-json\/wp\/v2\/media?parent=3243"}],"wp:term":[{"taxonomy":"product-tag","embeddable":true,"href":"https:\/\/www.ruiqigo.com\/pt_pt\/wp-json\/wp\/v2\/product-tag?post=3243"},{"taxonomy":"products","embeddable":true,"href":"https:\/\/www.ruiqigo.com\/pt_pt\/wp-json\/wp\/v2\/products?post=3243"}],"curies":[{"name":"wp","href":"https:\/\/api.w.org\/{rel}","templated":true}]}}