{"id":3317,"date":"2025-05-08T10:27:55","date_gmt":"2025-05-08T02:27:55","guid":{"rendered":"https:\/\/www.ruiqigo.com\/?post_type=product&#038;p=3317"},"modified":"2025-05-08T10:27:56","modified_gmt":"2025-05-08T02:27:56","slug":"kids-toothbrush","status":"publish","type":"product","link":"https:\/\/www.ruiqigo.com\/pt_pt\/product\/kids-toothbrush","title":{"rendered":"Escova de dentes infantil"},"content":{"rendered":"<h2 class=\"wp-block-heading\">Caracter\u00edsticas da escova de dentes infantil<\/h2>\n\n\n\n<p>O design das escovas de dentes infantis considera totalmente a estrutura bucal e os h\u00e1bitos de uso das crian\u00e7as. Geralmente, elas t\u00eam uma cabe\u00e7a pequena, cerdas macias, cabo antiderrapante e apar\u00eancia de desenho animado, o que \u00e9 pr\u00e1tico e interessante.<\/p>\n\n\n\n<p>1. <strong>Cabe\u00e7a de escova pequena: <\/strong>A cabe\u00e7a da escova de dentes infantil \u00e9 especialmente projetada para a estrutura bucal das crian\u00e7as. A cabe\u00e7a da escova \u00e9 menor, o que \u00e9 conveniente para uma limpeza profunda de cada dente dec\u00edduo.<\/p>\n\n\n\n<p>2. <strong>Cerdas macias: <\/strong>Para proteger eficazmente as gengivas sens\u00edveis das crian\u00e7as e evitar sangramento ou desgaste, nossa escova de dentes infantil usa cerdas supermacias.<\/p>\n\n\n\n<p>3. <strong>Al\u00e7a antiderrapante: <\/strong>O cabo foi projetado de acordo com a ergonomia, adapta-se perfeitamente \u00e0s m\u00e3os das crian\u00e7as, \u00e9 confort\u00e1vel de segurar e n\u00e3o escorrega facilmente.<\/p>\n\n\n\n<p>4. <strong>Apar\u00eancia de desenho animado: <\/strong>A apar\u00eancia das escovas de dentes infantis tem um design de desenho animado, principalmente com padr\u00f5es de animais e desenhos animados, o que aumenta a divers\u00e3o, melhora o entusiasmo das crian\u00e7as pela escova\u00e7\u00e3o dos dentes, atrai as crian\u00e7as a tomar a iniciativa de escovar os dentes e desenvolve bons h\u00e1bitos.<\/p>\n\n\n\n<p>5. <strong>Combina\u00e7\u00e3o de cores coloridas: <\/strong>As escovas de dentes infantis geralmente t\u00eam cores ricas e brilhantes, que atraem a aten\u00e7\u00e3o das crian\u00e7as, estimulam a iniciativa de escovar os dentes e ajudam a estabelecer bons h\u00e1bitos de higiene.<\/p>\n\n\n\n<h2 class=\"wp-block-heading\">Vantagens da escova de dentes infantil<\/h2>\n\n\n\n<p>Em compara\u00e7\u00e3o com as escovas de dentes tradicionais, o uso de escovas de dentes infantis apresenta vantagens significativas para a higiene bucal das crian\u00e7as. Al\u00e9m de serem mais seguras em termos de material e cerdas mais macias, o tamanho e o formato projetados especificamente para crian\u00e7as tamb\u00e9m ajudam as crian\u00e7as a desenvolver bons h\u00e1bitos de higiene bucal.<\/p>\n\n\n\n<p>1. <strong>Seguran\u00e7a do material: <\/strong>A escova de dentes infantil usa material PP, TPE ou silicone de grau aliment\u00edcio, que \u00e9 ecologicamente correto, seguro, n\u00e3o t\u00f3xico e inodoro, e atende aos padr\u00f5es de seguran\u00e7a para produtos infantis.<\/p>\n\n\n\n<p>2. <strong>Proteja os dentes dec\u00edduos: <\/strong>Escova de dentes infantil projetada para crian\u00e7as, embora com cerdas macias, pode remover eficazmente a placa bacteriana, prevenir c\u00e1ries e problemas nas gengivas em crian\u00e7as e ajudar as crian\u00e7as a desenvolver uma sa\u00fade bucal saud\u00e1vel.<\/p>\n\n\n\n<p>3. <strong>Educativo e divertido: <\/strong>O design divertido de desenho animado e a combina\u00e7\u00e3o de cores coloridas podem aumentar o entusiasmo das crian\u00e7as pela escova\u00e7\u00e3o di\u00e1ria e desenvolver bons h\u00e1bitos de higiene bucal.<\/p>\n\n\n\n<p>4.<strong> Ampla faixa et\u00e1ria:<\/strong> De 1 a 12 anos, nossa escova de dentes infantil pode atingir uma cobertura et\u00e1ria muito ampla.<\/p>\n\n\n\n<h2 class=\"wp-block-heading\">Grupo-alvo da escova de dentes infantil<\/h2>\n\n\n\n<p>A escova de dentes infantil \u00e9 indicada principalmente para beb\u00eas e crian\u00e7as pequenas de 1 a 12 anos. Para beb\u00eas de 1 a 3 anos que acabaram de nascer os dentes, voc\u00ea pode usar a escova de dentes infantil para massagear suavemente a gengiva e ajud\u00e1-los a se adaptar \u00e0 escova\u00e7\u00e3o. Para crian\u00e7as em idade pr\u00e9-escolar de 3 a 6 anos, no per\u00edodo de denti\u00e7\u00e3o dec\u00eddua, voc\u00ea pode usar cerdas macias e cabe\u00e7as de escova pequenas para uma limpeza bucal suave e simples. Para crian\u00e7as maiores de 6 anos, no per\u00edodo de troca de dentes, a escova de dentes infantil pode manter a higiene e a sa\u00fade bucal de forma eficaz.<\/p>\n\n\n\n<p>Al\u00e9m disso, em jardins de inf\u00e2ncia, institui\u00e7\u00f5es m\u00e9dicas infantis e outros cen\u00e1rios, a escova de dentes infantil tamb\u00e9m \u00e9 uma exist\u00eancia indispens\u00e1vel para a educa\u00e7\u00e3o e o cuidado com a sa\u00fade bucal.<\/p>\n\n\n\n<h2 class=\"wp-block-heading\">Processo de produ\u00e7\u00e3o de escovas de dentes infantis<\/h2>\n\n\n\n<p>A Kids Toothbrush controla rigorosamente a qualidade de cada elo do processo de fabrica\u00e7\u00e3o, desde a moldagem por inje\u00e7\u00e3o at\u00e9 a implanta\u00e7\u00e3o das cerdas, at\u00e9 o polimento final e impress\u00e3o da apar\u00eancia, usando equipamentos de processo de alta precis\u00e3o e mat\u00e9rias-primas ecol\u00f3gicas para garantir a seguran\u00e7a e a durabilidade do produto.&nbsp;<\/p>\n\n\n\n<p>Cada escova de dentes infantil passa por rigorosas inspe\u00e7\u00f5es antes de sair da f\u00e1brica, incluindo testes de resist\u00eancia das cerdas, detec\u00e7\u00e3o de corpos estranhos e testes de seguran\u00e7a de materiais, etc., para garantir que o produto atenda aos padr\u00f5es internacionais de seguran\u00e7a para produtos infantis.<\/p>\n\n\n\n<h2 class=\"wp-block-heading\">Aplica\u00e7\u00f5es da escova de dentes para crian\u00e7as<\/h2>\n\n\n\n<p>A escova de dentes infantil tem uma ampla gama de aplica\u00e7\u00f5es. Pode ser usada como um produto de higiene bucal di\u00e1rio para crian\u00e7as em casa e tamb\u00e9m \u00e9 adequada para educa\u00e7\u00e3o em sa\u00fade bucal em ambientes voltados para crian\u00e7as, como creches.<\/p>\n\n\n\n<p>No uso di\u00e1rio em casa, use pasta de dente infantil para escovar os dentes cuidadosamente todas as manh\u00e3s e noites para manter a sa\u00fade bucal. Al\u00e9m disso, a escova de dentes infantil \u00e9 leve e f\u00e1cil de guardar, sendo tamb\u00e9m adequada para as crian\u00e7as levarem consigo em viagens. Em locais como creches, pode ser usada como um item de demonstra\u00e7\u00e3o para educa\u00e7\u00e3o em sa\u00fade bucal, ajudando as crian\u00e7as a aprenderem melhor a escovar os dentes.<\/p>\n\n\n\n<h2 class=\"wp-block-heading\">Como usar a escova de dentes infantil<\/h2>\n\n\n\n<p>Antes de escovar os dentes, escolha uma escova de dentes adequada \u00e0 idade do seu filho. Mergulhe a escova de dentes infantil em \u00e1gua, esprema uma quantidade do tamanho de uma ervilha de pasta de dente infantil e aplique na escova. Comece pela parte externa dos dentes e escove as partes externa, interna e oclusal, em ordem. Ap\u00f3s a escova\u00e7\u00e3o, enx\u00e1gue a escova com \u00e1gua limpa e coloque-a em local ventilado.<\/p>\n\n\n\n<p>Recomenda-se escovar os dentes uma vez pela manh\u00e3 e \u00e0 noite todos os dias, usando pasta de dente infantil, escovando por pelo menos 2 minutos a cada vez para limpar completamente os dentes. Enx\u00e1gue a escova de dentes infantil ap\u00f3s a escova\u00e7\u00e3o e troque-a a cada 2 a 3 meses.<\/p>","protected":false},"excerpt":{"rendered":"Kids toothbrush features The design of kids toothbrushes fully considers the oral structure and usage habits of children. It usually has a small brush head, soft bristles, a non-slip handle and a cartoon appearance, which is both practical and interesting. 1. Small brush head: The brush head of kids toothbrush is specially designed for children&#8217;s [&hellip;]","protected":false},"featured_media":3318,"menu_order":0,"template":"","meta":[],"product-tag":[],"products":[167],"class_list":["post-3317","product","type-product","status-publish","has-post-thumbnail","hentry","products-toothbrush"],"acf":[],"_links":{"self":[{"href":"https:\/\/www.ruiqigo.com\/pt_pt\/wp-json\/wp\/v2\/product\/3317","targetHints":{"allow":["GET"]}}],"collection":[{"href":"https:\/\/www.ruiqigo.com\/pt_pt\/wp-json\/wp\/v2\/product"}],"about":[{"href":"https:\/\/www.ruiqigo.com\/pt_pt\/wp-json\/wp\/v2\/types\/product"}],"version-history":[{"count":0,"href":"https:\/\/www.ruiqigo.com\/pt_pt\/wp-json\/wp\/v2\/product\/3317\/revisions"}],"wp:featuredmedia":[{"embeddable":true,"href":"https:\/\/www.ruiqigo.com\/pt_pt\/wp-json\/wp\/v2\/media\/3318"}],"wp:attachment":[{"href":"https:\/\/www.ruiqigo.com\/pt_pt\/wp-json\/wp\/v2\/media?parent=3317"}],"wp:term":[{"taxonomy":"product-tag","embeddable":true,"href":"https:\/\/www.ruiqigo.com\/pt_pt\/wp-json\/wp\/v2\/product-tag?post=3317"},{"taxonomy":"products","embeddable":true,"href":"https:\/\/www.ruiqigo.com\/pt_pt\/wp-json\/wp\/v2\/products?post=3317"}],"curies":[{"name":"wp","href":"https:\/\/api.w.org\/{rel}","templated":true}]}}