{"id":3350,"date":"2025-05-08T17:01:12","date_gmt":"2025-05-08T09:01:12","guid":{"rendered":"https:\/\/www.ruiqigo.com\/?post_type=product&#038;p=3350"},"modified":"2025-05-08T17:01:13","modified_gmt":"2025-05-08T09:01:13","slug":"portable-oral-irrigator","status":"publish","type":"product","link":"https:\/\/www.ruiqigo.com\/pt_pt\/product\/portable-oral-irrigator","title":{"rendered":"Irrigador Oral Port\u00e1til"},"content":{"rendered":"<h2 class=\"wp-block-heading\">Caracter\u00edsticas do irrigador oral port\u00e1til<\/h2>\n\n\n\n<p>O irrigador oral port\u00e1til usa tecnologia de fluxo de \u00e1gua pulsado de alta frequ\u00eancia, combinada com design ergon\u00f4mico e bicos multifuncionais, para criar uma ferramenta de cuidado bucal pessoal que integra enx\u00e1gue e limpeza eficientes com uma experi\u00eancia confort\u00e1vel.<\/p>\n\n\n\n<p>1. <strong>Tecnologia de fluxo de \u00e1gua pulsado de alta frequ\u00eancia: <\/strong>O irrigador oral port\u00e1til usa colunas de \u00e1gua pulsadas de alta press\u00e3o para limpar profundamente os espa\u00e7os entre os dentes e os sulcos gengivais, eliminando res\u00edduos de alimentos e placa bacteriana deixados neles.<\/p>\n\n\n\n<p>2. <strong>Modo de limpeza multivelocidade:<\/strong> O irrigador oral port\u00e1til oferece modos de limpeza e enx\u00e1gue de v\u00e1rias velocidades, do padr\u00e3o ao suave e pulsante, para atender \u00e0s diferentes necessidades de limpeza dos usu\u00e1rios.<\/p>\n\n\n\n<p>3. <strong>Compacto e port\u00e1til: <\/strong>Nosso irrigador oral port\u00e1til \u00e9 compacto e leve, pode ser dobrado ou separado do tanque de \u00e1gua, que \u00e9 muito port\u00e1til e pode ser facilmente colocado no bolso ou na mochila para viagens.<\/p>\n\n\n\n<p>4. <strong>Projeto de tanque de \u00e1gua de grande capacidade: <\/strong>Embora seja muito port\u00e1til, a capacidade do reservat\u00f3rio de \u00e1gua n\u00e3o \u00e9 pequena, cerca de 120ml-200ml, o que pode proporcionar uma limpeza oral completa.<\/p>\n\n\n\n<p>5. <strong>Bico substitu\u00edvel: <\/strong>O irrigador oral port\u00e1til vem com v\u00e1rios bicos, como bicos ortod\u00f4nticos, bicos para cuidados com as gengivas, etc., para garantir que seja adequado \u00e0s diversas necessidades de cuidados de diferentes usu\u00e1rios.<\/p>\n\n\n\n<h2 class=\"wp-block-heading\">Vantagens do irrigador oral port\u00e1til<\/h2>\n\n\n\n<p>Comparado ao fio dental tradicional, o irrigador oral port\u00e1til tem um efeito de limpeza mais profundo e suave, especialmente adequado para pessoas com grandes espa\u00e7os entre os dentes e que usam aparelho. Pode reduzir significativamente o sangramento gengival, o ac\u00famulo de placa bacteriana e prevenir doen\u00e7as periodontais.<\/p>\n\n\n\n<p>1. <strong>Reduza os pontos cegos da limpeza oral: <\/strong>O uso de um irrigador oral port\u00e1til pode penetrar em \u00e1reas dif\u00edceis de limpar, como espa\u00e7os entre os dentes e sulcos gengivais, reduzir pontos cegos na limpeza e garantir a higiene bucal.<\/p>\n\n\n\n<p>2. <strong>Proteja a sa\u00fade das gengivas: <\/strong>O fluxo de \u00e1gua de um irrigador oral port\u00e1til pode massagear as gengivas, promover a circula\u00e7\u00e3o sangu\u00ednea, reduzir o sangramento gengival e proteger a sa\u00fade das gengivas.<\/p>\n\n\n\n<p>3. <strong>Opera\u00e7\u00e3o simples e limpeza eficiente: <\/strong>O irrigador oral port\u00e1til \u00e9 muito simples de operar, podendo ser ligado e operado facilmente com apenas um bot\u00e3o. Ao mesmo tempo, a limpeza bucal completa pode ser conclu\u00edda rapidamente.<\/p>\n\n\n\n<p>4. <strong>Economia de energia e prote\u00e7\u00e3o ambiental: <\/strong>\u00c9 recarreg\u00e1vel e a dura\u00e7\u00e3o da bateria \u00e9 longa ap\u00f3s uma carga, al\u00e9m de poder reduzir a polui\u00e7\u00e3o da bateria e seguir o conceito de prote\u00e7\u00e3o ambiental.<\/p>\n\n\n\n<p>5. <strong>F\u00e1cil de transportar: <\/strong>O irrigador oral port\u00e1til \u00e9 pequeno e leve, o que o torna um bom parceiro para viagens de neg\u00f3cios e excurs\u00f5es.<\/p>\n\n\n\n<h2 class=\"wp-block-heading\">Grupo alvo do irrigador oral port\u00e1til<\/h2>\n\n\n\n<p>Um irrigador oral port\u00e1til \u00e9 adequado para todos os tipos de pessoas que se preocupam com a sa\u00fade bucal, especialmente aquelas que t\u00eam necessidades espec\u00edficas de cuidados bucais, como usu\u00e1rios de aparelhos ortod\u00f4nticos, pessoas com gengivas sens\u00edveis e idosos.&nbsp;<\/p>\n\n\n\n<p>As crian\u00e7as tamb\u00e9m podem us\u00e1-lo sob a orienta\u00e7\u00e3o dos pais para desenvolver bons h\u00e1bitos de higiene bucal desde cedo. De acordo com as diferentes necessidades de limpeza, os usu\u00e1rios podem escolher diferentes modos para obter o melhor efeito de limpeza.<\/p>\n\n\n\n<h2 class=\"wp-block-heading\">Processo de produ\u00e7\u00e3o de irrigadores orais port\u00e1teis<\/h2>\n\n\n\n<p>O irrigador oral port\u00e1til \u00e9 feito de pl\u00e1stico ABS de grau aliment\u00edcio e materiais de veda\u00e7\u00e3o de silicone \u00e0 prova d&#039;\u00e1gua, processados por moldagem por inje\u00e7\u00e3o e outros processos, com estrutura compacta e durabilidade. Ele atende \u00e0s normas internacionais CE, RoHS e outras normas para garantir a seguran\u00e7a, o padr\u00e3o e a estabilidade do produto.&nbsp;<\/p>\n\n\n\n<p>Antes de sair da f\u00e1brica, ele passa por diversas inspe\u00e7\u00f5es, incluindo vida \u00fatil da bateria, testes de press\u00e3o, veda\u00e7\u00e3o do tanque de \u00e1gua e controle de qualidade abrangente para garantir a qualidade do produto.<\/p>\n\n\n\n<h2 class=\"wp-block-heading\">Aplica\u00e7\u00f5es de irrigadores orais port\u00e1teis<\/h2>\n\n\n\n<p>O design port\u00e1til e a longa dura\u00e7\u00e3o da bateria do irrigador oral port\u00e1til o tornam n\u00e3o apenas adequado para o uso di\u00e1rio em casa para limpar res\u00edduos dos dentes, mas tamb\u00e9m amplamente utilizado em v\u00e1rios cen\u00e1rios, como viagens de neg\u00f3cios, intervalos para almo\u00e7o no escrit\u00f3rio, etc. Seu corpo pequeno e requintado pode ser facilmente armazenado em uma bolsa de produtos de higiene pessoal, e voc\u00ea pode us\u00e1-lo para garantir a higiene e a sa\u00fade bucal quando estiver fora de casa e reduzir a ocorr\u00eancia de problemas bucais.<\/p>\n\n\n\n<h2 class=\"wp-block-heading\">Como usar o irrigador oral port\u00e1til<\/h2>\n\n\n\n<p>O irrigador oral port\u00e1til \u00e9 f\u00e1cil de operar e pode ser usado rapidamente, mesmo na primeira vez. O produto suporta fun\u00e7\u00f5es como desligamento inteligente e mem\u00f3ria, o que melhora significativamente a conveni\u00eancia de uso e a experi\u00eancia do usu\u00e1rio.<\/p>\n\n\n\n<p>1. <strong>Instalar o bico: <\/strong>Insira o bico apropriado no bico do irrigador oral port\u00e1til e fixe-o firmemente.<\/p>\n\n\n\n<p>2. <strong>Adicione \u00e1gua ao reservat\u00f3rio de \u00e1gua: <\/strong>Abra a entrada de \u00e1gua do tanque e despeje uma quantidade adequada de \u00e1gua limpa ou enxaguante bucal no tanque.<\/p>\n\n\n\n<p>3. <strong>Selecione o modo:<\/strong> Ligue a energia e selecione a marcha apropriada de acordo com suas necessidades pessoais.<\/p>\n\n\n\n<p>4. <strong>Comece a enxaguar: <\/strong>Aponte o bico para o espa\u00e7o entre os dentes e mova-o suavemente entre a gengiva e os dentes para garantir que a limpeza e o enx\u00e1gue sejam realizados.<\/p>\n\n\n\n<p>5. <strong>Limpeza ap\u00f3s enx\u00e1gue: <\/strong>Ap\u00f3s enxaguar a boca, esvazie o reservat\u00f3rio de \u00e1gua, limpe a unidade principal e coloque-a em um local ventilado e seco.<\/p>\n\n\n\n<p>Recomenda-se selecionar o modo \u201csuave\u201d ao us\u00e1-lo pela primeira vez para evitar sensa\u00e7\u00f5es desconfort\u00e1veis.<\/p>","protected":false},"excerpt":{"rendered":"Portable oral irrigator features The portable oral irrigator uses high-frequency pulse water flow technology, combined with ergonomic design and multi-functional nozzles, to create a personal oral care tool that integrates efficient rinsing and cleaning with a comfortable experience. 1. High-frequency pulse water flow technology: The portable oral irrigator uses pulsed high-pressure water columns to deeply [&hellip;]","protected":false},"featured_media":3351,"menu_order":0,"template":"","meta":[],"product-tag":[],"products":[168],"class_list":["post-3350","product","type-product","status-publish","has-post-thumbnail","hentry","products-oral-irrigator"],"acf":[],"_links":{"self":[{"href":"https:\/\/www.ruiqigo.com\/pt_pt\/wp-json\/wp\/v2\/product\/3350","targetHints":{"allow":["GET"]}}],"collection":[{"href":"https:\/\/www.ruiqigo.com\/pt_pt\/wp-json\/wp\/v2\/product"}],"about":[{"href":"https:\/\/www.ruiqigo.com\/pt_pt\/wp-json\/wp\/v2\/types\/product"}],"version-history":[{"count":0,"href":"https:\/\/www.ruiqigo.com\/pt_pt\/wp-json\/wp\/v2\/product\/3350\/revisions"}],"wp:featuredmedia":[{"embeddable":true,"href":"https:\/\/www.ruiqigo.com\/pt_pt\/wp-json\/wp\/v2\/media\/3351"}],"wp:attachment":[{"href":"https:\/\/www.ruiqigo.com\/pt_pt\/wp-json\/wp\/v2\/media?parent=3350"}],"wp:term":[{"taxonomy":"product-tag","embeddable":true,"href":"https:\/\/www.ruiqigo.com\/pt_pt\/wp-json\/wp\/v2\/product-tag?post=3350"},{"taxonomy":"products","embeddable":true,"href":"https:\/\/www.ruiqigo.com\/pt_pt\/wp-json\/wp\/v2\/products?post=3350"}],"curies":[{"name":"wp","href":"https:\/\/api.w.org\/{rel}","templated":true}]}}