{"id":3359,"date":"2025-05-15T14:12:54","date_gmt":"2025-05-15T06:12:54","guid":{"rendered":"https:\/\/www.ruiqigo.com\/?post_type=product&#038;p=3359"},"modified":"2025-05-15T14:12:54","modified_gmt":"2025-05-15T06:12:54","slug":"moisturizing-face-cream","status":"publish","type":"product","link":"https:\/\/www.ruiqigo.com\/pt_pt\/product\/moisturizing-face-cream","title":{"rendered":"Creme Hidratante para o Rosto"},"content":{"rendered":"<h2 class=\"wp-block-heading\">F\u00f3rmulas comuns de fabrica\u00e7\u00e3o de cremes faciais hidratantes<\/h2>\n\n\n\n<p>Como fabricantes profissionais de cremes hidratantes faciais, selecionamos uma variedade de ingredientes hidratantes e reparadores altamente eficazes e suaves, como ceramida e \u00e1cido hialur\u00f4nico, para ajudar a pele a hidratar profundamente, reparar a barreira e melhorar a qualidade geral da pele.<\/p>\n\n\n\n<p>1. <strong>Ceramida:<\/strong> A ceramida pode ajudar a reduzir a perda de \u00e1gua, reparar eficazmente a barreira cut\u00e2nea e aumentar a capacidade da pele de resistir a est\u00edmulos externos. \u00c9 adequada para peles secas ou sens\u00edveis.<\/p>\n\n\n\n<p>2. <strong>\u00c1cido hialur\u00f4nico: <\/strong>O \u00e1cido hialur\u00f4nico \u00e9 um fator de hidrata\u00e7\u00e3o natural que pode absorver milhares de vezes seu peso em \u00e1gua, reter profundamente a umidade e formar uma pel\u00edcula hidratante na superf\u00edcie da pele, para que ela permane\u00e7a hidratada e firme o dia todo.<\/p>\n\n\n\n<p>3. <strong>Esqualano:<\/strong> O esqualano tamb\u00e9m \u00e9 um fator hidratante natural com boa compatibilidade com a pele. \u00c9 rapidamente absorvido, proporcionando hidrata\u00e7\u00e3o duradoura \u00e0 pele e, ao mesmo tempo, melhorando sua maciez, sem ser oleoso nem causar acne.<\/p>\n\n\n\n<p>4. <strong>Glicerina:<\/strong> A glicerina \u00e9 um hidratante hidrof\u00edlico natural que pode absorver a umidade do ar e conduzi-la \u00e0s camadas profundas da pele para manter a umidade e a elasticidade da pele.<\/p>\n\n\n\n<p>5. <strong>Extrato de Centella asi\u00e1tica: <\/strong>Tem bons efeitos calmantes e reparadores, pode aliviar o desconforto da pele, promover a produ\u00e7\u00e3o de col\u00e1geno e melhorar a capacidade de autocura da pele.<\/p>\n\n\n\n<h2 class=\"wp-block-heading\">As fun\u00e7\u00f5es do creme hidratante facial<\/h2>\n\n\n\n<p>O creme facial hidratante da 3TOP n\u00e3o s\u00f3 possui ingredientes suaves e naturais, como tamb\u00e9m possui m\u00faltiplas fun\u00e7\u00f5es e excelente adaptabilidade. Pode ser amplamente adaptado a diferentes idades, tipos de pele e cen\u00e1rios de uso. \u00c9 um produto de cuidado com a pele seguro e funcional.<\/p>\n\n\n\n<p>1. <strong>Hidrata\u00e7\u00e3o de longa dura\u00e7\u00e3o: <\/strong>Como um creme facial hidratante, o creme facial hidratante adota v\u00e1rios mecanismos de reten\u00e7\u00e3o de \u00e1gua para manter a hidrata\u00e7\u00e3o da pele por mais de 12 horas, resolvendo o problema de pele seca e descamada, especialmente adequado para per\u00edodos de pele fria, seca ou sens\u00edvel sazonalmente.<\/p>\n\n\n\n<p>2. <strong>Repara a barreira da pele: <\/strong>O creme hidratante facial \u00e9 rico em ingredientes reparadores, como ceramida e Centella asi\u00e1tica, que podem ajudar a pele danificada a se recuperar, estabilizar a barreira cut\u00e2nea e melhorar a toler\u00e2ncia geral da pele e sua capacidade anti-irrita\u00e7\u00e3o.<\/p>\n\n\n\n<p>3. <strong>R\u00e1pida absor\u00e7\u00e3o e n\u00e3o oleoso: <\/strong>O creme facial hidratante tem uma textura cremosa, leve e n\u00e3o pegajosa, evitando a obstru\u00e7\u00e3o dos poros. \u00c9 muito adequado para uso di\u00e1rio e tem um bom efeito em peles mistas.<\/p>\n\n\n\n<p>4.<strong> Adequado para peles sens\u00edveis: <\/strong>Nosso creme facial hidratante possui ingredientes suaves e n\u00e3o cont\u00e9m \u00e1lcool, pigmentos ou irritantes. Apresenta baixo risco de alergias e vermelhid\u00e3o. Pode ser usado com seguran\u00e7a em peles sens\u00edveis para proteger a sa\u00fade da pele.<\/p>\n\n\n\n<h2 class=\"wp-block-heading\">Como usar creme hidratante para o rosto<\/h2>\n\n\n\n<p>O creme hidratante facial \u00e9 recomendado como o \u00faltimo passo da rotina di\u00e1ria de cuidados com a pele para reter os nutrientes dos produtos de cuidados com a pele usados nas etapas anteriores e proporcionar hidrata\u00e7\u00e3o duradoura \u00e0 pele.<\/p>\n\n\n\n<p>1. <strong>Limpe o rosto: <\/strong>Use produtos de limpeza para remover completamente a sujeira, a oleosidade e a maquiagem do rosto.<\/p>\n\n\n\n<p>2. <strong>Use lo\u00e7\u00e3o\/t\u00f4nico: <\/strong>Condiciona o estrato c\u00f3rneo e ajuda na absor\u00e7\u00e3o dos produtos de cuidados com a pele subsequentes.<\/p>\n\n\n\n<p>3. <strong>Pegue uma quantidade adequada de creme e aplique no rosto: <\/strong>Use o dedo anelar ou a ponta dos dedos para retirar uma quantidade de creme do tamanho de um gr\u00e3o de soja.<\/p>\n\n\n\n<p>4. <strong>Aplique uniformemente e d\u00ea leves batidinhas para absorver:<\/strong> Aplique na testa, bochechas, nariz e queixo, depois fa\u00e7a movimentos circulares suaves e massageie uniformemente. Voc\u00ea pode massagear ou dar leves batidinhas para ajudar na absor\u00e7\u00e3o.<\/p>\n\n\n\n<h2 class=\"wp-block-heading\"><strong>Cuidado<\/strong><\/h2>\n\n\n\n<p>1. <strong>Por favor, fa\u00e7a um teste de pele pela primeira vez:<\/strong> fa\u00e7a uma pequena quantidade de teste atr\u00e1s da orelha ou dentro do pulso e use-o formalmente ap\u00f3s 24 horas sem anormalidades para evitar alergias.<\/p>\n\n\n\n<p>2. <strong>Evite usar com produtos altamente irritantes: <\/strong>evite usar produtos com alta concentra\u00e7\u00e3o de \u00e1cido ou retinol para evitar desconforto na pele.<\/p>\n\n\n\n<p>3. <strong>Use o mais r\u00e1pido poss\u00edvel ap\u00f3s a abertura: <\/strong>Recomenda-se que o creme hidratante facial seja usado dentro de 6 a 12 meses ap\u00f3s a abertura para evitar oxida\u00e7\u00e3o e inefic\u00e1cia dos ingredientes ativos.<\/p>\n\n\n\n<p>4. <strong>Conservar em local fresco e seco: <\/strong>O ambiente de armazenamento deve evitar luz solar direta ou altas temperaturas e umidade para manter a atividade e a estabilidade do produto.<\/p>\n\n\n\n<p>5. <strong>Pare de usar imediatamente se sentir desconforto: <\/strong>Se sentir formigamento, vermelhid\u00e3o ou outro desconforto durante o uso, pare de us\u00e1-lo imediatamente e consulte um m\u00e9dico a tempo.<\/p>\n\n\n\n<h2 class=\"wp-block-heading\">Conclus\u00e3o<\/h2>\n\n\n\n<p>O creme facial hidratante \u00e9 um creme para a pele que combina hidrata\u00e7\u00e3o de alta efici\u00eancia e repara\u00e7\u00e3o suave. \u00c9 adequado para uma variedade de situa\u00e7\u00f5es, como cuidados pessoais di\u00e1rios com a pele e aplica\u00e7\u00f5es profissionais. A 3TOP seleciona ingredientes naturais e seguros para proporcionar aos usu\u00e1rios uma experi\u00eancia de hidrata\u00e7\u00e3o e nutri\u00e7\u00e3o duradoura. Nosso creme facial hidratante \u00e9 adequado para uma ampla gama de pessoas e pode atender \u00e0s necessidades de cuidados com a pele multiefeitos dos usu\u00e1rios.<\/p>","protected":false},"excerpt":{"rendered":"Moisturizing Face Cream Manufacturing Common Formulas As a professional moisturizing face cream manufacturer, we select a variety of highly effective and gentle moisturizing and repairing ingredients, such as ceramide and hyaluronic acid, to help the skin deeply hydrate, repair the barrier, and improve the overall skin quality. 1. Ceramide: Ceramide can help reduce water loss, [&hellip;]","protected":false},"featured_media":3360,"menu_order":0,"template":"","meta":[],"product-tag":[],"products":[161],"class_list":["post-3359","product","type-product","status-publish","has-post-thumbnail","hentry","products-face-cream"],"acf":[],"_links":{"self":[{"href":"https:\/\/www.ruiqigo.com\/pt_pt\/wp-json\/wp\/v2\/product\/3359","targetHints":{"allow":["GET"]}}],"collection":[{"href":"https:\/\/www.ruiqigo.com\/pt_pt\/wp-json\/wp\/v2\/product"}],"about":[{"href":"https:\/\/www.ruiqigo.com\/pt_pt\/wp-json\/wp\/v2\/types\/product"}],"version-history":[{"count":0,"href":"https:\/\/www.ruiqigo.com\/pt_pt\/wp-json\/wp\/v2\/product\/3359\/revisions"}],"wp:featuredmedia":[{"embeddable":true,"href":"https:\/\/www.ruiqigo.com\/pt_pt\/wp-json\/wp\/v2\/media\/3360"}],"wp:attachment":[{"href":"https:\/\/www.ruiqigo.com\/pt_pt\/wp-json\/wp\/v2\/media?parent=3359"}],"wp:term":[{"taxonomy":"product-tag","embeddable":true,"href":"https:\/\/www.ruiqigo.com\/pt_pt\/wp-json\/wp\/v2\/product-tag?post=3359"},{"taxonomy":"products","embeddable":true,"href":"https:\/\/www.ruiqigo.com\/pt_pt\/wp-json\/wp\/v2\/products?post=3359"}],"curies":[{"name":"wp","href":"https:\/\/api.w.org\/{rel}","templated":true}]}}