{"id":336,"date":"2024-07-05T20:30:17","date_gmt":"2024-07-05T12:30:17","guid":{"rendered":"https:\/\/ruiqigo.com\/?post_type=product&#038;p=336"},"modified":"2024-09-26T17:43:34","modified_gmt":"2024-09-26T09:43:34","slug":"body-lotion-with-spf","status":"publish","type":"product","link":"https:\/\/www.ruiqigo.com\/pt_pt\/product\/body-lotion-with-spf","title":{"rendered":"Lo\u00e7\u00e3o corporal com FPS"},"content":{"rendered":"<h3 class=\"wp-block-heading\">Lo\u00e7\u00e3o corporal com FPS F\u00f3rmulas comuns de fabrica\u00e7\u00e3o<\/h3>\n\n\n\n<p>Os principais ingredientes do protetor solar nesta lo\u00e7\u00e3o corporal FPS s\u00e3o \u00d3xido de Zinco e Di\u00f3xido de Tit\u00e2nio, que s\u00e3o reconhecidos como protetores solares f\u00edsicos altamente eficazes que fornecem prote\u00e7\u00e3o de amplo espectro contra raios UVA\/UVB, criando uma barreira confi\u00e1vel para sua pele. Al\u00e9m disso, o produto cont\u00e9m Vitamina E, um poderoso antioxidante que neutraliza os radicais livres e protege a pele dos danos causados pela luz. Ao mesmo tempo, a f\u00f3rmula tamb\u00e9m cont\u00e9m glicerina, \u00f3leos vegetais e outros ingredientes nutritivos que nutrem profundamente a pele, melhoram o ressecamento e mant\u00eam sua pele hidratada e macia.<\/p>\n\n\n\n<h3 class=\"wp-block-heading\">Lo\u00e7\u00e3o corporal com FPS Cen\u00e1rios aplic\u00e1veis<\/h3>\n\n\n\n<p>Esta lo\u00e7\u00e3o corporal com FPS \u00e9 um produto de cuidado para todas as condi\u00e7\u00f5es clim\u00e1ticas, mas \u00e9 mais adequada para uso durante os meses quentes e ensolarados do ver\u00e3o, pois fornece \u00e0 sua pele prote\u00e7\u00e3o eficaz contra o sol, bloqueando os raios UVA\/UVB e prevenindo queimaduras solares e hiperpigmenta\u00e7\u00e3o. Ou temos mais <a href=\"https:\/\/www.ruiqigo.com\/pt_pt\/products\/body-lotion\/\">lo\u00e7\u00e3o corporal<\/a> op\u00e7\u00f5es para voc\u00ea escolher.<\/p>\n\n\n\n<h3 class=\"wp-block-heading\">Para quem \u00e9 indicado o Body lotion with spf<\/h3>\n\n\n\n<p>Adequado para todos, esta lo\u00e7\u00e3o corporal com FPS fornece prote\u00e7\u00e3o eficaz para peles propensas ao bronzeamento e previne a hiperpigmenta\u00e7\u00e3o. Seus ingredientes ricos e nutritivos melhoram o ressecamento que vem com a idade. Ideal para quem gosta de atividades ao ar livre, este hidratante corporal fornece cuidados p\u00f3s-sol abrangentes para a pele em todos os momentos. Se voc\u00ea tiver outras necessidades, sinta-se \u00e0 vontade para saber mais sobre 3TOP <a href=\"https:\/\/www.ruiqigo.com\/pt_pt\/products\/body-care\/\">cuidados com o corpo <\/a>produtos.<\/p>\n\n\n\n<h3 class=\"wp-block-heading\">Lo\u00e7\u00e3o corporal com FPS Processo de produ\u00e7\u00e3o<\/h3>\n\n\n\n<p>A lo\u00e7\u00e3o corporal com FPS \u00e9 fabricada com foco especial na combina\u00e7\u00e3o de agentes de prote\u00e7\u00e3o solar altamente eficazes com ingredientes hidratantes. A tecnologia de prote\u00e7\u00e3o solar de amplo espectro garante prote\u00e7\u00e3o UVA e UVB completa, enquanto ingredientes antioxidantes e hidratantes, como vitamina E e \u00f3leos vegetais naturais, s\u00e3o adicionados para fortalecer a barreira da pele. A estabilidade e a dispers\u00e3o dos protetores solares s\u00e3o rigorosamente controladas durante o processo de produ\u00e7\u00e3o, e os testes de compatibilidade com a pele s\u00e3o aprovados para garantir que o produto seja seguro e n\u00e3o irritante. Al\u00e9m disso, a textura leve \u00e9 projetada para fornecer r\u00e1pida absor\u00e7\u00e3o e hidrata\u00e7\u00e3o duradoura para atender \u00e0s necessidades duplas de prote\u00e7\u00e3o solar di\u00e1ria e cuidados com a pele. Se voc\u00ea quiser saber mais, confira os relacionados <a href=\"https:\/\/www.ruiqigo.com\/pt_pt\/body-lotion-manufacturer-elevating-skincare-standards.html\/\">lo\u00e7\u00e3o corporal<\/a> informa\u00e7\u00f5es de fabrica\u00e7\u00e3o.<\/p>","protected":false},"excerpt":{"rendered":"Body lotion with spf manufacturing Common Formulas The core sunscreen ingredients in this spf body lotion are Zinc Oxide and Titanium Dioxide, which are recognized as highly effective physical sunscreens that provide broad-spectrum protection against UVA\/UVB rays, creating a reliable barrier for your skin. In addition, the product contains Vitamin E, a powerful antioxidant that [&hellip;]","protected":false},"featured_media":337,"menu_order":0,"template":"","meta":[],"product-tag":[],"products":[56],"class_list":["post-336","product","type-product","status-publish","has-post-thumbnail","hentry","products-body-lotion"],"acf":[],"_links":{"self":[{"href":"https:\/\/www.ruiqigo.com\/pt_pt\/wp-json\/wp\/v2\/product\/336","targetHints":{"allow":["GET"]}}],"collection":[{"href":"https:\/\/www.ruiqigo.com\/pt_pt\/wp-json\/wp\/v2\/product"}],"about":[{"href":"https:\/\/www.ruiqigo.com\/pt_pt\/wp-json\/wp\/v2\/types\/product"}],"version-history":[{"count":0,"href":"https:\/\/www.ruiqigo.com\/pt_pt\/wp-json\/wp\/v2\/product\/336\/revisions"}],"wp:featuredmedia":[{"embeddable":true,"href":"https:\/\/www.ruiqigo.com\/pt_pt\/wp-json\/wp\/v2\/media\/337"}],"wp:attachment":[{"href":"https:\/\/www.ruiqigo.com\/pt_pt\/wp-json\/wp\/v2\/media?parent=336"}],"wp:term":[{"taxonomy":"product-tag","embeddable":true,"href":"https:\/\/www.ruiqigo.com\/pt_pt\/wp-json\/wp\/v2\/product-tag?post=336"},{"taxonomy":"products","embeddable":true,"href":"https:\/\/www.ruiqigo.com\/pt_pt\/wp-json\/wp\/v2\/products?post=336"}],"curies":[{"name":"wp","href":"https:\/\/api.w.org\/{rel}","templated":true}]}}